{"id":3486,"date":"2019-10-29T09:05:06","date_gmt":"2019-10-29T08:05:06","guid":{"rendered":"https:\/\/www.orthomanufacture.com\/2025\/?page_id=3486"},"modified":"2025-03-11T09:14:30","modified_gmt":"2025-03-11T08:14:30","slug":"anmeldung","status":"publish","type":"page","link":"https:\/\/www.orthomanufacture.com\/2025\/de\/anmeldung\/","title":{"rendered":"Anmeldung"},"content":{"rendered":"\n<div style=\"height:51px\" aria-hidden=\"true\" class=\"wp-block-spacer\"><\/div>\n\n\n\n<h2 class=\"wp-block-heading\">Die Anmeldungen f\u00fcr 2025 sind m\u00f6glich. Wir freuen uns darauf, Sie auf Basel zu treffen.<\/h2>\n\n\n\n<div class=\"wp-block-columns etapes-inscription is-layout-flex wp-container-core-columns-is-layout-9d6595d7 wp-block-columns-is-layout-flex\">\n<div class=\"wp-block-column is-layout-flow wp-block-column-is-layout-flow\">\n<div class=\"wp-block-group has-noir-color has-gris-background-color has-text-color has-background has-link-color wp-elements-891446a49318f4c4100bd72402303fef\"><div class=\"wp-block-group__inner-container is-layout-constrained wp-block-group-is-layout-constrained\">\n<p class=\"has-text-align-center has-large-font-size\">Kommen Sie allein?<\/p>\n\n\n\n<ol class=\"wp-block-list\">\n<li>w\u00e4hlen Sie unten Ihr Ticket aus<\/li>\n\n\n\n<li>bezahlen Sie Ihre Bestellung online<\/li>\n\n\n\n<li>erhalten Sie eine Best\u00e4tigungsmail<\/li>\n\n\n\n<li>Ihr Namensschild wird Ihnen am Tag Ihrer Ankunft ausgeh\u00e4ndigt<\/li>\n<\/ol>\n<\/div><\/div>\n<\/div>\n\n\n\n<div class=\"wp-block-column is-layout-flow wp-block-column-is-layout-flow\">\n<div class=\"wp-block-group has-noir-color has-gris-background-color has-text-color has-background has-link-color wp-elements-06e2ae5800a7eaf3a014ef362a7c8ec3\"><div class=\"wp-block-group__inner-container is-layout-constrained wp-block-group-is-layout-constrained\">\n<p class=\"has-text-align-center has-large-font-size\">Kommen Sie als Gruppe?<\/p>\n\n\n\n<ol class=\"wp-block-list\">\n<li>w\u00e4hlen Sie unten alle Ihre Tickets aus<\/li>\n\n\n\n<li>best\u00e4tigen Sie Ihre Bestellung, <strong>ohne zu bezahlen<\/strong><\/li>\n\n\n\n<li>wir setzen uns mit Ihnen in Verbindung, um den Betrag Ihrer Anmeldungen mit gestaffeltem Tarif zu best\u00e4tigen<\/li>\n\n\n\n<li>Sie erhalten einen Zahlungslink<\/li>\n\n\n\n<li>Ihre Namensschilder werden Ihnen am Tag Ihrer Ankunft ausgeh\u00e4ndigt<\/li>\n<\/ol>\n<\/div><\/div>\n<\/div>\n<\/div>\n\n\n\n<div style=\"height:50px\" aria-hidden=\"true\" class=\"wp-block-spacer\"><\/div>\n\n\n\n<p class=\"has-text-align-center light has-bleu-clair-color has-text-color has-link-color has-large-font-size wp-elements-7205f5d4f735d8cbf90aeb3259755468\">Ich melde mich f\u00fcr den Kongress an*.<\/p>\n\n\n\n<div style=\"height:20px\" aria-hidden=\"true\" class=\"wp-block-spacer\"><\/div>\n\n\n\n<div class=\"wp-block-group is-content-justification-center is-nowrap is-layout-flex wp-container-core-group-is-layout-94bc23d7 wp-block-group-is-layout-flex\">\n<p class=\"has-medium-font-size\">* <em>Bei jeder Anmeldung als Zuh\u00f6rer der Konferenzen sind der Zugang zum Ausstellungsteil und das Mittagessen inbegriffen.<br>Die Namensschilder werden von uns vorbereitet und sind am Empfang der Messe erh\u00e4ltlich.<\/em><\/p>\n<\/div>\n","protected":false},"excerpt":{"rendered":"<p>Die Anmeldungen f\u00fcr 2025 sind m\u00f6glich. Wir freuen uns darauf, Sie auf Basel zu treffen. Kommen Sie allein? Kommen Sie als Gruppe? Ich melde mich f\u00fcr den Kongress an*. * Bei jeder Anmeldung als Zuh\u00f6rer der Konferenzen sind der Zugang zum Ausstellungsteil und das Mittagessen inbegriffen.Die Namensschilder werden von uns vorbereitet und sind am Empfang [&hellip;]<\/p>\n","protected":false},"author":1,"featured_media":0,"parent":0,"menu_order":29,"comment_status":"closed","ping_status":"closed","template":"template_formulaire.php","meta":{"advgb_blocks_editor_width":"","advgb_blocks_columns_visual_guide":"","footnotes":""},"class_list":["post-3486","page","type-page","status-publish","hentry"],"acf":[],"featured_image_urls_v2":{"full":"","thumbnail":"","medium":"","medium_large":"","large":"","1536x1536":"","2048x2048":""},"post_excerpt_stackable_v2":"<p>Die Anmeldungen f\u00fcr 2025 sind m\u00f6glich. Wir freuen uns darauf, Sie auf Basel zu treffen. Kommen Sie allein? w\u00e4hlen Sie unten Ihr Ticket aus bezahlen Sie Ihre Bestellung online erhalten Sie eine Best\u00e4tigungsmail Ihr Namensschild wird Ihnen am Tag Ihrer Ankunft ausgeh\u00e4ndigt Kommen Sie als Gruppe? w\u00e4hlen Sie unten alle Ihre Tickets aus best\u00e4tigen Sie Ihre Bestellung, ohne zu bezahlen wir setzen uns mit Ihnen in Verbindung, um den Betrag Ihrer Anmeldungen mit gestaffeltem Tarif zu best\u00e4tigen Sie erhalten einen Zahlungslink Ihre Namensschilder werden Ihnen am Tag Ihrer Ankunft ausgeh\u00e4ndigt Ich melde mich f\u00fcr den Kongress an*. * Bei jeder\u2026<\/p>\n","category_list_v2":"","author_info_v2":{"name":"Les Imageurs","url":"https:\/\/www.orthomanufacture.com\/2025\/author\/ortho_imanufacture\/"},"comments_num_v2":"0 commentaire","yoast_head":"<!-- This site is optimized with the Yoast SEO plugin v27.5 - https:\/\/yoast.com\/product\/yoast-seo-wordpress\/ -->\n<title>Anmeldung - ORTHOMANUFACTURE 2025<\/title>\n<meta name=\"description\" content=\"Wir sehen uns am 15. und 16. April 2025 in Basel, Schweiz, zur 9\u1d49 Ausgabe unseres europ\u00e4ischen Kongresses f\u00fcr implantierbare Technologien.\" \/>\n<meta name=\"robots\" content=\"index, follow, max-snippet:-1, max-image-preview:large, max-video-preview:-1\" \/>\n<link rel=\"canonical\" href=\"https:\/\/www.orthomanufacture.com\/2025\/de\/anmeldung\/\" \/>\n<meta property=\"og:locale\" content=\"fr_FR\" \/>\n<meta property=\"og:type\" content=\"article\" \/>\n<meta property=\"og:title\" content=\"Anmeldung - ORTHOMANUFACTURE 2025\" \/>\n<meta property=\"og:description\" content=\"Wir sehen uns am 15. und 16. April 2025 in Basel, Schweiz, zur 9\u1d49 Ausgabe unseres europ\u00e4ischen Kongresses f\u00fcr implantierbare Technologien.\" \/>\n<meta property=\"og:url\" content=\"https:\/\/www.orthomanufacture.com\/2025\/de\/anmeldung\/\" \/>\n<meta property=\"og:site_name\" content=\"2025\" \/>\n<meta property=\"article:modified_time\" content=\"2025-03-11T08:14:30+00:00\" \/>\n<meta property=\"og:image\" content=\"https:\/\/www.orthomanufacture.com\/2025\/wp-content\/uploads\/sites\/14\/2023\/11\/banniere-1024x506.png\" \/>\n\t<meta property=\"og:image:width\" content=\"1024\" \/>\n\t<meta property=\"og:image:height\" content=\"506\" \/>\n\t<meta property=\"og:image:type\" content=\"image\/png\" \/>\n<meta name=\"twitter:card\" content=\"summary_large_image\" \/>\n<meta name=\"twitter:title\" content=\"Anmeldung - ORTHOMANUFACTURE 2025\" \/>\n<meta name=\"twitter:description\" content=\"Wir sehen uns am 15. und 16. April 2025 in Basel, Schweiz, zur 9\u1d49 Ausgabe unseres europ\u00e4ischen Kongresses f\u00fcr implantierbare Technologien.\" \/>\n<meta name=\"twitter:image\" content=\"https:\/\/www.orthomanufacture.com\/2025\/wp-content\/uploads\/sites\/14\/2023\/11\/banniere.png\" \/>\n<meta name=\"twitter:label1\" content=\"Dur\u00e9e de lecture estim\u00e9e\" \/>\n\t<meta name=\"twitter:data1\" content=\"1 minute\" \/>\n<script type=\"application\/ld+json\" class=\"yoast-schema-graph\">{\"@context\":\"https:\\\/\\\/schema.org\",\"@graph\":[{\"@type\":\"WebPage\",\"@id\":\"https:\\\/\\\/www.orthomanufacture.com\\\/2025\\\/de\\\/anmeldung\\\/\",\"url\":\"https:\\\/\\\/www.orthomanufacture.com\\\/2025\\\/de\\\/anmeldung\\\/\",\"name\":\"Anmeldung - ORTHOMANUFACTURE 2025\",\"isPartOf\":{\"@id\":\"https:\\\/\\\/www.orthomanufacture.com\\\/2025\\\/#website\"},\"datePublished\":\"2019-10-29T08:05:06+00:00\",\"dateModified\":\"2025-03-11T08:14:30+00:00\",\"description\":\"Wir sehen uns am 15. und 16. April 2025 in Basel, Schweiz, zur 9\u1d49 Ausgabe unseres europ\u00e4ischen Kongresses f\u00fcr implantierbare Technologien.\",\"breadcrumb\":{\"@id\":\"https:\\\/\\\/www.orthomanufacture.com\\\/2025\\\/de\\\/anmeldung\\\/#breadcrumb\"},\"inLanguage\":\"fr-FR\",\"potentialAction\":[{\"@type\":\"ReadAction\",\"target\":[\"https:\\\/\\\/www.orthomanufacture.com\\\/2025\\\/de\\\/anmeldung\\\/\"]}]},{\"@type\":\"BreadcrumbList\",\"@id\":\"https:\\\/\\\/www.orthomanufacture.com\\\/2025\\\/de\\\/anmeldung\\\/#breadcrumb\",\"itemListElement\":[{\"@type\":\"ListItem\",\"position\":1,\"name\":\"Accueil\",\"item\":\"https:\\\/\\\/www.orthomanufacture.com\\\/2025\\\/fr\\\/\"},{\"@type\":\"ListItem\",\"position\":2,\"name\":\"Anmeldung\"}]},{\"@type\":\"WebSite\",\"@id\":\"https:\\\/\\\/www.orthomanufacture.com\\\/2025\\\/#website\",\"url\":\"https:\\\/\\\/www.orthomanufacture.com\\\/2025\\\/\",\"name\":\"2025\",\"description\":\"SALON D\u00c9DI\u00c9 AUX INDUSTRIES DE LA FILI\u00c8RE DES IMPLANTS ET INSTRUMENTS EN ORTHOP\u00c9DIE, TRAUMATOLOGIE, RACHIS, DENTAIRE\",\"publisher\":{\"@id\":\"https:\\\/\\\/www.orthomanufacture.com\\\/2025\\\/#organization\"},\"potentialAction\":[{\"@type\":\"SearchAction\",\"target\":{\"@type\":\"EntryPoint\",\"urlTemplate\":\"https:\\\/\\\/www.orthomanufacture.com\\\/2025\\\/?s={search_term_string}\"},\"query-input\":{\"@type\":\"PropertyValueSpecification\",\"valueRequired\":true,\"valueName\":\"search_term_string\"}}],\"inLanguage\":\"fr-FR\"},{\"@type\":\"Organization\",\"@id\":\"https:\\\/\\\/www.orthomanufacture.com\\\/2025\\\/#organization\",\"name\":\"2025\",\"url\":\"https:\\\/\\\/www.orthomanufacture.com\\\/2025\\\/\",\"logo\":{\"@type\":\"ImageObject\",\"inLanguage\":\"fr-FR\",\"@id\":\"https:\\\/\\\/www.orthomanufacture.com\\\/2025\\\/#\\\/schema\\\/logo\\\/image\\\/\",\"url\":\"https:\\\/\\\/www.orthomanufacture.com\\\/2025\\\/wp-content\\\/uploads\\\/sites\\\/14\\\/2023\\\/11\\\/logo-orthomanufacture.svg\",\"contentUrl\":\"https:\\\/\\\/www.orthomanufacture.com\\\/2025\\\/wp-content\\\/uploads\\\/sites\\\/14\\\/2023\\\/11\\\/logo-orthomanufacture.svg\",\"caption\":\"2025\"},\"image\":{\"@id\":\"https:\\\/\\\/www.orthomanufacture.com\\\/2025\\\/#\\\/schema\\\/logo\\\/image\\\/\"}}]}<\/script>\n<!-- \/ Yoast SEO plugin. -->","yoast_head_json":{"title":"Anmeldung - ORTHOMANUFACTURE 2025","description":"Wir sehen uns am 15. und 16. April 2025 in Basel, Schweiz, zur 9\u1d49 Ausgabe unseres europ\u00e4ischen Kongresses f\u00fcr implantierbare Technologien.","robots":{"index":"index","follow":"follow","max-snippet":"max-snippet:-1","max-image-preview":"max-image-preview:large","max-video-preview":"max-video-preview:-1"},"canonical":"https:\/\/www.orthomanufacture.com\/2025\/de\/anmeldung\/","og_locale":"fr_FR","og_type":"article","og_title":"Anmeldung - ORTHOMANUFACTURE 2025","og_description":"Wir sehen uns am 15. und 16. April 2025 in Basel, Schweiz, zur 9\u1d49 Ausgabe unseres europ\u00e4ischen Kongresses f\u00fcr implantierbare Technologien.","og_url":"https:\/\/www.orthomanufacture.com\/2025\/de\/anmeldung\/","og_site_name":"2025","article_modified_time":"2025-03-11T08:14:30+00:00","og_image":[{"width":1024,"height":506,"url":"https:\/\/www.orthomanufacture.com\/2025\/wp-content\/uploads\/sites\/14\/2023\/11\/banniere-1024x506.png","type":"image\/png"}],"twitter_card":"summary_large_image","twitter_title":"Anmeldung - ORTHOMANUFACTURE 2025","twitter_description":"Wir sehen uns am 15. und 16. April 2025 in Basel, Schweiz, zur 9\u1d49 Ausgabe unseres europ\u00e4ischen Kongresses f\u00fcr implantierbare Technologien.","twitter_image":"https:\/\/www.orthomanufacture.com\/2025\/wp-content\/uploads\/sites\/14\/2023\/11\/banniere.png","twitter_misc":{"Dur\u00e9e de lecture estim\u00e9e":"1 minute"},"schema":{"@context":"https:\/\/schema.org","@graph":[{"@type":"WebPage","@id":"https:\/\/www.orthomanufacture.com\/2025\/de\/anmeldung\/","url":"https:\/\/www.orthomanufacture.com\/2025\/de\/anmeldung\/","name":"Anmeldung - ORTHOMANUFACTURE 2025","isPartOf":{"@id":"https:\/\/www.orthomanufacture.com\/2025\/#website"},"datePublished":"2019-10-29T08:05:06+00:00","dateModified":"2025-03-11T08:14:30+00:00","description":"Wir sehen uns am 15. und 16. April 2025 in Basel, Schweiz, zur 9\u1d49 Ausgabe unseres europ\u00e4ischen Kongresses f\u00fcr implantierbare Technologien.","breadcrumb":{"@id":"https:\/\/www.orthomanufacture.com\/2025\/de\/anmeldung\/#breadcrumb"},"inLanguage":"fr-FR","potentialAction":[{"@type":"ReadAction","target":["https:\/\/www.orthomanufacture.com\/2025\/de\/anmeldung\/"]}]},{"@type":"BreadcrumbList","@id":"https:\/\/www.orthomanufacture.com\/2025\/de\/anmeldung\/#breadcrumb","itemListElement":[{"@type":"ListItem","position":1,"name":"Accueil","item":"https:\/\/www.orthomanufacture.com\/2025\/fr\/"},{"@type":"ListItem","position":2,"name":"Anmeldung"}]},{"@type":"WebSite","@id":"https:\/\/www.orthomanufacture.com\/2025\/#website","url":"https:\/\/www.orthomanufacture.com\/2025\/","name":"2025","description":"SALON D\u00c9DI\u00c9 AUX INDUSTRIES DE LA FILI\u00c8RE DES IMPLANTS ET INSTRUMENTS EN ORTHOP\u00c9DIE, TRAUMATOLOGIE, RACHIS, DENTAIRE","publisher":{"@id":"https:\/\/www.orthomanufacture.com\/2025\/#organization"},"potentialAction":[{"@type":"SearchAction","target":{"@type":"EntryPoint","urlTemplate":"https:\/\/www.orthomanufacture.com\/2025\/?s={search_term_string}"},"query-input":{"@type":"PropertyValueSpecification","valueRequired":true,"valueName":"search_term_string"}}],"inLanguage":"fr-FR"},{"@type":"Organization","@id":"https:\/\/www.orthomanufacture.com\/2025\/#organization","name":"2025","url":"https:\/\/www.orthomanufacture.com\/2025\/","logo":{"@type":"ImageObject","inLanguage":"fr-FR","@id":"https:\/\/www.orthomanufacture.com\/2025\/#\/schema\/logo\/image\/","url":"https:\/\/www.orthomanufacture.com\/2025\/wp-content\/uploads\/sites\/14\/2023\/11\/logo-orthomanufacture.svg","contentUrl":"https:\/\/www.orthomanufacture.com\/2025\/wp-content\/uploads\/sites\/14\/2023\/11\/logo-orthomanufacture.svg","caption":"2025"},"image":{"@id":"https:\/\/www.orthomanufacture.com\/2025\/#\/schema\/logo\/image\/"}}]}},"coauthors":[],"author_meta":{"author_link":"https:\/\/www.orthomanufacture.com\/2025\/author\/ortho_imanufacture\/","display_name":"Les Imageurs"},"relative_dates":{"created":"Publi\u00e9 7 ans il y a","modified":"Mis \u00e0 jour 1 an il y a"},"absolute_dates":{"created":"Publi\u00e9 le 29 octobre 2019","modified":"Mise \u00e0 jour le 11 mars 2025"},"absolute_dates_time":{"created":"Publi\u00e9 le 29 octobre 2019 9 h 05 min","modified":"Mise \u00e0 jour le 11 mars 2025 9 h 14 min"},"featured_img_caption":"","featured_img":false,"series_order":"","_links":{"self":[{"href":"https:\/\/www.orthomanufacture.com\/2025\/wp-json\/wp\/v2\/pages\/3486","targetHints":{"allow":["GET"]}}],"collection":[{"href":"https:\/\/www.orthomanufacture.com\/2025\/wp-json\/wp\/v2\/pages"}],"about":[{"href":"https:\/\/www.orthomanufacture.com\/2025\/wp-json\/wp\/v2\/types\/page"}],"author":[{"embeddable":true,"href":"https:\/\/www.orthomanufacture.com\/2025\/wp-json\/wp\/v2\/users\/1"}],"replies":[{"embeddable":true,"href":"https:\/\/www.orthomanufacture.com\/2025\/wp-json\/wp\/v2\/comments?post=3486"}],"version-history":[{"count":0,"href":"https:\/\/www.orthomanufacture.com\/2025\/wp-json\/wp\/v2\/pages\/3486\/revisions"}],"wp:attachment":[{"href":"https:\/\/www.orthomanufacture.com\/2025\/wp-json\/wp\/v2\/media?parent=3486"}],"curies":[{"name":"wp","href":"https:\/\/api.w.org\/{rel}","templated":true}]}}