{"id":4981,"date":"2022-02-18T14:48:50","date_gmt":"2022-02-18T13:48:50","guid":{"rendered":"https:\/\/www.orthomanufacture.com\/2024\/?post_type=product&#038;p=4981"},"modified":"2024-01-16T08:51:58","modified_gmt":"2024-01-16T07:51:58","slug":"2-tage-distanzkonferenzen-per-video","status":"publish","type":"product","link":"https:\/\/www.orthomanufacture.com\/2024\/de\/produit\/2-tage-distanzkonferenzen-per-video\/","title":{"rendered":"2 Tage Video-Fernkonferenzen"},"content":{"rendered":"<p>F\u00fcr die Teilnehmer, die nicht vor Ort mit dabei sein k\u00f6nnen, bieten wir die M\u00f6glichkeit, sich aus der Ferne per Video\u00fcbertragung anzumelden.Einige Tage vor der Veranstaltung erhalten Sie einen ZOOM-Link, mit dem Sie sich live verbinden k\u00f6nnen. Interaktionen werden \u00fcber einen \u201eChat\u201c m\u00f6glich sein.<\/p>\n<p>Der Eintrittspreis ist derselbe wie bei Pr\u00e4senzveranstaltungen, da der urspr\u00fcngliche Zweck des Kongresses darin besteht, Besucher vor Ort zu empfangen, um mit den Ausstellern zu diskutieren.<\/p>\n","protected":false},"excerpt":{"rendered":"<p>F\u00fcr die Teilnehmer, die nicht vor Ort mit dabei sein k\u00f6nnen, bieten wir die M\u00f6glichkeit, sich aus der Ferne per Video\u00fcbertragung anzumelden.Einige Tage vor der Veranstaltung erhalten Sie einen ZOOM-Link, mit dem Sie sich live verbinden k\u00f6nnen. Interaktionen werden \u00fcber einen \u201eChat\u201c m\u00f6glich sein. Der Eintrittspreis ist derselbe wie bei Pr\u00e4senzveranstaltungen, da der urspr\u00fcngliche Zweck [&hellip;]<\/p>\n","protected":false},"author":2,"featured_media":0,"template":"","meta":{"advgb_blocks_editor_width":"","advgb_blocks_columns_visual_guide":""},"product_brand":[],"product_cat":[306],"product_tag":[],"class_list":{"0":"post-4981","1":"product","2":"type-product","3":"status-publish","5":"product_cat-fuer-2-tage","7":"first","8":"instock","9":"purchasable","10":"product-type-simple"},"featured_image_urls_v2":{"full":"","thumbnail":"","medium":"","medium_large":"","large":"","1536x1536":"","2048x2048":"","woocommerce_thumbnail":"","woocommerce_single":"","woocommerce_gallery_thumbnail":""},"post_excerpt_stackable_v2":"<p>F\u00fcr die Teilnehmer, die nicht vor Ort mit dabei sein k\u00f6nnen, bieten wir die M\u00f6glichkeit, sich aus der Ferne per Video\u00fcbertragung anzumelden.Einige Tage vor der Veranstaltung erhalten Sie einen ZOOM-Link, mit dem Sie sich live verbinden k\u00f6nnen. Interaktionen werden \u00fcber einen \u201eChat\u201c m\u00f6glich sein. Der Eintrittspreis ist derselbe wie bei Pr\u00e4senzveranstaltungen, da der urspr\u00fcngliche Zweck des Kongresses darin besteht, Besucher vor Ort zu empfangen, um mit den Ausstellern zu diskutieren.<\/p>\n","category_list_v2":"","author_info_v2":{"name":"Olivier","url":"https:\/\/www.orthomanufacture.com\/2024\/author\/olivier\/"},"comments_num_v2":"0 commentaire","acf":[],"yoast_head":"<!-- This site is optimized with the Yoast SEO plugin v27.4 - https:\/\/yoast.com\/product\/yoast-seo-wordpress\/ -->\n<title>2 Tage Video-Fernkonferenzen - 2024<\/title>\n<meta name=\"robots\" content=\"noindex, follow\" \/>\n<meta property=\"og:locale\" content=\"fr_FR\" \/>\n<meta property=\"og:type\" content=\"article\" \/>\n<meta property=\"og:title\" content=\"2 Tage Video-Fernkonferenzen - 2024\" \/>\n<meta property=\"og:description\" content=\"F\u00fcr die Teilnehmer, die nicht vor Ort mit dabei sein k\u00f6nnen, bieten wir die M\u00f6glichkeit, sich aus der Ferne per Video\u00fcbertragung anzumelden.Einige Tage vor der Veranstaltung erhalten Sie einen ZOOM-Link, mit dem Sie sich live verbinden k\u00f6nnen. Interaktionen werden \u00fcber einen \u201eChat\u201c m\u00f6glich sein. Der Eintrittspreis ist derselbe wie bei Pr\u00e4senzveranstaltungen, da der urspr\u00fcngliche Zweck [&hellip;]\" \/>\n<meta property=\"og:url\" content=\"https:\/\/www.orthomanufacture.com\/2024\/de\/produit\/2-tage-distanzkonferenzen-per-video\/\" \/>\n<meta property=\"og:site_name\" content=\"2024\" \/>\n<meta property=\"article:modified_time\" content=\"2024-01-16T07:51:58+00:00\" \/>\n<meta name=\"twitter:card\" content=\"summary_large_image\" \/>\n<meta name=\"twitter:label1\" content=\"Dur\u00e9e de lecture estim\u00e9e\" \/>\n\t<meta name=\"twitter:data1\" content=\"1 minute\" \/>\n<script type=\"application\/ld+json\" class=\"yoast-schema-graph\">{\"@context\":\"https:\\\/\\\/schema.org\",\"@graph\":[{\"@type\":\"WebPage\",\"@id\":\"https:\\\/\\\/www.orthomanufacture.com\\\/2024\\\/de\\\/produit\\\/2-tage-distanzkonferenzen-per-video\\\/\",\"url\":\"https:\\\/\\\/www.orthomanufacture.com\\\/2024\\\/de\\\/produit\\\/2-tage-distanzkonferenzen-per-video\\\/\",\"name\":\"2 Tage Video-Fernkonferenzen - 2024\",\"isPartOf\":{\"@id\":\"https:\\\/\\\/www.orthomanufacture.com\\\/2024\\\/#website\"},\"datePublished\":\"2022-02-18T13:48:50+00:00\",\"dateModified\":\"2024-01-16T07:51:58+00:00\",\"breadcrumb\":{\"@id\":\"https:\\\/\\\/www.orthomanufacture.com\\\/2024\\\/de\\\/produit\\\/2-tage-distanzkonferenzen-per-video\\\/#breadcrumb\"},\"inLanguage\":\"fr-FR\",\"potentialAction\":[{\"@type\":\"ReadAction\",\"target\":[\"https:\\\/\\\/www.orthomanufacture.com\\\/2024\\\/de\\\/produit\\\/2-tage-distanzkonferenzen-per-video\\\/\"]}]},{\"@type\":\"BreadcrumbList\",\"@id\":\"https:\\\/\\\/www.orthomanufacture.com\\\/2024\\\/de\\\/produit\\\/2-tage-distanzkonferenzen-per-video\\\/#breadcrumb\",\"itemListElement\":[{\"@type\":\"ListItem\",\"position\":1,\"name\":\"Accueil\",\"item\":\"https:\\\/\\\/www.orthomanufacture.com\\\/2024\\\/fr\\\/\"},{\"@type\":\"ListItem\",\"position\":2,\"name\":\"Boutique\",\"item\":\"https:\\\/\\\/www.orthomanufacture.com\\\/2024\\\/fr\\\/boutique\\\/\"},{\"@type\":\"ListItem\",\"position\":3,\"name\":\"2 Tage Video-Fernkonferenzen\"}]},{\"@type\":\"WebSite\",\"@id\":\"https:\\\/\\\/www.orthomanufacture.com\\\/2024\\\/#website\",\"url\":\"https:\\\/\\\/www.orthomanufacture.com\\\/2024\\\/\",\"name\":\"2024\",\"description\":\"SALON D\u00c9DI\u00c9 AUX INDUSTRIES DE LA FILI\u00c8RE DES IMPLANTS ET INSTRUMENTS EN ORTHOP\u00c9DIE, TRAUMATOLOGIE, RACHIS, DENTAIRE\",\"publisher\":{\"@id\":\"https:\\\/\\\/www.orthomanufacture.com\\\/2024\\\/#organization\"},\"potentialAction\":[{\"@type\":\"SearchAction\",\"target\":{\"@type\":\"EntryPoint\",\"urlTemplate\":\"https:\\\/\\\/www.orthomanufacture.com\\\/2024\\\/?s={search_term_string}\"},\"query-input\":{\"@type\":\"PropertyValueSpecification\",\"valueRequired\":true,\"valueName\":\"search_term_string\"}}],\"inLanguage\":\"fr-FR\"},{\"@type\":\"Organization\",\"@id\":\"https:\\\/\\\/www.orthomanufacture.com\\\/2024\\\/#organization\",\"name\":\"2024\",\"url\":\"https:\\\/\\\/www.orthomanufacture.com\\\/2024\\\/\",\"logo\":{\"@type\":\"ImageObject\",\"inLanguage\":\"fr-FR\",\"@id\":\"https:\\\/\\\/www.orthomanufacture.com\\\/2024\\\/#\\\/schema\\\/logo\\\/image\\\/\",\"url\":\"https:\\\/\\\/www.orthomanufacture.com\\\/2024\\\/wp-content\\\/uploads\\\/sites\\\/13\\\/2023\\\/11\\\/logo-orthomanufacture.svg\",\"contentUrl\":\"https:\\\/\\\/www.orthomanufacture.com\\\/2024\\\/wp-content\\\/uploads\\\/sites\\\/13\\\/2023\\\/11\\\/logo-orthomanufacture.svg\",\"caption\":\"2024\"},\"image\":{\"@id\":\"https:\\\/\\\/www.orthomanufacture.com\\\/2024\\\/#\\\/schema\\\/logo\\\/image\\\/\"}}]}<\/script>\n<!-- \/ Yoast SEO plugin. -->","yoast_head_json":{"title":"2 Tage Video-Fernkonferenzen - 2024","robots":{"index":"noindex","follow":"follow"},"og_locale":"fr_FR","og_type":"article","og_title":"2 Tage Video-Fernkonferenzen - 2024","og_description":"F\u00fcr die Teilnehmer, die nicht vor Ort mit dabei sein k\u00f6nnen, bieten wir die M\u00f6glichkeit, sich aus der Ferne per Video\u00fcbertragung anzumelden.Einige Tage vor der Veranstaltung erhalten Sie einen ZOOM-Link, mit dem Sie sich live verbinden k\u00f6nnen. Interaktionen werden \u00fcber einen \u201eChat\u201c m\u00f6glich sein. Der Eintrittspreis ist derselbe wie bei Pr\u00e4senzveranstaltungen, da der urspr\u00fcngliche Zweck [&hellip;]","og_url":"https:\/\/www.orthomanufacture.com\/2024\/de\/produit\/2-tage-distanzkonferenzen-per-video\/","og_site_name":"2024","article_modified_time":"2024-01-16T07:51:58+00:00","twitter_card":"summary_large_image","twitter_misc":{"Dur\u00e9e de lecture estim\u00e9e":"1 minute"},"schema":{"@context":"https:\/\/schema.org","@graph":[{"@type":"WebPage","@id":"https:\/\/www.orthomanufacture.com\/2024\/de\/produit\/2-tage-distanzkonferenzen-per-video\/","url":"https:\/\/www.orthomanufacture.com\/2024\/de\/produit\/2-tage-distanzkonferenzen-per-video\/","name":"2 Tage Video-Fernkonferenzen - 2024","isPartOf":{"@id":"https:\/\/www.orthomanufacture.com\/2024\/#website"},"datePublished":"2022-02-18T13:48:50+00:00","dateModified":"2024-01-16T07:51:58+00:00","breadcrumb":{"@id":"https:\/\/www.orthomanufacture.com\/2024\/de\/produit\/2-tage-distanzkonferenzen-per-video\/#breadcrumb"},"inLanguage":"fr-FR","potentialAction":[{"@type":"ReadAction","target":["https:\/\/www.orthomanufacture.com\/2024\/de\/produit\/2-tage-distanzkonferenzen-per-video\/"]}]},{"@type":"BreadcrumbList","@id":"https:\/\/www.orthomanufacture.com\/2024\/de\/produit\/2-tage-distanzkonferenzen-per-video\/#breadcrumb","itemListElement":[{"@type":"ListItem","position":1,"name":"Accueil","item":"https:\/\/www.orthomanufacture.com\/2024\/fr\/"},{"@type":"ListItem","position":2,"name":"Boutique","item":"https:\/\/www.orthomanufacture.com\/2024\/fr\/boutique\/"},{"@type":"ListItem","position":3,"name":"2 Tage Video-Fernkonferenzen"}]},{"@type":"WebSite","@id":"https:\/\/www.orthomanufacture.com\/2024\/#website","url":"https:\/\/www.orthomanufacture.com\/2024\/","name":"2024","description":"SALON D\u00c9DI\u00c9 AUX INDUSTRIES DE LA FILI\u00c8RE DES IMPLANTS ET INSTRUMENTS EN ORTHOP\u00c9DIE, TRAUMATOLOGIE, RACHIS, DENTAIRE","publisher":{"@id":"https:\/\/www.orthomanufacture.com\/2024\/#organization"},"potentialAction":[{"@type":"SearchAction","target":{"@type":"EntryPoint","urlTemplate":"https:\/\/www.orthomanufacture.com\/2024\/?s={search_term_string}"},"query-input":{"@type":"PropertyValueSpecification","valueRequired":true,"valueName":"search_term_string"}}],"inLanguage":"fr-FR"},{"@type":"Organization","@id":"https:\/\/www.orthomanufacture.com\/2024\/#organization","name":"2024","url":"https:\/\/www.orthomanufacture.com\/2024\/","logo":{"@type":"ImageObject","inLanguage":"fr-FR","@id":"https:\/\/www.orthomanufacture.com\/2024\/#\/schema\/logo\/image\/","url":"https:\/\/www.orthomanufacture.com\/2024\/wp-content\/uploads\/sites\/13\/2023\/11\/logo-orthomanufacture.svg","contentUrl":"https:\/\/www.orthomanufacture.com\/2024\/wp-content\/uploads\/sites\/13\/2023\/11\/logo-orthomanufacture.svg","caption":"2024"},"image":{"@id":"https:\/\/www.orthomanufacture.com\/2024\/#\/schema\/logo\/image\/"}}]}},"featured_img":false,"coauthors":[],"author_meta":{"author_link":"https:\/\/www.orthomanufacture.com\/2024\/author\/olivier\/","display_name":"Olivier"},"relative_dates":{"created":"Publi\u00e9 4 ans il y a","modified":"Mis \u00e0 jour 2 ans il y a"},"absolute_dates":{"created":"Publi\u00e9 le 18 f\u00e9vrier 2022","modified":"Mise \u00e0 jour le 16 janvier 2024"},"absolute_dates_time":{"created":"Publi\u00e9 le 18 f\u00e9vrier 2022 14 h 48 min","modified":"Mise \u00e0 jour le 16 janvier 2024 8 h 51 min"},"featured_img_caption":"","tax_additional":{"language":{"linked":["<a href=\"https:\/\/www.orthomanufacture.com\/2024\/de\/\" class=\"advgb-post-tax-term\">Deutsch<\/a>"],"unlinked":["<span class=\"advgb-post-tax-term\">Deutsch<\/span>"],"slug":"language","name":"Tags"},"post_translations":{"linked":["<a href=\"https:\/\/www.orthomanufacture.com\/2024\/?taxonomy=post_translations&#038;term=pll_620fa3c2b215c\" class=\"advgb-post-tax-term\">pll_620fa3c2b215c<\/a>"],"unlinked":["<span class=\"advgb-post-tax-term\">pll_620fa3c2b215c<\/span>"],"slug":"post_translations","name":""},"product_brand":{"linked":[],"unlinked":[],"slug":"product_brand","name":"Marques"},"product_type":{"linked":["<a href=\"https:\/\/www.orthomanufacture.com\/2024\/?taxonomy=product_type&#038;term=simple\" class=\"advgb-post-tax-term\">simple<\/a>"],"unlinked":["<span class=\"advgb-post-tax-term\">simple<\/span>"],"slug":"product_type","name":"Type de produit"},"product_visibility":{"linked":[],"unlinked":[],"slug":"product_visibility","name":"Visibilit\u00e9 du produit"},"product_cat":{"linked":["<a href=\"https:\/\/www.orthomanufacture.com\/2024\/de\/categorie-produit\/fuer-2%e2%88%9e-tage\/\" class=\"advgb-post-tax-term\">f\u00fcr ~2\u221e Tage<\/a>"],"unlinked":["<span class=\"advgb-post-tax-term\">f\u00fcr ~2\u221e Tage<\/span>"],"slug":"product_cat","name":"Cat\u00e9gories de produits"},"product_tag":{"linked":[],"unlinked":[],"slug":"product_tag","name":"\u00c9tiquettes produit"},"product_shipping_class":{"linked":[],"unlinked":[],"slug":"product_shipping_class","name":"Classe d\u2019exp\u00e9dition du produit"},"pos_product_visibility":{"linked":[],"unlinked":[],"slug":"pos_product_visibility","name":"Visibilit\u00e9 du produit sur le point de vente"}},"series_order":"","_links":{"self":[{"href":"https:\/\/www.orthomanufacture.com\/2024\/wp-json\/wp\/v2\/product\/4981","targetHints":{"allow":["GET"]}}],"collection":[{"href":"https:\/\/www.orthomanufacture.com\/2024\/wp-json\/wp\/v2\/product"}],"about":[{"href":"https:\/\/www.orthomanufacture.com\/2024\/wp-json\/wp\/v2\/types\/product"}],"wp:attachment":[{"href":"https:\/\/www.orthomanufacture.com\/2024\/wp-json\/wp\/v2\/media?parent=4981"}],"wp:term":[{"taxonomy":"product_brand","embeddable":true,"href":"https:\/\/www.orthomanufacture.com\/2024\/wp-json\/wp\/v2\/product_brand?post=4981"},{"taxonomy":"product_cat","embeddable":true,"href":"https:\/\/www.orthomanufacture.com\/2024\/wp-json\/wp\/v2\/product_cat?post=4981"},{"taxonomy":"product_tag","embeddable":true,"href":"https:\/\/www.orthomanufacture.com\/2024\/wp-json\/wp\/v2\/product_tag?post=4981"}],"curies":[{"name":"wp","href":"https:\/\/api.w.org\/{rel}","templated":true}]}}