{"id":6656,"date":"2023-11-10T16:29:42","date_gmt":"2023-11-10T15:29:42","guid":{"rendered":"https:\/\/www.orthomanufacture.com\/2024\/accueil-2\/"},"modified":"2025-03-24T21:46:39","modified_gmt":"2025-03-24T20:46:39","slug":"accueil-2","status":"publish","type":"page","link":"https:\/\/www.orthomanufacture.com\/2024\/fr\/","title":{"rendered":"Accueil"},"content":{"rendered":"\n<div class=\"wp-block-cover banniere text-center\"><span aria-hidden=\"true\" class=\"wp-block-cover__background has-background-dim-0 has-background-dim\"><\/span><img decoding=\"async\" class=\"wp-block-cover__image-background wp-image-148\" alt=\"\" src=\"https:\/\/www.orthomanufacture.com\/wp-content\/uploads\/sites\/13\/2023\/11\/banniere.png\" data-object-fit=\"cover\"\/><div class=\"wp-block-cover__inner-container is-layout-flow wp-block-cover-is-layout-flow\">\n<div class=\"wp-block-group salon_title_wrapper\"><div class=\"wp-block-group__inner-container is-layout-constrained wp-block-group-is-layout-constrained\">\n<h1 class=\"wp-block-heading has-text-align-center filson title_salon\">8<sup>\u00c8ME<\/sup> CONGR\u00c8S EUROP\u00c9EN<br>SUR LES TECHNOLOGIES IMPLANTABLES<\/h1>\n\n\n\n<p class=\"has-text-align-center filson intro_salon\">Conf\u00e9rences et exposition&nbsp;pour les technologies de fabrication d\u2019implants<br>et d&rsquo;instruments en orthop\u00e9die, rachis, dentaire, cardiaque et traumatologie<\/p>\n<\/div><\/div>\n\n\n\n<div class=\"wp-block-group date_lieu_salon\"><div class=\"wp-block-group__inner-container is-layout-constrained wp-block-group-is-layout-constrained\">\n<p class=\"has-text-align-center filson date_salon\">15 &gt; 16 MAI 2024<\/p>\n\n\n\n<p class=\"has-text-align-center filson lieu_salon\">Saline Royale d\u2019Arc-et-Senans <br>proche de Besan\u00e7on (25)<\/p>\n<\/div><\/div>\n<\/div><\/div>\n\n\n\n<div style=\"height:80px\" aria-hidden=\"true\" class=\"wp-block-spacer\"><\/div>\n\n\n<div class=\"wp-block-image\">\n<figure class=\"aligncenter size-full\"><img decoding=\"async\" src=\"https:\/\/www.orthomanufacture.com\/wp-content\/uploads\/sites\/13\/2023\/11\/logo-orthomanufacture-blue.svg\" alt=\"\" class=\"wp-image-222\"\/><\/figure>\n<\/div>\n\n\n<p class=\"has-text-align-center light has-bleu-clair-color has-text-color has-x-large-font-size\">c&rsquo;est<\/p>\n\n\n\n<div style=\"height:30px\" aria-hidden=\"true\" class=\"wp-block-spacer\"><\/div>\n\n\n\n<div class=\"wp-block-group home-grid\"><div class=\"wp-block-group__inner-container is-layout-constrained wp-block-group-is-layout-constrained\">\n<div class=\"wp-block-columns is-layout-flex wp-container-core-columns-is-layout-9d6595d7 wp-block-columns-is-layout-flex\">\n<div class=\"wp-block-column square overlay-bottom is-layout-flow wp-block-column-is-layout-flow\" style=\"flex-basis:33.33%\">\n<figure class=\"wp-block-image size-full\"><img decoding=\"async\" src=\"https:\/\/www.orthomanufacture.com\/wp-content\/uploads\/sites\/13\/2023\/11\/conferences.jpg\" alt=\"\" class=\"wp-image-202\"\/><\/figure>\n\n\n\n<p>Des <strong>conf\u00e9rences<\/strong><br>de haut niveau<\/p>\n<\/div>\n\n\n\n<div class=\"wp-block-column overlay-top is-layout-flow wp-block-column-is-layout-flow\" style=\"flex-basis:66.66%\">\n<figure class=\"wp-block-image size-full\"><img decoding=\"async\" src=\"https:\/\/www.orthomanufacture.com\/wp-content\/uploads\/sites\/13\/2023\/11\/rencontre.jpg\" alt=\"\" class=\"wp-image-205\"\/><\/figure>\n\n\n\n<p>Des <strong>rencontres<\/strong> avec un panel de sous-traitants<br>et de fournisseurs internationaux<\/p>\n<\/div>\n<\/div>\n\n\n\n<div class=\"wp-block-columns is-layout-flex wp-container-core-columns-is-layout-9d6595d7 wp-block-columns-is-layout-flex\">\n<div class=\"wp-block-column overlay-left is-layout-flow wp-block-column-is-layout-flow\" style=\"flex-basis:66.66%\">\n<figure class=\"wp-block-image size-full\"><img decoding=\"async\" src=\"https:\/\/www.orthomanufacture.com\/wp-content\/uploads\/sites\/13\/2023\/11\/allees.jpg\" alt=\"\" class=\"wp-image-204\"\/><\/figure>\n\n\n\n<p>Des <strong>rencontres<\/strong> avec les experts au fil des all\u00e9es<\/p>\n<\/div>\n\n\n\n<div class=\"wp-block-column square top overlay-full is-layout-flow wp-block-column-is-layout-flow\" style=\"flex-basis:33.33%\">\n<figure class=\"wp-block-image size-full\"><img loading=\"lazy\" decoding=\"async\" width=\"590\" height=\"885\" src=\"https:\/\/www.orthomanufacture.com\/2024\/wp-content\/uploads\/sites\/13\/2023\/12\/SERF-Assemblage_Hype-SCS-SunFit-TH-POUR-ACCUEIL-SITE1.png\" alt=\"\" class=\"wp-image-7277\" srcset=\"https:\/\/www.orthomanufacture.com\/2024\/wp-content\/uploads\/sites\/13\/2023\/12\/SERF-Assemblage_Hype-SCS-SunFit-TH-POUR-ACCUEIL-SITE1.png 590w, https:\/\/www.orthomanufacture.com\/2024\/wp-content\/uploads\/sites\/13\/2023\/12\/SERF-Assemblage_Hype-SCS-SunFit-TH-POUR-ACCUEIL-SITE1-200x300.png 200w\" sizes=\"auto, (max-width: 590px) 100vw, 590px\" \/><\/figure>\n\n\n\n<p>Des <strong>experts<\/strong> <strong>ind\u00e9pendants<\/strong><br>(universitaires, chirurgiens, experts internationaux)<\/p>\n<\/div>\n<\/div>\n\n\n\n<div class=\"wp-block-group rectangle overlay-left\"><div class=\"wp-block-group__inner-container is-layout-constrained wp-block-group-is-layout-constrained\">\n<figure class=\"wp-block-image size-large\"><img loading=\"lazy\" decoding=\"async\" width=\"1024\" height=\"576\" src=\"https:\/\/www.orthomanufacture.com\/2024\/wp-content\/uploads\/sites\/13\/2023\/12\/Captif-1-edited-1024x576.jpg\" alt=\"\" class=\"wp-image-7227\" srcset=\"https:\/\/www.orthomanufacture.com\/2024\/wp-content\/uploads\/sites\/13\/2023\/12\/Captif-1-edited-1024x576.jpg 1024w, https:\/\/www.orthomanufacture.com\/2024\/wp-content\/uploads\/sites\/13\/2023\/12\/Captif-1-edited-300x169.jpg 300w, https:\/\/www.orthomanufacture.com\/2024\/wp-content\/uploads\/sites\/13\/2023\/12\/Captif-1-edited-768x432.jpg 768w, https:\/\/www.orthomanufacture.com\/2024\/wp-content\/uploads\/sites\/13\/2023\/12\/Captif-1-edited-600x338.jpg 600w, https:\/\/www.orthomanufacture.com\/2024\/wp-content\/uploads\/sites\/13\/2023\/12\/Captif-1-edited.jpg 1200w\" sizes=\"auto, (max-width: 1024px) 100vw, 1024px\" \/><\/figure>\n\n\n\n<p>Une <strong>soir\u00e9e conviviale<\/strong> o\u00f9 se m\u00ealent culture, d\u00e9tente et business<\/p>\n<\/div><\/div>\n<\/div><\/div>\n\n\n\n<div class=\"wp-block-group\"><div class=\"wp-block-group__inner-container is-layout-constrained wp-block-group-is-layout-constrained\">\n<div style=\"height:50px\" aria-hidden=\"true\" class=\"wp-block-spacer\"><\/div>\n\n\n\n<div style=\"height:50px\" aria-hidden=\"true\" class=\"wp-block-spacer\"><\/div>\n\n\n\n<div class=\"wp-block-columns is-layout-flex wp-container-core-columns-is-layout-9d6595d7 wp-block-columns-is-layout-flex\">\n<div class=\"wp-block-column is-layout-flow wp-block-column-is-layout-flow\">\n<h2 class=\"wp-block-heading has-text-align-center\"><strong><span style=\"color: #c40303\" class=\"stk-highlight\">SPONSOR<\/span><span style=\"color: #0E5FD6\" class=\"stk-highlight\"> <\/span><span style=\"color: #727476\" class=\"stk-highlight\">PLATINIUM<\/span><\/strong><\/h2>\n\n\n<div class=\"wp-block-image\">\n<figure class=\"aligncenter size-full\"><a href=\"https:\/\/castpro-ortho.com\/\" target=\"_blank\" rel=\"noreferrer noopener\"><img loading=\"lazy\" decoding=\"async\" width=\"200\" height=\"52\" src=\"https:\/\/www.orthomanufacture.com\/2024\/wp-content\/uploads\/sites\/13\/2024\/02\/cropped-castpro-implant-castings-logo.png\" alt=\"\" class=\"wp-image-7474\"\/><\/a><\/figure>\n<\/div>\n\n\n<h2 class=\"wp-block-heading has-text-align-center has-medium-font-size\"><span style=\"color: #d00808\" class=\"stk-highlight\"><strong>Your reliable implant casting solution partner<\/strong><\/span><\/h2>\n<\/div>\n\n\n\n<div class=\"wp-block-column is-layout-flow wp-block-column-is-layout-flow\">\n<h4 class=\"wp-block-heading has-text-align-center\"><strong><span style=\"color: #134b89\" class=\"stk-highlight\">GOLD SPONSOR<\/span><\/strong><\/h4>\n\n\n<div class=\"wp-block-image\">\n<figure class=\"aligncenter size-large is-resized\"><a href=\"http:\/\/www.edgeintl.com\/\" target=\"_blank\" rel=\"noreferrer noopener\"><img loading=\"lazy\" decoding=\"async\" width=\"1024\" height=\"240\" src=\"https:\/\/www.orthomanufacture.com\/2024\/wp-content\/uploads\/sites\/13\/2024\/04\/EDGE-1024x240.png\" alt=\"\" class=\"wp-image-7686\" style=\"width:302px;height:auto\" srcset=\"https:\/\/www.orthomanufacture.com\/2024\/wp-content\/uploads\/sites\/13\/2024\/04\/EDGE-1024x240.png 1024w, https:\/\/www.orthomanufacture.com\/2024\/wp-content\/uploads\/sites\/13\/2024\/04\/EDGE-300x70.png 300w, https:\/\/www.orthomanufacture.com\/2024\/wp-content\/uploads\/sites\/13\/2024\/04\/EDGE-768x180.png 768w, https:\/\/www.orthomanufacture.com\/2024\/wp-content\/uploads\/sites\/13\/2024\/04\/EDGE-600x141.png 600w, https:\/\/www.orthomanufacture.com\/2024\/wp-content\/uploads\/sites\/13\/2024\/04\/EDGE.png 1200w\" sizes=\"auto, (max-width: 1024px) 100vw, 1024px\" \/><\/a><\/figure>\n<\/div>\n\n\n<h5 class=\"wp-block-heading has-text-align-center\"><span style=\"color: #134b89\" class=\"stk-highlight\">Committed to providing <a href=\"http:\/\/www.edgeintl.com\/products.html\">products<\/a> and <a href=\"http:\/\/www.edgeintl.com\/value-added-services.html\">services<\/a> that meet all your requirements<\/span><\/h5>\n<\/div>\n<\/div>\n\n\n\n<div style=\"height:25px\" aria-hidden=\"true\" class=\"wp-block-spacer\"><\/div>\n\n\n\n<div style=\"height:50px\" aria-hidden=\"true\" class=\"wp-block-spacer\"><\/div>\n\n\n<h2 class=\"wp-block-heading has-text-align-center filson has-bleu-color\">interview_title<\/h2><div class=\"wp-block-spacer\" style=\"height:40px\"><\/div><div id=\"interviews_slider\" class=\"carousel slide\" data-interval=\"false\"><div class=\"interviews_controlers\"><a class=\"carousel-control-prev\" type=\"button\" data-bs-target=\"#interviews_slider\" data-bs-slide=\"prev\"><span class=\"carousel-control-prev-icon\" aria-hidden=\"true\"><\/span><span class=\"sr-only\">Previous<\/span><\/a><a class=\"carousel-control-next\" type=\"button\" data-bs-target=\"#interviews_slider\" data-bs-slide=\"next\"><span class=\"carousel-control-next-icon\" aria-hidden=\"true\"><\/span><span class=\"sr-only\">Next<\/span><\/a><\/div><div class=\"carousel-inner\"><div class=\"carousel-item active\"><div class=\"wp-block-columns interview__columns is-layout-flex wp-container-core-columns-is-layout-3 wp-block-columns-is-layout-flex\"><div class=\"wp-block-column is-layout-flow wp-block-column-is-layout-flow interview__column\"><div class='interview-fiche'><\/div><\/div><div class=\"wp-block-column is-layout-flow wp-block-column-is-layout-flow interview__column\"><div class='interview-fiche'><\/div><\/div><div class=\"wp-block-column is-layout-flow wp-block-column-is-layout-flow interview__column\"><div class='interview-fiche'><\/div><\/div><\/div><\/div><div class=\"carousel-item\"><div class=\"wp-block-columns interview__columns is-layout-flex wp-container-core-columns-is-layout-3 wp-block-columns-is-layout-flex\"><div class=\"wp-block-column is-layout-flow wp-block-column-is-layout-flow interview__column\"><div class='interview-fiche'><\/div><\/div><div class=\"wp-block-column is-layout-flow wp-block-column-is-layout-flow interview__column\"><div class='interview-fiche'><\/div><\/div><div class=\"wp-block-column is-layout-flow wp-block-column-is-layout-flow interview__column\"><div class='interview-fiche'><\/div><\/div><\/div><\/div><div class=\"carousel-item\"><div class=\"wp-block-columns interview__columns is-layout-flex wp-container-core-columns-is-layout-3 wp-block-columns-is-layout-flex\"><div class=\"wp-block-column is-layout-flow wp-block-column-is-layout-flow interview__column\"><div class='interview-fiche'><\/div><\/div><div class=\"wp-block-column is-layout-flow wp-block-column-is-layout-flow interview__column\"><div class='interview-fiche'><\/div><\/div><div class=\"wp-block-column is-layout-flow wp-block-column-is-layout-flow interview__column\"><div class='interview-fiche'><\/div><\/div><\/div><\/div><div class=\"carousel-item\"><div class=\"wp-block-columns interview__columns is-layout-flex wp-container-core-columns-is-layout-3 wp-block-columns-is-layout-flex\"><div class=\"wp-block-column is-layout-flow wp-block-column-is-layout-flow interview__column\"><div class='interview-fiche'><\/div><\/div><div class=\"wp-block-column is-layout-flow wp-block-column-is-layout-flow interview__column\"><div class='interview-fiche'><\/div><\/div><div class=\"wp-block-column is-layout-flow wp-block-column-is-layout-flow interview__column\"><div class='interview-fiche'><\/div><\/div><\/div><\/div><\/div><\/div>\n\n\n\n<div style=\"height:50px\" aria-hidden=\"true\" class=\"wp-block-spacer\"><\/div>\n<\/div><\/div>\n\n\n\n<p><\/p>\n","protected":false},"excerpt":{"rendered":"<p>c&rsquo;est Des conf\u00e9rencesde haut niveau Des rencontres avec un panel de sous-traitantset de fournisseurs internationaux Des rencontres avec les experts au fil des all\u00e9es Des experts ind\u00e9pendants(universitaires, chirurgiens, experts internationaux) Une soir\u00e9e conviviale o\u00f9 se m\u00ealent culture, d\u00e9tente et business SPONSOR PLATINIUM Your reliable implant casting solution partner GOLD SPONSOR Committed to providing products and [&hellip;]<\/p>\n","protected":false},"author":1,"featured_media":0,"parent":0,"menu_order":7,"comment_status":"closed","ping_status":"closed","template":"","meta":{"advgb_blocks_editor_width":"","advgb_blocks_columns_visual_guide":"","footnotes":""},"class_list":["post-6656","page","type-page","status-publish","hentry"],"featured_image_urls_v2":{"full":"","thumbnail":"","medium":"","medium_large":"","large":"","1536x1536":"","2048x2048":"","woocommerce_thumbnail":"","woocommerce_single":"","woocommerce_gallery_thumbnail":""},"post_excerpt_stackable_v2":"<p>8\u00c8ME CONGR\u00c8S EUROP\u00c9ENSUR LES TECHNOLOGIES IMPLANTABLES Conf\u00e9rences et exposition&nbsp;pour les technologies de fabrication d\u2019implantset d&rsquo;instruments en orthop\u00e9die, rachis, dentaire, cardiaque et traumatologie 15 &gt; 16 MAI 2024 Saline Royale d\u2019Arc-et-Senans proche de Besan\u00e7on (25) c&rsquo;est Des conf\u00e9rencesde haut niveau Des rencontres avec un panel de sous-traitantset de fournisseurs internationaux Des rencontres avec les experts au fil des all\u00e9es Des experts ind\u00e9pendants(universitaires, chirurgiens, experts internationaux) Une soir\u00e9e conviviale o\u00f9 se m\u00ealent culture, d\u00e9tente et business SPONSOR PLATINIUM Your reliable implant casting solution partner GOLD SPONSOR Committed to providing products and services that meet all your requirements interview_titlePreviousNext<\/p>\n","category_list_v2":"","author_info_v2":{"name":"Les Imageurs","url":"https:\/\/www.orthomanufacture.com\/2024\/author\/ortho_imanufacture\/"},"comments_num_v2":"0 commentaire","acf":[],"yoast_head":"<!-- This site is optimized with the Yoast SEO plugin v27.5 - https:\/\/yoast.com\/product\/yoast-seo-wordpress\/ -->\n<title>ORTHOMANUFACTURE : congr\u00e8s europ\u00e9en des technologies implantables<\/title>\n<meta name=\"description\" content=\"Conf\u00e9rences et expositions pour les industries de la fili\u00e8re des implants et instruments en orthop\u00e9die, traumatologie, rachis, dentaire\" \/>\n<meta name=\"robots\" content=\"index, follow, max-snippet:-1, max-image-preview:large, max-video-preview:-1\" \/>\n<link rel=\"canonical\" href=\"https:\/\/www.orthomanufacture.com\/2024\/fr\/\" \/>\n<meta property=\"og:locale\" content=\"fr_FR\" \/>\n<meta property=\"og:type\" content=\"article\" \/>\n<meta property=\"og:title\" content=\"ORTHOMANUFACTURE : congr\u00e8s europ\u00e9en des technologies implantables\" \/>\n<meta property=\"og:description\" content=\"Conf\u00e9rences et expositions pour les industries de la fili\u00e8re des implants et instruments en orthop\u00e9die, traumatologie, rachis, dentaire\" \/>\n<meta property=\"og:url\" content=\"https:\/\/www.orthomanufacture.com\/2024\/fr\/\" \/>\n<meta property=\"og:site_name\" content=\"2024\" \/>\n<meta property=\"article:modified_time\" content=\"2025-03-24T20:46:39+00:00\" \/>\n<meta property=\"og:image\" content=\"https:\/\/www.orthomanufacture.com\/2024\/wp-content\/uploads\/sites\/13\/2017\/03\/metoxit2.jpg\" \/>\n\t<meta property=\"og:image:width\" content=\"815\" \/>\n\t<meta property=\"og:image:height\" content=\"458\" \/>\n\t<meta property=\"og:image:type\" content=\"image\/jpeg\" \/>\n<meta name=\"twitter:card\" content=\"summary_large_image\" \/>\n<meta name=\"twitter:label1\" content=\"Dur\u00e9e de lecture estim\u00e9e\" \/>\n\t<meta name=\"twitter:data1\" content=\"3 minutes\" \/>\n<script type=\"application\/ld+json\" class=\"yoast-schema-graph\">{\"@context\":\"https:\\\/\\\/schema.org\",\"@graph\":[{\"@type\":\"WebPage\",\"@id\":\"https:\\\/\\\/www.orthomanufacture.com\\\/2024\\\/fr\\\/\",\"url\":\"https:\\\/\\\/www.orthomanufacture.com\\\/2024\\\/fr\\\/\",\"name\":\"ORTHOMANUFACTURE : congr\u00e8s europ\u00e9en des technologies implantables\",\"isPartOf\":{\"@id\":\"https:\\\/\\\/www.orthomanufacture.com\\\/2024\\\/#website\"},\"primaryImageOfPage\":{\"@id\":\"https:\\\/\\\/www.orthomanufacture.com\\\/2024\\\/fr\\\/#primaryimage\"},\"image\":{\"@id\":\"https:\\\/\\\/www.orthomanufacture.com\\\/2024\\\/fr\\\/#primaryimage\"},\"thumbnailUrl\":\"https:\\\/\\\/www.orthomanufacture.com\\\/wp-content\\\/uploads\\\/sites\\\/13\\\/2023\\\/11\\\/banniere.png\",\"datePublished\":\"2023-11-10T15:29:42+00:00\",\"dateModified\":\"2025-03-24T20:46:39+00:00\",\"description\":\"Conf\u00e9rences et expositions pour les industries de la fili\u00e8re des implants et instruments en orthop\u00e9die, traumatologie, rachis, dentaire\",\"breadcrumb\":{\"@id\":\"https:\\\/\\\/www.orthomanufacture.com\\\/2024\\\/fr\\\/#breadcrumb\"},\"inLanguage\":\"fr-FR\",\"potentialAction\":[{\"@type\":\"ReadAction\",\"target\":[\"https:\\\/\\\/www.orthomanufacture.com\\\/2024\\\/fr\\\/\"]}]},{\"@type\":\"ImageObject\",\"inLanguage\":\"fr-FR\",\"@id\":\"https:\\\/\\\/www.orthomanufacture.com\\\/2024\\\/fr\\\/#primaryimage\",\"url\":\"https:\\\/\\\/www.orthomanufacture.com\\\/wp-content\\\/uploads\\\/sites\\\/13\\\/2023\\\/11\\\/banniere.png\",\"contentUrl\":\"https:\\\/\\\/www.orthomanufacture.com\\\/wp-content\\\/uploads\\\/sites\\\/13\\\/2023\\\/11\\\/banniere.png\"},{\"@type\":\"BreadcrumbList\",\"@id\":\"https:\\\/\\\/www.orthomanufacture.com\\\/2024\\\/fr\\\/#breadcrumb\",\"itemListElement\":[{\"@type\":\"ListItem\",\"position\":1,\"name\":\"Accueil\",\"item\":\"https:\\\/\\\/www.orthomanufacture.com\\\/2024\\\/fr\\\/\"},{\"@type\":\"ListItem\",\"position\":2,\"name\":\"Accueil\"}]},{\"@type\":\"WebSite\",\"@id\":\"https:\\\/\\\/www.orthomanufacture.com\\\/2024\\\/#website\",\"url\":\"https:\\\/\\\/www.orthomanufacture.com\\\/2024\\\/\",\"name\":\"2024\",\"description\":\"SALON D\u00c9DI\u00c9 AUX INDUSTRIES DE LA FILI\u00c8RE DES IMPLANTS ET INSTRUMENTS EN ORTHOP\u00c9DIE, TRAUMATOLOGIE, RACHIS, DENTAIRE\",\"publisher\":{\"@id\":\"https:\\\/\\\/www.orthomanufacture.com\\\/2024\\\/#organization\"},\"potentialAction\":[{\"@type\":\"SearchAction\",\"target\":{\"@type\":\"EntryPoint\",\"urlTemplate\":\"https:\\\/\\\/www.orthomanufacture.com\\\/2024\\\/?s={search_term_string}\"},\"query-input\":{\"@type\":\"PropertyValueSpecification\",\"valueRequired\":true,\"valueName\":\"search_term_string\"}}],\"inLanguage\":\"fr-FR\"},{\"@type\":\"Organization\",\"@id\":\"https:\\\/\\\/www.orthomanufacture.com\\\/2024\\\/#organization\",\"name\":\"2024\",\"url\":\"https:\\\/\\\/www.orthomanufacture.com\\\/2024\\\/\",\"logo\":{\"@type\":\"ImageObject\",\"inLanguage\":\"fr-FR\",\"@id\":\"https:\\\/\\\/www.orthomanufacture.com\\\/2024\\\/#\\\/schema\\\/logo\\\/image\\\/\",\"url\":\"https:\\\/\\\/www.orthomanufacture.com\\\/2024\\\/wp-content\\\/uploads\\\/sites\\\/13\\\/2023\\\/11\\\/logo-orthomanufacture.svg\",\"contentUrl\":\"https:\\\/\\\/www.orthomanufacture.com\\\/2024\\\/wp-content\\\/uploads\\\/sites\\\/13\\\/2023\\\/11\\\/logo-orthomanufacture.svg\",\"caption\":\"2024\"},\"image\":{\"@id\":\"https:\\\/\\\/www.orthomanufacture.com\\\/2024\\\/#\\\/schema\\\/logo\\\/image\\\/\"}}]}<\/script>\n<!-- \/ Yoast SEO plugin. -->","yoast_head_json":{"title":"ORTHOMANUFACTURE : congr\u00e8s europ\u00e9en des technologies implantables","description":"Conf\u00e9rences et expositions pour les industries de la fili\u00e8re des implants et instruments en orthop\u00e9die, traumatologie, rachis, dentaire","robots":{"index":"index","follow":"follow","max-snippet":"max-snippet:-1","max-image-preview":"max-image-preview:large","max-video-preview":"max-video-preview:-1"},"canonical":"https:\/\/www.orthomanufacture.com\/2024\/fr\/","og_locale":"fr_FR","og_type":"article","og_title":"ORTHOMANUFACTURE : congr\u00e8s europ\u00e9en des technologies implantables","og_description":"Conf\u00e9rences et expositions pour les industries de la fili\u00e8re des implants et instruments en orthop\u00e9die, traumatologie, rachis, dentaire","og_url":"https:\/\/www.orthomanufacture.com\/2024\/fr\/","og_site_name":"2024","article_modified_time":"2025-03-24T20:46:39+00:00","og_image":[{"width":815,"height":458,"url":"https:\/\/www.orthomanufacture.com\/2024\/wp-content\/uploads\/sites\/13\/2017\/03\/metoxit2.jpg","type":"image\/jpeg"}],"twitter_card":"summary_large_image","twitter_misc":{"Dur\u00e9e de lecture estim\u00e9e":"3 minutes"},"schema":{"@context":"https:\/\/schema.org","@graph":[{"@type":"WebPage","@id":"https:\/\/www.orthomanufacture.com\/2024\/fr\/","url":"https:\/\/www.orthomanufacture.com\/2024\/fr\/","name":"ORTHOMANUFACTURE : congr\u00e8s europ\u00e9en des technologies implantables","isPartOf":{"@id":"https:\/\/www.orthomanufacture.com\/2024\/#website"},"primaryImageOfPage":{"@id":"https:\/\/www.orthomanufacture.com\/2024\/fr\/#primaryimage"},"image":{"@id":"https:\/\/www.orthomanufacture.com\/2024\/fr\/#primaryimage"},"thumbnailUrl":"https:\/\/www.orthomanufacture.com\/wp-content\/uploads\/sites\/13\/2023\/11\/banniere.png","datePublished":"2023-11-10T15:29:42+00:00","dateModified":"2025-03-24T20:46:39+00:00","description":"Conf\u00e9rences et expositions pour les industries de la fili\u00e8re des implants et instruments en orthop\u00e9die, traumatologie, rachis, dentaire","breadcrumb":{"@id":"https:\/\/www.orthomanufacture.com\/2024\/fr\/#breadcrumb"},"inLanguage":"fr-FR","potentialAction":[{"@type":"ReadAction","target":["https:\/\/www.orthomanufacture.com\/2024\/fr\/"]}]},{"@type":"ImageObject","inLanguage":"fr-FR","@id":"https:\/\/www.orthomanufacture.com\/2024\/fr\/#primaryimage","url":"https:\/\/www.orthomanufacture.com\/wp-content\/uploads\/sites\/13\/2023\/11\/banniere.png","contentUrl":"https:\/\/www.orthomanufacture.com\/wp-content\/uploads\/sites\/13\/2023\/11\/banniere.png"},{"@type":"BreadcrumbList","@id":"https:\/\/www.orthomanufacture.com\/2024\/fr\/#breadcrumb","itemListElement":[{"@type":"ListItem","position":1,"name":"Accueil","item":"https:\/\/www.orthomanufacture.com\/2024\/fr\/"},{"@type":"ListItem","position":2,"name":"Accueil"}]},{"@type":"WebSite","@id":"https:\/\/www.orthomanufacture.com\/2024\/#website","url":"https:\/\/www.orthomanufacture.com\/2024\/","name":"2024","description":"SALON D\u00c9DI\u00c9 AUX INDUSTRIES DE LA FILI\u00c8RE DES IMPLANTS ET INSTRUMENTS EN ORTHOP\u00c9DIE, TRAUMATOLOGIE, RACHIS, DENTAIRE","publisher":{"@id":"https:\/\/www.orthomanufacture.com\/2024\/#organization"},"potentialAction":[{"@type":"SearchAction","target":{"@type":"EntryPoint","urlTemplate":"https:\/\/www.orthomanufacture.com\/2024\/?s={search_term_string}"},"query-input":{"@type":"PropertyValueSpecification","valueRequired":true,"valueName":"search_term_string"}}],"inLanguage":"fr-FR"},{"@type":"Organization","@id":"https:\/\/www.orthomanufacture.com\/2024\/#organization","name":"2024","url":"https:\/\/www.orthomanufacture.com\/2024\/","logo":{"@type":"ImageObject","inLanguage":"fr-FR","@id":"https:\/\/www.orthomanufacture.com\/2024\/#\/schema\/logo\/image\/","url":"https:\/\/www.orthomanufacture.com\/2024\/wp-content\/uploads\/sites\/13\/2023\/11\/logo-orthomanufacture.svg","contentUrl":"https:\/\/www.orthomanufacture.com\/2024\/wp-content\/uploads\/sites\/13\/2023\/11\/logo-orthomanufacture.svg","caption":"2024"},"image":{"@id":"https:\/\/www.orthomanufacture.com\/2024\/#\/schema\/logo\/image\/"}}]}},"coauthors":[],"author_meta":{"author_link":"https:\/\/www.orthomanufacture.com\/2024\/author\/ortho_imanufacture\/","display_name":"Les Imageurs"},"relative_dates":{"created":"Publi\u00e9 2 ans il y a","modified":"Mis \u00e0 jour 1 an il y a"},"absolute_dates":{"created":"Publi\u00e9 le 10 novembre 2023","modified":"Mise \u00e0 jour le 24 mars 2025"},"absolute_dates_time":{"created":"Publi\u00e9 le 10 novembre 2023 16 h 29 min","modified":"Mise \u00e0 jour le 24 mars 2025 21 h 46 min"},"featured_img_caption":"","featured_img":false,"series_order":"","_links":{"self":[{"href":"https:\/\/www.orthomanufacture.com\/2024\/wp-json\/wp\/v2\/pages\/6656","targetHints":{"allow":["GET"]}}],"collection":[{"href":"https:\/\/www.orthomanufacture.com\/2024\/wp-json\/wp\/v2\/pages"}],"about":[{"href":"https:\/\/www.orthomanufacture.com\/2024\/wp-json\/wp\/v2\/types\/page"}],"author":[{"embeddable":true,"href":"https:\/\/www.orthomanufacture.com\/2024\/wp-json\/wp\/v2\/users\/1"}],"replies":[{"embeddable":true,"href":"https:\/\/www.orthomanufacture.com\/2024\/wp-json\/wp\/v2\/comments?post=6656"}],"version-history":[{"count":0,"href":"https:\/\/www.orthomanufacture.com\/2024\/wp-json\/wp\/v2\/pages\/6656\/revisions"}],"wp:attachment":[{"href":"https:\/\/www.orthomanufacture.com\/2024\/wp-json\/wp\/v2\/media?parent=6656"}],"curies":[{"name":"wp","href":"https:\/\/api.w.org\/{rel}","templated":true}]}}