{"id":3494,"date":"2019-10-29T10:11:38","date_gmt":"2019-10-29T09:11:38","guid":{"rendered":"https:\/\/www.orthomanufacture.com\/2024\/?page_id=3494"},"modified":"2024-02-14T11:08:14","modified_gmt":"2024-02-14T10:08:14","slug":"practical-information-2","status":"publish","type":"page","link":"https:\/\/www.orthomanufacture.com\/2024\/de\/practical-information-2\/","title":{"rendered":"Details zur Anreise"},"content":{"rendered":"\n<p><\/p>\n\n\n\n<p>Der Kongress findet in Les Salines Royales, Arc-Et-Senans, 40 Minuten von Besan\u00e7on, Frankreich, statt<\/p>\n\n\n\n<ul class=\"wp-block-list\">\n<li>Grande Rue  &#8211;  25610 Arc-Et-Senans &#8211; France<\/li>\n\n\n\n<li><a href=\"tel:+333 81 54 45 00\">33 (0)3 81 54 45 00<\/a>   <a href=\"mailto:contact@salineroyale.com\">contact@salineroyale.com<\/a><\/li>\n<\/ul>\n\n\n\n<p><\/p>\n\n\n\n<p>Termine: <strong>Mittwoch, 15. Mai 2024 von 8:30 bis 18:30 Uhr und Donnerstag, 16. Mai 2024 von 8:00 bis 16:00 Uhr<\/strong><\/p>\n\n\n\n<div class=\"wp-block-advgb-list no-underline\"><ul class=\"advgblist-019abe3b-7c21-4225-96a6-bad5ccf6ffe9 advgb-list advgb-list-controls-play\">\n<li><a href=\"https:\/\/www.orthomanufacture.com\/de\/anmeldung\/\"><mark class=\"has-inline-color has-rose-color\">Mich f\u00fcr die Messe anmelden<\/mark><\/a><\/li>\n\n\n\n<li><a href=\"mailto:contact@orthomanufacture.com\"><mark class=\"has-inline-color has-rose-color\">Kontaktiere uns<\/mark><\/a><\/li>\n\n\n\n<li><a href=\"https:\/\/www.orthomanufacture.com\/2024\/wp-content\/uploads\/sites\/13\/2023\/12\/SALINES-ROYALES-LOCALISATION-ENG-2023-12-02.pdf\" target=\"_blank\" rel=\"noreferrer noopener\"><mark class=\"has-inline-color has-rose-color\">Finde uns<\/mark><\/a><\/li>\n\n\n\n<li><a href=\"https:\/\/www.salineroyale.com\/\" target=\"_blank\" rel=\"noreferrer noopener\"><mark class=\"has-inline-color has-rose-color\">Mehr Informationen \u00fcber das Saline Royale<\/mark><\/a><\/li>\n\n\n\n<li><a href=\"https:\/\/www.orthomanufacture.com\/2024\/wp-content\/uploads\/sites\/13\/2024\/02\/Hotels-aux-alentours.pdf\" target=\"_blank\" rel=\"noreferrer noopener\"><mark class=\"has-inline-color has-rose-color\">Liste der Hotels in der N\u00e4he der Konferenz<\/mark><\/a><\/li>\n<\/ul><\/div>\n\n\n\n<div style=\"height:30px\" aria-hidden=\"true\" class=\"wp-block-spacer\"><\/div>\n<style class=\"advgb-styles-renderer\">.wp-block-advgb-list ul.advgblist-019abe3b-7c21-4225-96a6-bad5ccf6ffe9 > li{font-size:16px;}.wp-block-advgb-list ul.advgblist-019abe3b-7c21-4225-96a6-bad5ccf6ffe9 > li{padding-left:18px;margin-left:0;}.wp-block-advgb-list ul.advgblist-019abe3b-7c21-4225-96a6-bad5ccf6ffe9 > li:before{font-size:16px;color:#d33e81;line-height:18px;margin:2px;padding:2px;margin-left:-20px}<\/style>","protected":false},"excerpt":{"rendered":"<p>Der Kongress findet in Les Salines Royales, Arc-Et-Senans, 40 Minuten von Besan\u00e7on, Frankreich, statt Termine: Mittwoch, 15. Mai 2024 von 8:30 bis 18:30 Uhr und Donnerstag, 16. Mai 2024 von 8:00 bis 16:00 Uhr<\/p>\n","protected":false},"author":1,"featured_media":0,"parent":0,"menu_order":37,"comment_status":"closed","ping_status":"closed","template":"","meta":{"advgb_blocks_editor_width":"","advgb_blocks_columns_visual_guide":"","footnotes":""},"class_list":["post-3494","page","type-page","status-publish","hentry"],"featured_image_urls_v2":{"full":"","thumbnail":"","medium":"","medium_large":"","large":"","1536x1536":"","2048x2048":"","woocommerce_thumbnail":"","woocommerce_single":"","woocommerce_gallery_thumbnail":""},"post_excerpt_stackable_v2":"<p>Der Kongress findet in Les Salines Royales, Arc-Et-Senans, 40 Minuten von Besan\u00e7on, Frankreich, statt Grande Rue &#8211; 25610 Arc-Et-Senans &#8211; France 33 (0)3 81 54 45 00 contact@salineroyale.com Termine: Mittwoch, 15. Mai 2024 von 8:30 bis 18:30 Uhr und Donnerstag, 16. Mai 2024 von 8:00 bis 16:00 Uhr Mich f\u00fcr die Messe anmelden Kontaktiere uns Finde uns Mehr Informationen \u00fcber das Saline Royale Liste der Hotels in der N\u00e4he der Konferenz<\/p>\n","category_list_v2":"","author_info_v2":{"name":"Les Imageurs","url":"https:\/\/www.orthomanufacture.com\/2024\/author\/ortho_imanufacture\/"},"comments_num_v2":"0 commentaire","acf":[],"yoast_head":"<!-- This site is optimized with the Yoast SEO plugin v27.5 - https:\/\/yoast.com\/product\/yoast-seo-wordpress\/ -->\n<title>Details zur Anreise - 2024<\/title>\n<meta name=\"robots\" content=\"index, follow, max-snippet:-1, max-image-preview:large, max-video-preview:-1\" \/>\n<link rel=\"canonical\" href=\"https:\/\/www.orthomanufacture.com\/2024\/de\/practical-information-2\/\" \/>\n<meta property=\"og:locale\" content=\"fr_FR\" \/>\n<meta property=\"og:type\" content=\"article\" \/>\n<meta property=\"og:title\" content=\"Details zur Anreise - 2024\" \/>\n<meta property=\"og:description\" content=\"Der Kongress findet in Les Salines Royales, Arc-Et-Senans, 40 Minuten von Besan\u00e7on, Frankreich, statt Termine: Mittwoch, 15. Mai 2024 von 8:30 bis 18:30 Uhr und Donnerstag, 16. Mai 2024 von 8:00 bis 16:00 Uhr\" \/>\n<meta property=\"og:url\" content=\"https:\/\/www.orthomanufacture.com\/2024\/de\/practical-information-2\/\" \/>\n<meta property=\"og:site_name\" content=\"2024\" \/>\n<meta property=\"article:modified_time\" content=\"2024-02-14T10:08:14+00:00\" \/>\n<meta name=\"twitter:card\" content=\"summary_large_image\" \/>\n<meta name=\"twitter:label1\" content=\"Dur\u00e9e de lecture estim\u00e9e\" \/>\n\t<meta name=\"twitter:data1\" content=\"1 minute\" \/>\n<script type=\"application\/ld+json\" class=\"yoast-schema-graph\">{\"@context\":\"https:\\\/\\\/schema.org\",\"@graph\":[{\"@type\":\"WebPage\",\"@id\":\"https:\\\/\\\/www.orthomanufacture.com\\\/2024\\\/de\\\/practical-information-2\\\/\",\"url\":\"https:\\\/\\\/www.orthomanufacture.com\\\/2024\\\/de\\\/practical-information-2\\\/\",\"name\":\"Details zur Anreise - 2024\",\"isPartOf\":{\"@id\":\"https:\\\/\\\/www.orthomanufacture.com\\\/2024\\\/#website\"},\"datePublished\":\"2019-10-29T09:11:38+00:00\",\"dateModified\":\"2024-02-14T10:08:14+00:00\",\"breadcrumb\":{\"@id\":\"https:\\\/\\\/www.orthomanufacture.com\\\/2024\\\/de\\\/practical-information-2\\\/#breadcrumb\"},\"inLanguage\":\"fr-FR\",\"potentialAction\":[{\"@type\":\"ReadAction\",\"target\":[\"https:\\\/\\\/www.orthomanufacture.com\\\/2024\\\/de\\\/practical-information-2\\\/\"]}]},{\"@type\":\"BreadcrumbList\",\"@id\":\"https:\\\/\\\/www.orthomanufacture.com\\\/2024\\\/de\\\/practical-information-2\\\/#breadcrumb\",\"itemListElement\":[{\"@type\":\"ListItem\",\"position\":1,\"name\":\"Accueil\",\"item\":\"https:\\\/\\\/www.orthomanufacture.com\\\/2024\\\/fr\\\/\"},{\"@type\":\"ListItem\",\"position\":2,\"name\":\"Details zur Anreise\"}]},{\"@type\":\"WebSite\",\"@id\":\"https:\\\/\\\/www.orthomanufacture.com\\\/2024\\\/#website\",\"url\":\"https:\\\/\\\/www.orthomanufacture.com\\\/2024\\\/\",\"name\":\"2024\",\"description\":\"SALON D\u00c9DI\u00c9 AUX INDUSTRIES DE LA FILI\u00c8RE DES IMPLANTS ET INSTRUMENTS EN ORTHOP\u00c9DIE, TRAUMATOLOGIE, RACHIS, DENTAIRE\",\"publisher\":{\"@id\":\"https:\\\/\\\/www.orthomanufacture.com\\\/2024\\\/#organization\"},\"potentialAction\":[{\"@type\":\"SearchAction\",\"target\":{\"@type\":\"EntryPoint\",\"urlTemplate\":\"https:\\\/\\\/www.orthomanufacture.com\\\/2024\\\/?s={search_term_string}\"},\"query-input\":{\"@type\":\"PropertyValueSpecification\",\"valueRequired\":true,\"valueName\":\"search_term_string\"}}],\"inLanguage\":\"fr-FR\"},{\"@type\":\"Organization\",\"@id\":\"https:\\\/\\\/www.orthomanufacture.com\\\/2024\\\/#organization\",\"name\":\"2024\",\"url\":\"https:\\\/\\\/www.orthomanufacture.com\\\/2024\\\/\",\"logo\":{\"@type\":\"ImageObject\",\"inLanguage\":\"fr-FR\",\"@id\":\"https:\\\/\\\/www.orthomanufacture.com\\\/2024\\\/#\\\/schema\\\/logo\\\/image\\\/\",\"url\":\"https:\\\/\\\/www.orthomanufacture.com\\\/2024\\\/wp-content\\\/uploads\\\/sites\\\/13\\\/2023\\\/11\\\/logo-orthomanufacture.svg\",\"contentUrl\":\"https:\\\/\\\/www.orthomanufacture.com\\\/2024\\\/wp-content\\\/uploads\\\/sites\\\/13\\\/2023\\\/11\\\/logo-orthomanufacture.svg\",\"caption\":\"2024\"},\"image\":{\"@id\":\"https:\\\/\\\/www.orthomanufacture.com\\\/2024\\\/#\\\/schema\\\/logo\\\/image\\\/\"}}]}<\/script>\n<!-- \/ Yoast SEO plugin. -->","yoast_head_json":{"title":"Details zur Anreise - 2024","robots":{"index":"index","follow":"follow","max-snippet":"max-snippet:-1","max-image-preview":"max-image-preview:large","max-video-preview":"max-video-preview:-1"},"canonical":"https:\/\/www.orthomanufacture.com\/2024\/de\/practical-information-2\/","og_locale":"fr_FR","og_type":"article","og_title":"Details zur Anreise - 2024","og_description":"Der Kongress findet in Les Salines Royales, Arc-Et-Senans, 40 Minuten von Besan\u00e7on, Frankreich, statt Termine: Mittwoch, 15. Mai 2024 von 8:30 bis 18:30 Uhr und Donnerstag, 16. Mai 2024 von 8:00 bis 16:00 Uhr","og_url":"https:\/\/www.orthomanufacture.com\/2024\/de\/practical-information-2\/","og_site_name":"2024","article_modified_time":"2024-02-14T10:08:14+00:00","twitter_card":"summary_large_image","twitter_misc":{"Dur\u00e9e de lecture estim\u00e9e":"1 minute"},"schema":{"@context":"https:\/\/schema.org","@graph":[{"@type":"WebPage","@id":"https:\/\/www.orthomanufacture.com\/2024\/de\/practical-information-2\/","url":"https:\/\/www.orthomanufacture.com\/2024\/de\/practical-information-2\/","name":"Details zur Anreise - 2024","isPartOf":{"@id":"https:\/\/www.orthomanufacture.com\/2024\/#website"},"datePublished":"2019-10-29T09:11:38+00:00","dateModified":"2024-02-14T10:08:14+00:00","breadcrumb":{"@id":"https:\/\/www.orthomanufacture.com\/2024\/de\/practical-information-2\/#breadcrumb"},"inLanguage":"fr-FR","potentialAction":[{"@type":"ReadAction","target":["https:\/\/www.orthomanufacture.com\/2024\/de\/practical-information-2\/"]}]},{"@type":"BreadcrumbList","@id":"https:\/\/www.orthomanufacture.com\/2024\/de\/practical-information-2\/#breadcrumb","itemListElement":[{"@type":"ListItem","position":1,"name":"Accueil","item":"https:\/\/www.orthomanufacture.com\/2024\/fr\/"},{"@type":"ListItem","position":2,"name":"Details zur Anreise"}]},{"@type":"WebSite","@id":"https:\/\/www.orthomanufacture.com\/2024\/#website","url":"https:\/\/www.orthomanufacture.com\/2024\/","name":"2024","description":"SALON D\u00c9DI\u00c9 AUX INDUSTRIES DE LA FILI\u00c8RE DES IMPLANTS ET INSTRUMENTS EN ORTHOP\u00c9DIE, TRAUMATOLOGIE, RACHIS, DENTAIRE","publisher":{"@id":"https:\/\/www.orthomanufacture.com\/2024\/#organization"},"potentialAction":[{"@type":"SearchAction","target":{"@type":"EntryPoint","urlTemplate":"https:\/\/www.orthomanufacture.com\/2024\/?s={search_term_string}"},"query-input":{"@type":"PropertyValueSpecification","valueRequired":true,"valueName":"search_term_string"}}],"inLanguage":"fr-FR"},{"@type":"Organization","@id":"https:\/\/www.orthomanufacture.com\/2024\/#organization","name":"2024","url":"https:\/\/www.orthomanufacture.com\/2024\/","logo":{"@type":"ImageObject","inLanguage":"fr-FR","@id":"https:\/\/www.orthomanufacture.com\/2024\/#\/schema\/logo\/image\/","url":"https:\/\/www.orthomanufacture.com\/2024\/wp-content\/uploads\/sites\/13\/2023\/11\/logo-orthomanufacture.svg","contentUrl":"https:\/\/www.orthomanufacture.com\/2024\/wp-content\/uploads\/sites\/13\/2023\/11\/logo-orthomanufacture.svg","caption":"2024"},"image":{"@id":"https:\/\/www.orthomanufacture.com\/2024\/#\/schema\/logo\/image\/"}}]}},"coauthors":[],"author_meta":{"author_link":"https:\/\/www.orthomanufacture.com\/2024\/author\/ortho_imanufacture\/","display_name":"Les Imageurs"},"relative_dates":{"created":"Publi\u00e9 7 ans il y a","modified":"Mis \u00e0 jour 2 ans il y a"},"absolute_dates":{"created":"Publi\u00e9 le 29 octobre 2019","modified":"Mise \u00e0 jour le 14 f\u00e9vrier 2024"},"absolute_dates_time":{"created":"Publi\u00e9 le 29 octobre 2019 10 h 11 min","modified":"Mise \u00e0 jour le 14 f\u00e9vrier 2024 11 h 08 min"},"featured_img_caption":"","featured_img":false,"series_order":"","_links":{"self":[{"href":"https:\/\/www.orthomanufacture.com\/2024\/wp-json\/wp\/v2\/pages\/3494","targetHints":{"allow":["GET"]}}],"collection":[{"href":"https:\/\/www.orthomanufacture.com\/2024\/wp-json\/wp\/v2\/pages"}],"about":[{"href":"https:\/\/www.orthomanufacture.com\/2024\/wp-json\/wp\/v2\/types\/page"}],"author":[{"embeddable":true,"href":"https:\/\/www.orthomanufacture.com\/2024\/wp-json\/wp\/v2\/users\/1"}],"replies":[{"embeddable":true,"href":"https:\/\/www.orthomanufacture.com\/2024\/wp-json\/wp\/v2\/comments?post=3494"}],"version-history":[{"count":0,"href":"https:\/\/www.orthomanufacture.com\/2024\/wp-json\/wp\/v2\/pages\/3494\/revisions"}],"wp:attachment":[{"href":"https:\/\/www.orthomanufacture.com\/2024\/wp-json\/wp\/v2\/media?parent=3494"}],"curies":[{"name":"wp","href":"https:\/\/api.w.org\/{rel}","templated":true}]}}