{"id":3488,"date":"2019-10-29T09:06:03","date_gmt":"2019-10-29T08:06:03","guid":{"rendered":"https:\/\/www.orthomanufacture.com\/2024\/?page_id=3488"},"modified":"2024-05-07T18:25:29","modified_gmt":"2024-05-07T16:25:29","slug":"inscription-2","status":"publish","type":"page","link":"https:\/\/www.orthomanufacture.com\/2024\/en\/inscription-2\/","title":{"rendered":"Registration"},"content":{"rendered":"\n<div style=\"height:50px\" aria-hidden=\"true\" class=\"wp-block-spacer\"><\/div>\n\n\n\n<div class=\"wp-block-columns etapes-inscription is-layout-flex wp-container-core-columns-is-layout-9d6595d7 wp-block-columns-is-layout-flex\">\n<div class=\"wp-block-column is-layout-flow wp-block-column-is-layout-flow\">\n<div class=\"wp-block-group has-noir-color has-gris-background-color has-text-color has-background has-link-color wp-elements-dfb529894899265759dad3121cd72a11\"><div class=\"wp-block-group__inner-container is-layout-constrained wp-block-group-is-layout-constrained\">\n<p class=\"has-text-align-center has-large-font-size\">Are you coming alone?<\/p>\n\n\n\n<ol class=\"wp-block-list\">\n<li>select your ticket below<\/li>\n\n\n\n<li>pay for your order online<\/li>\n\n\n\n<li>you will receive a confirmation e-mail<\/li>\n\n\n\n<li>your badge will be given to you on the day of your arrival<\/li>\n<\/ol>\n<\/div><\/div>\n<\/div>\n\n\n\n<div class=\"wp-block-column is-layout-flow wp-block-column-is-layout-flow\">\n<div class=\"wp-block-group has-noir-color has-gris-background-color has-text-color has-background has-link-color wp-elements-f9d4ae315824119fa992c845df28f20a\"><div class=\"wp-block-group__inner-container is-layout-constrained wp-block-group-is-layout-constrained\">\n<p class=\"has-text-align-center has-large-font-size\">Are you coming as a group?<\/p>\n\n\n\n<ol class=\"wp-block-list\">\n<li>select all your tickets below<\/li>\n\n\n\n<li>confirm your order <strong>without paying<\/strong><\/li>\n\n\n\n<li>we will contact you to confirm the amount of your registration with a sliding scale of charges<\/li>\n\n\n\n<li>you receive a payment link<\/li>\n\n\n\n<li>your badges will be given to you on the day of your arrival<\/li>\n<\/ol>\n<\/div><\/div>\n<\/div>\n<\/div>\n\n\n\n<div style=\"height:50px\" aria-hidden=\"true\" class=\"wp-block-spacer\"><\/div>\n\n\n\n<p class=\"has-text-align-center light has-bleu-clair-color has-text-color has-link-color has-large-font-size wp-elements-d19e1b3320f1b5394b6a1718a7966a1f\">I would like to register for the conference*<\/p>\n\n\n\n<div style=\"height:20px\" aria-hidden=\"true\" class=\"wp-block-spacer\"><\/div>\n\n\n\n<div class=\"wp-block-group is-content-justification-center is-nowrap is-layout-flex wp-container-core-group-is-layout-94bc23d7 wp-block-group-is-layout-flex\">\n<p class=\"has-medium-font-size\"><em>* For all conference registrations as an auditor, the access the the exhibition (fair) and lunches are included.<br>Badges will be prepared by us and will be available at the exhibition reception.<\/em><\/p>\n<\/div>\n\n\n\n<p><\/p>\n","protected":false},"excerpt":{"rendered":"<p>Are you coming alone? Are you coming as a group? I would like to register for the conference* * For all conference registrations as an auditor, the access the the exhibition (fair) and lunches are included.Badges will be prepared by us and will be available at the exhibition reception.<\/p>\n","protected":false},"author":1,"featured_media":0,"parent":0,"menu_order":41,"comment_status":"closed","ping_status":"closed","template":"template_formulaire.php","meta":{"advgb_blocks_editor_width":"","advgb_blocks_columns_visual_guide":"","footnotes":""},"class_list":["post-3488","page","type-page","status-publish","hentry"],"featured_image_urls_v2":{"full":"","thumbnail":"","medium":"","medium_large":"","large":"","1536x1536":"","2048x2048":"","woocommerce_thumbnail":"","woocommerce_single":"","woocommerce_gallery_thumbnail":""},"post_excerpt_stackable_v2":"<p>Are you coming alone? select your ticket below pay for your order online you will receive a confirmation e-mail your badge will be given to you on the day of your arrival Are you coming as a group? select all your tickets below confirm your order without paying we will contact you to confirm the amount of your registration with a sliding scale of charges you receive a payment link your badges will be given to you on the day of your arrival I would like to register for the conference* * For all conference registrations as an auditor, the\u2026<\/p>\n","category_list_v2":"","author_info_v2":{"name":"Les Imageurs","url":"https:\/\/www.orthomanufacture.com\/2024\/author\/ortho_imanufacture\/"},"comments_num_v2":"0 commentaire","acf":[],"yoast_head":"<!-- This site is optimized with the Yoast SEO plugin v27.5 - https:\/\/yoast.com\/product\/yoast-seo-wordpress\/ -->\n<title>Registration - 2024<\/title>\n<meta name=\"robots\" content=\"index, follow, max-snippet:-1, max-image-preview:large, max-video-preview:-1\" \/>\n<link rel=\"canonical\" href=\"https:\/\/www.orthomanufacture.com\/2024\/en\/inscription-2\/\" \/>\n<meta property=\"og:locale\" content=\"fr_FR\" \/>\n<meta property=\"og:type\" content=\"article\" \/>\n<meta property=\"og:title\" content=\"Registration - 2024\" \/>\n<meta property=\"og:description\" content=\"Are you coming alone? Are you coming as a group? I would like to register for the conference* * For all conference registrations as an auditor, the access the the exhibition (fair) and lunches are included.Badges will be prepared by us and will be available at the exhibition reception.\" \/>\n<meta property=\"og:url\" content=\"https:\/\/www.orthomanufacture.com\/2024\/en\/inscription-2\/\" \/>\n<meta property=\"og:site_name\" content=\"2024\" \/>\n<meta property=\"article:modified_time\" content=\"2024-05-07T16:25:29+00:00\" \/>\n<meta name=\"twitter:card\" content=\"summary_large_image\" \/>\n<meta name=\"twitter:label1\" content=\"Dur\u00e9e de lecture estim\u00e9e\" \/>\n\t<meta name=\"twitter:data1\" content=\"1 minute\" \/>\n<script type=\"application\/ld+json\" class=\"yoast-schema-graph\">{\"@context\":\"https:\\\/\\\/schema.org\",\"@graph\":[{\"@type\":\"WebPage\",\"@id\":\"https:\\\/\\\/www.orthomanufacture.com\\\/2024\\\/en\\\/inscription-2\\\/\",\"url\":\"https:\\\/\\\/www.orthomanufacture.com\\\/2024\\\/en\\\/inscription-2\\\/\",\"name\":\"Registration - 2024\",\"isPartOf\":{\"@id\":\"https:\\\/\\\/www.orthomanufacture.com\\\/2024\\\/#website\"},\"datePublished\":\"2019-10-29T08:06:03+00:00\",\"dateModified\":\"2024-05-07T16:25:29+00:00\",\"breadcrumb\":{\"@id\":\"https:\\\/\\\/www.orthomanufacture.com\\\/2024\\\/en\\\/inscription-2\\\/#breadcrumb\"},\"inLanguage\":\"fr-FR\",\"potentialAction\":[{\"@type\":\"ReadAction\",\"target\":[\"https:\\\/\\\/www.orthomanufacture.com\\\/2024\\\/en\\\/inscription-2\\\/\"]}]},{\"@type\":\"BreadcrumbList\",\"@id\":\"https:\\\/\\\/www.orthomanufacture.com\\\/2024\\\/en\\\/inscription-2\\\/#breadcrumb\",\"itemListElement\":[{\"@type\":\"ListItem\",\"position\":1,\"name\":\"Accueil\",\"item\":\"https:\\\/\\\/www.orthomanufacture.com\\\/2024\\\/fr\\\/\"},{\"@type\":\"ListItem\",\"position\":2,\"name\":\"Registration\"}]},{\"@type\":\"WebSite\",\"@id\":\"https:\\\/\\\/www.orthomanufacture.com\\\/2024\\\/#website\",\"url\":\"https:\\\/\\\/www.orthomanufacture.com\\\/2024\\\/\",\"name\":\"2024\",\"description\":\"SALON D\u00c9DI\u00c9 AUX INDUSTRIES DE LA FILI\u00c8RE DES IMPLANTS ET INSTRUMENTS EN ORTHOP\u00c9DIE, TRAUMATOLOGIE, RACHIS, DENTAIRE\",\"publisher\":{\"@id\":\"https:\\\/\\\/www.orthomanufacture.com\\\/2024\\\/#organization\"},\"potentialAction\":[{\"@type\":\"SearchAction\",\"target\":{\"@type\":\"EntryPoint\",\"urlTemplate\":\"https:\\\/\\\/www.orthomanufacture.com\\\/2024\\\/?s={search_term_string}\"},\"query-input\":{\"@type\":\"PropertyValueSpecification\",\"valueRequired\":true,\"valueName\":\"search_term_string\"}}],\"inLanguage\":\"fr-FR\"},{\"@type\":\"Organization\",\"@id\":\"https:\\\/\\\/www.orthomanufacture.com\\\/2024\\\/#organization\",\"name\":\"2024\",\"url\":\"https:\\\/\\\/www.orthomanufacture.com\\\/2024\\\/\",\"logo\":{\"@type\":\"ImageObject\",\"inLanguage\":\"fr-FR\",\"@id\":\"https:\\\/\\\/www.orthomanufacture.com\\\/2024\\\/#\\\/schema\\\/logo\\\/image\\\/\",\"url\":\"https:\\\/\\\/www.orthomanufacture.com\\\/2024\\\/wp-content\\\/uploads\\\/sites\\\/13\\\/2023\\\/11\\\/logo-orthomanufacture.svg\",\"contentUrl\":\"https:\\\/\\\/www.orthomanufacture.com\\\/2024\\\/wp-content\\\/uploads\\\/sites\\\/13\\\/2023\\\/11\\\/logo-orthomanufacture.svg\",\"caption\":\"2024\"},\"image\":{\"@id\":\"https:\\\/\\\/www.orthomanufacture.com\\\/2024\\\/#\\\/schema\\\/logo\\\/image\\\/\"}}]}<\/script>\n<!-- \/ Yoast SEO plugin. -->","yoast_head_json":{"title":"Registration - 2024","robots":{"index":"index","follow":"follow","max-snippet":"max-snippet:-1","max-image-preview":"max-image-preview:large","max-video-preview":"max-video-preview:-1"},"canonical":"https:\/\/www.orthomanufacture.com\/2024\/en\/inscription-2\/","og_locale":"fr_FR","og_type":"article","og_title":"Registration - 2024","og_description":"Are you coming alone? Are you coming as a group? I would like to register for the conference* * For all conference registrations as an auditor, the access the the exhibition (fair) and lunches are included.Badges will be prepared by us and will be available at the exhibition reception.","og_url":"https:\/\/www.orthomanufacture.com\/2024\/en\/inscription-2\/","og_site_name":"2024","article_modified_time":"2024-05-07T16:25:29+00:00","twitter_card":"summary_large_image","twitter_misc":{"Dur\u00e9e de lecture estim\u00e9e":"1 minute"},"schema":{"@context":"https:\/\/schema.org","@graph":[{"@type":"WebPage","@id":"https:\/\/www.orthomanufacture.com\/2024\/en\/inscription-2\/","url":"https:\/\/www.orthomanufacture.com\/2024\/en\/inscription-2\/","name":"Registration - 2024","isPartOf":{"@id":"https:\/\/www.orthomanufacture.com\/2024\/#website"},"datePublished":"2019-10-29T08:06:03+00:00","dateModified":"2024-05-07T16:25:29+00:00","breadcrumb":{"@id":"https:\/\/www.orthomanufacture.com\/2024\/en\/inscription-2\/#breadcrumb"},"inLanguage":"fr-FR","potentialAction":[{"@type":"ReadAction","target":["https:\/\/www.orthomanufacture.com\/2024\/en\/inscription-2\/"]}]},{"@type":"BreadcrumbList","@id":"https:\/\/www.orthomanufacture.com\/2024\/en\/inscription-2\/#breadcrumb","itemListElement":[{"@type":"ListItem","position":1,"name":"Accueil","item":"https:\/\/www.orthomanufacture.com\/2024\/fr\/"},{"@type":"ListItem","position":2,"name":"Registration"}]},{"@type":"WebSite","@id":"https:\/\/www.orthomanufacture.com\/2024\/#website","url":"https:\/\/www.orthomanufacture.com\/2024\/","name":"2024","description":"SALON D\u00c9DI\u00c9 AUX INDUSTRIES DE LA FILI\u00c8RE DES IMPLANTS ET INSTRUMENTS EN ORTHOP\u00c9DIE, TRAUMATOLOGIE, RACHIS, DENTAIRE","publisher":{"@id":"https:\/\/www.orthomanufacture.com\/2024\/#organization"},"potentialAction":[{"@type":"SearchAction","target":{"@type":"EntryPoint","urlTemplate":"https:\/\/www.orthomanufacture.com\/2024\/?s={search_term_string}"},"query-input":{"@type":"PropertyValueSpecification","valueRequired":true,"valueName":"search_term_string"}}],"inLanguage":"fr-FR"},{"@type":"Organization","@id":"https:\/\/www.orthomanufacture.com\/2024\/#organization","name":"2024","url":"https:\/\/www.orthomanufacture.com\/2024\/","logo":{"@type":"ImageObject","inLanguage":"fr-FR","@id":"https:\/\/www.orthomanufacture.com\/2024\/#\/schema\/logo\/image\/","url":"https:\/\/www.orthomanufacture.com\/2024\/wp-content\/uploads\/sites\/13\/2023\/11\/logo-orthomanufacture.svg","contentUrl":"https:\/\/www.orthomanufacture.com\/2024\/wp-content\/uploads\/sites\/13\/2023\/11\/logo-orthomanufacture.svg","caption":"2024"},"image":{"@id":"https:\/\/www.orthomanufacture.com\/2024\/#\/schema\/logo\/image\/"}}]}},"coauthors":[],"author_meta":{"author_link":"https:\/\/www.orthomanufacture.com\/2024\/author\/ortho_imanufacture\/","display_name":"Les Imageurs"},"relative_dates":{"created":"Publi\u00e9 7 ans il y a","modified":"Mis \u00e0 jour 2 ans il y a"},"absolute_dates":{"created":"Publi\u00e9 le 29 octobre 2019","modified":"Mise \u00e0 jour le 7 mai 2024"},"absolute_dates_time":{"created":"Publi\u00e9 le 29 octobre 2019 9 h 06 min","modified":"Mise \u00e0 jour le 7 mai 2024 18 h 25 min"},"featured_img_caption":"","featured_img":false,"series_order":"","_links":{"self":[{"href":"https:\/\/www.orthomanufacture.com\/2024\/wp-json\/wp\/v2\/pages\/3488","targetHints":{"allow":["GET"]}}],"collection":[{"href":"https:\/\/www.orthomanufacture.com\/2024\/wp-json\/wp\/v2\/pages"}],"about":[{"href":"https:\/\/www.orthomanufacture.com\/2024\/wp-json\/wp\/v2\/types\/page"}],"author":[{"embeddable":true,"href":"https:\/\/www.orthomanufacture.com\/2024\/wp-json\/wp\/v2\/users\/1"}],"replies":[{"embeddable":true,"href":"https:\/\/www.orthomanufacture.com\/2024\/wp-json\/wp\/v2\/comments?post=3488"}],"version-history":[{"count":0,"href":"https:\/\/www.orthomanufacture.com\/2024\/wp-json\/wp\/v2\/pages\/3488\/revisions"}],"wp:attachment":[{"href":"https:\/\/www.orthomanufacture.com\/2024\/wp-json\/wp\/v2\/media?parent=3488"}],"curies":[{"name":"wp","href":"https:\/\/api.w.org\/{rel}","templated":true}]}}