{"id":2874,"date":"2019-05-27T14:35:35","date_gmt":"2019-05-27T12:35:35","guid":{"rendered":"https:\/\/www.orthomanufacture.com\/2024\/?page_id=2874"},"modified":"2024-06-11T14:44:36","modified_gmt":"2024-06-11T12:44:36","slug":"infos-pratiques","status":"publish","type":"page","link":"https:\/\/www.orthomanufacture.com\/2024\/fr\/infos-pratiques\/","title":{"rendered":"Infos Pratiques"},"content":{"rendered":"\n<div style=\"height:50px\" aria-hidden=\"true\" class=\"wp-block-spacer\"><\/div>\n\n\n\n<div class=\"wp-block-columns is-layout-flex wp-container-core-columns-is-layout-9d6595d7 wp-block-columns-is-layout-flex\">\n<div class=\"wp-block-column is-layout-flow wp-block-column-is-layout-flow\" style=\"flex-basis:60%\">\n<h3 class=\"wp-block-heading\">Lieu<\/h3>\n\n\n\n<p>Le congr\u00e8s 2024 se tiendra aux Salines Royales d&rsquo;Arc-et-Senans, \u00e0 30 minutes de Besan\u00e7on.<\/p>\n\n\n\n<div class=\"wp-block-columns is-layout-flex wp-container-core-columns-is-layout-9d6595d7 wp-block-columns-is-layout-flex\">\n<div class=\"wp-block-column is-layout-flow wp-block-column-is-layout-flow\" style=\"flex-basis:30%\">\n<p>Salines Royales<br>Grande Rue <br>25 610 Arc-et-Senans<\/p>\n<\/div>\n\n\n\n<div class=\"wp-block-column is-layout-flow wp-block-column-is-layout-flow\" style=\"flex-basis:40%\">\n<p><a href=\"tel:+333 81 54 45 00\">+ 33 (0)3 81 54 45 00<\/a> <\/p>\n\n\n\n<p><a href=\"mailto:contact@salineroyale.com\">contact@salineroyale.com<\/a><\/p>\n<\/div>\n<\/div>\n\n\n\n<h3 class=\"wp-block-heading\">Dates<\/h3>\n\n\n\n<ul class=\"wp-block-list\">\n<li><strong>Le mercredi 15 mai 202<\/strong>4<br>de 8h30 \u00e0 18h30<\/li>\n<\/ul>\n\n\n\n<ul class=\"wp-block-list\">\n<li><strong>le jeudi 16 mai 202<\/strong>4<br>de 8H00 \u00e0 16H0<\/li>\n<\/ul>\n\n\n\n<div style=\"height:20px\" aria-hidden=\"true\" class=\"wp-block-spacer\"><\/div>\n\n\n\n<h3 class=\"wp-block-heading\">Pour aller plus loin<\/h3>\n\n\n\n<div class=\"wp-block-advgb-list no-underline\"><ul class=\"advgblist-bfeca423-4a9d-406b-a368-d86878bdc4aa advgb-list advgb-list-controls-play\">\n<li><a href=\"https:\/\/www.orthomanufacture.com\/fr\/inscription\/\"><mark class=\"has-inline-color has-rose-color\">M&rsquo;inscrire au congr\u00e8s<\/mark><\/a><\/li>\n\n\n\n<li><a href=\"mailto:contact@orthomanufacture.com\"><mark class=\"has-inline-color has-rose-color\">Nous contacter<\/mark><\/a><\/li>\n\n\n\n<li><a href=\"https:\/\/www.orthomanufacture.com\/2024\/wp-content\/uploads\/sites\/13\/2023\/12\/SALINES-ROYALES-LOCALISATION-2023-12-05.pdf\" target=\"_blank\" rel=\"noreferrer noopener\"><mark class=\"has-inline-color has-rose-color\">Nous trouver<\/mark><\/a><\/li>\n\n\n\n<li><a href=\"https:\/\/www.salineroyale.com\/\" target=\"_blank\" rel=\"noreferrer noopener\"><mark class=\"has-inline-color has-rose-color\">Plus d&rsquo;informations sur la Saline Royale<\/mark><\/a><\/li>\n\n\n\n<li><a href=\"https:\/\/www.orthomanufacture.com\/2024\/wp-content\/uploads\/sites\/13\/2024\/02\/Hotels-aux-alentours.pdf\" target=\"_blank\" rel=\"noreferrer noopener\"><mark class=\"has-inline-color has-rose-color\">Liste des h\u00f4tels proches de la Saline Royale <\/mark><\/a><\/li>\n<\/ul><\/div>\n<\/div>\n\n\n\n<div class=\"wp-block-column is-layout-flow wp-block-column-is-layout-flow\" style=\"flex-basis:40%\">\n<figure class=\"wp-block-image size-large\"><img loading=\"lazy\" decoding=\"async\" width=\"1024\" height=\"576\" src=\"https:\/\/www.orthomanufacture.com\/2024\/wp-content\/uploads\/sites\/13\/2023\/11\/Diapositive029-1024x576.jpeg\" alt=\"\" class=\"wp-image-6851\" srcset=\"https:\/\/www.orthomanufacture.com\/2024\/wp-content\/uploads\/sites\/13\/2023\/11\/Diapositive029-1024x576.jpeg 1024w, https:\/\/www.orthomanufacture.com\/2024\/wp-content\/uploads\/sites\/13\/2023\/11\/Diapositive029-300x169.jpeg 300w, https:\/\/www.orthomanufacture.com\/2024\/wp-content\/uploads\/sites\/13\/2023\/11\/Diapositive029-768x432.jpeg 768w, https:\/\/www.orthomanufacture.com\/2024\/wp-content\/uploads\/sites\/13\/2023\/11\/Diapositive029-600x338.jpeg 600w, https:\/\/www.orthomanufacture.com\/2024\/wp-content\/uploads\/sites\/13\/2023\/11\/Diapositive029.jpeg 1200w\" sizes=\"auto, (max-width: 1024px) 100vw, 1024px\" \/><\/figure>\n\n\n\n<div style=\"height:21px\" aria-hidden=\"true\" class=\"wp-block-spacer\"><\/div>\n\n\n\n<figure class=\"wp-block-image size-large\"><img loading=\"lazy\" decoding=\"async\" width=\"1024\" height=\"576\" src=\"https:\/\/www.orthomanufacture.com\/2024\/wp-content\/uploads\/sites\/13\/2023\/11\/Diapositive001-1024x576.jpeg\" alt=\"\" class=\"wp-image-6849\" srcset=\"https:\/\/www.orthomanufacture.com\/2024\/wp-content\/uploads\/sites\/13\/2023\/11\/Diapositive001-1024x576.jpeg 1024w, https:\/\/www.orthomanufacture.com\/2024\/wp-content\/uploads\/sites\/13\/2023\/11\/Diapositive001-300x169.jpeg 300w, https:\/\/www.orthomanufacture.com\/2024\/wp-content\/uploads\/sites\/13\/2023\/11\/Diapositive001-768x432.jpeg 768w, https:\/\/www.orthomanufacture.com\/2024\/wp-content\/uploads\/sites\/13\/2023\/11\/Diapositive001-600x338.jpeg 600w, https:\/\/www.orthomanufacture.com\/2024\/wp-content\/uploads\/sites\/13\/2023\/11\/Diapositive001.jpeg 1200w\" sizes=\"auto, (max-width: 1024px) 100vw, 1024px\" \/><\/figure>\n<\/div>\n<\/div>\n\n\n\n<div style=\"height:30px\" aria-hidden=\"true\" class=\"wp-block-spacer\"><\/div>\n<style class=\"advgb-styles-renderer\">.wp-block-advgb-list ul.advgblist-bfeca423-4a9d-406b-a368-d86878bdc4aa > li{font-size:16px;}.wp-block-advgb-list ul.advgblist-bfeca423-4a9d-406b-a368-d86878bdc4aa > li{padding-left:18px;margin-left:0;}.wp-block-advgb-list ul.advgblist-bfeca423-4a9d-406b-a368-d86878bdc4aa > li:before{font-size:16px;color:#d33e81;line-height:18px;margin:2px;padding:2px;margin-left:-20px}.wp-block-advgb-list ul.advgblist-bfeca423-4a9d-406b-a368-d86878bdc4aa > li{font-size:16px;}.wp-block-advgb-list ul.advgblist-bfeca423-4a9d-406b-a368-d86878bdc4aa > li{padding-left:18px;margin-left:0;}.wp-block-advgb-list ul.advgblist-bfeca423-4a9d-406b-a368-d86878bdc4aa > li:before{font-size:16px;color:#d33e81;line-height:18px;margin:2px;padding:2px;margin-left:-20px}.wp-block-advgb-list ul.advgblist-bfeca423-4a9d-406b-a368-d86878bdc4aa > li{font-size:16px;}.wp-block-advgb-list ul.advgblist-bfeca423-4a9d-406b-a368-d86878bdc4aa > li{padding-left:18px;margin-left:0;}.wp-block-advgb-list ul.advgblist-bfeca423-4a9d-406b-a368-d86878bdc4aa > li:before{font-size:16px;color:#d33e81;line-height:18px;margin:2px;padding:2px;margin-left:-20px}<\/style>","protected":false},"excerpt":{"rendered":"<p>Lieu Le congr\u00e8s 2024 se tiendra aux Salines Royales d&rsquo;Arc-et-Senans, \u00e0 30 minutes de Besan\u00e7on. Salines RoyalesGrande Rue 25 610 Arc-et-Senans + 33 (0)3 81 54 45 00 contact@salineroyale.com Dates Pour aller plus loin<\/p>\n","protected":false},"author":1,"featured_media":0,"parent":0,"menu_order":17,"comment_status":"closed","ping_status":"closed","template":"","meta":{"advgb_blocks_editor_width":"","advgb_blocks_columns_visual_guide":"","footnotes":""},"class_list":["post-2874","page","type-page","status-publish","hentry"],"featured_image_urls_v2":{"full":"","thumbnail":"","medium":"","medium_large":"","large":"","1536x1536":"","2048x2048":"","woocommerce_thumbnail":"","woocommerce_single":"","woocommerce_gallery_thumbnail":""},"post_excerpt_stackable_v2":"<p>Lieu Le congr\u00e8s 2024 se tiendra aux Salines Royales d&rsquo;Arc-et-Senans, \u00e0 30 minutes de Besan\u00e7on. Salines RoyalesGrande Rue 25 610 Arc-et-Senans + 33 (0)3 81 54 45 00 contact@salineroyale.com Dates Le mercredi 15 mai 2024de 8h30 \u00e0 18h30 le jeudi 16 mai 2024de 8H00 \u00e0 16H0 Pour aller plus loin M&rsquo;inscrire au congr\u00e8s Nous contacter Nous trouver Plus d&rsquo;informations sur la Saline Royale Liste des h\u00f4tels proches de la Saline Royale<\/p>\n","category_list_v2":"","author_info_v2":{"name":"Les Imageurs","url":"https:\/\/www.orthomanufacture.com\/2024\/author\/ortho_imanufacture\/"},"comments_num_v2":"0 commentaire","acf":[],"yoast_head":"<!-- This site is optimized with the Yoast SEO plugin v27.5 - https:\/\/yoast.com\/product\/yoast-seo-wordpress\/ -->\n<title>Infos Pratiques - 2024<\/title>\n<meta name=\"description\" content=\"Le congr\u00e8s 2024 se tiendra le 15 et 16 mai 2024 aux Salines Royales d&#039;Arc-et-Senans, \u00e0 30 minutes de Besan\u00e7on.\" \/>\n<meta name=\"robots\" content=\"index, follow, max-snippet:-1, max-image-preview:large, max-video-preview:-1\" \/>\n<link rel=\"canonical\" href=\"https:\/\/www.orthomanufacture.com\/2024\/fr\/infos-pratiques\/\" \/>\n<meta property=\"og:locale\" content=\"fr_FR\" \/>\n<meta property=\"og:type\" content=\"article\" \/>\n<meta property=\"og:title\" content=\"Infos Pratiques - 2024\" \/>\n<meta property=\"og:description\" content=\"Le congr\u00e8s 2024 se tiendra le 15 et 16 mai 2024 aux Salines Royales d&#039;Arc-et-Senans, \u00e0 30 minutes de Besan\u00e7on.\" \/>\n<meta property=\"og:url\" content=\"https:\/\/www.orthomanufacture.com\/2024\/fr\/infos-pratiques\/\" \/>\n<meta property=\"og:site_name\" content=\"2024\" \/>\n<meta property=\"article:modified_time\" content=\"2024-06-11T12:44:36+00:00\" \/>\n<meta property=\"og:image\" content=\"https:\/\/www.orthomanufacture.com\/2024\/wp-content\/uploads\/sites\/13\/2023\/11\/Diapositive029.jpeg\" \/>\n\t<meta property=\"og:image:width\" content=\"1200\" \/>\n\t<meta property=\"og:image:height\" content=\"675\" \/>\n\t<meta property=\"og:image:type\" content=\"image\/jpeg\" \/>\n<meta name=\"twitter:card\" content=\"summary_large_image\" \/>\n<meta name=\"twitter:label1\" content=\"Dur\u00e9e de lecture estim\u00e9e\" \/>\n\t<meta name=\"twitter:data1\" content=\"1 minute\" \/>\n<script type=\"application\/ld+json\" class=\"yoast-schema-graph\">{\"@context\":\"https:\\\/\\\/schema.org\",\"@graph\":[{\"@type\":\"WebPage\",\"@id\":\"https:\\\/\\\/www.orthomanufacture.com\\\/2024\\\/fr\\\/infos-pratiques\\\/\",\"url\":\"https:\\\/\\\/www.orthomanufacture.com\\\/2024\\\/fr\\\/infos-pratiques\\\/\",\"name\":\"Infos Pratiques - 2024\",\"isPartOf\":{\"@id\":\"https:\\\/\\\/www.orthomanufacture.com\\\/2024\\\/#website\"},\"primaryImageOfPage\":{\"@id\":\"https:\\\/\\\/www.orthomanufacture.com\\\/2024\\\/fr\\\/infos-pratiques\\\/#primaryimage\"},\"image\":{\"@id\":\"https:\\\/\\\/www.orthomanufacture.com\\\/2024\\\/fr\\\/infos-pratiques\\\/#primaryimage\"},\"thumbnailUrl\":\"https:\\\/\\\/www.orthomanufacture.com\\\/2024\\\/wp-content\\\/uploads\\\/sites\\\/13\\\/2023\\\/11\\\/Diapositive029-1024x576.jpeg\",\"datePublished\":\"2019-05-27T12:35:35+00:00\",\"dateModified\":\"2024-06-11T12:44:36+00:00\",\"description\":\"Le congr\u00e8s 2024 se tiendra le 15 et 16 mai 2024 aux Salines Royales d'Arc-et-Senans, \u00e0 30 minutes de Besan\u00e7on.\",\"breadcrumb\":{\"@id\":\"https:\\\/\\\/www.orthomanufacture.com\\\/2024\\\/fr\\\/infos-pratiques\\\/#breadcrumb\"},\"inLanguage\":\"fr-FR\",\"potentialAction\":[{\"@type\":\"ReadAction\",\"target\":[\"https:\\\/\\\/www.orthomanufacture.com\\\/2024\\\/fr\\\/infos-pratiques\\\/\"]}]},{\"@type\":\"ImageObject\",\"inLanguage\":\"fr-FR\",\"@id\":\"https:\\\/\\\/www.orthomanufacture.com\\\/2024\\\/fr\\\/infos-pratiques\\\/#primaryimage\",\"url\":\"https:\\\/\\\/www.orthomanufacture.com\\\/2024\\\/wp-content\\\/uploads\\\/sites\\\/13\\\/2023\\\/11\\\/Diapositive029.jpeg\",\"contentUrl\":\"https:\\\/\\\/www.orthomanufacture.com\\\/2024\\\/wp-content\\\/uploads\\\/sites\\\/13\\\/2023\\\/11\\\/Diapositive029.jpeg\",\"width\":1200,\"height\":675},{\"@type\":\"BreadcrumbList\",\"@id\":\"https:\\\/\\\/www.orthomanufacture.com\\\/2024\\\/fr\\\/infos-pratiques\\\/#breadcrumb\",\"itemListElement\":[{\"@type\":\"ListItem\",\"position\":1,\"name\":\"Accueil\",\"item\":\"https:\\\/\\\/www.orthomanufacture.com\\\/2024\\\/fr\\\/\"},{\"@type\":\"ListItem\",\"position\":2,\"name\":\"Infos Pratiques\"}]},{\"@type\":\"WebSite\",\"@id\":\"https:\\\/\\\/www.orthomanufacture.com\\\/2024\\\/#website\",\"url\":\"https:\\\/\\\/www.orthomanufacture.com\\\/2024\\\/\",\"name\":\"2024\",\"description\":\"SALON D\u00c9DI\u00c9 AUX INDUSTRIES DE LA FILI\u00c8RE DES IMPLANTS ET INSTRUMENTS EN ORTHOP\u00c9DIE, TRAUMATOLOGIE, RACHIS, DENTAIRE\",\"publisher\":{\"@id\":\"https:\\\/\\\/www.orthomanufacture.com\\\/2024\\\/#organization\"},\"potentialAction\":[{\"@type\":\"SearchAction\",\"target\":{\"@type\":\"EntryPoint\",\"urlTemplate\":\"https:\\\/\\\/www.orthomanufacture.com\\\/2024\\\/?s={search_term_string}\"},\"query-input\":{\"@type\":\"PropertyValueSpecification\",\"valueRequired\":true,\"valueName\":\"search_term_string\"}}],\"inLanguage\":\"fr-FR\"},{\"@type\":\"Organization\",\"@id\":\"https:\\\/\\\/www.orthomanufacture.com\\\/2024\\\/#organization\",\"name\":\"2024\",\"url\":\"https:\\\/\\\/www.orthomanufacture.com\\\/2024\\\/\",\"logo\":{\"@type\":\"ImageObject\",\"inLanguage\":\"fr-FR\",\"@id\":\"https:\\\/\\\/www.orthomanufacture.com\\\/2024\\\/#\\\/schema\\\/logo\\\/image\\\/\",\"url\":\"https:\\\/\\\/www.orthomanufacture.com\\\/2024\\\/wp-content\\\/uploads\\\/sites\\\/13\\\/2023\\\/11\\\/logo-orthomanufacture.svg\",\"contentUrl\":\"https:\\\/\\\/www.orthomanufacture.com\\\/2024\\\/wp-content\\\/uploads\\\/sites\\\/13\\\/2023\\\/11\\\/logo-orthomanufacture.svg\",\"caption\":\"2024\"},\"image\":{\"@id\":\"https:\\\/\\\/www.orthomanufacture.com\\\/2024\\\/#\\\/schema\\\/logo\\\/image\\\/\"}}]}<\/script>\n<!-- \/ Yoast SEO plugin. -->","yoast_head_json":{"title":"Infos Pratiques - 2024","description":"Le congr\u00e8s 2024 se tiendra le 15 et 16 mai 2024 aux Salines Royales d'Arc-et-Senans, \u00e0 30 minutes de Besan\u00e7on.","robots":{"index":"index","follow":"follow","max-snippet":"max-snippet:-1","max-image-preview":"max-image-preview:large","max-video-preview":"max-video-preview:-1"},"canonical":"https:\/\/www.orthomanufacture.com\/2024\/fr\/infos-pratiques\/","og_locale":"fr_FR","og_type":"article","og_title":"Infos Pratiques - 2024","og_description":"Le congr\u00e8s 2024 se tiendra le 15 et 16 mai 2024 aux Salines Royales d'Arc-et-Senans, \u00e0 30 minutes de Besan\u00e7on.","og_url":"https:\/\/www.orthomanufacture.com\/2024\/fr\/infos-pratiques\/","og_site_name":"2024","article_modified_time":"2024-06-11T12:44:36+00:00","og_image":[{"width":1200,"height":675,"url":"https:\/\/www.orthomanufacture.com\/2024\/wp-content\/uploads\/sites\/13\/2023\/11\/Diapositive029.jpeg","type":"image\/jpeg"}],"twitter_card":"summary_large_image","twitter_misc":{"Dur\u00e9e de lecture estim\u00e9e":"1 minute"},"schema":{"@context":"https:\/\/schema.org","@graph":[{"@type":"WebPage","@id":"https:\/\/www.orthomanufacture.com\/2024\/fr\/infos-pratiques\/","url":"https:\/\/www.orthomanufacture.com\/2024\/fr\/infos-pratiques\/","name":"Infos Pratiques - 2024","isPartOf":{"@id":"https:\/\/www.orthomanufacture.com\/2024\/#website"},"primaryImageOfPage":{"@id":"https:\/\/www.orthomanufacture.com\/2024\/fr\/infos-pratiques\/#primaryimage"},"image":{"@id":"https:\/\/www.orthomanufacture.com\/2024\/fr\/infos-pratiques\/#primaryimage"},"thumbnailUrl":"https:\/\/www.orthomanufacture.com\/2024\/wp-content\/uploads\/sites\/13\/2023\/11\/Diapositive029-1024x576.jpeg","datePublished":"2019-05-27T12:35:35+00:00","dateModified":"2024-06-11T12:44:36+00:00","description":"Le congr\u00e8s 2024 se tiendra le 15 et 16 mai 2024 aux Salines Royales d'Arc-et-Senans, \u00e0 30 minutes de Besan\u00e7on.","breadcrumb":{"@id":"https:\/\/www.orthomanufacture.com\/2024\/fr\/infos-pratiques\/#breadcrumb"},"inLanguage":"fr-FR","potentialAction":[{"@type":"ReadAction","target":["https:\/\/www.orthomanufacture.com\/2024\/fr\/infos-pratiques\/"]}]},{"@type":"ImageObject","inLanguage":"fr-FR","@id":"https:\/\/www.orthomanufacture.com\/2024\/fr\/infos-pratiques\/#primaryimage","url":"https:\/\/www.orthomanufacture.com\/2024\/wp-content\/uploads\/sites\/13\/2023\/11\/Diapositive029.jpeg","contentUrl":"https:\/\/www.orthomanufacture.com\/2024\/wp-content\/uploads\/sites\/13\/2023\/11\/Diapositive029.jpeg","width":1200,"height":675},{"@type":"BreadcrumbList","@id":"https:\/\/www.orthomanufacture.com\/2024\/fr\/infos-pratiques\/#breadcrumb","itemListElement":[{"@type":"ListItem","position":1,"name":"Accueil","item":"https:\/\/www.orthomanufacture.com\/2024\/fr\/"},{"@type":"ListItem","position":2,"name":"Infos Pratiques"}]},{"@type":"WebSite","@id":"https:\/\/www.orthomanufacture.com\/2024\/#website","url":"https:\/\/www.orthomanufacture.com\/2024\/","name":"2024","description":"SALON D\u00c9DI\u00c9 AUX INDUSTRIES DE LA FILI\u00c8RE DES IMPLANTS ET INSTRUMENTS EN ORTHOP\u00c9DIE, TRAUMATOLOGIE, RACHIS, DENTAIRE","publisher":{"@id":"https:\/\/www.orthomanufacture.com\/2024\/#organization"},"potentialAction":[{"@type":"SearchAction","target":{"@type":"EntryPoint","urlTemplate":"https:\/\/www.orthomanufacture.com\/2024\/?s={search_term_string}"},"query-input":{"@type":"PropertyValueSpecification","valueRequired":true,"valueName":"search_term_string"}}],"inLanguage":"fr-FR"},{"@type":"Organization","@id":"https:\/\/www.orthomanufacture.com\/2024\/#organization","name":"2024","url":"https:\/\/www.orthomanufacture.com\/2024\/","logo":{"@type":"ImageObject","inLanguage":"fr-FR","@id":"https:\/\/www.orthomanufacture.com\/2024\/#\/schema\/logo\/image\/","url":"https:\/\/www.orthomanufacture.com\/2024\/wp-content\/uploads\/sites\/13\/2023\/11\/logo-orthomanufacture.svg","contentUrl":"https:\/\/www.orthomanufacture.com\/2024\/wp-content\/uploads\/sites\/13\/2023\/11\/logo-orthomanufacture.svg","caption":"2024"},"image":{"@id":"https:\/\/www.orthomanufacture.com\/2024\/#\/schema\/logo\/image\/"}}]}},"coauthors":[],"author_meta":{"author_link":"https:\/\/www.orthomanufacture.com\/2024\/author\/ortho_imanufacture\/","display_name":"Les Imageurs"},"relative_dates":{"created":"Publi\u00e9 7 ans il y a","modified":"Mis \u00e0 jour 2 ans il y a"},"absolute_dates":{"created":"Publi\u00e9 le 27 mai 2019","modified":"Mise \u00e0 jour le 11 juin 2024"},"absolute_dates_time":{"created":"Publi\u00e9 le 27 mai 2019 14 h 35 min","modified":"Mise \u00e0 jour le 11 juin 2024 14 h 44 min"},"featured_img_caption":"","featured_img":false,"series_order":"","_links":{"self":[{"href":"https:\/\/www.orthomanufacture.com\/2024\/wp-json\/wp\/v2\/pages\/2874","targetHints":{"allow":["GET"]}}],"collection":[{"href":"https:\/\/www.orthomanufacture.com\/2024\/wp-json\/wp\/v2\/pages"}],"about":[{"href":"https:\/\/www.orthomanufacture.com\/2024\/wp-json\/wp\/v2\/types\/page"}],"author":[{"embeddable":true,"href":"https:\/\/www.orthomanufacture.com\/2024\/wp-json\/wp\/v2\/users\/1"}],"replies":[{"embeddable":true,"href":"https:\/\/www.orthomanufacture.com\/2024\/wp-json\/wp\/v2\/comments?post=2874"}],"version-history":[{"count":0,"href":"https:\/\/www.orthomanufacture.com\/2024\/wp-json\/wp\/v2\/pages\/2874\/revisions"}],"wp:attachment":[{"href":"https:\/\/www.orthomanufacture.com\/2024\/wp-json\/wp\/v2\/media?parent=2874"}],"curies":[{"name":"wp","href":"https:\/\/api.w.org\/{rel}","templated":true}]}}