{"id":2864,"date":"2019-05-27T14:33:16","date_gmt":"2019-05-27T12:33:16","guid":{"rendered":"https:\/\/www.orthomanufacture.com\/2024\/?page_id=2864"},"modified":"2024-07-10T11:03:32","modified_gmt":"2024-07-10T09:03:32","slug":"eng-conferences","status":"publish","type":"page","link":"https:\/\/www.orthomanufacture.com\/2024\/en\/eng-conferences\/","title":{"rendered":"Conferences program"},"content":{"rendered":"\n<div style=\"height:30px\" aria-hidden=\"true\" class=\"wp-block-spacer\"><\/div>\n\n\n\n<p>Like every year, ORTHOMANUFACTURE offers you high-level scientific and technical conferences held by independent speakers. These presentations will help you to make your choices among therapeutic advances and real technical possibilities with their limits and regulatory obligations. They will also provide you with additional knowledge and recent information on technologies related to the production of implants and instruments.<\/p>\n\n\n\n<div style=\"height:30px\" aria-hidden=\"true\" class=\"wp-block-spacer\"><\/div>\n\n\n\n<div class=\"wp-block-buttons is-content-justification-center is-layout-flex wp-container-core-buttons-is-layout-16018d1d wp-block-buttons-is-layout-flex\">\n<div class=\"wp-block-button\"><a class=\"wp-block-button__link wp-element-button\" href=\"https:\/\/www.orthomanufacture.com\/2024\/wp-content\/uploads\/sites\/13\/2024\/07\/240515-1-CONFERENCE-PROGRAM-Orthomanufacture-2024.pdf\" target=\"_blank\" rel=\"noreferrer noopener\">DOWNLOAD THE 2024 CONFERENCES PROGRAM<\/a><\/div>\n<\/div>\n\n\n\n<div style=\"height:30px\" aria-hidden=\"true\" class=\"wp-block-spacer\"><\/div>\n\n\n\n<p><\/p>\n\n\n<div class=\"wp-block-image\">\n<figure class=\"aligncenter size-full\"><img loading=\"lazy\" decoding=\"async\" width=\"963\" height=\"1200\" src=\"https:\/\/www.orthomanufacture.com\/2024\/wp-content\/uploads\/sites\/13\/2024\/07\/240515-1-CONFERENCE-PROGRAM-Orthomanufacture-2024.png\" alt=\"\" class=\"wp-image-7982\" srcset=\"https:\/\/www.orthomanufacture.com\/2024\/wp-content\/uploads\/sites\/13\/2024\/07\/240515-1-CONFERENCE-PROGRAM-Orthomanufacture-2024.png 963w, https:\/\/www.orthomanufacture.com\/2024\/wp-content\/uploads\/sites\/13\/2024\/07\/240515-1-CONFERENCE-PROGRAM-Orthomanufacture-2024-241x300.png 241w, https:\/\/www.orthomanufacture.com\/2024\/wp-content\/uploads\/sites\/13\/2024\/07\/240515-1-CONFERENCE-PROGRAM-Orthomanufacture-2024-822x1024.png 822w, https:\/\/www.orthomanufacture.com\/2024\/wp-content\/uploads\/sites\/13\/2024\/07\/240515-1-CONFERENCE-PROGRAM-Orthomanufacture-2024-768x957.png 768w, https:\/\/www.orthomanufacture.com\/2024\/wp-content\/uploads\/sites\/13\/2024\/07\/240515-1-CONFERENCE-PROGRAM-Orthomanufacture-2024-600x748.png 600w\" sizes=\"auto, (max-width: 963px) 100vw, 963px\" \/><\/figure>\n<\/div>\n\n\n<div style=\"height:40px\" aria-hidden=\"true\" class=\"wp-block-spacer\"><\/div>\n\n\n\n<h2 class=\"wp-block-heading\"><strong>Our scientific comitee <\/strong><\/h2>\n\n\n\n<div style=\"height:20px\" aria-hidden=\"true\" class=\"wp-block-spacer\"><\/div>\n\n\n\n<div class=\"wp-block-columns comite-scientifique is-layout-flex wp-container-core-columns-is-layout-9d6595d7 wp-block-columns-is-layout-flex\">\n<div class=\"wp-block-column is-layout-flow wp-block-column-is-layout-flow\">\n<div class=\"wp-block-group\"><div class=\"wp-block-group__inner-container is-layout-constrained wp-block-group-is-layout-constrained\">\n<p class=\"has-text-align-center has-bleu-color has-text-color has-medium-font-size\"><strong><strong><strong>Bertrand BOYER<\/strong><\/strong><\/strong><\/p>\n\n\n\n<p class=\"has-text-align-center\">MD, PhD, HDR<br>Reference Center for Complex Osteo-Joint Infections<br>Saint Etienne University Hospital<br>Member of INSERM\/SAINBIOSE U1059<br>Representative of France at the European Hip Society<\/p>\n<\/div><\/div>\n<\/div>\n\n\n\n<div class=\"wp-block-column is-layout-flow wp-block-column-is-layout-flow\">\n<div class=\"wp-block-group\"><div class=\"wp-block-group__inner-container is-layout-constrained wp-block-group-is-layout-constrained\">\n<p class=\"has-text-align-center has-bleu-color has-text-color has-medium-font-size\"><strong>Fr\u00e9d\u00e9ric FARIZON<\/strong><\/p>\n\n\n\n<p class=\"has-text-align-center\">Professor<br>Head of Service<br>Orthopedic and Trauma Surgery<br>Saint Etienne University Hospital<br>Member of INSERM\/SAINBIOSE U1059<\/p>\n<\/div><\/div>\n<\/div>\n<\/div>\n\n\n\n<div class=\"wp-block-columns comite-scientifique is-layout-flex wp-container-core-columns-is-layout-9d6595d7 wp-block-columns-is-layout-flex\">\n<div class=\"wp-block-column is-layout-flow wp-block-column-is-layout-flow\">\n<div class=\"wp-block-group\"><div class=\"wp-block-group__inner-container is-layout-constrained wp-block-group-is-layout-constrained\">\n<p class=\"has-text-align-center has-bleu-color has-text-color has-medium-font-size\"><strong><strong>Jean GERINGER<\/strong><\/strong><\/p>\n\n\n\n<p class=\"has-text-align-center\">Professor<br>Mines School Saint-Etienne<br>INSERM U1059<\/p>\n<\/div><\/div>\n<\/div>\n\n\n\n<div class=\"wp-block-column is-layout-flow wp-block-column-is-layout-flow\">\n<div class=\"wp-block-group\"><div class=\"wp-block-group__inner-container is-layout-constrained wp-block-group-is-layout-constrained\">\n<p class=\"has-text-align-center has-bleu-color has-text-color has-medium-font-size\"><strong><strong>Sylvain HUGON<\/strong><\/strong><\/p>\n\n\n\n<p class=\"has-text-align-center\">Associate Professor HES-SO<br>SIGMA \/ IFMA engineer<br>MSc mechanical technology Grenoble University<br>1MSc Business Administration IAE Paris<br>Vice President SAMG Swissengineering AM Group<br>AddiPole Advanced manufacturing manager HEIG-VD group<\/p>\n<\/div><\/div>\n<\/div>\n<\/div>\n\n\n\n<div class=\"wp-block-columns comite-scientifique is-layout-flex wp-container-core-columns-is-layout-9d6595d7 wp-block-columns-is-layout-flex\">\n<div class=\"wp-block-column is-layout-flow wp-block-column-is-layout-flow\">\n<div class=\"wp-block-group\"><div class=\"wp-block-group__inner-container is-layout-constrained wp-block-group-is-layout-constrained\">\n<p class=\"has-text-align-center has-bleu-color has-text-color has-medium-font-size\"><strong><strong><strong>Alexei LOZINSKI<\/strong><\/strong><\/strong><\/p>\n\n\n\n<p class=\"has-text-align-center\">LBM University of Franche-Comt\u00e9<\/p>\n<\/div><\/div>\n<\/div>\n\n\n\n<div class=\"wp-block-column is-layout-flow wp-block-column-is-layout-flow\">\n<div class=\"wp-block-group\"><div class=\"wp-block-group__inner-container is-layout-constrained wp-block-group-is-layout-constrained\">\n<p class=\"has-text-align-center has-bleu-color has-text-color has-medium-font-size\"><strong><strong><strong>J\u00e9r\u00f4me POUSIN<\/strong><\/strong><\/strong><\/p>\n\n\n\n<p class=\"has-text-align-center\"> Professeur Doctor Dr. <br>Professor Emeritus at the Camille Jordan Institute<br>INSA Lyon<\/p>\n<\/div><\/div>\n<\/div>\n<\/div>\n\n\n\n<div style=\"height:30px\" aria-hidden=\"true\" class=\"wp-block-spacer\"><\/div>\n\n\n\n<p>Of course we know everyone&rsquo;s professional constraints and that&rsquo;s why this year we are offering the possibility of also registering remotely if you can&rsquo;t come. A live video broadcast will be provided and thanks to a link that will be sent to you, you will be able to follow the conferences and \u00ab\u00a0chat\u00a0\u00bb with the speakers.<\/p>\n\n\n\n<div style=\"height:30px\" aria-hidden=\"true\" class=\"wp-block-spacer\"><\/div>\n\n\n\n<div class=\"wp-block-buttons is-horizontal is-content-justification-center is-layout-flex wp-container-core-buttons-is-layout-499968f5 wp-block-buttons-is-layout-flex\">\n<div class=\"wp-block-button\"><a class=\"wp-block-button__link has-black-color has-vivid-cyan-blue-background-color has-text-color has-background wp-element-button\" href=\"https:\/\/www.orthomanufacture.com\/en\/inscription-2\/\"><strong>Register<\/strong><\/a><\/div>\n<\/div>\n","protected":false},"excerpt":{"rendered":"<p>Like every year, ORTHOMANUFACTURE offers you high-level scientific and technical conferences held by independent speakers. These presentations will help you to make your choices among therapeutic advances and real technical possibilities with their limits and regulatory obligations. They will also provide you with additional knowledge and recent information on technologies related to the production of [&hellip;]<\/p>\n","protected":false},"author":1,"featured_media":0,"parent":0,"menu_order":34,"comment_status":"closed","ping_status":"closed","template":"","meta":{"advgb_blocks_editor_width":"","advgb_blocks_columns_visual_guide":"","footnotes":""},"class_list":["post-2864","page","type-page","status-publish","hentry"],"featured_image_urls_v2":{"full":"","thumbnail":"","medium":"","medium_large":"","large":"","1536x1536":"","2048x2048":"","woocommerce_thumbnail":"","woocommerce_single":"","woocommerce_gallery_thumbnail":""},"post_excerpt_stackable_v2":"<p>Like every year, ORTHOMANUFACTURE offers you high-level scientific and technical conferences held by independent speakers. These presentations will help you to make your choices among therapeutic advances and real technical possibilities with their limits and regulatory obligations. They will also provide you with additional knowledge and recent information on technologies related to the production of implants and instruments. DOWNLOAD THE 2024 CONFERENCES PROGRAM Our scientific comitee Bertrand BOYER MD, PhD, HDRReference Center for Complex Osteo-Joint InfectionsSaint Etienne University HospitalMember of INSERM\/SAINBIOSE U1059Representative of France at the European Hip Society Fr\u00e9d\u00e9ric FARIZON ProfessorHead of ServiceOrthopedic and Trauma SurgerySaint Etienne University HospitalMember\u2026<\/p>\n","category_list_v2":"","author_info_v2":{"name":"Les Imageurs","url":"https:\/\/www.orthomanufacture.com\/2024\/author\/ortho_imanufacture\/"},"comments_num_v2":"0 commentaire","acf":[],"yoast_head":"<!-- This site is optimized with the Yoast SEO plugin v27.5 - https:\/\/yoast.com\/product\/yoast-seo-wordpress\/ -->\n<title>Conferences program - 2024<\/title>\n<meta name=\"robots\" content=\"index, follow, max-snippet:-1, max-image-preview:large, max-video-preview:-1\" \/>\n<link rel=\"canonical\" href=\"https:\/\/www.orthomanufacture.com\/2024\/en\/eng-conferences\/\" \/>\n<meta property=\"og:locale\" content=\"fr_FR\" \/>\n<meta property=\"og:type\" content=\"article\" \/>\n<meta property=\"og:title\" content=\"Conferences program - 2024\" \/>\n<meta property=\"og:description\" content=\"Like every year, ORTHOMANUFACTURE offers you high-level scientific and technical conferences held by independent speakers. These presentations will help you to make your choices among therapeutic advances and real technical possibilities with their limits and regulatory obligations. They will also provide you with additional knowledge and recent information on technologies related to the production of [&hellip;]\" \/>\n<meta property=\"og:url\" content=\"https:\/\/www.orthomanufacture.com\/2024\/en\/eng-conferences\/\" \/>\n<meta property=\"og:site_name\" content=\"2024\" \/>\n<meta property=\"article:modified_time\" content=\"2024-07-10T09:03:32+00:00\" \/>\n<meta property=\"og:image\" content=\"https:\/\/www.orthomanufacture.com\/2024\/wp-content\/uploads\/sites\/13\/2024\/07\/240515-1-CONFERENCE-PROGRAM-Orthomanufacture-2024.png\" \/>\n\t<meta property=\"og:image:width\" content=\"963\" \/>\n\t<meta property=\"og:image:height\" content=\"1200\" \/>\n\t<meta property=\"og:image:type\" content=\"image\/png\" \/>\n<meta name=\"twitter:card\" content=\"summary_large_image\" \/>\n<meta name=\"twitter:label1\" content=\"Dur\u00e9e de lecture estim\u00e9e\" \/>\n\t<meta name=\"twitter:data1\" content=\"2 minutes\" \/>\n<script type=\"application\/ld+json\" class=\"yoast-schema-graph\">{\"@context\":\"https:\\\/\\\/schema.org\",\"@graph\":[{\"@type\":\"WebPage\",\"@id\":\"https:\\\/\\\/www.orthomanufacture.com\\\/2024\\\/en\\\/eng-conferences\\\/\",\"url\":\"https:\\\/\\\/www.orthomanufacture.com\\\/2024\\\/en\\\/eng-conferences\\\/\",\"name\":\"Conferences program - 2024\",\"isPartOf\":{\"@id\":\"https:\\\/\\\/www.orthomanufacture.com\\\/2024\\\/#website\"},\"primaryImageOfPage\":{\"@id\":\"https:\\\/\\\/www.orthomanufacture.com\\\/2024\\\/en\\\/eng-conferences\\\/#primaryimage\"},\"image\":{\"@id\":\"https:\\\/\\\/www.orthomanufacture.com\\\/2024\\\/en\\\/eng-conferences\\\/#primaryimage\"},\"thumbnailUrl\":\"https:\\\/\\\/www.orthomanufacture.com\\\/2024\\\/wp-content\\\/uploads\\\/sites\\\/13\\\/2024\\\/07\\\/240515-1-CONFERENCE-PROGRAM-Orthomanufacture-2024.png\",\"datePublished\":\"2019-05-27T12:33:16+00:00\",\"dateModified\":\"2024-07-10T09:03:32+00:00\",\"breadcrumb\":{\"@id\":\"https:\\\/\\\/www.orthomanufacture.com\\\/2024\\\/en\\\/eng-conferences\\\/#breadcrumb\"},\"inLanguage\":\"fr-FR\",\"potentialAction\":[{\"@type\":\"ReadAction\",\"target\":[\"https:\\\/\\\/www.orthomanufacture.com\\\/2024\\\/en\\\/eng-conferences\\\/\"]}]},{\"@type\":\"ImageObject\",\"inLanguage\":\"fr-FR\",\"@id\":\"https:\\\/\\\/www.orthomanufacture.com\\\/2024\\\/en\\\/eng-conferences\\\/#primaryimage\",\"url\":\"https:\\\/\\\/www.orthomanufacture.com\\\/2024\\\/wp-content\\\/uploads\\\/sites\\\/13\\\/2024\\\/07\\\/240515-1-CONFERENCE-PROGRAM-Orthomanufacture-2024.png\",\"contentUrl\":\"https:\\\/\\\/www.orthomanufacture.com\\\/2024\\\/wp-content\\\/uploads\\\/sites\\\/13\\\/2024\\\/07\\\/240515-1-CONFERENCE-PROGRAM-Orthomanufacture-2024.png\",\"width\":963,\"height\":1200},{\"@type\":\"BreadcrumbList\",\"@id\":\"https:\\\/\\\/www.orthomanufacture.com\\\/2024\\\/en\\\/eng-conferences\\\/#breadcrumb\",\"itemListElement\":[{\"@type\":\"ListItem\",\"position\":1,\"name\":\"Accueil\",\"item\":\"https:\\\/\\\/www.orthomanufacture.com\\\/2024\\\/fr\\\/\"},{\"@type\":\"ListItem\",\"position\":2,\"name\":\"Conferences program\"}]},{\"@type\":\"WebSite\",\"@id\":\"https:\\\/\\\/www.orthomanufacture.com\\\/2024\\\/#website\",\"url\":\"https:\\\/\\\/www.orthomanufacture.com\\\/2024\\\/\",\"name\":\"2024\",\"description\":\"SALON D\u00c9DI\u00c9 AUX INDUSTRIES DE LA FILI\u00c8RE DES IMPLANTS ET INSTRUMENTS EN ORTHOP\u00c9DIE, TRAUMATOLOGIE, RACHIS, DENTAIRE\",\"publisher\":{\"@id\":\"https:\\\/\\\/www.orthomanufacture.com\\\/2024\\\/#organization\"},\"potentialAction\":[{\"@type\":\"SearchAction\",\"target\":{\"@type\":\"EntryPoint\",\"urlTemplate\":\"https:\\\/\\\/www.orthomanufacture.com\\\/2024\\\/?s={search_term_string}\"},\"query-input\":{\"@type\":\"PropertyValueSpecification\",\"valueRequired\":true,\"valueName\":\"search_term_string\"}}],\"inLanguage\":\"fr-FR\"},{\"@type\":\"Organization\",\"@id\":\"https:\\\/\\\/www.orthomanufacture.com\\\/2024\\\/#organization\",\"name\":\"2024\",\"url\":\"https:\\\/\\\/www.orthomanufacture.com\\\/2024\\\/\",\"logo\":{\"@type\":\"ImageObject\",\"inLanguage\":\"fr-FR\",\"@id\":\"https:\\\/\\\/www.orthomanufacture.com\\\/2024\\\/#\\\/schema\\\/logo\\\/image\\\/\",\"url\":\"https:\\\/\\\/www.orthomanufacture.com\\\/2024\\\/wp-content\\\/uploads\\\/sites\\\/13\\\/2023\\\/11\\\/logo-orthomanufacture.svg\",\"contentUrl\":\"https:\\\/\\\/www.orthomanufacture.com\\\/2024\\\/wp-content\\\/uploads\\\/sites\\\/13\\\/2023\\\/11\\\/logo-orthomanufacture.svg\",\"caption\":\"2024\"},\"image\":{\"@id\":\"https:\\\/\\\/www.orthomanufacture.com\\\/2024\\\/#\\\/schema\\\/logo\\\/image\\\/\"}}]}<\/script>\n<!-- \/ Yoast SEO plugin. -->","yoast_head_json":{"title":"Conferences program - 2024","robots":{"index":"index","follow":"follow","max-snippet":"max-snippet:-1","max-image-preview":"max-image-preview:large","max-video-preview":"max-video-preview:-1"},"canonical":"https:\/\/www.orthomanufacture.com\/2024\/en\/eng-conferences\/","og_locale":"fr_FR","og_type":"article","og_title":"Conferences program - 2024","og_description":"Like every year, ORTHOMANUFACTURE offers you high-level scientific and technical conferences held by independent speakers. These presentations will help you to make your choices among therapeutic advances and real technical possibilities with their limits and regulatory obligations. They will also provide you with additional knowledge and recent information on technologies related to the production of [&hellip;]","og_url":"https:\/\/www.orthomanufacture.com\/2024\/en\/eng-conferences\/","og_site_name":"2024","article_modified_time":"2024-07-10T09:03:32+00:00","og_image":[{"width":963,"height":1200,"url":"https:\/\/www.orthomanufacture.com\/2024\/wp-content\/uploads\/sites\/13\/2024\/07\/240515-1-CONFERENCE-PROGRAM-Orthomanufacture-2024.png","type":"image\/png"}],"twitter_card":"summary_large_image","twitter_misc":{"Dur\u00e9e de lecture estim\u00e9e":"2 minutes"},"schema":{"@context":"https:\/\/schema.org","@graph":[{"@type":"WebPage","@id":"https:\/\/www.orthomanufacture.com\/2024\/en\/eng-conferences\/","url":"https:\/\/www.orthomanufacture.com\/2024\/en\/eng-conferences\/","name":"Conferences program - 2024","isPartOf":{"@id":"https:\/\/www.orthomanufacture.com\/2024\/#website"},"primaryImageOfPage":{"@id":"https:\/\/www.orthomanufacture.com\/2024\/en\/eng-conferences\/#primaryimage"},"image":{"@id":"https:\/\/www.orthomanufacture.com\/2024\/en\/eng-conferences\/#primaryimage"},"thumbnailUrl":"https:\/\/www.orthomanufacture.com\/2024\/wp-content\/uploads\/sites\/13\/2024\/07\/240515-1-CONFERENCE-PROGRAM-Orthomanufacture-2024.png","datePublished":"2019-05-27T12:33:16+00:00","dateModified":"2024-07-10T09:03:32+00:00","breadcrumb":{"@id":"https:\/\/www.orthomanufacture.com\/2024\/en\/eng-conferences\/#breadcrumb"},"inLanguage":"fr-FR","potentialAction":[{"@type":"ReadAction","target":["https:\/\/www.orthomanufacture.com\/2024\/en\/eng-conferences\/"]}]},{"@type":"ImageObject","inLanguage":"fr-FR","@id":"https:\/\/www.orthomanufacture.com\/2024\/en\/eng-conferences\/#primaryimage","url":"https:\/\/www.orthomanufacture.com\/2024\/wp-content\/uploads\/sites\/13\/2024\/07\/240515-1-CONFERENCE-PROGRAM-Orthomanufacture-2024.png","contentUrl":"https:\/\/www.orthomanufacture.com\/2024\/wp-content\/uploads\/sites\/13\/2024\/07\/240515-1-CONFERENCE-PROGRAM-Orthomanufacture-2024.png","width":963,"height":1200},{"@type":"BreadcrumbList","@id":"https:\/\/www.orthomanufacture.com\/2024\/en\/eng-conferences\/#breadcrumb","itemListElement":[{"@type":"ListItem","position":1,"name":"Accueil","item":"https:\/\/www.orthomanufacture.com\/2024\/fr\/"},{"@type":"ListItem","position":2,"name":"Conferences program"}]},{"@type":"WebSite","@id":"https:\/\/www.orthomanufacture.com\/2024\/#website","url":"https:\/\/www.orthomanufacture.com\/2024\/","name":"2024","description":"SALON D\u00c9DI\u00c9 AUX INDUSTRIES DE LA FILI\u00c8RE DES IMPLANTS ET INSTRUMENTS EN ORTHOP\u00c9DIE, TRAUMATOLOGIE, RACHIS, DENTAIRE","publisher":{"@id":"https:\/\/www.orthomanufacture.com\/2024\/#organization"},"potentialAction":[{"@type":"SearchAction","target":{"@type":"EntryPoint","urlTemplate":"https:\/\/www.orthomanufacture.com\/2024\/?s={search_term_string}"},"query-input":{"@type":"PropertyValueSpecification","valueRequired":true,"valueName":"search_term_string"}}],"inLanguage":"fr-FR"},{"@type":"Organization","@id":"https:\/\/www.orthomanufacture.com\/2024\/#organization","name":"2024","url":"https:\/\/www.orthomanufacture.com\/2024\/","logo":{"@type":"ImageObject","inLanguage":"fr-FR","@id":"https:\/\/www.orthomanufacture.com\/2024\/#\/schema\/logo\/image\/","url":"https:\/\/www.orthomanufacture.com\/2024\/wp-content\/uploads\/sites\/13\/2023\/11\/logo-orthomanufacture.svg","contentUrl":"https:\/\/www.orthomanufacture.com\/2024\/wp-content\/uploads\/sites\/13\/2023\/11\/logo-orthomanufacture.svg","caption":"2024"},"image":{"@id":"https:\/\/www.orthomanufacture.com\/2024\/#\/schema\/logo\/image\/"}}]}},"coauthors":[],"author_meta":{"author_link":"https:\/\/www.orthomanufacture.com\/2024\/author\/ortho_imanufacture\/","display_name":"Les Imageurs"},"relative_dates":{"created":"Publi\u00e9 7 ans il y a","modified":"Mis \u00e0 jour 2 ans il y a"},"absolute_dates":{"created":"Publi\u00e9 le 27 mai 2019","modified":"Mise \u00e0 jour le 10 juillet 2024"},"absolute_dates_time":{"created":"Publi\u00e9 le 27 mai 2019 14 h 33 min","modified":"Mise \u00e0 jour le 10 juillet 2024 11 h 03 min"},"featured_img_caption":"","featured_img":false,"series_order":"","_links":{"self":[{"href":"https:\/\/www.orthomanufacture.com\/2024\/wp-json\/wp\/v2\/pages\/2864","targetHints":{"allow":["GET"]}}],"collection":[{"href":"https:\/\/www.orthomanufacture.com\/2024\/wp-json\/wp\/v2\/pages"}],"about":[{"href":"https:\/\/www.orthomanufacture.com\/2024\/wp-json\/wp\/v2\/types\/page"}],"author":[{"embeddable":true,"href":"https:\/\/www.orthomanufacture.com\/2024\/wp-json\/wp\/v2\/users\/1"}],"replies":[{"embeddable":true,"href":"https:\/\/www.orthomanufacture.com\/2024\/wp-json\/wp\/v2\/comments?post=2864"}],"version-history":[{"count":0,"href":"https:\/\/www.orthomanufacture.com\/2024\/wp-json\/wp\/v2\/pages\/2864\/revisions"}],"wp:attachment":[{"href":"https:\/\/www.orthomanufacture.com\/2024\/wp-json\/wp\/v2\/media?parent=2864"}],"curies":[{"name":"wp","href":"https:\/\/api.w.org\/{rel}","templated":true}]}}