{"id":2860,"date":"2019-05-27T14:32:28","date_gmt":"2019-05-27T12:32:28","guid":{"rendered":"https:\/\/www.orthomanufacture.com\/2024\/?page_id=2860"},"modified":"2024-07-10T11:02:51","modified_gmt":"2024-07-10T09:02:51","slug":"conferences","status":"publish","type":"page","link":"https:\/\/www.orthomanufacture.com\/2024\/fr\/conferences\/","title":{"rendered":"Programme des conf\u00e9rences 2024"},"content":{"rendered":"\n<div style=\"height:30px\" aria-hidden=\"true\" class=\"wp-block-spacer\"><\/div>\n\n\n\n<p class=\"has-text-align-left\">Comme chaque ann\u00e9e, ORTHOMANUFACTURE vous r\u00e9serve des <strong>conf\u00e9rences de haut niveau scientifique et technique<\/strong> tenues par <strong>des intervenants ind\u00e9pendants<\/strong>. Ces pr\u00e9sentations vous&nbsp;aideront \u00e0 faire vos choix parmi les avanc\u00e9es th\u00e9rapeutiques et les possibilit\u00e9s techniques r\u00e9elles avec leurs limites et leurs obligations r\u00e9glementaires. Elles vous apporteront \u00e9galement des connaissances suppl\u00e9mentaires et des informations r\u00e9centes sur les technologies li\u00e9es \u00e0 la production des implants et instruments. <\/p>\n\n\n\n<div style=\"height:30px\" aria-hidden=\"true\" class=\"wp-block-spacer\"><\/div>\n\n\n\n<div class=\"wp-block-buttons is-content-justification-center is-layout-flex wp-container-core-buttons-is-layout-16018d1d wp-block-buttons-is-layout-flex\">\n<div class=\"wp-block-button is-style-fill\"><a class=\"wp-block-button__link has-text-align-center wp-element-button\" href=\"https:\/\/www.orthomanufacture.com\/2024\/wp-content\/uploads\/sites\/13\/2024\/07\/240515-1-CONFERENCE-PROGRAM-Orthomanufacture-2024.pdf\" target=\"_blank\" rel=\"noreferrer noopener\">TELECHARGER LE PROGRAMME 2024<\/a><\/div>\n<\/div>\n\n\n\n<div style=\"height:30px\" aria-hidden=\"true\" class=\"wp-block-spacer\"><\/div>\n\n\n\n<p><\/p>\n\n\n<div class=\"wp-block-image\">\n<figure class=\"aligncenter size-full\"><img loading=\"lazy\" decoding=\"async\" width=\"963\" height=\"1200\" src=\"https:\/\/www.orthomanufacture.com\/2024\/wp-content\/uploads\/sites\/13\/2024\/07\/240515-1-CONFERENCE-PROGRAM-Orthomanufacture-2024.png\" alt=\"\" class=\"wp-image-7982\" srcset=\"https:\/\/www.orthomanufacture.com\/2024\/wp-content\/uploads\/sites\/13\/2024\/07\/240515-1-CONFERENCE-PROGRAM-Orthomanufacture-2024.png 963w, https:\/\/www.orthomanufacture.com\/2024\/wp-content\/uploads\/sites\/13\/2024\/07\/240515-1-CONFERENCE-PROGRAM-Orthomanufacture-2024-241x300.png 241w, https:\/\/www.orthomanufacture.com\/2024\/wp-content\/uploads\/sites\/13\/2024\/07\/240515-1-CONFERENCE-PROGRAM-Orthomanufacture-2024-822x1024.png 822w, https:\/\/www.orthomanufacture.com\/2024\/wp-content\/uploads\/sites\/13\/2024\/07\/240515-1-CONFERENCE-PROGRAM-Orthomanufacture-2024-768x957.png 768w, https:\/\/www.orthomanufacture.com\/2024\/wp-content\/uploads\/sites\/13\/2024\/07\/240515-1-CONFERENCE-PROGRAM-Orthomanufacture-2024-600x748.png 600w\" sizes=\"auto, (max-width: 963px) 100vw, 963px\" \/><\/figure>\n<\/div>\n\n\n<div style=\"height:30px\" aria-hidden=\"true\" class=\"wp-block-spacer\"><\/div>\n\n\n\n<h2 class=\"wp-block-heading\">Notre comit\u00e9 scientifique<\/h2>\n\n\n\n<div style=\"height:20px\" aria-hidden=\"true\" class=\"wp-block-spacer\"><\/div>\n\n\n\n<div class=\"wp-block-columns comite-scientifique is-layout-flex wp-container-core-columns-is-layout-9d6595d7 wp-block-columns-is-layout-flex\">\n<div class=\"wp-block-column is-layout-flow wp-block-column-is-layout-flow\">\n<div class=\"wp-block-group\"><div class=\"wp-block-group__inner-container is-layout-constrained wp-block-group-is-layout-constrained\">\n<p class=\"has-text-align-center has-bleu-color has-text-color has-medium-font-size\"><strong><strong><strong>Bertrand BOYER<\/strong><\/strong><\/strong><\/p>\n\n\n\n<p class=\"has-text-align-center\">MD, PhD, HDR<br>Centre de R\u00e9f\u00e9rence des Infections Ost\u00e9o-Articulaires complexes <br>CHU de Saint Etienne<br>Membre de l\u2019INSERM\/SAINBIOSE U1059<br>Repr\u00e9sentant de la France \u00e0 l\u2019European Hip Society<\/p>\n<\/div><\/div>\n<\/div>\n\n\n\n<div class=\"wp-block-column is-layout-flow wp-block-column-is-layout-flow\">\n<div class=\"wp-block-group\"><div class=\"wp-block-group__inner-container is-layout-constrained wp-block-group-is-layout-constrained\">\n<p class=\"has-text-align-center has-bleu-color has-text-color has-medium-font-size\"><strong>Fr\u00e9d\u00e9ric FARIZON<\/strong><\/p>\n\n\n\n<p class=\"has-text-align-center\">Professeur \/ Chef de Service<br>Chirurgie Orthop\u00e9dique et Traumatologique<br>&nbsp;CHU de Saint Etienne<br>Membre de l\u2019INSERM\/SAINBIOSE U1059<\/p>\n<\/div><\/div>\n<\/div>\n<\/div>\n\n\n\n<div class=\"wp-block-columns comite-scientifique is-layout-flex wp-container-core-columns-is-layout-9d6595d7 wp-block-columns-is-layout-flex\">\n<div class=\"wp-block-column is-layout-flow wp-block-column-is-layout-flow\">\n<div class=\"wp-block-group\"><div class=\"wp-block-group__inner-container is-layout-constrained wp-block-group-is-layout-constrained\">\n<p class=\"has-text-align-center has-bleu-color has-text-color has-medium-font-size\"><strong><strong>Jean GERINGER<\/strong><\/strong><\/p>\n\n\n\n<p class=\"has-text-align-center\">Professeur<br>Mines Saint-Etienne<br>INSERM U1059<\/p>\n<\/div><\/div>\n<\/div>\n\n\n\n<div class=\"wp-block-column is-layout-flow wp-block-column-is-layout-flow\">\n<div class=\"wp-block-group\"><div class=\"wp-block-group__inner-container is-layout-constrained wp-block-group-is-layout-constrained\">\n<p class=\"has-text-align-center has-bleu-color has-text-color has-medium-font-size\"><strong><strong>Sylvain HUGON<\/strong><\/strong><\/p>\n\n\n\n<p class=\"has-text-align-center\">Pr Associ\u00e9 HES-SO<br>Ing\u00e9nieur SIGMA \/ IFMA<br>MSc technologie m\u00e9canique Universit\u00e9 Grenoble 1<br>MSc administration des entreprises IAE Paris<br>Vice-pr\u00e9sident SAMG Swissengineering AM Group<br>Responsable AddiPole Advanced Manufacting groupe HEIG-VD<\/p>\n<\/div><\/div>\n<\/div>\n<\/div>\n\n\n\n<div class=\"wp-block-columns comite-scientifique is-layout-flex wp-container-core-columns-is-layout-9d6595d7 wp-block-columns-is-layout-flex\">\n<div class=\"wp-block-column is-layout-flow wp-block-column-is-layout-flow\">\n<div class=\"wp-block-group\"><div class=\"wp-block-group__inner-container is-layout-constrained wp-block-group-is-layout-constrained\">\n<p class=\"has-text-align-center has-bleu-color has-text-color has-medium-font-size\"><strong><strong><strong>Alexei LOZINSKI<\/strong><\/strong><\/strong><\/p>\n\n\n\n<p class=\"has-text-align-center\">LBM Universit\u00e9 de Franche-Comt\u00e9<\/p>\n<\/div><\/div>\n<\/div>\n\n\n\n<div class=\"wp-block-column is-layout-flow wp-block-column-is-layout-flow\">\n<div class=\"wp-block-group\"><div class=\"wp-block-group__inner-container is-layout-constrained wp-block-group-is-layout-constrained\">\n<p class=\"has-text-align-center has-bleu-color has-text-color has-medium-font-size\"><strong><strong><strong>J\u00e9r\u00f4me POUSIN<\/strong><\/strong><\/strong><\/p>\n\n\n\n<p class=\"has-text-align-center\">Professeur \/ Docteur<br>Professeur \u00e9m\u00e9rite \u00e0 l&rsquo;Institut Camille Jordan<br>INSA de Lyon<\/p>\n<\/div><\/div>\n<\/div>\n<\/div>\n\n\n\n<div style=\"height:30px\" aria-hidden=\"true\" class=\"wp-block-spacer\"><\/div>\n\n\n\n<p>Bien s\u00fbr nous connaissons les contraintes professionnelles de tout un chacun et c&rsquo;est pourquoi nous proposons cette ann\u00e9e la possibilit\u00e9 de vous inscrire \u00e9galement en distanciel si vous ne pouvez pas vous d\u00e9placer. Une retransmission vid\u00e9o, en direct, sera assur\u00e9e et gr\u00e2ce \u00e0 un lien qui vous sera adress\u00e9 vous pourrez suivre les conf\u00e9rences et \u00ab\u00a0chater\u00a0\u00bb avec les intervenants.<\/p>\n\n\n\n<div style=\"height:20px\" aria-hidden=\"true\" class=\"wp-block-spacer\"><\/div>\n\n\n\n<div class=\"wp-block-stackable-columns stk-block-columns stk-block stk-d432561\" data-block-id=\"d432561\"><div class=\"stk-row stk-inner-blocks stk-block-content stk-content-align stk-d432561-column\">\n<div class=\"wp-block-stackable-column stk-block-column stk-column stk-block stk-e42829b\" data-v=\"4\" data-block-id=\"e42829b\"><div class=\"stk-column-wrapper stk-block-column__content stk-container stk-e42829b-container stk--no-background stk--no-padding\"><div class=\"stk-block-content stk-inner-blocks stk-e42829b-inner-blocks\">\n<div class=\"wp-block-buttons is-horizontal is-content-justification-center is-layout-flex wp-container-core-buttons-is-layout-499968f5 wp-block-buttons-is-layout-flex\">\n<div class=\"wp-block-button\"><a class=\"wp-block-button__link has-black-color has-vivid-cyan-blue-background-color has-text-color has-background wp-element-button\" href=\"https:\/\/www.orthomanufacture.com\/fr\/inscription\/\"><strong>S&rsquo;inscrire<\/strong><\/a><\/div>\n<\/div>\n<\/div><\/div><\/div>\n<\/div><\/div>\n\n\n\n<p><\/p>\n<style class=\"advgb-styles-renderer\">.stk-d432561{margin-bottom:23px !important}<\/style>","protected":false},"excerpt":{"rendered":"<p>Comme chaque ann\u00e9e, ORTHOMANUFACTURE vous r\u00e9serve des conf\u00e9rences de haut niveau scientifique et technique tenues par des intervenants ind\u00e9pendants. Ces pr\u00e9sentations vous&nbsp;aideront \u00e0 faire vos choix parmi les avanc\u00e9es th\u00e9rapeutiques et les possibilit\u00e9s techniques r\u00e9elles avec leurs limites et leurs obligations r\u00e9glementaires. Elles vous apporteront \u00e9galement des connaissances suppl\u00e9mentaires et des informations r\u00e9centes sur les [&hellip;]<\/p>\n","protected":false},"author":1,"featured_media":0,"parent":0,"menu_order":16,"comment_status":"closed","ping_status":"closed","template":"","meta":{"advgb_blocks_editor_width":"","advgb_blocks_columns_visual_guide":"","footnotes":""},"class_list":["post-2860","page","type-page","status-publish","hentry"],"featured_image_urls_v2":{"full":"","thumbnail":"","medium":"","medium_large":"","large":"","1536x1536":"","2048x2048":"","woocommerce_thumbnail":"","woocommerce_single":"","woocommerce_gallery_thumbnail":""},"post_excerpt_stackable_v2":"<p>Comme chaque ann\u00e9e, ORTHOMANUFACTURE vous r\u00e9serve des conf\u00e9rences de haut niveau scientifique et technique tenues par des intervenants ind\u00e9pendants. Ces pr\u00e9sentations vous&nbsp;aideront \u00e0 faire vos choix parmi les avanc\u00e9es th\u00e9rapeutiques et les possibilit\u00e9s techniques r\u00e9elles avec leurs limites et leurs obligations r\u00e9glementaires. Elles vous apporteront \u00e9galement des connaissances suppl\u00e9mentaires et des informations r\u00e9centes sur les technologies li\u00e9es \u00e0 la production des implants et instruments. TELECHARGER LE PROGRAMME 2024 Notre comit\u00e9 scientifique Bertrand BOYER MD, PhD, HDRCentre de R\u00e9f\u00e9rence des Infections Ost\u00e9o-Articulaires complexes CHU de Saint EtienneMembre de l\u2019INSERM\/SAINBIOSE U1059Repr\u00e9sentant de la France \u00e0 l\u2019European Hip Society Fr\u00e9d\u00e9ric FARIZON Professeur \/\u2026<\/p>\n","category_list_v2":"","author_info_v2":{"name":"Les Imageurs","url":"https:\/\/www.orthomanufacture.com\/2024\/author\/ortho_imanufacture\/"},"comments_num_v2":"0 commentaire","acf":[],"yoast_head":"<!-- This site is optimized with the Yoast SEO plugin v27.4 - https:\/\/yoast.com\/product\/yoast-seo-wordpress\/ -->\n<title>Programme des conf\u00e9rences 2024 - ORTHOMANUFACTURE 2024<\/title>\n<meta name=\"description\" content=\"Des conf\u00e9rences de haut niveau scientifique, technique, et en anglais, tenues par des intervenants ind\u00e9pendants\" \/>\n<meta name=\"robots\" content=\"index, follow, max-snippet:-1, max-image-preview:large, max-video-preview:-1\" \/>\n<link rel=\"canonical\" href=\"https:\/\/www.orthomanufacture.com\/2024\/fr\/conferences\/\" \/>\n<meta property=\"og:locale\" content=\"fr_FR\" \/>\n<meta property=\"og:type\" content=\"article\" \/>\n<meta property=\"og:title\" content=\"Programme des conf\u00e9rences 2024 - ORTHOMANUFACTURE 2024\" \/>\n<meta property=\"og:description\" content=\"Des conf\u00e9rences de haut niveau scientifique, technique, et en anglais, tenues par des intervenants ind\u00e9pendants\" \/>\n<meta property=\"og:url\" content=\"https:\/\/www.orthomanufacture.com\/2024\/fr\/conferences\/\" \/>\n<meta property=\"og:site_name\" content=\"2024\" \/>\n<meta property=\"article:modified_time\" content=\"2024-07-10T09:02:51+00:00\" \/>\n<meta property=\"og:image\" content=\"https:\/\/www.orthomanufacture.com\/2024\/wp-content\/uploads\/sites\/13\/2024\/07\/240515-1-CONFERENCE-PROGRAM-Orthomanufacture-2024.png\" \/>\n\t<meta property=\"og:image:width\" content=\"963\" \/>\n\t<meta property=\"og:image:height\" content=\"1200\" \/>\n\t<meta property=\"og:image:type\" content=\"image\/png\" \/>\n<meta name=\"twitter:card\" content=\"summary_large_image\" \/>\n<meta name=\"twitter:label1\" content=\"Dur\u00e9e de lecture estim\u00e9e\" \/>\n\t<meta name=\"twitter:data1\" content=\"2 minutes\" \/>\n<script type=\"application\/ld+json\" class=\"yoast-schema-graph\">{\"@context\":\"https:\\\/\\\/schema.org\",\"@graph\":[{\"@type\":\"WebPage\",\"@id\":\"https:\\\/\\\/www.orthomanufacture.com\\\/2024\\\/fr\\\/conferences\\\/\",\"url\":\"https:\\\/\\\/www.orthomanufacture.com\\\/2024\\\/fr\\\/conferences\\\/\",\"name\":\"Programme des conf\u00e9rences 2024 - ORTHOMANUFACTURE 2024\",\"isPartOf\":{\"@id\":\"https:\\\/\\\/www.orthomanufacture.com\\\/2024\\\/#website\"},\"primaryImageOfPage\":{\"@id\":\"https:\\\/\\\/www.orthomanufacture.com\\\/2024\\\/fr\\\/conferences\\\/#primaryimage\"},\"image\":{\"@id\":\"https:\\\/\\\/www.orthomanufacture.com\\\/2024\\\/fr\\\/conferences\\\/#primaryimage\"},\"thumbnailUrl\":\"https:\\\/\\\/www.orthomanufacture.com\\\/2024\\\/wp-content\\\/uploads\\\/sites\\\/13\\\/2024\\\/07\\\/240515-1-CONFERENCE-PROGRAM-Orthomanufacture-2024.png\",\"datePublished\":\"2019-05-27T12:32:28+00:00\",\"dateModified\":\"2024-07-10T09:02:51+00:00\",\"description\":\"Des conf\u00e9rences de haut niveau scientifique, technique, et en anglais, tenues par des intervenants ind\u00e9pendants\",\"breadcrumb\":{\"@id\":\"https:\\\/\\\/www.orthomanufacture.com\\\/2024\\\/fr\\\/conferences\\\/#breadcrumb\"},\"inLanguage\":\"fr-FR\",\"potentialAction\":[{\"@type\":\"ReadAction\",\"target\":[\"https:\\\/\\\/www.orthomanufacture.com\\\/2024\\\/fr\\\/conferences\\\/\"]}]},{\"@type\":\"ImageObject\",\"inLanguage\":\"fr-FR\",\"@id\":\"https:\\\/\\\/www.orthomanufacture.com\\\/2024\\\/fr\\\/conferences\\\/#primaryimage\",\"url\":\"https:\\\/\\\/www.orthomanufacture.com\\\/2024\\\/wp-content\\\/uploads\\\/sites\\\/13\\\/2024\\\/07\\\/240515-1-CONFERENCE-PROGRAM-Orthomanufacture-2024.png\",\"contentUrl\":\"https:\\\/\\\/www.orthomanufacture.com\\\/2024\\\/wp-content\\\/uploads\\\/sites\\\/13\\\/2024\\\/07\\\/240515-1-CONFERENCE-PROGRAM-Orthomanufacture-2024.png\",\"width\":963,\"height\":1200},{\"@type\":\"BreadcrumbList\",\"@id\":\"https:\\\/\\\/www.orthomanufacture.com\\\/2024\\\/fr\\\/conferences\\\/#breadcrumb\",\"itemListElement\":[{\"@type\":\"ListItem\",\"position\":1,\"name\":\"Accueil\",\"item\":\"https:\\\/\\\/www.orthomanufacture.com\\\/2024\\\/fr\\\/\"},{\"@type\":\"ListItem\",\"position\":2,\"name\":\"Programme des conf\u00e9rences 2024\"}]},{\"@type\":\"WebSite\",\"@id\":\"https:\\\/\\\/www.orthomanufacture.com\\\/2024\\\/#website\",\"url\":\"https:\\\/\\\/www.orthomanufacture.com\\\/2024\\\/\",\"name\":\"2024\",\"description\":\"SALON D\u00c9DI\u00c9 AUX INDUSTRIES DE LA FILI\u00c8RE DES IMPLANTS ET INSTRUMENTS EN ORTHOP\u00c9DIE, TRAUMATOLOGIE, RACHIS, DENTAIRE\",\"publisher\":{\"@id\":\"https:\\\/\\\/www.orthomanufacture.com\\\/2024\\\/#organization\"},\"potentialAction\":[{\"@type\":\"SearchAction\",\"target\":{\"@type\":\"EntryPoint\",\"urlTemplate\":\"https:\\\/\\\/www.orthomanufacture.com\\\/2024\\\/?s={search_term_string}\"},\"query-input\":{\"@type\":\"PropertyValueSpecification\",\"valueRequired\":true,\"valueName\":\"search_term_string\"}}],\"inLanguage\":\"fr-FR\"},{\"@type\":\"Organization\",\"@id\":\"https:\\\/\\\/www.orthomanufacture.com\\\/2024\\\/#organization\",\"name\":\"2024\",\"url\":\"https:\\\/\\\/www.orthomanufacture.com\\\/2024\\\/\",\"logo\":{\"@type\":\"ImageObject\",\"inLanguage\":\"fr-FR\",\"@id\":\"https:\\\/\\\/www.orthomanufacture.com\\\/2024\\\/#\\\/schema\\\/logo\\\/image\\\/\",\"url\":\"https:\\\/\\\/www.orthomanufacture.com\\\/2024\\\/wp-content\\\/uploads\\\/sites\\\/13\\\/2023\\\/11\\\/logo-orthomanufacture.svg\",\"contentUrl\":\"https:\\\/\\\/www.orthomanufacture.com\\\/2024\\\/wp-content\\\/uploads\\\/sites\\\/13\\\/2023\\\/11\\\/logo-orthomanufacture.svg\",\"caption\":\"2024\"},\"image\":{\"@id\":\"https:\\\/\\\/www.orthomanufacture.com\\\/2024\\\/#\\\/schema\\\/logo\\\/image\\\/\"}}]}<\/script>\n<!-- \/ Yoast SEO plugin. -->","yoast_head_json":{"title":"Programme des conf\u00e9rences 2024 - ORTHOMANUFACTURE 2024","description":"Des conf\u00e9rences de haut niveau scientifique, technique, et en anglais, tenues par des intervenants ind\u00e9pendants","robots":{"index":"index","follow":"follow","max-snippet":"max-snippet:-1","max-image-preview":"max-image-preview:large","max-video-preview":"max-video-preview:-1"},"canonical":"https:\/\/www.orthomanufacture.com\/2024\/fr\/conferences\/","og_locale":"fr_FR","og_type":"article","og_title":"Programme des conf\u00e9rences 2024 - ORTHOMANUFACTURE 2024","og_description":"Des conf\u00e9rences de haut niveau scientifique, technique, et en anglais, tenues par des intervenants ind\u00e9pendants","og_url":"https:\/\/www.orthomanufacture.com\/2024\/fr\/conferences\/","og_site_name":"2024","article_modified_time":"2024-07-10T09:02:51+00:00","og_image":[{"width":963,"height":1200,"url":"https:\/\/www.orthomanufacture.com\/2024\/wp-content\/uploads\/sites\/13\/2024\/07\/240515-1-CONFERENCE-PROGRAM-Orthomanufacture-2024.png","type":"image\/png"}],"twitter_card":"summary_large_image","twitter_misc":{"Dur\u00e9e de lecture estim\u00e9e":"2 minutes"},"schema":{"@context":"https:\/\/schema.org","@graph":[{"@type":"WebPage","@id":"https:\/\/www.orthomanufacture.com\/2024\/fr\/conferences\/","url":"https:\/\/www.orthomanufacture.com\/2024\/fr\/conferences\/","name":"Programme des conf\u00e9rences 2024 - ORTHOMANUFACTURE 2024","isPartOf":{"@id":"https:\/\/www.orthomanufacture.com\/2024\/#website"},"primaryImageOfPage":{"@id":"https:\/\/www.orthomanufacture.com\/2024\/fr\/conferences\/#primaryimage"},"image":{"@id":"https:\/\/www.orthomanufacture.com\/2024\/fr\/conferences\/#primaryimage"},"thumbnailUrl":"https:\/\/www.orthomanufacture.com\/2024\/wp-content\/uploads\/sites\/13\/2024\/07\/240515-1-CONFERENCE-PROGRAM-Orthomanufacture-2024.png","datePublished":"2019-05-27T12:32:28+00:00","dateModified":"2024-07-10T09:02:51+00:00","description":"Des conf\u00e9rences de haut niveau scientifique, technique, et en anglais, tenues par des intervenants ind\u00e9pendants","breadcrumb":{"@id":"https:\/\/www.orthomanufacture.com\/2024\/fr\/conferences\/#breadcrumb"},"inLanguage":"fr-FR","potentialAction":[{"@type":"ReadAction","target":["https:\/\/www.orthomanufacture.com\/2024\/fr\/conferences\/"]}]},{"@type":"ImageObject","inLanguage":"fr-FR","@id":"https:\/\/www.orthomanufacture.com\/2024\/fr\/conferences\/#primaryimage","url":"https:\/\/www.orthomanufacture.com\/2024\/wp-content\/uploads\/sites\/13\/2024\/07\/240515-1-CONFERENCE-PROGRAM-Orthomanufacture-2024.png","contentUrl":"https:\/\/www.orthomanufacture.com\/2024\/wp-content\/uploads\/sites\/13\/2024\/07\/240515-1-CONFERENCE-PROGRAM-Orthomanufacture-2024.png","width":963,"height":1200},{"@type":"BreadcrumbList","@id":"https:\/\/www.orthomanufacture.com\/2024\/fr\/conferences\/#breadcrumb","itemListElement":[{"@type":"ListItem","position":1,"name":"Accueil","item":"https:\/\/www.orthomanufacture.com\/2024\/fr\/"},{"@type":"ListItem","position":2,"name":"Programme des conf\u00e9rences 2024"}]},{"@type":"WebSite","@id":"https:\/\/www.orthomanufacture.com\/2024\/#website","url":"https:\/\/www.orthomanufacture.com\/2024\/","name":"2024","description":"SALON D\u00c9DI\u00c9 AUX INDUSTRIES DE LA FILI\u00c8RE DES IMPLANTS ET INSTRUMENTS EN ORTHOP\u00c9DIE, TRAUMATOLOGIE, RACHIS, DENTAIRE","publisher":{"@id":"https:\/\/www.orthomanufacture.com\/2024\/#organization"},"potentialAction":[{"@type":"SearchAction","target":{"@type":"EntryPoint","urlTemplate":"https:\/\/www.orthomanufacture.com\/2024\/?s={search_term_string}"},"query-input":{"@type":"PropertyValueSpecification","valueRequired":true,"valueName":"search_term_string"}}],"inLanguage":"fr-FR"},{"@type":"Organization","@id":"https:\/\/www.orthomanufacture.com\/2024\/#organization","name":"2024","url":"https:\/\/www.orthomanufacture.com\/2024\/","logo":{"@type":"ImageObject","inLanguage":"fr-FR","@id":"https:\/\/www.orthomanufacture.com\/2024\/#\/schema\/logo\/image\/","url":"https:\/\/www.orthomanufacture.com\/2024\/wp-content\/uploads\/sites\/13\/2023\/11\/logo-orthomanufacture.svg","contentUrl":"https:\/\/www.orthomanufacture.com\/2024\/wp-content\/uploads\/sites\/13\/2023\/11\/logo-orthomanufacture.svg","caption":"2024"},"image":{"@id":"https:\/\/www.orthomanufacture.com\/2024\/#\/schema\/logo\/image\/"}}]}},"coauthors":[],"author_meta":{"author_link":"https:\/\/www.orthomanufacture.com\/2024\/author\/ortho_imanufacture\/","display_name":"Les Imageurs"},"relative_dates":{"created":"Publi\u00e9 7 ans il y a","modified":"Mis \u00e0 jour 2 ans il y a"},"absolute_dates":{"created":"Publi\u00e9 le 27 mai 2019","modified":"Mise \u00e0 jour le 10 juillet 2024"},"absolute_dates_time":{"created":"Publi\u00e9 le 27 mai 2019 14 h 32 min","modified":"Mise \u00e0 jour le 10 juillet 2024 11 h 02 min"},"featured_img_caption":"","featured_img":false,"series_order":"","_links":{"self":[{"href":"https:\/\/www.orthomanufacture.com\/2024\/wp-json\/wp\/v2\/pages\/2860","targetHints":{"allow":["GET"]}}],"collection":[{"href":"https:\/\/www.orthomanufacture.com\/2024\/wp-json\/wp\/v2\/pages"}],"about":[{"href":"https:\/\/www.orthomanufacture.com\/2024\/wp-json\/wp\/v2\/types\/page"}],"author":[{"embeddable":true,"href":"https:\/\/www.orthomanufacture.com\/2024\/wp-json\/wp\/v2\/users\/1"}],"replies":[{"embeddable":true,"href":"https:\/\/www.orthomanufacture.com\/2024\/wp-json\/wp\/v2\/comments?post=2860"}],"version-history":[{"count":0,"href":"https:\/\/www.orthomanufacture.com\/2024\/wp-json\/wp\/v2\/pages\/2860\/revisions"}],"wp:attachment":[{"href":"https:\/\/www.orthomanufacture.com\/2024\/wp-json\/wp\/v2\/media?parent=2860"}],"curies":[{"name":"wp","href":"https:\/\/api.w.org\/{rel}","templated":true}]}}