{"id":2847,"date":"2019-05-27T14:27:31","date_gmt":"2019-05-27T12:27:31","guid":{"rendered":"https:\/\/www.orthomanufacture.com\/2024\/?page_id=2847"},"modified":"2024-08-29T08:59:02","modified_gmt":"2024-08-29T06:59:02","slug":"our-exhibitors","status":"publish","type":"page","link":"https:\/\/www.orthomanufacture.com\/2024\/en\/exhibitors\/our-exhibitors\/","title":{"rendered":"Become an exhibitor in 2024"},"content":{"rendered":"\n<div style=\"height:30px\" aria-hidden=\"true\" class=\"wp-block-spacer\"><\/div>\n\n\n\n<h2 class=\"wp-block-heading has-text-align-center has-bleu-color has-text-color\">You want to exhibit at ORTHOMANUFACTURE 2024?<\/h2>\n\n\n\n<p class=\"has-text-align-center\">We offer different options according to your needs<\/p>\n\n\n\n<div style=\"height:30px\" aria-hidden=\"true\" class=\"wp-block-spacer\"><\/div>\n\n\n\n<div class=\"wp-block-columns gap__2em is-layout-flex wp-container-core-columns-is-layout-9d6595d7 wp-block-columns-is-layout-flex\">\n<div class=\"wp-block-column is-layout-flow wp-block-column-is-layout-flow\">\n<h3 class=\"wp-block-heading has-text-align-center\">Standard formula<\/h3>\n\n\n\n<div style=\"height:10px\" aria-hidden=\"true\" class=\"wp-block-spacer\"><\/div>\n\n\n\n<p class=\"has-text-align-center\">This formula includes an exhibition area of \u200b\u200bapproximately 5 to 6 m\u00b2, a table and two chairs, a 220 V electrical outlet and lighting. Buffet catering for 2 lunches, participation in the evening and access to the conference room are included for 2 people.<\/p>\n\n\n\n<div style=\"height:10px\" aria-hidden=\"true\" class=\"wp-block-spacer\"><\/div>\n\n\n\n<div class=\"wp-block-buttons is-horizontal is-content-justification-center is-layout-flex wp-container-core-buttons-is-layout-499968f5 wp-block-buttons-is-layout-flex\">\n<div class=\"wp-block-button\"><a class=\"wp-block-button__link has-black-color has-vivid-cyan-blue-background-color has-text-color has-background wp-element-button\" href=\"https:\/\/www.orthomanufacture.com\/2024\/wp-content\/uploads\/sites\/13\/2023\/11\/BOOKING-FORM-EXHIBITOR-2024.pdf\" target=\"_blank\" rel=\"noreferrer noopener\"><strong>I reserve a standard stand<\/strong><\/a><\/div>\n<\/div>\n<\/div>\n\n\n\n<div class=\"wp-block-column is-layout-flow wp-block-column-is-layout-flow\">\n<h3 class=\"wp-block-heading has-text-align-center\">\u201cMini-stand\u201d formula<\/h3>\n\n\n\n<div style=\"height:10px\" aria-hidden=\"true\" class=\"wp-block-spacer\"><\/div>\n\n\n\n<p class=\"has-text-align-center\">This formula includes a standing dining table + high chair with the possibility of putting a roll up. For 1 or 2 people depending on the chosen formula, including the 2 lunchtime buffets, access to the conference room and the friendly evening.<\/p>\n\n\n\n<div style=\"height:10px\" aria-hidden=\"true\" class=\"wp-block-spacer\"><\/div>\n\n\n\n<div class=\"wp-block-buttons is-horizontal is-content-justification-center is-layout-flex wp-container-core-buttons-is-layout-499968f5 wp-block-buttons-is-layout-flex\">\n<div class=\"wp-block-button\"><a class=\"wp-block-button__link has-black-color has-vivid-cyan-blue-background-color has-text-color has-background wp-element-button\" href=\"https:\/\/www.orthomanufacture.com\/2024\/wp-content\/uploads\/sites\/13\/2023\/11\/BOOKING-FORM-MINI-BOOTH-EXHIBITOR-2024.pdf\" target=\"_blank\" rel=\"noreferrer noopener\"><strong>I reserve a \u201cmini-stand\u201d<\/strong><\/a><\/div>\n<\/div>\n<\/div>\n<\/div>\n\n\n\n<div style=\"height:30px\" aria-hidden=\"true\" class=\"wp-block-spacer\"><\/div>\n\n\n\n<figure class=\"wp-block-gallery has-nested-images columns-3 is-cropped wp-block-gallery-1 is-layout-flex wp-block-gallery-is-layout-flex\">\n<figure class=\"wp-block-image size-large\"><img loading=\"lazy\" decoding=\"async\" width=\"1024\" height=\"683\" data-id=\"8071\" src=\"https:\/\/www.orthomanufacture.com\/2024\/wp-content\/uploads\/sites\/13\/2024\/08\/2024-05-OrthoManufacture_046-1024x683.jpg\" alt=\"\" class=\"wp-image-8071\" srcset=\"https:\/\/www.orthomanufacture.com\/2024\/wp-content\/uploads\/sites\/13\/2024\/08\/2024-05-OrthoManufacture_046-1024x683.jpg 1024w, https:\/\/www.orthomanufacture.com\/2024\/wp-content\/uploads\/sites\/13\/2024\/08\/2024-05-OrthoManufacture_046-300x200.jpg 300w, https:\/\/www.orthomanufacture.com\/2024\/wp-content\/uploads\/sites\/13\/2024\/08\/2024-05-OrthoManufacture_046-768x512.jpg 768w, https:\/\/www.orthomanufacture.com\/2024\/wp-content\/uploads\/sites\/13\/2024\/08\/2024-05-OrthoManufacture_046-120x80.jpg 120w, https:\/\/www.orthomanufacture.com\/2024\/wp-content\/uploads\/sites\/13\/2024\/08\/2024-05-OrthoManufacture_046-600x400.jpg 600w, https:\/\/www.orthomanufacture.com\/2024\/wp-content\/uploads\/sites\/13\/2024\/08\/2024-05-OrthoManufacture_046.jpg 1200w\" sizes=\"auto, (max-width: 1024px) 100vw, 1024px\" \/><\/figure>\n\n\n\n<figure class=\"wp-block-image size-large\"><img loading=\"lazy\" decoding=\"async\" width=\"1024\" height=\"683\" data-id=\"8068\" src=\"https:\/\/www.orthomanufacture.com\/2024\/wp-content\/uploads\/sites\/13\/2024\/08\/2024-05-OrthoManufacture_043-1024x683.jpg\" alt=\"\" class=\"wp-image-8068\" srcset=\"https:\/\/www.orthomanufacture.com\/2024\/wp-content\/uploads\/sites\/13\/2024\/08\/2024-05-OrthoManufacture_043-1024x683.jpg 1024w, https:\/\/www.orthomanufacture.com\/2024\/wp-content\/uploads\/sites\/13\/2024\/08\/2024-05-OrthoManufacture_043-300x200.jpg 300w, https:\/\/www.orthomanufacture.com\/2024\/wp-content\/uploads\/sites\/13\/2024\/08\/2024-05-OrthoManufacture_043-768x512.jpg 768w, https:\/\/www.orthomanufacture.com\/2024\/wp-content\/uploads\/sites\/13\/2024\/08\/2024-05-OrthoManufacture_043-120x80.jpg 120w, https:\/\/www.orthomanufacture.com\/2024\/wp-content\/uploads\/sites\/13\/2024\/08\/2024-05-OrthoManufacture_043-600x400.jpg 600w, https:\/\/www.orthomanufacture.com\/2024\/wp-content\/uploads\/sites\/13\/2024\/08\/2024-05-OrthoManufacture_043.jpg 1200w\" sizes=\"auto, (max-width: 1024px) 100vw, 1024px\" \/><\/figure>\n\n\n\n<figure class=\"wp-block-image size-large\"><img loading=\"lazy\" decoding=\"async\" width=\"1024\" height=\"683\" data-id=\"8069\" src=\"https:\/\/www.orthomanufacture.com\/2024\/wp-content\/uploads\/sites\/13\/2024\/08\/2024-05-OrthoManufacture_044-1024x683.jpg\" alt=\"\" class=\"wp-image-8069\" srcset=\"https:\/\/www.orthomanufacture.com\/2024\/wp-content\/uploads\/sites\/13\/2024\/08\/2024-05-OrthoManufacture_044-1024x683.jpg 1024w, https:\/\/www.orthomanufacture.com\/2024\/wp-content\/uploads\/sites\/13\/2024\/08\/2024-05-OrthoManufacture_044-300x200.jpg 300w, https:\/\/www.orthomanufacture.com\/2024\/wp-content\/uploads\/sites\/13\/2024\/08\/2024-05-OrthoManufacture_044-768x512.jpg 768w, https:\/\/www.orthomanufacture.com\/2024\/wp-content\/uploads\/sites\/13\/2024\/08\/2024-05-OrthoManufacture_044-120x80.jpg 120w, https:\/\/www.orthomanufacture.com\/2024\/wp-content\/uploads\/sites\/13\/2024\/08\/2024-05-OrthoManufacture_044-600x400.jpg 600w, https:\/\/www.orthomanufacture.com\/2024\/wp-content\/uploads\/sites\/13\/2024\/08\/2024-05-OrthoManufacture_044.jpg 1200w\" sizes=\"auto, (max-width: 1024px) 100vw, 1024px\" \/><\/figure>\n\n\n\n<figure class=\"wp-block-image size-large\"><img loading=\"lazy\" decoding=\"async\" width=\"1024\" height=\"683\" data-id=\"8070\" src=\"https:\/\/www.orthomanufacture.com\/2024\/wp-content\/uploads\/sites\/13\/2024\/08\/2024-05-OrthoManufacture_045-1024x683.jpg\" alt=\"\" class=\"wp-image-8070\" srcset=\"https:\/\/www.orthomanufacture.com\/2024\/wp-content\/uploads\/sites\/13\/2024\/08\/2024-05-OrthoManufacture_045-1024x683.jpg 1024w, https:\/\/www.orthomanufacture.com\/2024\/wp-content\/uploads\/sites\/13\/2024\/08\/2024-05-OrthoManufacture_045-300x200.jpg 300w, https:\/\/www.orthomanufacture.com\/2024\/wp-content\/uploads\/sites\/13\/2024\/08\/2024-05-OrthoManufacture_045-768x512.jpg 768w, https:\/\/www.orthomanufacture.com\/2024\/wp-content\/uploads\/sites\/13\/2024\/08\/2024-05-OrthoManufacture_045-120x80.jpg 120w, https:\/\/www.orthomanufacture.com\/2024\/wp-content\/uploads\/sites\/13\/2024\/08\/2024-05-OrthoManufacture_045-600x400.jpg 600w, https:\/\/www.orthomanufacture.com\/2024\/wp-content\/uploads\/sites\/13\/2024\/08\/2024-05-OrthoManufacture_045.jpg 1200w\" sizes=\"auto, (max-width: 1024px) 100vw, 1024px\" \/><\/figure>\n\n\n\n<figure class=\"wp-block-image size-large\"><img loading=\"lazy\" decoding=\"async\" width=\"1024\" height=\"683\" data-id=\"8073\" src=\"https:\/\/www.orthomanufacture.com\/2024\/wp-content\/uploads\/sites\/13\/2024\/08\/2024-05-OrthoManufacture_048-1024x683.jpg\" alt=\"\" class=\"wp-image-8073\" srcset=\"https:\/\/www.orthomanufacture.com\/2024\/wp-content\/uploads\/sites\/13\/2024\/08\/2024-05-OrthoManufacture_048-1024x683.jpg 1024w, https:\/\/www.orthomanufacture.com\/2024\/wp-content\/uploads\/sites\/13\/2024\/08\/2024-05-OrthoManufacture_048-300x200.jpg 300w, https:\/\/www.orthomanufacture.com\/2024\/wp-content\/uploads\/sites\/13\/2024\/08\/2024-05-OrthoManufacture_048-768x512.jpg 768w, https:\/\/www.orthomanufacture.com\/2024\/wp-content\/uploads\/sites\/13\/2024\/08\/2024-05-OrthoManufacture_048-120x80.jpg 120w, https:\/\/www.orthomanufacture.com\/2024\/wp-content\/uploads\/sites\/13\/2024\/08\/2024-05-OrthoManufacture_048-600x400.jpg 600w, https:\/\/www.orthomanufacture.com\/2024\/wp-content\/uploads\/sites\/13\/2024\/08\/2024-05-OrthoManufacture_048.jpg 1200w\" sizes=\"auto, (max-width: 1024px) 100vw, 1024px\" \/><\/figure>\n\n\n\n<figure class=\"wp-block-image size-large\"><img loading=\"lazy\" decoding=\"async\" width=\"1024\" height=\"683\" data-id=\"8074\" src=\"https:\/\/www.orthomanufacture.com\/2024\/wp-content\/uploads\/sites\/13\/2024\/08\/2024-05-OrthoManufacture_049-1024x683.jpg\" alt=\"\" class=\"wp-image-8074\" srcset=\"https:\/\/www.orthomanufacture.com\/2024\/wp-content\/uploads\/sites\/13\/2024\/08\/2024-05-OrthoManufacture_049-1024x683.jpg 1024w, https:\/\/www.orthomanufacture.com\/2024\/wp-content\/uploads\/sites\/13\/2024\/08\/2024-05-OrthoManufacture_049-300x200.jpg 300w, https:\/\/www.orthomanufacture.com\/2024\/wp-content\/uploads\/sites\/13\/2024\/08\/2024-05-OrthoManufacture_049-768x512.jpg 768w, https:\/\/www.orthomanufacture.com\/2024\/wp-content\/uploads\/sites\/13\/2024\/08\/2024-05-OrthoManufacture_049-120x80.jpg 120w, https:\/\/www.orthomanufacture.com\/2024\/wp-content\/uploads\/sites\/13\/2024\/08\/2024-05-OrthoManufacture_049-600x400.jpg 600w, https:\/\/www.orthomanufacture.com\/2024\/wp-content\/uploads\/sites\/13\/2024\/08\/2024-05-OrthoManufacture_049.jpg 1200w\" sizes=\"auto, (max-width: 1024px) 100vw, 1024px\" \/><\/figure>\n<\/figure>\n\n\n\n<div style=\"height:30px\" aria-hidden=\"true\" class=\"wp-block-spacer\"><\/div>\n\n\n\n<div class=\"wp-block-group has-gris-background-color has-background\"><div class=\"wp-block-group__inner-container is-layout-constrained wp-block-group-is-layout-constrained\">\n<h4 class=\"wp-block-heading\">PLEASE NOTE<\/h4>\n\n\n\n<p>The conditions for participation as an exhibitor are indicated in the reservation form for standard stand and \u00ab\u00a0mini-stand\u00a0\u00bb above.<\/p>\n\n\n\n<p>The lecture sessions will be of the order of an hour and a half and during the breaks the exhibitors will be visited by the listeners. Of course, throughout the day, visitors not attending the conferences will roam freely among you.<\/p>\n\n\n\n<p>Buffets for coffee breaks and meals are arranged at several points in the exhibition hall, so that all visitors are distributed among the stands.  You will not be able to \u00ab\u00a0miss\u00a0\u00bb people!<\/p>\n<\/div><\/div>\n\n\n\n<div style=\"height:30px\" aria-hidden=\"true\" class=\"wp-block-spacer\"><\/div>\n\n\n\n<p class=\"has-medium-font-size\"><strong>Discover the exhibitors from previous editions<\/strong><\/p>\n\n\n\n<div class=\"wp-block-advgb-list\"><ul class=\"advgblist-9b3421ba-d372-4f2c-8fc3-e28353c5dcfe advgb-list advgb-list-controls-play\">\n<li><a href=\"https:\/\/www.orthomanufacture.com\/en\/exhibitors\/list-of-exhibitors\/\">List of exhibitors 2023<\/a><\/li>\n\n\n\n<li><a href=\"https:\/\/www.orthomanufacture.com\/2024\/wp-content\/uploads\/sites\/13\/2022\/12\/LISTE-EXPOSANTS-OTM-TOUTES-ANNEES-MAJ-2022.pdf\" target=\"_blank\" rel=\"noreferrer noopener\">List of exhibitors from previous editions (pdf)<\/a><\/li>\n<\/ul><\/div>\n<style class=\"advgb-styles-renderer\">.wp-block-advgb-list ul.advgblist-9b3421ba-d372-4f2c-8fc3-e28353c5dcfe > li{font-size:16px;}.wp-block-advgb-list ul.advgblist-9b3421ba-d372-4f2c-8fc3-e28353c5dcfe > li{padding-left:18px;margin-left:0;}.wp-block-advgb-list ul.advgblist-9b3421ba-d372-4f2c-8fc3-e28353c5dcfe > li:before{font-size:16px;color:#d33e81;line-height:18px;margin:2px;padding:2px;margin-left:-20px}<\/style>","protected":false},"excerpt":{"rendered":"<p>You want to exhibit at ORTHOMANUFACTURE 2024? We offer different options according to your needs Standard formula This formula includes an exhibition area of \u200b\u200bapproximately 5 to 6 m\u00b2, a table and two chairs, a 220 V electrical outlet and lighting. Buffet catering for 2 lunches, participation in the evening and access to the conference [&hellip;]<\/p>\n","protected":false},"author":1,"featured_media":0,"parent":6090,"menu_order":26,"comment_status":"closed","ping_status":"closed","template":"","meta":{"advgb_blocks_editor_width":"","advgb_blocks_columns_visual_guide":"","footnotes":""},"class_list":["post-2847","page","type-page","status-publish","hentry"],"featured_image_urls_v2":{"full":"","thumbnail":"","medium":"","medium_large":"","large":"","1536x1536":"","2048x2048":"","woocommerce_thumbnail":"","woocommerce_single":"","woocommerce_gallery_thumbnail":""},"post_excerpt_stackable_v2":"<p>You want to exhibit at ORTHOMANUFACTURE 2024? We offer different options according to your needs Standard formula This formula includes an exhibition area of \u200b\u200bapproximately 5 to 6 m\u00b2, a table and two chairs, a 220 V electrical outlet and lighting. Buffet catering for 2 lunches, participation in the evening and access to the conference room are included for 2 people. I reserve a standard stand \u201cMini-stand\u201d formula This formula includes a standing dining table + high chair with the possibility of putting a roll up. For 1 or 2 people depending on the chosen formula, including the 2 lunchtime\u2026<\/p>\n","category_list_v2":"","author_info_v2":{"name":"Les Imageurs","url":"https:\/\/www.orthomanufacture.com\/2024\/author\/ortho_imanufacture\/"},"comments_num_v2":"0 commentaire","acf":[],"yoast_head":"<!-- This site is optimized with the Yoast SEO plugin v27.5 - https:\/\/yoast.com\/product\/yoast-seo-wordpress\/ -->\n<title>Become an exhibitor in 2024 - 2024<\/title>\n<meta name=\"robots\" content=\"index, follow, max-snippet:-1, max-image-preview:large, max-video-preview:-1\" \/>\n<link rel=\"canonical\" href=\"https:\/\/www.orthomanufacture.com\/2024\/en\/exhibitors\/our-exhibitors\/\" \/>\n<meta property=\"og:locale\" content=\"fr_FR\" \/>\n<meta property=\"og:type\" content=\"article\" \/>\n<meta property=\"og:title\" content=\"Become an exhibitor in 2024 - 2024\" \/>\n<meta property=\"og:description\" content=\"You want to exhibit at ORTHOMANUFACTURE 2024? We offer different options according to your needs Standard formula This formula includes an exhibition area of \u200b\u200bapproximately 5 to 6 m\u00b2, a table and two chairs, a 220 V electrical outlet and lighting. Buffet catering for 2 lunches, participation in the evening and access to the conference [&hellip;]\" \/>\n<meta property=\"og:url\" content=\"https:\/\/www.orthomanufacture.com\/2024\/en\/exhibitors\/our-exhibitors\/\" \/>\n<meta property=\"og:site_name\" content=\"2024\" \/>\n<meta property=\"article:modified_time\" content=\"2024-08-29T06:59:02+00:00\" \/>\n<meta property=\"og:image\" content=\"https:\/\/www.orthomanufacture.com\/2024\/wp-content\/uploads\/sites\/13\/2024\/08\/2024-05-OrthoManufacture_046.jpg\" \/>\n\t<meta property=\"og:image:width\" content=\"1200\" \/>\n\t<meta property=\"og:image:height\" content=\"800\" \/>\n\t<meta property=\"og:image:type\" content=\"image\/jpeg\" \/>\n<meta name=\"twitter:card\" content=\"summary_large_image\" \/>\n<meta name=\"twitter:label1\" content=\"Dur\u00e9e de lecture estim\u00e9e\" \/>\n\t<meta name=\"twitter:data1\" content=\"2 minutes\" \/>\n<script type=\"application\/ld+json\" class=\"yoast-schema-graph\">{\"@context\":\"https:\\\/\\\/schema.org\",\"@graph\":[{\"@type\":\"WebPage\",\"@id\":\"https:\\\/\\\/www.orthomanufacture.com\\\/2024\\\/en\\\/exhibitors\\\/our-exhibitors\\\/\",\"url\":\"https:\\\/\\\/www.orthomanufacture.com\\\/2024\\\/en\\\/exhibitors\\\/our-exhibitors\\\/\",\"name\":\"Become an exhibitor in 2024 - 2024\",\"isPartOf\":{\"@id\":\"https:\\\/\\\/www.orthomanufacture.com\\\/2024\\\/#website\"},\"primaryImageOfPage\":{\"@id\":\"https:\\\/\\\/www.orthomanufacture.com\\\/2024\\\/en\\\/exhibitors\\\/our-exhibitors\\\/#primaryimage\"},\"image\":{\"@id\":\"https:\\\/\\\/www.orthomanufacture.com\\\/2024\\\/en\\\/exhibitors\\\/our-exhibitors\\\/#primaryimage\"},\"thumbnailUrl\":\"https:\\\/\\\/www.orthomanufacture.com\\\/2024\\\/wp-content\\\/uploads\\\/sites\\\/13\\\/2024\\\/08\\\/2024-05-OrthoManufacture_046-1024x683.jpg\",\"datePublished\":\"2019-05-27T12:27:31+00:00\",\"dateModified\":\"2024-08-29T06:59:02+00:00\",\"breadcrumb\":{\"@id\":\"https:\\\/\\\/www.orthomanufacture.com\\\/2024\\\/en\\\/exhibitors\\\/our-exhibitors\\\/#breadcrumb\"},\"inLanguage\":\"fr-FR\",\"potentialAction\":[{\"@type\":\"ReadAction\",\"target\":[\"https:\\\/\\\/www.orthomanufacture.com\\\/2024\\\/en\\\/exhibitors\\\/our-exhibitors\\\/\"]}]},{\"@type\":\"ImageObject\",\"inLanguage\":\"fr-FR\",\"@id\":\"https:\\\/\\\/www.orthomanufacture.com\\\/2024\\\/en\\\/exhibitors\\\/our-exhibitors\\\/#primaryimage\",\"url\":\"https:\\\/\\\/www.orthomanufacture.com\\\/2024\\\/wp-content\\\/uploads\\\/sites\\\/13\\\/2024\\\/08\\\/2024-05-OrthoManufacture_046.jpg\",\"contentUrl\":\"https:\\\/\\\/www.orthomanufacture.com\\\/2024\\\/wp-content\\\/uploads\\\/sites\\\/13\\\/2024\\\/08\\\/2024-05-OrthoManufacture_046.jpg\",\"width\":1200,\"height\":800},{\"@type\":\"BreadcrumbList\",\"@id\":\"https:\\\/\\\/www.orthomanufacture.com\\\/2024\\\/en\\\/exhibitors\\\/our-exhibitors\\\/#breadcrumb\",\"itemListElement\":[{\"@type\":\"ListItem\",\"position\":1,\"name\":\"Accueil\",\"item\":\"https:\\\/\\\/www.orthomanufacture.com\\\/2024\\\/fr\\\/\"},{\"@type\":\"ListItem\",\"position\":2,\"name\":\"Exhibitors\",\"item\":\"https:\\\/\\\/www.orthomanufacture.com\\\/2024\\\/en\\\/exhibitors\\\/\"},{\"@type\":\"ListItem\",\"position\":3,\"name\":\"Become an exhibitor in 2024\"}]},{\"@type\":\"WebSite\",\"@id\":\"https:\\\/\\\/www.orthomanufacture.com\\\/2024\\\/#website\",\"url\":\"https:\\\/\\\/www.orthomanufacture.com\\\/2024\\\/\",\"name\":\"2024\",\"description\":\"SALON D\u00c9DI\u00c9 AUX INDUSTRIES DE LA FILI\u00c8RE DES IMPLANTS ET INSTRUMENTS EN ORTHOP\u00c9DIE, TRAUMATOLOGIE, RACHIS, DENTAIRE\",\"publisher\":{\"@id\":\"https:\\\/\\\/www.orthomanufacture.com\\\/2024\\\/#organization\"},\"potentialAction\":[{\"@type\":\"SearchAction\",\"target\":{\"@type\":\"EntryPoint\",\"urlTemplate\":\"https:\\\/\\\/www.orthomanufacture.com\\\/2024\\\/?s={search_term_string}\"},\"query-input\":{\"@type\":\"PropertyValueSpecification\",\"valueRequired\":true,\"valueName\":\"search_term_string\"}}],\"inLanguage\":\"fr-FR\"},{\"@type\":\"Organization\",\"@id\":\"https:\\\/\\\/www.orthomanufacture.com\\\/2024\\\/#organization\",\"name\":\"2024\",\"url\":\"https:\\\/\\\/www.orthomanufacture.com\\\/2024\\\/\",\"logo\":{\"@type\":\"ImageObject\",\"inLanguage\":\"fr-FR\",\"@id\":\"https:\\\/\\\/www.orthomanufacture.com\\\/2024\\\/#\\\/schema\\\/logo\\\/image\\\/\",\"url\":\"https:\\\/\\\/www.orthomanufacture.com\\\/2024\\\/wp-content\\\/uploads\\\/sites\\\/13\\\/2023\\\/11\\\/logo-orthomanufacture.svg\",\"contentUrl\":\"https:\\\/\\\/www.orthomanufacture.com\\\/2024\\\/wp-content\\\/uploads\\\/sites\\\/13\\\/2023\\\/11\\\/logo-orthomanufacture.svg\",\"caption\":\"2024\"},\"image\":{\"@id\":\"https:\\\/\\\/www.orthomanufacture.com\\\/2024\\\/#\\\/schema\\\/logo\\\/image\\\/\"}}]}<\/script>\n<!-- \/ Yoast SEO plugin. -->","yoast_head_json":{"title":"Become an exhibitor in 2024 - 2024","robots":{"index":"index","follow":"follow","max-snippet":"max-snippet:-1","max-image-preview":"max-image-preview:large","max-video-preview":"max-video-preview:-1"},"canonical":"https:\/\/www.orthomanufacture.com\/2024\/en\/exhibitors\/our-exhibitors\/","og_locale":"fr_FR","og_type":"article","og_title":"Become an exhibitor in 2024 - 2024","og_description":"You want to exhibit at ORTHOMANUFACTURE 2024? We offer different options according to your needs Standard formula This formula includes an exhibition area of \u200b\u200bapproximately 5 to 6 m\u00b2, a table and two chairs, a 220 V electrical outlet and lighting. Buffet catering for 2 lunches, participation in the evening and access to the conference [&hellip;]","og_url":"https:\/\/www.orthomanufacture.com\/2024\/en\/exhibitors\/our-exhibitors\/","og_site_name":"2024","article_modified_time":"2024-08-29T06:59:02+00:00","og_image":[{"width":1200,"height":800,"url":"https:\/\/www.orthomanufacture.com\/2024\/wp-content\/uploads\/sites\/13\/2024\/08\/2024-05-OrthoManufacture_046.jpg","type":"image\/jpeg"}],"twitter_card":"summary_large_image","twitter_misc":{"Dur\u00e9e de lecture estim\u00e9e":"2 minutes"},"schema":{"@context":"https:\/\/schema.org","@graph":[{"@type":"WebPage","@id":"https:\/\/www.orthomanufacture.com\/2024\/en\/exhibitors\/our-exhibitors\/","url":"https:\/\/www.orthomanufacture.com\/2024\/en\/exhibitors\/our-exhibitors\/","name":"Become an exhibitor in 2024 - 2024","isPartOf":{"@id":"https:\/\/www.orthomanufacture.com\/2024\/#website"},"primaryImageOfPage":{"@id":"https:\/\/www.orthomanufacture.com\/2024\/en\/exhibitors\/our-exhibitors\/#primaryimage"},"image":{"@id":"https:\/\/www.orthomanufacture.com\/2024\/en\/exhibitors\/our-exhibitors\/#primaryimage"},"thumbnailUrl":"https:\/\/www.orthomanufacture.com\/2024\/wp-content\/uploads\/sites\/13\/2024\/08\/2024-05-OrthoManufacture_046-1024x683.jpg","datePublished":"2019-05-27T12:27:31+00:00","dateModified":"2024-08-29T06:59:02+00:00","breadcrumb":{"@id":"https:\/\/www.orthomanufacture.com\/2024\/en\/exhibitors\/our-exhibitors\/#breadcrumb"},"inLanguage":"fr-FR","potentialAction":[{"@type":"ReadAction","target":["https:\/\/www.orthomanufacture.com\/2024\/en\/exhibitors\/our-exhibitors\/"]}]},{"@type":"ImageObject","inLanguage":"fr-FR","@id":"https:\/\/www.orthomanufacture.com\/2024\/en\/exhibitors\/our-exhibitors\/#primaryimage","url":"https:\/\/www.orthomanufacture.com\/2024\/wp-content\/uploads\/sites\/13\/2024\/08\/2024-05-OrthoManufacture_046.jpg","contentUrl":"https:\/\/www.orthomanufacture.com\/2024\/wp-content\/uploads\/sites\/13\/2024\/08\/2024-05-OrthoManufacture_046.jpg","width":1200,"height":800},{"@type":"BreadcrumbList","@id":"https:\/\/www.orthomanufacture.com\/2024\/en\/exhibitors\/our-exhibitors\/#breadcrumb","itemListElement":[{"@type":"ListItem","position":1,"name":"Accueil","item":"https:\/\/www.orthomanufacture.com\/2024\/fr\/"},{"@type":"ListItem","position":2,"name":"Exhibitors","item":"https:\/\/www.orthomanufacture.com\/2024\/en\/exhibitors\/"},{"@type":"ListItem","position":3,"name":"Become an exhibitor in 2024"}]},{"@type":"WebSite","@id":"https:\/\/www.orthomanufacture.com\/2024\/#website","url":"https:\/\/www.orthomanufacture.com\/2024\/","name":"2024","description":"SALON D\u00c9DI\u00c9 AUX INDUSTRIES DE LA FILI\u00c8RE DES IMPLANTS ET INSTRUMENTS EN ORTHOP\u00c9DIE, TRAUMATOLOGIE, RACHIS, DENTAIRE","publisher":{"@id":"https:\/\/www.orthomanufacture.com\/2024\/#organization"},"potentialAction":[{"@type":"SearchAction","target":{"@type":"EntryPoint","urlTemplate":"https:\/\/www.orthomanufacture.com\/2024\/?s={search_term_string}"},"query-input":{"@type":"PropertyValueSpecification","valueRequired":true,"valueName":"search_term_string"}}],"inLanguage":"fr-FR"},{"@type":"Organization","@id":"https:\/\/www.orthomanufacture.com\/2024\/#organization","name":"2024","url":"https:\/\/www.orthomanufacture.com\/2024\/","logo":{"@type":"ImageObject","inLanguage":"fr-FR","@id":"https:\/\/www.orthomanufacture.com\/2024\/#\/schema\/logo\/image\/","url":"https:\/\/www.orthomanufacture.com\/2024\/wp-content\/uploads\/sites\/13\/2023\/11\/logo-orthomanufacture.svg","contentUrl":"https:\/\/www.orthomanufacture.com\/2024\/wp-content\/uploads\/sites\/13\/2023\/11\/logo-orthomanufacture.svg","caption":"2024"},"image":{"@id":"https:\/\/www.orthomanufacture.com\/2024\/#\/schema\/logo\/image\/"}}]}},"coauthors":[],"author_meta":{"author_link":"https:\/\/www.orthomanufacture.com\/2024\/author\/ortho_imanufacture\/","display_name":"Les Imageurs"},"relative_dates":{"created":"Publi\u00e9 7 ans il y a","modified":"Mis \u00e0 jour 2 ans il y a"},"absolute_dates":{"created":"Publi\u00e9 le 27 mai 2019","modified":"Mise \u00e0 jour le 29 ao\u00fbt 2024"},"absolute_dates_time":{"created":"Publi\u00e9 le 27 mai 2019 14 h 27 min","modified":"Mise \u00e0 jour le 29 ao\u00fbt 2024 8 h 59 min"},"featured_img_caption":"","featured_img":false,"series_order":"","_links":{"self":[{"href":"https:\/\/www.orthomanufacture.com\/2024\/wp-json\/wp\/v2\/pages\/2847","targetHints":{"allow":["GET"]}}],"collection":[{"href":"https:\/\/www.orthomanufacture.com\/2024\/wp-json\/wp\/v2\/pages"}],"about":[{"href":"https:\/\/www.orthomanufacture.com\/2024\/wp-json\/wp\/v2\/types\/page"}],"author":[{"embeddable":true,"href":"https:\/\/www.orthomanufacture.com\/2024\/wp-json\/wp\/v2\/users\/1"}],"replies":[{"embeddable":true,"href":"https:\/\/www.orthomanufacture.com\/2024\/wp-json\/wp\/v2\/comments?post=2847"}],"version-history":[{"count":0,"href":"https:\/\/www.orthomanufacture.com\/2024\/wp-json\/wp\/v2\/pages\/2847\/revisions"}],"up":[{"embeddable":true,"href":"https:\/\/www.orthomanufacture.com\/2024\/wp-json\/wp\/v2\/pages\/6090"}],"wp:attachment":[{"href":"https:\/\/www.orthomanufacture.com\/2024\/wp-json\/wp\/v2\/media?parent=2847"}],"curies":[{"name":"wp","href":"https:\/\/api.w.org\/{rel}","templated":true}]}}