{"id":2845,"date":"2019-05-27T14:26:52","date_gmt":"2019-05-27T12:26:52","guid":{"rendered":"https:\/\/www.orthomanufacture.com\/2024\/?page_id=2845"},"modified":"2024-08-29T08:58:02","modified_gmt":"2024-08-29T06:58:02","slug":"devenez-exposants","status":"publish","type":"page","link":"https:\/\/www.orthomanufacture.com\/2024\/fr\/exposants\/devenez-exposants\/","title":{"rendered":"Devenez exposant en 2024"},"content":{"rendered":"\n<div style=\"height:30px\" aria-hidden=\"true\" class=\"wp-block-spacer\"><\/div>\n\n\n\n<h2 class=\"wp-block-heading has-text-align-center has-bleu-color has-text-color\">Vous souhaitez exposer \u00e0 ORTHO<strong>MANUFACTURE<\/strong> 2024 ?<\/h2>\n\n\n\n<p class=\"has-text-align-center\">Nous vous proposons diff\u00e9rentes formules selon vos besoins<\/p>\n\n\n\n<div style=\"height:30px\" aria-hidden=\"true\" class=\"wp-block-spacer\"><\/div>\n\n\n\n<div class=\"wp-block-columns gap__2em is-layout-flex wp-container-core-columns-is-layout-9d6595d7 wp-block-columns-is-layout-flex\">\n<div class=\"wp-block-column is-layout-flow wp-block-column-is-layout-flow\">\n<h3 class=\"wp-block-heading has-text-align-center\">Formule standard<\/h3>\n\n\n\n<div style=\"height:10px\" aria-hidden=\"true\" class=\"wp-block-spacer\"><\/div>\n\n\n\n<p class=\"has-text-align-center\">Cette formule comprend une surface d&rsquo;exposition de 5 \u00e0 6 m\u00b2 environ, une table et deux chaises, une prise \u00e9lectrique 220 V et l&rsquo;\u00e9clairage. La restauration buffet des 2 midis, la participation \u00e0 la soir\u00e9e et l\u2019acc\u00e8s \u00e0 la salle de conf\u00e9rences sont inclus pour 2 personnes.<\/p>\n\n\n\n<div style=\"height:10px\" aria-hidden=\"true\" class=\"wp-block-spacer\"><\/div>\n\n\n\n<div class=\"wp-block-buttons is-horizontal is-content-justification-center is-layout-flex wp-container-core-buttons-is-layout-499968f5 wp-block-buttons-is-layout-flex\">\n<div class=\"wp-block-button\"><a class=\"wp-block-button__link has-black-color has-vivid-cyan-blue-background-color has-text-color has-background wp-element-button\" href=\"https:\/\/www.orthomanufacture.com\/2024\/wp-content\/uploads\/sites\/13\/2023\/11\/BON-DE-RESERVATION-EXPOSANT-FRANCAIS-2024.pdf\" target=\"_blank\" rel=\"noreferrer noopener\"><strong>Je r\u00e9serve un stand standard<\/strong><\/a><\/div>\n<\/div>\n<\/div>\n\n\n\n<div class=\"wp-block-column is-layout-flow wp-block-column-is-layout-flow\">\n<h3 class=\"wp-block-heading has-text-align-center\">Formule \u00ab\u00a0mini-stand\u00a0\u00bb<\/h3>\n\n\n\n<div style=\"height:10px\" aria-hidden=\"true\" class=\"wp-block-spacer\"><\/div>\n\n\n\n<p class=\"has-text-align-center\">Cette formule comprend une table mange debout + chaise haute avec possibilit\u00e9 de mettre un roll up.<br>Pour 1 ou 2 personnes suivant formule choisie, incluant les buffets des 2 midis, l\u2019acc\u00e8s \u00e0 la salle de conf\u00e9rences et la soir\u00e9e conviviale.<\/p>\n\n\n\n<div style=\"height:10px\" aria-hidden=\"true\" class=\"wp-block-spacer\"><\/div>\n\n\n\n<div class=\"wp-block-buttons is-horizontal is-content-justification-center is-layout-flex wp-container-core-buttons-is-layout-499968f5 wp-block-buttons-is-layout-flex\">\n<div class=\"wp-block-button\"><a class=\"wp-block-button__link has-black-color has-vivid-cyan-blue-background-color has-text-color has-background wp-element-button\" href=\"https:\/\/www.orthomanufacture.com\/2024\/wp-content\/uploads\/sites\/13\/2023\/11\/BON-DE-RESERVATION-MINI-STAND-FRANCE-2024.pdf\" target=\"_blank\" rel=\"noreferrer noopener\"><strong>Je r\u00e9serve un \u00ab\u00a0mini-stand\u00a0\u00bb<\/strong><\/a><\/div>\n<\/div>\n<\/div>\n<\/div>\n\n\n\n<div style=\"height:30px\" aria-hidden=\"true\" class=\"wp-block-spacer\"><\/div>\n\n\n\n<figure class=\"wp-block-gallery has-nested-images columns-3 is-cropped wp-block-gallery-1 is-layout-flex wp-block-gallery-is-layout-flex\">\n<figure class=\"wp-block-image size-large\"><img loading=\"lazy\" decoding=\"async\" width=\"1024\" height=\"683\" data-id=\"8071\" src=\"https:\/\/www.orthomanufacture.com\/2024\/wp-content\/uploads\/sites\/13\/2024\/08\/2024-05-OrthoManufacture_046-1024x683.jpg\" alt=\"\" class=\"wp-image-8071\" srcset=\"https:\/\/www.orthomanufacture.com\/2024\/wp-content\/uploads\/sites\/13\/2024\/08\/2024-05-OrthoManufacture_046-1024x683.jpg 1024w, https:\/\/www.orthomanufacture.com\/2024\/wp-content\/uploads\/sites\/13\/2024\/08\/2024-05-OrthoManufacture_046-300x200.jpg 300w, https:\/\/www.orthomanufacture.com\/2024\/wp-content\/uploads\/sites\/13\/2024\/08\/2024-05-OrthoManufacture_046-768x512.jpg 768w, https:\/\/www.orthomanufacture.com\/2024\/wp-content\/uploads\/sites\/13\/2024\/08\/2024-05-OrthoManufacture_046-120x80.jpg 120w, https:\/\/www.orthomanufacture.com\/2024\/wp-content\/uploads\/sites\/13\/2024\/08\/2024-05-OrthoManufacture_046-600x400.jpg 600w, https:\/\/www.orthomanufacture.com\/2024\/wp-content\/uploads\/sites\/13\/2024\/08\/2024-05-OrthoManufacture_046.jpg 1200w\" sizes=\"auto, (max-width: 1024px) 100vw, 1024px\" \/><\/figure>\n\n\n\n<figure class=\"wp-block-image size-large\"><img loading=\"lazy\" decoding=\"async\" width=\"1024\" height=\"683\" data-id=\"8068\" src=\"https:\/\/www.orthomanufacture.com\/2024\/wp-content\/uploads\/sites\/13\/2024\/08\/2024-05-OrthoManufacture_043-1024x683.jpg\" alt=\"\" class=\"wp-image-8068\" srcset=\"https:\/\/www.orthomanufacture.com\/2024\/wp-content\/uploads\/sites\/13\/2024\/08\/2024-05-OrthoManufacture_043-1024x683.jpg 1024w, https:\/\/www.orthomanufacture.com\/2024\/wp-content\/uploads\/sites\/13\/2024\/08\/2024-05-OrthoManufacture_043-300x200.jpg 300w, https:\/\/www.orthomanufacture.com\/2024\/wp-content\/uploads\/sites\/13\/2024\/08\/2024-05-OrthoManufacture_043-768x512.jpg 768w, https:\/\/www.orthomanufacture.com\/2024\/wp-content\/uploads\/sites\/13\/2024\/08\/2024-05-OrthoManufacture_043-120x80.jpg 120w, https:\/\/www.orthomanufacture.com\/2024\/wp-content\/uploads\/sites\/13\/2024\/08\/2024-05-OrthoManufacture_043-600x400.jpg 600w, https:\/\/www.orthomanufacture.com\/2024\/wp-content\/uploads\/sites\/13\/2024\/08\/2024-05-OrthoManufacture_043.jpg 1200w\" sizes=\"auto, (max-width: 1024px) 100vw, 1024px\" \/><\/figure>\n\n\n\n<figure class=\"wp-block-image size-large\"><img loading=\"lazy\" decoding=\"async\" width=\"1024\" height=\"683\" data-id=\"8069\" src=\"https:\/\/www.orthomanufacture.com\/2024\/wp-content\/uploads\/sites\/13\/2024\/08\/2024-05-OrthoManufacture_044-1024x683.jpg\" alt=\"\" class=\"wp-image-8069\" srcset=\"https:\/\/www.orthomanufacture.com\/2024\/wp-content\/uploads\/sites\/13\/2024\/08\/2024-05-OrthoManufacture_044-1024x683.jpg 1024w, https:\/\/www.orthomanufacture.com\/2024\/wp-content\/uploads\/sites\/13\/2024\/08\/2024-05-OrthoManufacture_044-300x200.jpg 300w, https:\/\/www.orthomanufacture.com\/2024\/wp-content\/uploads\/sites\/13\/2024\/08\/2024-05-OrthoManufacture_044-768x512.jpg 768w, https:\/\/www.orthomanufacture.com\/2024\/wp-content\/uploads\/sites\/13\/2024\/08\/2024-05-OrthoManufacture_044-120x80.jpg 120w, https:\/\/www.orthomanufacture.com\/2024\/wp-content\/uploads\/sites\/13\/2024\/08\/2024-05-OrthoManufacture_044-600x400.jpg 600w, https:\/\/www.orthomanufacture.com\/2024\/wp-content\/uploads\/sites\/13\/2024\/08\/2024-05-OrthoManufacture_044.jpg 1200w\" sizes=\"auto, (max-width: 1024px) 100vw, 1024px\" \/><\/figure>\n\n\n\n<figure class=\"wp-block-image size-large\"><img loading=\"lazy\" decoding=\"async\" width=\"1024\" height=\"683\" data-id=\"8070\" src=\"https:\/\/www.orthomanufacture.com\/2024\/wp-content\/uploads\/sites\/13\/2024\/08\/2024-05-OrthoManufacture_045-1024x683.jpg\" alt=\"\" class=\"wp-image-8070\" srcset=\"https:\/\/www.orthomanufacture.com\/2024\/wp-content\/uploads\/sites\/13\/2024\/08\/2024-05-OrthoManufacture_045-1024x683.jpg 1024w, https:\/\/www.orthomanufacture.com\/2024\/wp-content\/uploads\/sites\/13\/2024\/08\/2024-05-OrthoManufacture_045-300x200.jpg 300w, https:\/\/www.orthomanufacture.com\/2024\/wp-content\/uploads\/sites\/13\/2024\/08\/2024-05-OrthoManufacture_045-768x512.jpg 768w, https:\/\/www.orthomanufacture.com\/2024\/wp-content\/uploads\/sites\/13\/2024\/08\/2024-05-OrthoManufacture_045-120x80.jpg 120w, https:\/\/www.orthomanufacture.com\/2024\/wp-content\/uploads\/sites\/13\/2024\/08\/2024-05-OrthoManufacture_045-600x400.jpg 600w, https:\/\/www.orthomanufacture.com\/2024\/wp-content\/uploads\/sites\/13\/2024\/08\/2024-05-OrthoManufacture_045.jpg 1200w\" sizes=\"auto, (max-width: 1024px) 100vw, 1024px\" \/><\/figure>\n\n\n\n<figure class=\"wp-block-image size-large\"><img loading=\"lazy\" decoding=\"async\" width=\"1024\" height=\"683\" data-id=\"8073\" src=\"https:\/\/www.orthomanufacture.com\/2024\/wp-content\/uploads\/sites\/13\/2024\/08\/2024-05-OrthoManufacture_048-1024x683.jpg\" alt=\"\" class=\"wp-image-8073\" srcset=\"https:\/\/www.orthomanufacture.com\/2024\/wp-content\/uploads\/sites\/13\/2024\/08\/2024-05-OrthoManufacture_048-1024x683.jpg 1024w, https:\/\/www.orthomanufacture.com\/2024\/wp-content\/uploads\/sites\/13\/2024\/08\/2024-05-OrthoManufacture_048-300x200.jpg 300w, https:\/\/www.orthomanufacture.com\/2024\/wp-content\/uploads\/sites\/13\/2024\/08\/2024-05-OrthoManufacture_048-768x512.jpg 768w, https:\/\/www.orthomanufacture.com\/2024\/wp-content\/uploads\/sites\/13\/2024\/08\/2024-05-OrthoManufacture_048-120x80.jpg 120w, https:\/\/www.orthomanufacture.com\/2024\/wp-content\/uploads\/sites\/13\/2024\/08\/2024-05-OrthoManufacture_048-600x400.jpg 600w, https:\/\/www.orthomanufacture.com\/2024\/wp-content\/uploads\/sites\/13\/2024\/08\/2024-05-OrthoManufacture_048.jpg 1200w\" sizes=\"auto, (max-width: 1024px) 100vw, 1024px\" \/><\/figure>\n\n\n\n<figure class=\"wp-block-image size-large\"><img loading=\"lazy\" decoding=\"async\" width=\"1024\" height=\"683\" data-id=\"8074\" src=\"https:\/\/www.orthomanufacture.com\/2024\/wp-content\/uploads\/sites\/13\/2024\/08\/2024-05-OrthoManufacture_049-1024x683.jpg\" alt=\"\" class=\"wp-image-8074\" srcset=\"https:\/\/www.orthomanufacture.com\/2024\/wp-content\/uploads\/sites\/13\/2024\/08\/2024-05-OrthoManufacture_049-1024x683.jpg 1024w, https:\/\/www.orthomanufacture.com\/2024\/wp-content\/uploads\/sites\/13\/2024\/08\/2024-05-OrthoManufacture_049-300x200.jpg 300w, https:\/\/www.orthomanufacture.com\/2024\/wp-content\/uploads\/sites\/13\/2024\/08\/2024-05-OrthoManufacture_049-768x512.jpg 768w, https:\/\/www.orthomanufacture.com\/2024\/wp-content\/uploads\/sites\/13\/2024\/08\/2024-05-OrthoManufacture_049-120x80.jpg 120w, https:\/\/www.orthomanufacture.com\/2024\/wp-content\/uploads\/sites\/13\/2024\/08\/2024-05-OrthoManufacture_049-600x400.jpg 600w, https:\/\/www.orthomanufacture.com\/2024\/wp-content\/uploads\/sites\/13\/2024\/08\/2024-05-OrthoManufacture_049.jpg 1200w\" sizes=\"auto, (max-width: 1024px) 100vw, 1024px\" \/><\/figure>\n<\/figure>\n\n\n\n<div style=\"height:30px\" aria-hidden=\"true\" class=\"wp-block-spacer\"><\/div>\n\n\n\n<div class=\"wp-block-group has-gris-background-color has-background\"><div class=\"wp-block-group__inner-container is-layout-constrained wp-block-group-is-layout-constrained\">\n<h4 class=\"wp-block-heading\">A NOTER<\/h4>\n\n\n\n<p style=\"font-size:14px\">Les conditions de participation en tant qu&rsquo;exposant sont indiqu\u00e9es dans les bons de r\u00e9servation pour les stands standards et les \u00ab\u00a0mini-stand\u00a0\u00bb ci-dessus.<\/p>\n\n\n\n<p style=\"font-size:14px\">Les s\u00e9ances de conf\u00e9rences seront de l&rsquo;ordre d&rsquo;une heure et demi et pendant les pauses les exposants seront visit\u00e9s par les auditeurs. Bien s\u00fbr, tout au long de la journ\u00e9e les visiteurs n&rsquo;assistant pas aux conf\u00e9rences circuleront librement parmi vous.<\/p>\n\n\n\n<p style=\"font-size:14px\">Les buffets pour les pauses caf\u00e9 et les repas sont dispos\u00e9s en plusieurs points dans la salle d\u2019exposition afin que tous les visiteurs se r\u00e9partissent parmi les stands. Vous ne pourrez \u00ab\u00a0rater\u00a0\u00bb personnes !<\/p>\n<\/div><\/div>\n\n\n\n<div style=\"height:30px\" aria-hidden=\"true\" class=\"wp-block-spacer\"><\/div>\n\n\n\n<p class=\"has-medium-font-size\"><strong>D\u00e9couvrez les exposants des \u00e9ditions pr\u00e9c\u00e9dentes <\/strong><\/p>\n\n\n\n<div class=\"wp-block-advgb-list\"><ul class=\"advgblist-f66b25b9-438e-441c-b572-07173ba920d1 advgb-list advgb-list-controls-play\">\n<li><a href=\"https:\/\/www.orthomanufacture.com\/fr\/exposants\/liste-des-exposants\/\">Liste des exposants 2023<\/a><\/li>\n\n\n\n<li><a href=\"https:\/\/www.orthomanufacture.com\/2024\/wp-content\/uploads\/sites\/13\/2022\/12\/LISTE-EXPOSANTS-OTM-TOUTES-ANNEES-MAJ-2022.pdf\" target=\"_blank\" rel=\"noreferrer noopener\">Liste des exposants des \u00e9ditions pr\u00e9c\u00e9dentes (pdf)<\/a><\/li>\n<\/ul><\/div>\n\n\n\n<div style=\"height:30px\" aria-hidden=\"true\" class=\"wp-block-spacer\"><\/div>\n<style class=\"advgb-styles-renderer\">.wp-block-advgb-list ul.advgblist-f66b25b9-438e-441c-b572-07173ba920d1 > li{font-size:16px;}.wp-block-advgb-list ul.advgblist-f66b25b9-438e-441c-b572-07173ba920d1 > li{padding-left:18px;margin-left:0;}.wp-block-advgb-list ul.advgblist-f66b25b9-438e-441c-b572-07173ba920d1 > li:before{font-size:16px;color:#d33e81;line-height:18px;margin:2px;padding:2px;margin-left:-20px}<\/style>","protected":false},"excerpt":{"rendered":"<p>Vous souhaitez exposer \u00e0 ORTHOMANUFACTURE 2024 ? Nous vous proposons diff\u00e9rentes formules selon vos besoins Formule standard Cette formule comprend une surface d&rsquo;exposition de 5 \u00e0 6 m\u00b2 environ, une table et deux chaises, une prise \u00e9lectrique 220 V et l&rsquo;\u00e9clairage. La restauration buffet des 2 midis, la participation \u00e0 la soir\u00e9e et l\u2019acc\u00e8s \u00e0 [&hellip;]<\/p>\n","protected":false},"author":1,"featured_media":0,"parent":5943,"menu_order":12,"comment_status":"closed","ping_status":"closed","template":"","meta":{"advgb_blocks_editor_width":"","advgb_blocks_columns_visual_guide":"","footnotes":""},"class_list":["post-2845","page","type-page","status-publish","hentry"],"featured_image_urls_v2":{"full":"","thumbnail":"","medium":"","medium_large":"","large":"","1536x1536":"","2048x2048":"","woocommerce_thumbnail":"","woocommerce_single":"","woocommerce_gallery_thumbnail":""},"post_excerpt_stackable_v2":"<p>Vous souhaitez exposer \u00e0 ORTHOMANUFACTURE 2024 ? Nous vous proposons diff\u00e9rentes formules selon vos besoins Formule standard Cette formule comprend une surface d&rsquo;exposition de 5 \u00e0 6 m\u00b2 environ, une table et deux chaises, une prise \u00e9lectrique 220 V et l&rsquo;\u00e9clairage. La restauration buffet des 2 midis, la participation \u00e0 la soir\u00e9e et l\u2019acc\u00e8s \u00e0 la salle de conf\u00e9rences sont inclus pour 2 personnes. Je r\u00e9serve un stand standard Formule \u00ab\u00a0mini-stand\u00a0\u00bb Cette formule comprend une table mange debout + chaise haute avec possibilit\u00e9 de mettre un roll up.Pour 1 ou 2 personnes suivant formule choisie, incluant les buffets des 2\u2026<\/p>\n","category_list_v2":"","author_info_v2":{"name":"Les Imageurs","url":"https:\/\/www.orthomanufacture.com\/2024\/author\/ortho_imanufacture\/"},"comments_num_v2":"0 commentaire","acf":[],"yoast_head":"<!-- This site is optimized with the Yoast SEO plugin v27.5 - https:\/\/yoast.com\/product\/yoast-seo-wordpress\/ -->\n<title>Devenez exposant en 2024 - 2024<\/title>\n<meta name=\"description\" content=\"200 \u00e0 250 visiteurs et auditeurs viendront rendre visite \u00e0 leurs fournisseurs et en d\u00e9couvrir de nouveaux. R\u00e9servez votre stand !\" \/>\n<meta name=\"robots\" content=\"index, follow, max-snippet:-1, max-image-preview:large, max-video-preview:-1\" \/>\n<link rel=\"canonical\" href=\"https:\/\/www.orthomanufacture.com\/2024\/fr\/exposants\/devenez-exposants\/\" \/>\n<meta property=\"og:locale\" content=\"fr_FR\" \/>\n<meta property=\"og:type\" content=\"article\" \/>\n<meta property=\"og:title\" content=\"Devenez exposant en 2024 - 2024\" \/>\n<meta property=\"og:description\" content=\"200 \u00e0 250 visiteurs et auditeurs viendront rendre visite \u00e0 leurs fournisseurs et en d\u00e9couvrir de nouveaux. R\u00e9servez votre stand !\" \/>\n<meta property=\"og:url\" content=\"https:\/\/www.orthomanufacture.com\/2024\/fr\/exposants\/devenez-exposants\/\" \/>\n<meta property=\"og:site_name\" content=\"2024\" \/>\n<meta property=\"article:modified_time\" content=\"2024-08-29T06:58:02+00:00\" \/>\n<meta property=\"og:image\" content=\"https:\/\/www.orthomanufacture.com\/2024\/wp-content\/uploads\/sites\/13\/2024\/08\/2024-05-OrthoManufacture_046.jpg\" \/>\n\t<meta property=\"og:image:width\" content=\"1200\" \/>\n\t<meta property=\"og:image:height\" content=\"800\" \/>\n\t<meta property=\"og:image:type\" content=\"image\/jpeg\" \/>\n<meta name=\"twitter:card\" content=\"summary_large_image\" \/>\n<meta name=\"twitter:label1\" content=\"Dur\u00e9e de lecture estim\u00e9e\" \/>\n\t<meta name=\"twitter:data1\" content=\"3 minutes\" \/>\n<script type=\"application\/ld+json\" class=\"yoast-schema-graph\">{\"@context\":\"https:\\\/\\\/schema.org\",\"@graph\":[{\"@type\":\"WebPage\",\"@id\":\"https:\\\/\\\/www.orthomanufacture.com\\\/2024\\\/fr\\\/exposants\\\/devenez-exposants\\\/\",\"url\":\"https:\\\/\\\/www.orthomanufacture.com\\\/2024\\\/fr\\\/exposants\\\/devenez-exposants\\\/\",\"name\":\"Devenez exposant en 2024 - 2024\",\"isPartOf\":{\"@id\":\"https:\\\/\\\/www.orthomanufacture.com\\\/2024\\\/#website\"},\"primaryImageOfPage\":{\"@id\":\"https:\\\/\\\/www.orthomanufacture.com\\\/2024\\\/fr\\\/exposants\\\/devenez-exposants\\\/#primaryimage\"},\"image\":{\"@id\":\"https:\\\/\\\/www.orthomanufacture.com\\\/2024\\\/fr\\\/exposants\\\/devenez-exposants\\\/#primaryimage\"},\"thumbnailUrl\":\"https:\\\/\\\/www.orthomanufacture.com\\\/2024\\\/wp-content\\\/uploads\\\/sites\\\/13\\\/2024\\\/08\\\/2024-05-OrthoManufacture_046-1024x683.jpg\",\"datePublished\":\"2019-05-27T12:26:52+00:00\",\"dateModified\":\"2024-08-29T06:58:02+00:00\",\"description\":\"200 \u00e0 250 visiteurs et auditeurs viendront rendre visite \u00e0 leurs fournisseurs et en d\u00e9couvrir de nouveaux. R\u00e9servez votre stand !\",\"breadcrumb\":{\"@id\":\"https:\\\/\\\/www.orthomanufacture.com\\\/2024\\\/fr\\\/exposants\\\/devenez-exposants\\\/#breadcrumb\"},\"inLanguage\":\"fr-FR\",\"potentialAction\":[{\"@type\":\"ReadAction\",\"target\":[\"https:\\\/\\\/www.orthomanufacture.com\\\/2024\\\/fr\\\/exposants\\\/devenez-exposants\\\/\"]}]},{\"@type\":\"ImageObject\",\"inLanguage\":\"fr-FR\",\"@id\":\"https:\\\/\\\/www.orthomanufacture.com\\\/2024\\\/fr\\\/exposants\\\/devenez-exposants\\\/#primaryimage\",\"url\":\"https:\\\/\\\/www.orthomanufacture.com\\\/2024\\\/wp-content\\\/uploads\\\/sites\\\/13\\\/2024\\\/08\\\/2024-05-OrthoManufacture_046.jpg\",\"contentUrl\":\"https:\\\/\\\/www.orthomanufacture.com\\\/2024\\\/wp-content\\\/uploads\\\/sites\\\/13\\\/2024\\\/08\\\/2024-05-OrthoManufacture_046.jpg\",\"width\":1200,\"height\":800},{\"@type\":\"BreadcrumbList\",\"@id\":\"https:\\\/\\\/www.orthomanufacture.com\\\/2024\\\/fr\\\/exposants\\\/devenez-exposants\\\/#breadcrumb\",\"itemListElement\":[{\"@type\":\"ListItem\",\"position\":1,\"name\":\"Accueil\",\"item\":\"https:\\\/\\\/www.orthomanufacture.com\\\/2024\\\/fr\\\/\"},{\"@type\":\"ListItem\",\"position\":2,\"name\":\"Exposants\",\"item\":\"https:\\\/\\\/www.orthomanufacture.com\\\/2024\\\/fr\\\/exposants\\\/\"},{\"@type\":\"ListItem\",\"position\":3,\"name\":\"Devenez exposant en 2024\"}]},{\"@type\":\"WebSite\",\"@id\":\"https:\\\/\\\/www.orthomanufacture.com\\\/2024\\\/#website\",\"url\":\"https:\\\/\\\/www.orthomanufacture.com\\\/2024\\\/\",\"name\":\"2024\",\"description\":\"SALON D\u00c9DI\u00c9 AUX INDUSTRIES DE LA FILI\u00c8RE DES IMPLANTS ET INSTRUMENTS EN ORTHOP\u00c9DIE, TRAUMATOLOGIE, RACHIS, DENTAIRE\",\"publisher\":{\"@id\":\"https:\\\/\\\/www.orthomanufacture.com\\\/2024\\\/#organization\"},\"potentialAction\":[{\"@type\":\"SearchAction\",\"target\":{\"@type\":\"EntryPoint\",\"urlTemplate\":\"https:\\\/\\\/www.orthomanufacture.com\\\/2024\\\/?s={search_term_string}\"},\"query-input\":{\"@type\":\"PropertyValueSpecification\",\"valueRequired\":true,\"valueName\":\"search_term_string\"}}],\"inLanguage\":\"fr-FR\"},{\"@type\":\"Organization\",\"@id\":\"https:\\\/\\\/www.orthomanufacture.com\\\/2024\\\/#organization\",\"name\":\"2024\",\"url\":\"https:\\\/\\\/www.orthomanufacture.com\\\/2024\\\/\",\"logo\":{\"@type\":\"ImageObject\",\"inLanguage\":\"fr-FR\",\"@id\":\"https:\\\/\\\/www.orthomanufacture.com\\\/2024\\\/#\\\/schema\\\/logo\\\/image\\\/\",\"url\":\"https:\\\/\\\/www.orthomanufacture.com\\\/2024\\\/wp-content\\\/uploads\\\/sites\\\/13\\\/2023\\\/11\\\/logo-orthomanufacture.svg\",\"contentUrl\":\"https:\\\/\\\/www.orthomanufacture.com\\\/2024\\\/wp-content\\\/uploads\\\/sites\\\/13\\\/2023\\\/11\\\/logo-orthomanufacture.svg\",\"caption\":\"2024\"},\"image\":{\"@id\":\"https:\\\/\\\/www.orthomanufacture.com\\\/2024\\\/#\\\/schema\\\/logo\\\/image\\\/\"}}]}<\/script>\n<!-- \/ Yoast SEO plugin. -->","yoast_head_json":{"title":"Devenez exposant en 2024 - 2024","description":"200 \u00e0 250 visiteurs et auditeurs viendront rendre visite \u00e0 leurs fournisseurs et en d\u00e9couvrir de nouveaux. R\u00e9servez votre stand !","robots":{"index":"index","follow":"follow","max-snippet":"max-snippet:-1","max-image-preview":"max-image-preview:large","max-video-preview":"max-video-preview:-1"},"canonical":"https:\/\/www.orthomanufacture.com\/2024\/fr\/exposants\/devenez-exposants\/","og_locale":"fr_FR","og_type":"article","og_title":"Devenez exposant en 2024 - 2024","og_description":"200 \u00e0 250 visiteurs et auditeurs viendront rendre visite \u00e0 leurs fournisseurs et en d\u00e9couvrir de nouveaux. R\u00e9servez votre stand !","og_url":"https:\/\/www.orthomanufacture.com\/2024\/fr\/exposants\/devenez-exposants\/","og_site_name":"2024","article_modified_time":"2024-08-29T06:58:02+00:00","og_image":[{"width":1200,"height":800,"url":"https:\/\/www.orthomanufacture.com\/2024\/wp-content\/uploads\/sites\/13\/2024\/08\/2024-05-OrthoManufacture_046.jpg","type":"image\/jpeg"}],"twitter_card":"summary_large_image","twitter_misc":{"Dur\u00e9e de lecture estim\u00e9e":"3 minutes"},"schema":{"@context":"https:\/\/schema.org","@graph":[{"@type":"WebPage","@id":"https:\/\/www.orthomanufacture.com\/2024\/fr\/exposants\/devenez-exposants\/","url":"https:\/\/www.orthomanufacture.com\/2024\/fr\/exposants\/devenez-exposants\/","name":"Devenez exposant en 2024 - 2024","isPartOf":{"@id":"https:\/\/www.orthomanufacture.com\/2024\/#website"},"primaryImageOfPage":{"@id":"https:\/\/www.orthomanufacture.com\/2024\/fr\/exposants\/devenez-exposants\/#primaryimage"},"image":{"@id":"https:\/\/www.orthomanufacture.com\/2024\/fr\/exposants\/devenez-exposants\/#primaryimage"},"thumbnailUrl":"https:\/\/www.orthomanufacture.com\/2024\/wp-content\/uploads\/sites\/13\/2024\/08\/2024-05-OrthoManufacture_046-1024x683.jpg","datePublished":"2019-05-27T12:26:52+00:00","dateModified":"2024-08-29T06:58:02+00:00","description":"200 \u00e0 250 visiteurs et auditeurs viendront rendre visite \u00e0 leurs fournisseurs et en d\u00e9couvrir de nouveaux. R\u00e9servez votre stand !","breadcrumb":{"@id":"https:\/\/www.orthomanufacture.com\/2024\/fr\/exposants\/devenez-exposants\/#breadcrumb"},"inLanguage":"fr-FR","potentialAction":[{"@type":"ReadAction","target":["https:\/\/www.orthomanufacture.com\/2024\/fr\/exposants\/devenez-exposants\/"]}]},{"@type":"ImageObject","inLanguage":"fr-FR","@id":"https:\/\/www.orthomanufacture.com\/2024\/fr\/exposants\/devenez-exposants\/#primaryimage","url":"https:\/\/www.orthomanufacture.com\/2024\/wp-content\/uploads\/sites\/13\/2024\/08\/2024-05-OrthoManufacture_046.jpg","contentUrl":"https:\/\/www.orthomanufacture.com\/2024\/wp-content\/uploads\/sites\/13\/2024\/08\/2024-05-OrthoManufacture_046.jpg","width":1200,"height":800},{"@type":"BreadcrumbList","@id":"https:\/\/www.orthomanufacture.com\/2024\/fr\/exposants\/devenez-exposants\/#breadcrumb","itemListElement":[{"@type":"ListItem","position":1,"name":"Accueil","item":"https:\/\/www.orthomanufacture.com\/2024\/fr\/"},{"@type":"ListItem","position":2,"name":"Exposants","item":"https:\/\/www.orthomanufacture.com\/2024\/fr\/exposants\/"},{"@type":"ListItem","position":3,"name":"Devenez exposant en 2024"}]},{"@type":"WebSite","@id":"https:\/\/www.orthomanufacture.com\/2024\/#website","url":"https:\/\/www.orthomanufacture.com\/2024\/","name":"2024","description":"SALON D\u00c9DI\u00c9 AUX INDUSTRIES DE LA FILI\u00c8RE DES IMPLANTS ET INSTRUMENTS EN ORTHOP\u00c9DIE, TRAUMATOLOGIE, RACHIS, DENTAIRE","publisher":{"@id":"https:\/\/www.orthomanufacture.com\/2024\/#organization"},"potentialAction":[{"@type":"SearchAction","target":{"@type":"EntryPoint","urlTemplate":"https:\/\/www.orthomanufacture.com\/2024\/?s={search_term_string}"},"query-input":{"@type":"PropertyValueSpecification","valueRequired":true,"valueName":"search_term_string"}}],"inLanguage":"fr-FR"},{"@type":"Organization","@id":"https:\/\/www.orthomanufacture.com\/2024\/#organization","name":"2024","url":"https:\/\/www.orthomanufacture.com\/2024\/","logo":{"@type":"ImageObject","inLanguage":"fr-FR","@id":"https:\/\/www.orthomanufacture.com\/2024\/#\/schema\/logo\/image\/","url":"https:\/\/www.orthomanufacture.com\/2024\/wp-content\/uploads\/sites\/13\/2023\/11\/logo-orthomanufacture.svg","contentUrl":"https:\/\/www.orthomanufacture.com\/2024\/wp-content\/uploads\/sites\/13\/2023\/11\/logo-orthomanufacture.svg","caption":"2024"},"image":{"@id":"https:\/\/www.orthomanufacture.com\/2024\/#\/schema\/logo\/image\/"}}]}},"coauthors":[],"author_meta":{"author_link":"https:\/\/www.orthomanufacture.com\/2024\/author\/ortho_imanufacture\/","display_name":"Les Imageurs"},"relative_dates":{"created":"Publi\u00e9 7 ans il y a","modified":"Mis \u00e0 jour 2 ans il y a"},"absolute_dates":{"created":"Publi\u00e9 le 27 mai 2019","modified":"Mise \u00e0 jour le 29 ao\u00fbt 2024"},"absolute_dates_time":{"created":"Publi\u00e9 le 27 mai 2019 14 h 26 min","modified":"Mise \u00e0 jour le 29 ao\u00fbt 2024 8 h 58 min"},"featured_img_caption":"","featured_img":false,"series_order":"","_links":{"self":[{"href":"https:\/\/www.orthomanufacture.com\/2024\/wp-json\/wp\/v2\/pages\/2845","targetHints":{"allow":["GET"]}}],"collection":[{"href":"https:\/\/www.orthomanufacture.com\/2024\/wp-json\/wp\/v2\/pages"}],"about":[{"href":"https:\/\/www.orthomanufacture.com\/2024\/wp-json\/wp\/v2\/types\/page"}],"author":[{"embeddable":true,"href":"https:\/\/www.orthomanufacture.com\/2024\/wp-json\/wp\/v2\/users\/1"}],"replies":[{"embeddable":true,"href":"https:\/\/www.orthomanufacture.com\/2024\/wp-json\/wp\/v2\/comments?post=2845"}],"version-history":[{"count":0,"href":"https:\/\/www.orthomanufacture.com\/2024\/wp-json\/wp\/v2\/pages\/2845\/revisions"}],"up":[{"embeddable":true,"href":"https:\/\/www.orthomanufacture.com\/2024\/wp-json\/wp\/v2\/pages\/5943"}],"wp:attachment":[{"href":"https:\/\/www.orthomanufacture.com\/2024\/wp-json\/wp\/v2\/media?parent=2845"}],"curies":[{"name":"wp","href":"https:\/\/api.w.org\/{rel}","templated":true}]}}