{"id":5489,"date":"2022-05-02T11:15:38","date_gmt":"2022-05-02T09:15:38","guid":{"rendered":"https:\/\/www.orthomanufacture.com\/?page_id=5489"},"modified":"2023-04-19T17:58:58","modified_gmt":"2023-04-19T15:58:58","slug":"abendveranstaltung","status":"publish","type":"page","link":"https:\/\/www.orthomanufacture.com\/2023\/de\/abendveranstaltung\/","title":{"rendered":"Abendveranstaltung"},"content":{"rendered":"\n<div style=\"height:20px\" aria-hidden=\"true\" class=\"wp-block-spacer\"><\/div>\n\n\n\n<p class=\"has-text-align-left\">Unser geselliger Abend findet ab 19:00 Uhr am Mittwoch, den 26.04.2023, in der Union Viticole De Cully statt.<\/p>\n\n\n\n<p class=\"has-text-align-left\">F\u00fcr diejenigen, die sich angemeldet haben, werden Unesco-F\u00fchrer da sein, um Sie durch die Weinberge zu f\u00fchren, Ihnen zu erkl\u00e4ren, warum dieser Weinberg zum UNESCO-Weltkulturerbe geh\u00f6rt, Ihnen etwas \u00fcber die Geschichte des Weinbergs und der Rebe, die Arbeit im Weinberg, die Terroir&#8230;<\/p>\n\n\n\n<p class=\"has-text-align-left\">Anschlie\u00dfend wird eine Kellerbesichtigung mit nat\u00fcrlich Verkostungen vor Ort organisiert.<\/p>\n\n\n\n<p class=\"has-text-align-left\">Abschlie\u00dfend nehmen wir wie gewohnt gemeinsam am Abendbuffet teil, bei dem wir uns alle in einer Mischung aus Kultur und Entspannung beruflich oder pers\u00f6nlich austauschen k\u00f6nnen.<\/p>\n\n\n\n<div style=\"height:20px\" aria-hidden=\"true\" class=\"wp-block-spacer\"><\/div>\n\n\n\n<div class=\"wp-block-buttons is-layout-flex wp-block-buttons-is-layout-flex\">\n<div class=\"wp-block-button aligncenter\"><a class=\"wp-block-button__link wp-element-button\" href=\"https:\/\/www.orthomanufacture.com\/wp-content\/uploads\/2023\/04\/COMMENT-ALLER-A-UVC.pdf\" target=\"_blank\" rel=\"noreferrer noopener\"><i class=\"fa-solid fa-file-pdf\"><\/i>&nbsp;&nbsp;Comment se rendre sur le lieu<\/a><\/div>\n<\/div>\n\n\n\n<div style=\"height:20px\" aria-hidden=\"true\" class=\"wp-block-spacer\"><\/div>\n\n\n\n<figure class=\"wp-block-gallery has-nested-images columns-4 is-cropped wp-block-gallery-1 is-layout-flex wp-block-gallery-is-layout-flex\">\n<figure class=\"wp-block-image size-large\"><img loading=\"lazy\" decoding=\"async\" width=\"1024\" height=\"1024\" data-id=\"6469\" src=\"https:\/\/www.orthomanufacture.com\/wp-content\/uploads\/2023\/04\/Vivez-un-moment-unique-1024x1024.jpg\" alt=\"\" class=\"wp-image-6469\" srcset=\"https:\/\/www.orthomanufacture.com\/2023\/wp-content\/uploads\/sites\/11\/2023\/04\/Vivez-un-moment-unique-1024x1024.jpg 1024w, https:\/\/www.orthomanufacture.com\/2023\/wp-content\/uploads\/sites\/11\/2023\/04\/Vivez-un-moment-unique-300x300.jpg 300w, https:\/\/www.orthomanufacture.com\/2023\/wp-content\/uploads\/sites\/11\/2023\/04\/Vivez-un-moment-unique-150x150.jpg 150w, https:\/\/www.orthomanufacture.com\/2023\/wp-content\/uploads\/sites\/11\/2023\/04\/Vivez-un-moment-unique-768x768.jpg 768w, https:\/\/www.orthomanufacture.com\/2023\/wp-content\/uploads\/sites\/11\/2023\/04\/Vivez-un-moment-unique-600x600.jpg 600w, https:\/\/www.orthomanufacture.com\/2023\/wp-content\/uploads\/sites\/11\/2023\/04\/Vivez-un-moment-unique-100x100.jpg 100w, https:\/\/www.orthomanufacture.com\/2023\/wp-content\/uploads\/sites\/11\/2023\/04\/Vivez-un-moment-unique.jpg 1080w\" sizes=\"auto, (max-width: 1024px) 100vw, 1024px\" \/><\/figure>\n\n\n\n<figure class=\"wp-block-image size-large\"><img loading=\"lazy\" decoding=\"async\" width=\"632\" height=\"1024\" data-id=\"6466\" src=\"https:\/\/www.orthomanufacture.com\/wp-content\/uploads\/2023\/04\/salle-fleurs-632x1024.jpg\" alt=\"\" class=\"wp-image-6466\" srcset=\"https:\/\/www.orthomanufacture.com\/2023\/wp-content\/uploads\/sites\/11\/2023\/04\/salle-fleurs-632x1024.jpg 632w, https:\/\/www.orthomanufacture.com\/2023\/wp-content\/uploads\/sites\/11\/2023\/04\/salle-fleurs-185x300.jpg 185w, https:\/\/www.orthomanufacture.com\/2023\/wp-content\/uploads\/sites\/11\/2023\/04\/salle-fleurs-600x972.jpg 600w, https:\/\/www.orthomanufacture.com\/2023\/wp-content\/uploads\/sites\/11\/2023\/04\/salle-fleurs.jpg 741w\" sizes=\"auto, (max-width: 632px) 100vw, 632px\" \/><\/figure>\n\n\n\n<figure class=\"wp-block-image size-large\"><img loading=\"lazy\" decoding=\"async\" width=\"1024\" height=\"681\" data-id=\"6465\" src=\"https:\/\/www.orthomanufacture.com\/wp-content\/uploads\/2023\/04\/MK2_2498-1024x681.jpg\" alt=\"\" class=\"wp-image-6465\" srcset=\"https:\/\/www.orthomanufacture.com\/2023\/wp-content\/uploads\/sites\/11\/2023\/04\/MK2_2498-1024x681.jpg 1024w, https:\/\/www.orthomanufacture.com\/2023\/wp-content\/uploads\/sites\/11\/2023\/04\/MK2_2498-300x200.jpg 300w, https:\/\/www.orthomanufacture.com\/2023\/wp-content\/uploads\/sites\/11\/2023\/04\/MK2_2498-768x511.jpg 768w, https:\/\/www.orthomanufacture.com\/2023\/wp-content\/uploads\/sites\/11\/2023\/04\/MK2_2498-120x80.jpg 120w, https:\/\/www.orthomanufacture.com\/2023\/wp-content\/uploads\/sites\/11\/2023\/04\/MK2_2498-600x399.jpg 600w, https:\/\/www.orthomanufacture.com\/2023\/wp-content\/uploads\/sites\/11\/2023\/04\/MK2_2498.jpg 1200w\" sizes=\"auto, (max-width: 1024px) 100vw, 1024px\" \/><\/figure>\n\n\n\n<figure class=\"wp-block-image size-large\"><img loading=\"lazy\" decoding=\"async\" width=\"1024\" height=\"768\" data-id=\"6467\" src=\"https:\/\/www.orthomanufacture.com\/wp-content\/uploads\/2023\/04\/terrasse-1024x768.jpg\" alt=\"\" class=\"wp-image-6467\" srcset=\"https:\/\/www.orthomanufacture.com\/2023\/wp-content\/uploads\/sites\/11\/2023\/04\/terrasse-1024x768.jpg 1024w, https:\/\/www.orthomanufacture.com\/2023\/wp-content\/uploads\/sites\/11\/2023\/04\/terrasse-300x225.jpg 300w, https:\/\/www.orthomanufacture.com\/2023\/wp-content\/uploads\/sites\/11\/2023\/04\/terrasse-768x576.jpg 768w, https:\/\/www.orthomanufacture.com\/2023\/wp-content\/uploads\/sites\/11\/2023\/04\/terrasse-600x450.jpg 600w, https:\/\/www.orthomanufacture.com\/2023\/wp-content\/uploads\/sites\/11\/2023\/04\/terrasse.jpg 1200w\" sizes=\"auto, (max-width: 1024px) 100vw, 1024px\" \/><\/figure>\n\n\n\n<figure class=\"wp-block-image size-large\"><img loading=\"lazy\" decoding=\"async\" width=\"768\" height=\"1024\" data-id=\"6464\" src=\"https:\/\/www.orthomanufacture.com\/wp-content\/uploads\/2023\/04\/IMG20220922161549-768x1024.jpg\" alt=\"\" class=\"wp-image-6464\" srcset=\"https:\/\/www.orthomanufacture.com\/2023\/wp-content\/uploads\/sites\/11\/2023\/04\/IMG20220922161549-768x1024.jpg 768w, https:\/\/www.orthomanufacture.com\/2023\/wp-content\/uploads\/sites\/11\/2023\/04\/IMG20220922161549-225x300.jpg 225w, https:\/\/www.orthomanufacture.com\/2023\/wp-content\/uploads\/sites\/11\/2023\/04\/IMG20220922161549-600x800.jpg 600w, https:\/\/www.orthomanufacture.com\/2023\/wp-content\/uploads\/sites\/11\/2023\/04\/IMG20220922161549.jpg 900w\" sizes=\"auto, (max-width: 768px) 100vw, 768px\" \/><\/figure>\n\n\n\n<figure class=\"wp-block-image size-large\"><img loading=\"lazy\" decoding=\"async\" width=\"1024\" height=\"768\" data-id=\"6462\" src=\"https:\/\/www.orthomanufacture.com\/wp-content\/uploads\/2023\/04\/IMG_20230203_173455-1024x768.jpg\" alt=\"\" class=\"wp-image-6462\" srcset=\"https:\/\/www.orthomanufacture.com\/2023\/wp-content\/uploads\/sites\/11\/2023\/04\/IMG_20230203_173455-1024x768.jpg 1024w, https:\/\/www.orthomanufacture.com\/2023\/wp-content\/uploads\/sites\/11\/2023\/04\/IMG_20230203_173455-300x225.jpg 300w, https:\/\/www.orthomanufacture.com\/2023\/wp-content\/uploads\/sites\/11\/2023\/04\/IMG_20230203_173455-768x576.jpg 768w, https:\/\/www.orthomanufacture.com\/2023\/wp-content\/uploads\/sites\/11\/2023\/04\/IMG_20230203_173455-600x450.jpg 600w, https:\/\/www.orthomanufacture.com\/2023\/wp-content\/uploads\/sites\/11\/2023\/04\/IMG_20230203_173455.jpg 1200w\" sizes=\"auto, (max-width: 1024px) 100vw, 1024px\" \/><\/figure>\n\n\n\n<figure class=\"wp-block-image size-large\"><img loading=\"lazy\" decoding=\"async\" width=\"1024\" height=\"683\" data-id=\"6461\" src=\"https:\/\/www.orthomanufacture.com\/wp-content\/uploads\/2023\/04\/IMG_0330-1024x683.jpg\" alt=\"\" class=\"wp-image-6461\" srcset=\"https:\/\/www.orthomanufacture.com\/2023\/wp-content\/uploads\/sites\/11\/2023\/04\/IMG_0330-1024x683.jpg 1024w, https:\/\/www.orthomanufacture.com\/2023\/wp-content\/uploads\/sites\/11\/2023\/04\/IMG_0330-300x200.jpg 300w, https:\/\/www.orthomanufacture.com\/2023\/wp-content\/uploads\/sites\/11\/2023\/04\/IMG_0330-768x512.jpg 768w, https:\/\/www.orthomanufacture.com\/2023\/wp-content\/uploads\/sites\/11\/2023\/04\/IMG_0330-120x80.jpg 120w, https:\/\/www.orthomanufacture.com\/2023\/wp-content\/uploads\/sites\/11\/2023\/04\/IMG_0330-600x400.jpg 600w, https:\/\/www.orthomanufacture.com\/2023\/wp-content\/uploads\/sites\/11\/2023\/04\/IMG_0330.jpg 1200w\" sizes=\"auto, (max-width: 1024px) 100vw, 1024px\" \/><\/figure>\n\n\n\n<figure class=\"wp-block-image size-large\"><img loading=\"lazy\" decoding=\"async\" width=\"1024\" height=\"340\" data-id=\"6463\" src=\"https:\/\/www.orthomanufacture.com\/wp-content\/uploads\/2023\/04\/IMG-20221215-WA00022-1024x340.jpg\" alt=\"\" class=\"wp-image-6463\" srcset=\"https:\/\/www.orthomanufacture.com\/2023\/wp-content\/uploads\/sites\/11\/2023\/04\/IMG-20221215-WA00022-1024x340.jpg 1024w, https:\/\/www.orthomanufacture.com\/2023\/wp-content\/uploads\/sites\/11\/2023\/04\/IMG-20221215-WA00022-300x100.jpg 300w, https:\/\/www.orthomanufacture.com\/2023\/wp-content\/uploads\/sites\/11\/2023\/04\/IMG-20221215-WA00022-768x255.jpg 768w, https:\/\/www.orthomanufacture.com\/2023\/wp-content\/uploads\/sites\/11\/2023\/04\/IMG-20221215-WA00022-600x199.jpg 600w, https:\/\/www.orthomanufacture.com\/2023\/wp-content\/uploads\/sites\/11\/2023\/04\/IMG-20221215-WA00022.jpg 1200w\" sizes=\"auto, (max-width: 1024px) 100vw, 1024px\" \/><\/figure>\n<\/figure>\n","protected":false},"excerpt":{"rendered":"<p>Unser geselliger Abend findet ab 19:00 Uhr am Mittwoch, den 26.04.2023, in der Union Viticole De Cully statt. F\u00fcr diejenigen, die sich angemeldet haben, werden Unesco-F\u00fchrer da sein, um Sie durch die Weinberge zu f\u00fchren, Ihnen zu erkl\u00e4ren, warum dieser Weinberg zum UNESCO-Weltkulturerbe geh\u00f6rt, Ihnen etwas \u00fcber die Geschichte des Weinbergs und der Rebe, die [&hellip;]<\/p>\n","protected":false},"author":1,"featured_media":0,"parent":0,"menu_order":29,"comment_status":"closed","ping_status":"closed","template":"","meta":{"footnotes":""},"class_list":["post-5489","page","type-page","status-publish","hentry"],"acf":[],"_links":{"self":[{"href":"https:\/\/www.orthomanufacture.com\/2023\/wp-json\/wp\/v2\/pages\/5489","targetHints":{"allow":["GET"]}}],"collection":[{"href":"https:\/\/www.orthomanufacture.com\/2023\/wp-json\/wp\/v2\/pages"}],"about":[{"href":"https:\/\/www.orthomanufacture.com\/2023\/wp-json\/wp\/v2\/types\/page"}],"author":[{"embeddable":true,"href":"https:\/\/www.orthomanufacture.com\/2023\/wp-json\/wp\/v2\/users\/1"}],"replies":[{"embeddable":true,"href":"https:\/\/www.orthomanufacture.com\/2023\/wp-json\/wp\/v2\/comments?post=5489"}],"version-history":[{"count":0,"href":"https:\/\/www.orthomanufacture.com\/2023\/wp-json\/wp\/v2\/pages\/5489\/revisions"}],"wp:attachment":[{"href":"https:\/\/www.orthomanufacture.com\/2023\/wp-json\/wp\/v2\/media?parent=5489"}],"curies":[{"name":"wp","href":"https:\/\/api.w.org\/{rel}","templated":true}]}}