{"id":3483,"date":"2019-10-29T08:59:23","date_gmt":"2019-10-29T07:59:23","guid":{"rendered":"https:\/\/www.orthomanufacture.com\/?page_id=3483"},"modified":"2023-03-30T18:48:47","modified_gmt":"2023-03-30T16:48:47","slug":"inscription","status":"publish","type":"page","link":"https:\/\/www.orthomanufacture.com\/2023\/fr\/inscription\/","title":{"rendered":"Inscription"},"content":{"rendered":"\n<div style=\"height:30px\" aria-hidden=\"true\" class=\"wp-block-spacer\"><\/div>\n\n\n\n<p class=\"has-text-align-left\"><strong>Pour vous inscrire, choississez ci-apr\u00e8s votre formule et suivez le lien pour le paiement.<\/strong><\/p>\n\n\n\n<p class=\"has-text-align-left\">L&rsquo;entr\u00e9e au salon en simple visiteur est \u00e0 30\u20ac, d\u00e9jeuner et restauration comprises.<\/p>\n\n\n\n<p class=\"has-text-align-left\">Pour toute inscription en tant qu&rsquo;auditeur aux conf\u00e9rences, les d\u00e9jeuners et la restauration sont inclus.<\/p>\n\n\n\n<p class=\"has-text-align-left\">Pour les inscriptions plein tarif pour les conf\u00e9rences sur 1 ou 2 jours, et seulement sur ces postes, des tarifs d\u00e9gressifs seront applicables pour plusieurs inscrits de la m\u00eame soci\u00e9t\u00e9. Une r\u00e9duction de 20% sera appliqu\u00e9e, sur le prix le moins \u00e9lev\u00e9, pour un 2\u00e8me participant, 30% pour un 3\u00e8me et 40% pour un 4\u00e8me. Le cinqui\u00e8me sera gratuit !<\/p>\n\n\n\n<p class=\"has-text-align-left\">Ces remises ne pourront pas se faire par le biais de ce site, aussi pour l&rsquo;ensemble de ces cas, il s&rsquo;agira de nous adresser ce <span style=\"color: #0693e3\" class=\"stk-highlight\"><strong><a href=\"https:\/\/www.orthomanufacture.com\/wp-content\/uploads\/2022\/10\/FORMULAIRE-INSCRIPTION-VISITEUR-ORTHOMANUFACTURE-2023.xls\" target=\"_blank\" rel=\"noreferrer noopener\">FORMULAIRE<\/a><\/strong> <\/span>compl\u00e9t\u00e9 et de nous l&rsquo;adresser par <a href=\"mailto:contact@orthomanufacture.com\"><strong><span style=\"color: #0693e3\" class=\"stk-highlight\">mail<\/span><\/strong><\/a> pour vous inscrire. <\/p>\n\n\n\n<p class=\"has-text-align-left\">Un lien de paiement vous parviendra alors pour pouvoir finaliser votre inscription.<\/p>\n\n\n\n<p class=\"has-text-align-left\">Merci de votre compr\u00e9hension.<\/p>\n\n\n\n<p><strong>Aucun badge \u00e0 imprimer, ceux-ci seront pr\u00e9par\u00e9s par nos soins et ils seront disponibles \u00e0 l&rsquo;accueil du salon. Vous n&rsquo;aurez qu&rsquo;\u00e0 d\u00e9cliner votre nom pour le r\u00e9cup\u00e9rer.<\/strong><\/p>\n\n\n\n<p><\/p>\n","protected":false},"excerpt":{"rendered":"<p>Pour vous inscrire, choississez ci-apr\u00e8s votre formule et suivez le lien pour le paiement. L&rsquo;entr\u00e9e au salon en simple visiteur est \u00e0 30\u20ac, d\u00e9jeuner et restauration comprises. Pour toute inscription en tant qu&rsquo;auditeur aux conf\u00e9rences, les d\u00e9jeuners et la restauration sont inclus. Pour les inscriptions plein tarif pour les conf\u00e9rences sur 1 ou 2 jours, [&hellip;]<\/p>\n","protected":false},"author":1,"featured_media":0,"parent":0,"menu_order":2,"comment_status":"closed","ping_status":"closed","template":"template_formulaire.php","meta":{"footnotes":""},"class_list":["post-3483","page","type-page","status-publish","hentry"],"acf":[],"_links":{"self":[{"href":"https:\/\/www.orthomanufacture.com\/2023\/wp-json\/wp\/v2\/pages\/3483","targetHints":{"allow":["GET"]}}],"collection":[{"href":"https:\/\/www.orthomanufacture.com\/2023\/wp-json\/wp\/v2\/pages"}],"about":[{"href":"https:\/\/www.orthomanufacture.com\/2023\/wp-json\/wp\/v2\/types\/page"}],"author":[{"embeddable":true,"href":"https:\/\/www.orthomanufacture.com\/2023\/wp-json\/wp\/v2\/users\/1"}],"replies":[{"embeddable":true,"href":"https:\/\/www.orthomanufacture.com\/2023\/wp-json\/wp\/v2\/comments?post=3483"}],"version-history":[{"count":0,"href":"https:\/\/www.orthomanufacture.com\/2023\/wp-json\/wp\/v2\/pages\/3483\/revisions"}],"wp:attachment":[{"href":"https:\/\/www.orthomanufacture.com\/2023\/wp-json\/wp\/v2\/media?parent=3483"}],"curies":[{"name":"wp","href":"https:\/\/api.w.org\/{rel}","templated":true}]}}