{"id":2864,"date":"2019-05-27T14:33:16","date_gmt":"2019-05-27T12:33:16","guid":{"rendered":"https:\/\/www.orthomanufacture.com\/?page_id=2864"},"modified":"2023-04-22T12:25:40","modified_gmt":"2023-04-22T10:25:40","slug":"eng-conferences","status":"publish","type":"page","link":"https:\/\/www.orthomanufacture.com\/2023\/en\/eng-conferences\/","title":{"rendered":"Conferences program"},"content":{"rendered":"\n<p class=\"has-text-align-left\">During the 2 days of 2022 edition, you have been able to attend <strong>high level scientific and technical video-conferences<\/strong> that will be held by <strong>independent speakers<\/strong>: surgeons, researchers and innovative industrialists. <\/p>\n\n\n\n<p class=\"has-text-align-left\">In 2023 the program is still as rich and these presentations will help you make your choices among the therapeutic advances and the real technical possibilities with their limits and their regulatory obligations. They will also provide you with additional knowledge and recent information on technologies related to the production of implants and instruments.<\/p>\n\n\n\n<p>Of course we know everyone&rsquo;s professional constraints and that&rsquo;s why this year we are offering the possibility of also registering remotely if you can&rsquo;t come. A live video broadcast will be provided and thanks to a link that will be sent to you, you will be able to follow the conferences and \u00ab\u00a0chat\u00a0\u00bb with the speakers.<\/p>\n\n\n\n<p><\/p>\n\n\n\n<div class=\"wp-block-columns is-layout-flex wp-container-core-columns-is-layout-9d6595d7 wp-block-columns-is-layout-flex\">\n<div class=\"wp-block-column is-layout-flow wp-block-column-is-layout-flow\">\n<div class=\"wp-block-buttons is-horizontal is-content-justification-center is-layout-flex wp-container-core-buttons-is-layout-499968f5 wp-block-buttons-is-layout-flex\">\n<div class=\"wp-block-button\"><a class=\"wp-block-button__link has-black-color has-vivid-cyan-blue-background-color has-text-color has-background wp-element-button\" href=\"https:\/\/www.orthomanufacture.com\/wp-content\/uploads\/2023\/04\/230422-CONFERENCE-PROGRAM-orthomanufacture.pdf\" target=\"_blank\" rel=\"noreferrer noopener\"><strong>Have a look on the 2023 program<\/strong><\/a><\/div>\n<\/div>\n<\/div>\n\n\n\n<div class=\"wp-block-column is-layout-flow wp-block-column-is-layout-flow\">\n<div class=\"wp-block-buttons is-horizontal is-content-justification-center is-layout-flex wp-container-core-buttons-is-layout-499968f5 wp-block-buttons-is-layout-flex\">\n<div class=\"wp-block-button\"><a class=\"wp-block-button__link has-black-color has-vivid-cyan-blue-background-color has-text-color has-background wp-element-button\" href=\"https:\/\/www.orthomanufacture.com\/en\/inscription-2\/\"><strong>Register<\/strong><\/a><\/div>\n<\/div>\n<\/div>\n<\/div>\n\n\n\n<p class=\"has-medium-font-size\"><strong>Our scientific comitee 2023 : <\/strong><\/p>\n\n\n\n<div class=\"wp-block-advgb-testimonial advgb-testimonial-wrapper\" id=\"advgb-testimonial-ce3575d0-d114-4ef4-8eb0-bd5e92345071\"><div class=\"advgb-testimonial advgb-avatar-top\"><div class=\"advgb-testimonial-item\"><div class=\"advgb-testimonial-info\"><h4 class=\"advgb-testimonial-name\" style=\"color:#134b89\"><strong>Jean GERINGER<\/strong><\/h4><p class=\"advgb-testimonial-position\"><\/p><p class=\"advgb-testimonial-desc\">Professor<br>Mines School Saint-Etienne<br>INSERM U1059<\/p><\/div><\/div><div class=\"advgb-testimonial-item\"><div class=\"advgb-testimonial-info\"><h4 class=\"advgb-testimonial-name\" style=\"color:#134b89\"><strong>J\u00e9r\u00f4me POUSIN<\/strong><\/h4><p class=\"advgb-testimonial-position\"><\/p><p class=\"advgb-testimonial-desc\"> Professeur Doctor Dr. <br>Professor INSA \u2013 Lyon<\/p><\/div><\/div><\/div><\/div>\n\n\n\n<div class=\"wp-block-advgb-testimonial advgb-testimonial-wrapper\" id=\"advgb-testimonial-0c81802b-e594-4424-a02b-3bb8df789411\"><div class=\"advgb-testimonial advgb-avatar-top\"><div class=\"advgb-testimonial-item\"><div class=\"advgb-testimonial-info\"><h4 class=\"advgb-testimonial-name\" style=\"color:#134b89\"><strong><strong>Fr\u00e9d\u00e9ric FARIZON<\/strong><\/strong><\/h4><p class=\"advgb-testimonial-position\"><\/p><p class=\"advgb-testimonial-desc\"><strong>Professeur<\/strong><br>Chef de Service<br><em>Chirurgie Orthop\u00e9dique et Traumatologique<\/em><br><em>CHU de Saint Etienne<\/em><br>Membre de l\u2019INSERM\/SAINBIOSE U1059<\/p><\/div><\/div><div class=\"advgb-testimonial-item\"><div class=\"advgb-testimonial-info\"><h4 class=\"advgb-testimonial-name\" style=\"color:#134b89\"><strong><strong>Sylvain HUGON<\/strong><\/strong><\/h4><p class=\"advgb-testimonial-position\"><\/p><p class=\"advgb-testimonial-desc\">Pr Associ\u00e9 HES-SO<br>Ing\u00e9nieur SIGMA \/ IFMA<br>MSc technologie m\u00e9canique Universit\u00e9 Grenoble<br>1MSc administration des entreprises IAE Paris<br>Vice-pr\u00e9sident SAMG Swissengineering AM Group<br>Responsable AddiPole Advanced manufacting groupe HEIG-VD<br><\/p><\/div><\/div><\/div><\/div>\n","protected":false},"excerpt":{"rendered":"<p>During the 2 days of 2022 edition, you have been able to attend high level scientific and technical video-conferences that will be held by independent speakers: surgeons, researchers and innovative industrialists. In 2023 the program is still as rich and these presentations will help you make your choices among the therapeutic advances and the real [&hellip;]<\/p>\n","protected":false},"author":1,"featured_media":0,"parent":0,"menu_order":25,"comment_status":"closed","ping_status":"closed","template":"","meta":{"footnotes":""},"class_list":["post-2864","page","type-page","status-publish","hentry"],"acf":[],"_links":{"self":[{"href":"https:\/\/www.orthomanufacture.com\/2023\/wp-json\/wp\/v2\/pages\/2864","targetHints":{"allow":["GET"]}}],"collection":[{"href":"https:\/\/www.orthomanufacture.com\/2023\/wp-json\/wp\/v2\/pages"}],"about":[{"href":"https:\/\/www.orthomanufacture.com\/2023\/wp-json\/wp\/v2\/types\/page"}],"author":[{"embeddable":true,"href":"https:\/\/www.orthomanufacture.com\/2023\/wp-json\/wp\/v2\/users\/1"}],"replies":[{"embeddable":true,"href":"https:\/\/www.orthomanufacture.com\/2023\/wp-json\/wp\/v2\/comments?post=2864"}],"version-history":[{"count":0,"href":"https:\/\/www.orthomanufacture.com\/2023\/wp-json\/wp\/v2\/pages\/2864\/revisions"}],"wp:attachment":[{"href":"https:\/\/www.orthomanufacture.com\/2023\/wp-json\/wp\/v2\/media?parent=2864"}],"curies":[{"name":"wp","href":"https:\/\/api.w.org\/{rel}","templated":true}]}}