{"id":2849,"date":"2019-05-27T14:27:52","date_gmt":"2019-05-27T12:27:52","guid":{"rendered":"https:\/\/www.orthomanufacture.com\/?page_id=2849"},"modified":"2023-03-29T14:22:30","modified_gmt":"2023-03-29T12:22:30","slug":"aussteller","status":"publish","type":"page","link":"https:\/\/www.orthomanufacture.com\/2023\/de\/aussteller-2\/aussteller\/","title":{"rendered":"Werden Sie Aussteller in 2023"},"content":{"rendered":"\n<p class=\"has-text-align-center\"><span style=\"color: #0693e3\" class=\"stk-highlight\"><strong>Unsere Partner<\/strong><\/span><\/p>\n\n\n\n<div class=\"wp-block-columns are-vertically-aligned-center is-layout-flex wp-container-core-columns-is-layout-9d6595d7 wp-block-columns-is-layout-flex\">\n<div class=\"wp-block-column is-vertically-aligned-center is-layout-flow wp-block-column-is-layout-flow\">\n<figure class=\"wp-block-image size-large is-resized\"><img loading=\"lazy\" decoding=\"async\" src=\"https:\/\/www.orthomanufacture.com\/wp-content\/uploads\/2019\/06\/Logo-officiel-1024x246.png\" alt=\"\" class=\"wp-image-5861\" width=\"201\" height=\"48\" srcset=\"https:\/\/www.orthomanufacture.com\/2023\/wp-content\/uploads\/sites\/11\/2019\/06\/Logo-officiel-1024x246.png 1024w, https:\/\/www.orthomanufacture.com\/2023\/wp-content\/uploads\/sites\/11\/2019\/06\/Logo-officiel-300x72.png 300w, https:\/\/www.orthomanufacture.com\/2023\/wp-content\/uploads\/sites\/11\/2019\/06\/Logo-officiel-768x184.png 768w, https:\/\/www.orthomanufacture.com\/2023\/wp-content\/uploads\/sites\/11\/2019\/06\/Logo-officiel-600x144.png 600w, https:\/\/www.orthomanufacture.com\/2023\/wp-content\/uploads\/sites\/11\/2019\/06\/Logo-officiel.png 1200w\" sizes=\"auto, (max-width: 201px) 100vw, 201px\" \/><\/figure>\n<\/div>\n\n\n\n<div class=\"wp-block-column is-vertically-aligned-center is-layout-flow wp-block-column-is-layout-flow\"><div class=\"wp-block-image\">\n<figure class=\"aligncenter size-full is-resized\"><img loading=\"lazy\" decoding=\"async\" src=\"https:\/\/www.orthomanufacture.com\/wp-content\/uploads\/2019\/06\/LOGO-DeviceMed-France_Logo-300x89.jpg\" alt=\"\" class=\"wp-image-2999\" width=\"142\" height=\"42\" \/><\/figure>\n<\/div><\/div>\n\n\n\n<div class=\"wp-block-column is-vertically-aligned-center is-layout-flow wp-block-column-is-layout-flow\"><div class=\"wp-block-image\">\n<figure class=\"aligncenter size-full\"><a href=\"https:\/\/www.vaud-economie.ch\/\" target=\"_blank\" rel=\"noopener\"><img loading=\"lazy\" decoding=\"async\" width=\"512\" height=\"214\" src=\"https:\/\/www.orthomanufacture.com\/wp-content\/uploads\/2022\/12\/Marque-Vaud-Color-Black-Digital.png\" alt=\"\" class=\"wp-image-5863\" srcset=\"https:\/\/www.orthomanufacture.com\/2023\/wp-content\/uploads\/sites\/11\/2022\/12\/Marque-Vaud-Color-Black-Digital.png 512w, https:\/\/www.orthomanufacture.com\/2023\/wp-content\/uploads\/sites\/11\/2022\/12\/Marque-Vaud-Color-Black-Digital-300x125.png 300w\" sizes=\"auto, (max-width: 512px) 100vw, 512px\" \/><\/a><\/figure>\n<\/div><\/div>\n\n\n\n<div class=\"wp-block-column is-vertically-aligned-center is-layout-flow wp-block-column-is-layout-flow\"><div class=\"wp-block-image\">\n<figure class=\"aligncenter size-full is-resized\"><a href=\"https:\/\/www.mines-stetienne.fr\/\" target=\"_blank\" rel=\"noopener\"><img loading=\"lazy\" decoding=\"async\" src=\"https:\/\/www.orthomanufacture.com\/wp-content\/uploads\/2022\/02\/Mines_Saint_Etienne_IMT_RVB-02-2022.png\" alt=\"\" class=\"wp-image-4873\" width=\"106\" height=\"106\" srcset=\"https:\/\/www.orthomanufacture.com\/2023\/wp-content\/uploads\/sites\/11\/2022\/02\/Mines_Saint_Etienne_IMT_RVB-02-2022.png 250w, https:\/\/www.orthomanufacture.com\/2023\/wp-content\/uploads\/sites\/11\/2022\/02\/Mines_Saint_Etienne_IMT_RVB-02-2022-150x150.png 150w, https:\/\/www.orthomanufacture.com\/2023\/wp-content\/uploads\/sites\/11\/2022\/02\/Mines_Saint_Etienne_IMT_RVB-02-2022-100x100.png 100w\" sizes=\"auto, (max-width: 106px) 100vw, 106px\" \/><\/a><\/figure>\n<\/div><\/div>\n\n\n\n<div class=\"wp-block-column is-vertically-aligned-center is-layout-flow wp-block-column-is-layout-flow\">\n<figure class=\"wp-block-image size-large is-resized\"><img loading=\"lazy\" decoding=\"async\" src=\"https:\/\/www.orthomanufacture.com\/wp-content\/uploads\/2022\/11\/SMT_LOGO_QUER_4F-1024x137.jpg\" alt=\"\" class=\"wp-image-5796\" width=\"213\" height=\"28\" srcset=\"https:\/\/www.orthomanufacture.com\/2023\/wp-content\/uploads\/sites\/11\/2022\/11\/SMT_LOGO_QUER_4F-1024x137.jpg 1024w, https:\/\/www.orthomanufacture.com\/2023\/wp-content\/uploads\/sites\/11\/2022\/11\/SMT_LOGO_QUER_4F-300x40.jpg 300w, https:\/\/www.orthomanufacture.com\/2023\/wp-content\/uploads\/sites\/11\/2022\/11\/SMT_LOGO_QUER_4F-768x102.jpg 768w, https:\/\/www.orthomanufacture.com\/2023\/wp-content\/uploads\/sites\/11\/2022\/11\/SMT_LOGO_QUER_4F-600x80.jpg 600w, https:\/\/www.orthomanufacture.com\/2023\/wp-content\/uploads\/sites\/11\/2022\/11\/SMT_LOGO_QUER_4F.jpg 1200w\" sizes=\"auto, (max-width: 213px) 100vw, 213px\" \/><\/figure>\n<\/div>\n<\/div>\n\n\n\n<div class=\"wp-block-columns are-vertically-aligned-center flex-center is-layout-flex wp-container-core-columns-is-layout-9d6595d7 wp-block-columns-is-layout-flex\">\n<div class=\"wp-block-column is-vertically-aligned-center is-layout-flow wp-block-column-is-layout-flow\" style=\"flex-basis:20%\">\n<figure class=\"wp-block-image size-large\"><a href=\"https:\/\/www.rms-foundation.ch\/en\/research\/technology-transfer\/meet-the-expert-conferences.html\" target=\"_blank\" rel=\"noreferrer noopener\"><img loading=\"lazy\" decoding=\"async\" width=\"1024\" height=\"216\" src=\"https:\/\/www.orthomanufacture.com\/wp-content\/uploads\/2019\/10\/Logo-MtE-1-1024x216.jpg\" alt=\"\" class=\"wp-image-3421\" srcset=\"https:\/\/www.orthomanufacture.com\/2023\/wp-content\/uploads\/sites\/11\/2019\/10\/Logo-MtE-1-1024x216.jpg 1024w, https:\/\/www.orthomanufacture.com\/2023\/wp-content\/uploads\/sites\/11\/2019\/10\/Logo-MtE-1-300x63.jpg 300w, https:\/\/www.orthomanufacture.com\/2023\/wp-content\/uploads\/sites\/11\/2019\/10\/Logo-MtE-1-768x162.jpg 768w, https:\/\/www.orthomanufacture.com\/2023\/wp-content\/uploads\/sites\/11\/2019\/10\/Logo-MtE-1.jpg 1200w, https:\/\/www.orthomanufacture.com\/2023\/wp-content\/uploads\/sites\/11\/2019\/10\/Logo-MtE-1-600x127.jpg 600w\" sizes=\"auto, (max-width: 1024px) 100vw, 1024px\" \/><\/a><\/figure>\n<\/div>\n\n\n\n<div class=\"wp-block-column is-vertically-aligned-center is-layout-flow wp-block-column-is-layout-flow\" style=\"flex-basis:20%\"><div class=\"wp-block-image\">\n<figure class=\"aligncenter size-large\"><a href=\"https:\/\/micronarc.ch\/\" target=\"_blank\" rel=\"noopener\"><img loading=\"lazy\" decoding=\"async\" width=\"1024\" height=\"307\" src=\"https:\/\/www.orthomanufacture.com\/wp-content\/uploads\/2022\/11\/LogoMicronarc_pourFondclair-1024x307.png\" alt=\"\" class=\"wp-image-5793\" srcset=\"https:\/\/www.orthomanufacture.com\/2023\/wp-content\/uploads\/sites\/11\/2022\/11\/LogoMicronarc_pourFondclair-1024x307.png 1024w, https:\/\/www.orthomanufacture.com\/2023\/wp-content\/uploads\/sites\/11\/2022\/11\/LogoMicronarc_pourFondclair-300x90.png 300w, https:\/\/www.orthomanufacture.com\/2023\/wp-content\/uploads\/sites\/11\/2022\/11\/LogoMicronarc_pourFondclair-768x230.png 768w, https:\/\/www.orthomanufacture.com\/2023\/wp-content\/uploads\/sites\/11\/2022\/11\/LogoMicronarc_pourFondclair-600x180.png 600w, https:\/\/www.orthomanufacture.com\/2023\/wp-content\/uploads\/sites\/11\/2022\/11\/LogoMicronarc_pourFondclair.png 1200w\" sizes=\"auto, (max-width: 1024px) 100vw, 1024px\" \/><\/a><\/figure>\n<\/div><\/div>\n\n\n\n<div class=\"wp-block-column is-vertically-aligned-center is-layout-flow wp-block-column-is-layout-flow\" style=\"flex-basis:20%\"><div class=\"wp-block-image\">\n<figure class=\"aligncenter size-large is-resized\"><a href=\"http:\/\/www.medicaltechoutlook.com\" target=\"_blank\" rel=\"noopener\"><img loading=\"lazy\" decoding=\"async\" src=\"https:\/\/www.orthomanufacture.com\/wp-content\/uploads\/2022\/04\/LOGO-MedTech-Outlook-1024x304.png\" alt=\"\" class=\"wp-image-5327\" width=\"113\" height=\"33\" srcset=\"https:\/\/www.orthomanufacture.com\/2023\/wp-content\/uploads\/sites\/11\/2022\/04\/LOGO-MedTech-Outlook-1024x304.png 1024w, https:\/\/www.orthomanufacture.com\/2023\/wp-content\/uploads\/sites\/11\/2022\/04\/LOGO-MedTech-Outlook-300x89.png 300w, https:\/\/www.orthomanufacture.com\/2023\/wp-content\/uploads\/sites\/11\/2022\/04\/LOGO-MedTech-Outlook-768x228.png 768w, https:\/\/www.orthomanufacture.com\/2023\/wp-content\/uploads\/sites\/11\/2022\/04\/LOGO-MedTech-Outlook-600x178.png 600w, https:\/\/www.orthomanufacture.com\/2023\/wp-content\/uploads\/sites\/11\/2022\/04\/LOGO-MedTech-Outlook.png 1200w\" sizes=\"auto, (max-width: 113px) 100vw, 113px\" \/><\/a><\/figure>\n<\/div><\/div>\n\n\n\n<div class=\"wp-block-column is-vertically-aligned-center is-layout-flow wp-block-column-is-layout-flow\" style=\"flex-basis:20%\"><div class=\"wp-block-image\">\n<figure class=\"aligncenter size-full is-resized\"><a href=\"http:\/\/www.avicenne.com\/presentation_medical.php\" target=\"_blank\" rel=\"noopener\"><img loading=\"lazy\" decoding=\"async\" src=\"https:\/\/www.orthomanufacture.com\/wp-content\/uploads\/2019\/06\/logo_avicenne_medical.png\" alt=\"avicenne medical\" class=\"wp-image-3221\" width=\"187\" height=\"60\" \/><\/a><\/figure>\n<\/div><\/div>\n<\/div>\n\n\n\n<div style=\"height:50px\" aria-hidden=\"true\" class=\"wp-block-spacer\"><\/div>\n\n\n\n<div class=\"wp-block-stackable-columns stk-block-columns stk-block stk-08a55f7\" data-block-id=\"08a55f7\"><div class=\"stk-row stk-inner-blocks stk-block-content stk-content-align stk-08a55f7-column\">\n<div class=\"wp-block-stackable-column stk-block-column stk-block-column--v2 stk-column stk-block stk-0051508\" data-block-id=\"0051508\"><div class=\"stk-column-wrapper stk-block-column__content stk-container stk-0051508-container stk--no-background stk--no-padding\"><div class=\"stk-block-content stk-inner-blocks stk-0051508-inner-blocks\">\n<div class=\"wp-block-buttons is-horizontal is-content-justification-center is-layout-flex wp-container-core-buttons-is-layout-499968f5 wp-block-buttons-is-layout-flex\">\n<div class=\"wp-block-button\"><a class=\"wp-block-button__link has-black-color has-vivid-cyan-blue-background-color has-text-color has-background wp-element-button\" href=\"https:\/\/www.orthomanufacture.com\/wp-content\/uploads\/2022\/11\/BOOKING-FORM-EXHIBITOR-2023.pdf\" target=\"_blank\" rel=\"noreferrer noopener\"><strong>Buchen Sie einen Standardstand<\/strong><\/a><\/div>\n<\/div>\n<\/div><\/div><\/div>\n\n\n\n<div class=\"wp-block-stackable-column stk-block-column stk-block-column--v2 stk-column stk-block stk-21bc601\" data-block-id=\"21bc601\"><div class=\"stk-column-wrapper stk-block-column__content stk-container stk-21bc601-container stk--no-background stk--no-padding\"><div class=\"stk-block-content stk-inner-blocks stk-21bc601-inner-blocks\">\n<div class=\"wp-block-buttons is-horizontal is-content-justification-center is-layout-flex wp-container-core-buttons-is-layout-499968f5 wp-block-buttons-is-layout-flex\">\n<div class=\"wp-block-button\"><a class=\"wp-block-button__link has-black-color has-vivid-cyan-blue-background-color has-text-color has-background wp-element-button\" href=\"https:\/\/www.orthomanufacture.com\/wp-content\/uploads\/2022\/11\/BOOKING-FORM-MINI-BOOTH-EXHIBITOR-2023.pdf\" target=\"_blank\" rel=\"noreferrer noopener\"><strong>Buchen Sie einen \u00ab\u00a0Mini-Stand\u00a0\u00bb<\/strong><\/a><\/div>\n<\/div>\n<\/div><\/div><\/div>\n\n\n\n<div class=\"wp-block-stackable-column stk-block-column stk-block-column--v2 stk-column stk-block stk-fd7b0c1\" data-block-id=\"fd7b0c1\"><div class=\"stk-column-wrapper stk-block-column__content stk-container stk-fd7b0c1-container stk--no-background stk--no-padding\"><div class=\"stk-block-content stk-inner-blocks stk-fd7b0c1-inner-blocks\">\n<div class=\"wp-block-buttons is-horizontal is-content-justification-center is-layout-flex wp-container-core-buttons-is-layout-499968f5 wp-block-buttons-is-layout-flex\">\n<div class=\"wp-block-button\"><a class=\"wp-block-button__link has-black-color has-vivid-cyan-blue-background-color has-text-color has-background wp-element-button\" href=\"https:\/\/www.orthomanufacture.com\/wp-content\/uploads\/2022\/12\/LISTE-EXPOSANTS-OTM-TOUTES-ANNEES-MAJ-2022.pdf\" target=\"_blank\" rel=\"noreferrer noopener\"><strong>Siehe Austeller der Vorjahre<\/strong><\/a><\/div>\n<\/div>\n<\/div><\/div><\/div>\n<\/div><\/div>\n\n\n\n<p>Die Teilnahmebedingungen als Aussteller sind oben im Buchungsformular angegeben.<\/p>\n\n\n\n<p>Die Konferenzsitzungen werden etwa anderthalb Stunden dauern und in den Pausen werden die Aussteller von den Zuh\u00f6rern besucht. Nat\u00fcrlich werden Besucher, die nicht an den Konferenzen teilnehmen, den ganzen Tag \u00fcber frei unter Ihnen zirkulieren.<\/p>\n\n\n\n<p>Die Buffets f\u00fcr Kaffeepausen und Mahlzeiten sind an mehreren Stellen in der Messehalle angeordnet, so dass alle Besucher auf die St\u00e4nde verteilt sind. Sie werden niemanden \u201evermissen\u201c k\u00f6nnen!<\/p>\n\n\n\n<div class=\"wp-block-stackable-button-group stk-block-button-group stk-block stk-48f3493\" data-block-id=\"48f3493\"><div class=\"stk-row stk-inner-blocks stk-block-content stk-button-group\">\n<div class=\"wp-block-stackable-button stk-block-button stk-block stk-d3ee862\" data-block-id=\"d3ee862\"><style>.stk-d3ee862 .stk-button{border-radius:24px !important}.stk-d3ee862 .stk-button__inner-text{font-size:18px !important;color:#000 !important;font-weight:bold !important}@media screen and (max-width:1023px){.stk-d3ee862 .stk-button__inner-text{font-size:18px !important}}<\/style><a class=\"stk-link stk-button stk--hover-effect-darken\" href=\"https:\/\/www.orthomanufacture.com\/de\/aussteller-2\/ausstellerliste\/\"><span class=\"has-text-color has-noir-color stk-button__inner-text\">Gehen Sie zur Ausstellerliste<\/span><\/a><\/div>\n<\/div><\/div>\n\n\n\n<p><\/p>\n\n\n\n<p><\/p>\n","protected":false},"excerpt":{"rendered":"<p>Unsere Partner Die Teilnahmebedingungen als Aussteller sind oben im Buchungsformular angegeben. Die Konferenzsitzungen werden etwa anderthalb Stunden dauern und in den Pausen werden die Aussteller von den Zuh\u00f6rern besucht. Nat\u00fcrlich werden Besucher, die nicht an den Konferenzen teilnehmen, den ganzen Tag \u00fcber frei unter Ihnen zirkulieren. Die Buffets f\u00fcr Kaffeepausen und Mahlzeiten sind an mehreren [&hellip;]<\/p>\n","protected":false},"author":1,"featured_media":0,"parent":6091,"menu_order":13,"comment_status":"closed","ping_status":"closed","template":"","meta":{"footnotes":""},"class_list":["post-2849","page","type-page","status-publish","hentry"],"acf":[],"_links":{"self":[{"href":"https:\/\/www.orthomanufacture.com\/2023\/wp-json\/wp\/v2\/pages\/2849","targetHints":{"allow":["GET"]}}],"collection":[{"href":"https:\/\/www.orthomanufacture.com\/2023\/wp-json\/wp\/v2\/pages"}],"about":[{"href":"https:\/\/www.orthomanufacture.com\/2023\/wp-json\/wp\/v2\/types\/page"}],"author":[{"embeddable":true,"href":"https:\/\/www.orthomanufacture.com\/2023\/wp-json\/wp\/v2\/users\/1"}],"replies":[{"embeddable":true,"href":"https:\/\/www.orthomanufacture.com\/2023\/wp-json\/wp\/v2\/comments?post=2849"}],"version-history":[{"count":0,"href":"https:\/\/www.orthomanufacture.com\/2023\/wp-json\/wp\/v2\/pages\/2849\/revisions"}],"up":[{"embeddable":true,"href":"https:\/\/www.orthomanufacture.com\/2023\/wp-json\/wp\/v2\/pages\/6091"}],"wp:attachment":[{"href":"https:\/\/www.orthomanufacture.com\/2023\/wp-json\/wp\/v2\/media?parent=2849"}],"curies":[{"name":"wp","href":"https:\/\/api.w.org\/{rel}","templated":true}]}}