{"id":2845,"date":"2019-05-27T14:26:52","date_gmt":"2019-05-27T12:26:52","guid":{"rendered":"https:\/\/www.orthomanufacture.com\/?page_id=2845"},"modified":"2023-03-29T14:19:54","modified_gmt":"2023-03-29T12:19:54","slug":"devenez-exposants","status":"publish","type":"page","link":"https:\/\/www.orthomanufacture.com\/2023\/fr\/exposants\/devenez-exposants\/","title":{"rendered":"Devenez exposant en 2023"},"content":{"rendered":"\n<div style=\"height:20px\" aria-hidden=\"true\" class=\"wp-block-spacer\"><\/div>\n\n\n\n<div class=\"wp-block-stackable-text stk-block-text stk-block stk-0d1fb4f\" data-block-id=\"0d1fb4f\"><style>.stk-0d1fb4f{margin-bottom:0px !important}<\/style><p class=\"stk-block-text__text has-text-align-center\"><span style=\"color: #0693e3\" class=\"stk-highlight\"><strong>Nos partenaires 2023<\/strong><\/span><\/p><\/div>\n\n\n\n<div style=\"height:30px\" aria-hidden=\"true\" class=\"wp-block-spacer\"><\/div>\n\n\n\n<div class=\"wp-block-columns are-vertically-aligned-center is-layout-flex wp-container-core-columns-is-layout-9d6595d7 wp-block-columns-is-layout-flex\">\n<div class=\"wp-block-column is-vertically-aligned-center is-layout-flow wp-block-column-is-layout-flow\">\n<figure class=\"wp-block-image size-large is-resized\"><img loading=\"lazy\" decoding=\"async\" src=\"https:\/\/www.orthomanufacture.com\/wp-content\/uploads\/2019\/06\/Logo-officiel-1024x246.png\" alt=\"\" class=\"wp-image-5861\" width=\"201\" height=\"48\" srcset=\"https:\/\/www.orthomanufacture.com\/2023\/wp-content\/uploads\/sites\/11\/2019\/06\/Logo-officiel-1024x246.png 1024w, https:\/\/www.orthomanufacture.com\/2023\/wp-content\/uploads\/sites\/11\/2019\/06\/Logo-officiel-300x72.png 300w, https:\/\/www.orthomanufacture.com\/2023\/wp-content\/uploads\/sites\/11\/2019\/06\/Logo-officiel-768x184.png 768w, https:\/\/www.orthomanufacture.com\/2023\/wp-content\/uploads\/sites\/11\/2019\/06\/Logo-officiel-600x144.png 600w, https:\/\/www.orthomanufacture.com\/2023\/wp-content\/uploads\/sites\/11\/2019\/06\/Logo-officiel.png 1200w\" sizes=\"auto, (max-width: 201px) 100vw, 201px\" \/><\/figure>\n<\/div>\n\n\n\n<div class=\"wp-block-column is-vertically-aligned-center is-layout-flow wp-block-column-is-layout-flow\"><div class=\"wp-block-image\">\n<figure class=\"aligncenter size-full is-resized\"><img loading=\"lazy\" decoding=\"async\" src=\"https:\/\/www.orthomanufacture.com\/wp-content\/uploads\/2019\/06\/LOGO-DeviceMed-France_Logo-300x89.jpg\" alt=\"\" class=\"wp-image-2999\" width=\"142\" height=\"42\" \/><\/figure>\n<\/div><\/div>\n\n\n\n<div class=\"wp-block-column is-vertically-aligned-center is-layout-flow wp-block-column-is-layout-flow\"><div class=\"wp-block-image\">\n<figure class=\"aligncenter size-full\"><a href=\"https:\/\/www.vaud-economie.ch\/\" target=\"_blank\" rel=\"noopener\"><img loading=\"lazy\" decoding=\"async\" width=\"512\" height=\"214\" src=\"https:\/\/www.orthomanufacture.com\/wp-content\/uploads\/2022\/12\/Marque-Vaud-Color-Black-Digital.png\" alt=\"\" class=\"wp-image-5863\" srcset=\"https:\/\/www.orthomanufacture.com\/2023\/wp-content\/uploads\/sites\/11\/2022\/12\/Marque-Vaud-Color-Black-Digital.png 512w, https:\/\/www.orthomanufacture.com\/2023\/wp-content\/uploads\/sites\/11\/2022\/12\/Marque-Vaud-Color-Black-Digital-300x125.png 300w\" sizes=\"auto, (max-width: 512px) 100vw, 512px\" \/><\/a><\/figure>\n<\/div><\/div>\n\n\n\n<div class=\"wp-block-column is-vertically-aligned-center is-layout-flow wp-block-column-is-layout-flow\"><div class=\"wp-block-image\">\n<figure class=\"aligncenter size-full is-resized\"><a href=\"https:\/\/www.mines-stetienne.fr\/\" target=\"_blank\" rel=\"noopener\"><img loading=\"lazy\" decoding=\"async\" src=\"https:\/\/www.orthomanufacture.com\/wp-content\/uploads\/2022\/02\/Mines_Saint_Etienne_IMT_RVB-02-2022.png\" alt=\"\" class=\"wp-image-4873\" width=\"106\" height=\"106\" srcset=\"https:\/\/www.orthomanufacture.com\/2023\/wp-content\/uploads\/sites\/11\/2022\/02\/Mines_Saint_Etienne_IMT_RVB-02-2022.png 250w, https:\/\/www.orthomanufacture.com\/2023\/wp-content\/uploads\/sites\/11\/2022\/02\/Mines_Saint_Etienne_IMT_RVB-02-2022-150x150.png 150w, https:\/\/www.orthomanufacture.com\/2023\/wp-content\/uploads\/sites\/11\/2022\/02\/Mines_Saint_Etienne_IMT_RVB-02-2022-100x100.png 100w\" sizes=\"auto, (max-width: 106px) 100vw, 106px\" \/><\/a><\/figure>\n<\/div><\/div>\n\n\n\n<div class=\"wp-block-column is-vertically-aligned-center is-layout-flow wp-block-column-is-layout-flow\">\n<figure class=\"wp-block-image size-large is-resized\"><img loading=\"lazy\" decoding=\"async\" src=\"https:\/\/www.orthomanufacture.com\/wp-content\/uploads\/2022\/11\/SMT_LOGO_QUER_4F-1024x137.jpg\" alt=\"\" class=\"wp-image-5796\" width=\"213\" height=\"28\" srcset=\"https:\/\/www.orthomanufacture.com\/2023\/wp-content\/uploads\/sites\/11\/2022\/11\/SMT_LOGO_QUER_4F-1024x137.jpg 1024w, https:\/\/www.orthomanufacture.com\/2023\/wp-content\/uploads\/sites\/11\/2022\/11\/SMT_LOGO_QUER_4F-300x40.jpg 300w, https:\/\/www.orthomanufacture.com\/2023\/wp-content\/uploads\/sites\/11\/2022\/11\/SMT_LOGO_QUER_4F-768x102.jpg 768w, https:\/\/www.orthomanufacture.com\/2023\/wp-content\/uploads\/sites\/11\/2022\/11\/SMT_LOGO_QUER_4F-600x80.jpg 600w, https:\/\/www.orthomanufacture.com\/2023\/wp-content\/uploads\/sites\/11\/2022\/11\/SMT_LOGO_QUER_4F.jpg 1200w\" sizes=\"auto, (max-width: 213px) 100vw, 213px\" \/><\/figure>\n<\/div>\n<\/div>\n\n\n\n<div class=\"wp-block-columns are-vertically-aligned-center flex-center is-layout-flex wp-container-core-columns-is-layout-9d6595d7 wp-block-columns-is-layout-flex\">\n<div class=\"wp-block-column is-vertically-aligned-center is-layout-flow wp-block-column-is-layout-flow\" style=\"flex-basis:20%\">\n<figure class=\"wp-block-image size-large\"><a href=\"https:\/\/www.rms-foundation.ch\/en\/research\/technology-transfer\/meet-the-expert-conferences.html\" target=\"_blank\" rel=\"noreferrer noopener\"><img loading=\"lazy\" decoding=\"async\" width=\"1024\" height=\"216\" src=\"https:\/\/www.orthomanufacture.com\/wp-content\/uploads\/2019\/10\/Logo-MtE-1-1024x216.jpg\" alt=\"\" class=\"wp-image-3421\" srcset=\"https:\/\/www.orthomanufacture.com\/2023\/wp-content\/uploads\/sites\/11\/2019\/10\/Logo-MtE-1-1024x216.jpg 1024w, https:\/\/www.orthomanufacture.com\/2023\/wp-content\/uploads\/sites\/11\/2019\/10\/Logo-MtE-1-300x63.jpg 300w, https:\/\/www.orthomanufacture.com\/2023\/wp-content\/uploads\/sites\/11\/2019\/10\/Logo-MtE-1-768x162.jpg 768w, https:\/\/www.orthomanufacture.com\/2023\/wp-content\/uploads\/sites\/11\/2019\/10\/Logo-MtE-1.jpg 1200w, https:\/\/www.orthomanufacture.com\/2023\/wp-content\/uploads\/sites\/11\/2019\/10\/Logo-MtE-1-600x127.jpg 600w\" sizes=\"auto, (max-width: 1024px) 100vw, 1024px\" \/><\/a><\/figure>\n<\/div>\n\n\n\n<div class=\"wp-block-column is-vertically-aligned-center is-layout-flow wp-block-column-is-layout-flow\" style=\"flex-basis:20%\"><div class=\"wp-block-image\">\n<figure class=\"aligncenter size-large\"><a href=\"https:\/\/micronarc.ch\/\" target=\"_blank\" rel=\"noopener\"><img loading=\"lazy\" decoding=\"async\" width=\"1024\" height=\"307\" src=\"https:\/\/www.orthomanufacture.com\/wp-content\/uploads\/2022\/11\/LogoMicronarc_pourFondclair-1024x307.png\" alt=\"\" class=\"wp-image-5793\" srcset=\"https:\/\/www.orthomanufacture.com\/2023\/wp-content\/uploads\/sites\/11\/2022\/11\/LogoMicronarc_pourFondclair-1024x307.png 1024w, https:\/\/www.orthomanufacture.com\/2023\/wp-content\/uploads\/sites\/11\/2022\/11\/LogoMicronarc_pourFondclair-300x90.png 300w, https:\/\/www.orthomanufacture.com\/2023\/wp-content\/uploads\/sites\/11\/2022\/11\/LogoMicronarc_pourFondclair-768x230.png 768w, https:\/\/www.orthomanufacture.com\/2023\/wp-content\/uploads\/sites\/11\/2022\/11\/LogoMicronarc_pourFondclair-600x180.png 600w, https:\/\/www.orthomanufacture.com\/2023\/wp-content\/uploads\/sites\/11\/2022\/11\/LogoMicronarc_pourFondclair.png 1200w\" sizes=\"auto, (max-width: 1024px) 100vw, 1024px\" \/><\/a><\/figure>\n<\/div><\/div>\n\n\n\n<div class=\"wp-block-column is-vertically-aligned-center is-layout-flow wp-block-column-is-layout-flow\" style=\"flex-basis:20%\"><div class=\"wp-block-image\">\n<figure class=\"aligncenter size-large is-resized\"><a href=\"http:\/\/www.medicaltechoutlook.com\" target=\"_blank\" rel=\"noopener\"><img loading=\"lazy\" decoding=\"async\" src=\"https:\/\/www.orthomanufacture.com\/wp-content\/uploads\/2022\/04\/LOGO-MedTech-Outlook-1024x304.png\" alt=\"\" class=\"wp-image-5327\" width=\"113\" height=\"33\" srcset=\"https:\/\/www.orthomanufacture.com\/2023\/wp-content\/uploads\/sites\/11\/2022\/04\/LOGO-MedTech-Outlook-1024x304.png 1024w, https:\/\/www.orthomanufacture.com\/2023\/wp-content\/uploads\/sites\/11\/2022\/04\/LOGO-MedTech-Outlook-300x89.png 300w, https:\/\/www.orthomanufacture.com\/2023\/wp-content\/uploads\/sites\/11\/2022\/04\/LOGO-MedTech-Outlook-768x228.png 768w, https:\/\/www.orthomanufacture.com\/2023\/wp-content\/uploads\/sites\/11\/2022\/04\/LOGO-MedTech-Outlook-600x178.png 600w, https:\/\/www.orthomanufacture.com\/2023\/wp-content\/uploads\/sites\/11\/2022\/04\/LOGO-MedTech-Outlook.png 1200w\" sizes=\"auto, (max-width: 113px) 100vw, 113px\" \/><\/a><\/figure>\n<\/div><\/div>\n\n\n\n<div class=\"wp-block-column is-vertically-aligned-center is-layout-flow wp-block-column-is-layout-flow\" style=\"flex-basis:20%\"><div class=\"wp-block-image\">\n<figure class=\"aligncenter size-full is-resized\"><a href=\"http:\/\/www.avicenne.com\/presentation_medical.php\" target=\"_blank\" rel=\"noopener\"><img loading=\"lazy\" decoding=\"async\" src=\"https:\/\/www.orthomanufacture.com\/wp-content\/uploads\/2019\/06\/logo_avicenne_medical.png\" alt=\"avicenne medical\" class=\"wp-image-3221\" width=\"187\" height=\"60\" \/><\/a><\/figure>\n<\/div><\/div>\n<\/div>\n\n\n\n<div style=\"height:30px\" aria-hidden=\"true\" class=\"wp-block-spacer\"><\/div>\n\n\n\n<h2 class=\"has-text-align-center has-bleu-color has-text-color wp-block-heading\">Vous souhaitez exposer \u00e0 ORTHO<strong>MANUFACTURE<\/strong> 2023 ?<\/h2>\n\n\n\n<p class=\"has-text-align-center\">Nous vous proposons diff\u00e9rentes formules selon vos besoins<\/p>\n\n\n\n<div style=\"height:30px\" aria-hidden=\"true\" class=\"wp-block-spacer\"><\/div>\n\n\n\n<div class=\"wp-block-columns gap__2em is-layout-flex wp-container-core-columns-is-layout-9d6595d7 wp-block-columns-is-layout-flex\">\n<div class=\"wp-block-column is-layout-flow wp-block-column-is-layout-flow\">\n<h3 class=\"has-text-align-center wp-block-heading\">Formule standard<\/h3>\n\n\n\n<div style=\"height:10px\" aria-hidden=\"true\" class=\"wp-block-spacer\"><\/div>\n\n\n\n<p class=\"has-text-align-center\">Cette formule comprend une surface d&rsquo;exposition de 5 \u00e0 6 m\u00b2 environ, une table et deux chaises, une prise \u00e9lectrique 220 V et l&rsquo;\u00e9clairage. La restauration buffet des 2 midis, la participation \u00e0 la soir\u00e9e et l\u2019acc\u00e8s \u00e0 la salle de conf\u00e9rences sont inclus pour 2 personnes.<\/p>\n\n\n\n<div style=\"height:10px\" aria-hidden=\"true\" class=\"wp-block-spacer\"><\/div>\n\n\n\n<div class=\"wp-block-buttons is-horizontal is-content-justification-center is-layout-flex wp-container-core-buttons-is-layout-499968f5 wp-block-buttons-is-layout-flex\">\n<div class=\"wp-block-button\"><a class=\"wp-block-button__link has-black-color has-vivid-cyan-blue-background-color has-text-color has-background wp-element-button\" href=\"https:\/\/www.orthomanufacture.com\/wp-content\/uploads\/2022\/11\/BON-DE-RESERVATION-EXPOSANT-FRANCAIS-2023.pdf\" target=\"_blank\" rel=\"noreferrer noopener\"><strong>Je r\u00e9serve un stand standard<\/strong><\/a><\/div>\n<\/div>\n<\/div>\n\n\n\n<div class=\"wp-block-column is-layout-flow wp-block-column-is-layout-flow\">\n<h3 class=\"has-text-align-center wp-block-heading\">Formule \u00ab\u00a0mini-stand\u00a0\u00bb<\/h3>\n\n\n\n<div style=\"height:10px\" aria-hidden=\"true\" class=\"wp-block-spacer\"><\/div>\n\n\n\n<p class=\"has-text-align-center\">Cette formule comprend une table mange debout + chaise haute avec possibilit\u00e9 de mettre un roll up.<br>Pour 1 ou 2 personnes suivant formule choisie, incluant les buffets des 2 midis, l\u2019acc\u00e8s \u00e0 la salle de conf\u00e9rences et la soir\u00e9e conviviale.<\/p>\n\n\n\n<div style=\"height:10px\" aria-hidden=\"true\" class=\"wp-block-spacer\"><\/div>\n\n\n\n<div class=\"wp-block-buttons is-horizontal is-content-justification-center is-layout-flex wp-container-core-buttons-is-layout-499968f5 wp-block-buttons-is-layout-flex\">\n<div class=\"wp-block-button\"><a class=\"wp-block-button__link has-black-color has-vivid-cyan-blue-background-color has-text-color has-background wp-element-button\" href=\"https:\/\/www.orthomanufacture.com\/wp-content\/uploads\/2022\/11\/BON-DE-RESERVATION-MINI-STAND-FRANCE-2023.pdf\" target=\"_blank\" rel=\"noreferrer noopener\"><strong>Je r\u00e9serve un \u00ab\u00a0mini-stand\u00a0\u00bb<\/strong><\/a><\/div>\n<\/div>\n<\/div>\n<\/div>\n\n\n\n<div style=\"height:30px\" aria-hidden=\"true\" class=\"wp-block-spacer\"><\/div>\n\n\n\n<p>Les conditions de participation en tant qu&rsquo;exposant sont indiqu\u00e9es dans le bon de r\u00e9servation ci-dessus.<\/p>\n\n\n\n<p>Les s\u00e9ances de conf\u00e9rences seront de l&rsquo;ordre d&rsquo;une heure et demi et pendant les pauses les exposants seront visit\u00e9s par les auditeurs. Bien s\u00fbr, tout au long de la journ\u00e9e les visiteurs n&rsquo;assistant pas aux conf\u00e9rences circuleront librement parmi vous.<\/p>\n\n\n\n<p>Les buffets pour les pauses caf\u00e9 et les repas sont dispos\u00e9s en plusieurs points dans la salle d\u2019exposition afin que tous les visiteurs se r\u00e9partissent parmi les stands. Vous ne pourrez \u00ab\u00a0rater\u00a0\u00bb personnes !<\/p>\n\n\n\n<div style=\"height:50px\" aria-hidden=\"true\" class=\"wp-block-spacer\"><\/div>\n\n\n\n<div class=\"wp-block-stackable-button-group stk-block-button-group stk-block stk-8ef9022\" data-block-id=\"8ef9022\"><div class=\"stk-row stk-inner-blocks stk-block-content stk-button-group\">\n<div class=\"wp-block-stackable-button stk-block-button stk-block stk-3084832\" data-block-id=\"3084832\"><style>.stk-3084832 .stk-button{border-radius:27px !important}.stk-3084832 .stk-button__inner-text{font-size:18px !important;color:#000 !important;font-weight:bold !important}@media screen and (max-width:1023px){.stk-3084832 .stk-button__inner-text{font-size:18px !important}}<\/style><a class=\"stk-link stk-button stk--hover-effect-darken\" href=\"https:\/\/www.orthomanufacture.com\/fr\/exposants\/liste-des-exposants\/\"><span class=\"has-text-color has-noir-color stk-button__inner-text\">Aller \u00e0 la liste exposants 2023<\/span><\/a><\/div>\n<\/div><\/div>\n\n\n\n<h5 class=\"wp-block-heading\">D\u00e9couvrez les exposants des \u00e9ditions pr\u00e9c\u00e9dentes <\/h5>\n\n\n\n<p>&gt; <a href=\"https:\/\/www.orthomanufacture.com\/wp-content\/uploads\/2022\/12\/LISTE-EXPOSANTS-OTM-TOUTES-ANNEES-MAJ-2022.pdf\" target=\"_blank\" rel=\"noreferrer noopener\">T\u00e9l\u00e9chargez la liste des exposants des \u00e9ditions pr\u00e9c\u00e9dentes (pdf)<\/a><\/p>\n","protected":false},"excerpt":{"rendered":"<p>Vous souhaitez exposer \u00e0 ORTHOMANUFACTURE 2023 ? Nous vous proposons diff\u00e9rentes formules selon vos besoins Formule standard Cette formule comprend une surface d&rsquo;exposition de 5 \u00e0 6 m\u00b2 environ, une table et deux chaises, une prise \u00e9lectrique 220 V et l&rsquo;\u00e9clairage. La restauration buffet des 2 midis, la participation \u00e0 la soir\u00e9e et l\u2019acc\u00e8s \u00e0 [&hellip;]<\/p>\n","protected":false},"author":1,"featured_media":0,"parent":5943,"menu_order":5,"comment_status":"closed","ping_status":"closed","template":"","meta":{"footnotes":""},"class_list":["post-2845","page","type-page","status-publish","hentry"],"acf":[],"_links":{"self":[{"href":"https:\/\/www.orthomanufacture.com\/2023\/wp-json\/wp\/v2\/pages\/2845","targetHints":{"allow":["GET"]}}],"collection":[{"href":"https:\/\/www.orthomanufacture.com\/2023\/wp-json\/wp\/v2\/pages"}],"about":[{"href":"https:\/\/www.orthomanufacture.com\/2023\/wp-json\/wp\/v2\/types\/page"}],"author":[{"embeddable":true,"href":"https:\/\/www.orthomanufacture.com\/2023\/wp-json\/wp\/v2\/users\/1"}],"replies":[{"embeddable":true,"href":"https:\/\/www.orthomanufacture.com\/2023\/wp-json\/wp\/v2\/comments?post=2845"}],"version-history":[{"count":0,"href":"https:\/\/www.orthomanufacture.com\/2023\/wp-json\/wp\/v2\/pages\/2845\/revisions"}],"up":[{"embeddable":true,"href":"https:\/\/www.orthomanufacture.com\/2023\/wp-json\/wp\/v2\/pages\/5943"}],"wp:attachment":[{"href":"https:\/\/www.orthomanufacture.com\/2023\/wp-json\/wp\/v2\/media?parent=2845"}],"curies":[{"name":"wp","href":"https:\/\/api.w.org\/{rel}","templated":true}]}}