{"id":2840,"date":"2019-05-27T11:55:13","date_gmt":"2019-05-27T09:55:13","guid":{"rendered":"https:\/\/www.orthomanufacture.com\/?page_id=2840"},"modified":"2025-03-24T20:14:33","modified_gmt":"2025-03-24T19:14:33","slug":"home-de","status":"publish","type":"page","link":"https:\/\/www.orthomanufacture.com\/2023\/de\/home-de\/","title":{"rendered":"STARTSEITE"},"content":{"rendered":"\n<div style=\"height:30px\" aria-hidden=\"true\" class=\"wp-block-spacer\"><\/div>\n\n\n\n<h1 class=\"wp-block-heading has-text-align-center\">Orthomanufacture ist<\/h1>\n\n\n\n<div style=\"height:40px\" aria-hidden=\"true\" class=\"wp-block-spacer\"><\/div>\n\n\n\n<div class=\"wp-block-columns gap__2em is-layout-flex wp-container-core-columns-is-layout-9d6595d7 wp-block-columns-is-layout-flex\">\n<div class=\"wp-block-column is-layout-flow wp-block-column-is-layout-flow\"><div class=\"wp-block-image\">\n<figure class=\"aligncenter size-full\"><img loading=\"lazy\" decoding=\"async\" width=\"60\" height=\"49\" src=\"https:\/\/www.orthomanufacture.com\/wp-content\/uploads\/2023\/01\/icon_group.png\" alt=\"\" class=\"wp-image-5967\"\/><\/figure>\n<\/div>\n\n\n<hr class=\"wp-block-separator aligncenter has-text-color has-rose-color has-alpha-channel-opacity has-rose-background-color has-background\"\/>\n\n\n\n<p class=\"has-text-align-center\">Eine physische Fachmesse f\u00fcr Hersteller und Zulieferanten in der Implantat-Branche.<\/p>\n<\/div>\n\n\n\n<div class=\"wp-block-column is-layout-flow wp-block-column-is-layout-flow\"><div class=\"wp-block-image\">\n<figure class=\"aligncenter size-full\"><img loading=\"lazy\" decoding=\"async\" width=\"60\" height=\"49\" src=\"https:\/\/www.orthomanufacture.com\/wp-content\/uploads\/2023\/01\/icon_robot.png\" alt=\"\" class=\"wp-image-5971\"\/><\/figure>\n<\/div>\n\n\n<hr class=\"wp-block-separator aligncenter has-text-color has-rose-color has-alpha-channel-opacity has-rose-background-color has-background\"\/>\n\n\n\n<p class=\"has-text-align-center\">Rund50 Industrieaussteller heissen Sie vor Ort willkommen<\/p>\n<\/div>\n\n\n\n<div class=\"wp-block-column is-layout-flow wp-block-column-is-layout-flow\"><div class=\"wp-block-image\">\n<figure class=\"aligncenter size-full\"><img loading=\"lazy\" decoding=\"async\" width=\"60\" height=\"49\" src=\"https:\/\/www.orthomanufacture.com\/wp-content\/uploads\/2023\/01\/icon_micro.png\" alt=\"\" class=\"wp-image-5970\"\/><\/figure>\n<\/div>\n\n\n<hr class=\"wp-block-separator aligncenter has-text-color has-rose-color has-alpha-channel-opacity has-rose-background-color has-background\"\/>\n\n\n\n<p class=\"has-text-align-center\">Technische und wissenschaftliche Vortr\u00e4ge, pr\u00e4sentiert von Forschungsexperten, Professoren und Top-Managern aus der Industrie\u2026<\/p>\n<\/div>\n<\/div>\n\n\n\n<div class=\"wp-block-group alignwide has-gris-background-color has-background\"><div class=\"wp-block-group__inner-container is-layout-constrained wp-block-group-is-layout-constrained\">\n<div style=\"height:50px\" aria-hidden=\"true\" class=\"wp-block-spacer\"><\/div>\n\n\n\n<div class=\"wp-block-columns marg0 is-layout-flex wp-container-core-columns-is-layout-9d6595d7 wp-block-columns-is-layout-flex\">\n<div class=\"wp-block-column is-layout-flow wp-block-column-is-layout-flow\" style=\"flex-basis:33.33%\">\n<figure class=\"wp-block-image size-full\"><img loading=\"lazy\" decoding=\"async\" width=\"826\" height=\"605\" src=\"https:\/\/www.orthomanufacture.com\/wp-content\/uploads\/2022\/10\/CARTE-ACTIVITES-MEDICALES-EN-SUISSE-10-2022.png\" alt=\"\" class=\"wp-image-5717\" srcset=\"https:\/\/www.orthomanufacture.com\/2023\/wp-content\/uploads\/sites\/11\/2022\/10\/CARTE-ACTIVITES-MEDICALES-EN-SUISSE-10-2022.png 826w, https:\/\/www.orthomanufacture.com\/2023\/wp-content\/uploads\/sites\/11\/2022\/10\/CARTE-ACTIVITES-MEDICALES-EN-SUISSE-10-2022-300x220.png 300w, https:\/\/www.orthomanufacture.com\/2023\/wp-content\/uploads\/sites\/11\/2022\/10\/CARTE-ACTIVITES-MEDICALES-EN-SUISSE-10-2022-768x563.png 768w, https:\/\/www.orthomanufacture.com\/2023\/wp-content\/uploads\/sites\/11\/2022\/10\/CARTE-ACTIVITES-MEDICALES-EN-SUISSE-10-2022-600x439.png 600w\" sizes=\"auto, (max-width: 826px) 100vw, 826px\" \/><\/figure>\n<\/div>\n\n\n\n<div class=\"wp-block-column is-layout-flow wp-block-column-is-layout-flow\" style=\"flex-basis:66.66%\">\n<h2 class=\"wp-block-heading has-text-align-left\">Eine <strong>Veranstaltung<\/strong><\/h2>\n\n\n\n<div style=\"height:20px\" aria-hidden=\"true\" class=\"wp-block-spacer\"><\/div>\n\n\n\n<p>Ausgerichtet auf die Sektoren medizinische Implantate und Ger\u00e4te f\u00fcr die Orthop\u00e4die, Traumatologie, Wirbels\u00e4ulen- und Zahnmedizin\u2026<\/p>\n\n\n\n<p>Diese Messe wurde mit dem Ziel ins Leben gerufen, einen j\u00e4hrlichen Treffpunkt f\u00fcr Unternehmer der Branche der medizinischen Implantate zu schaffen.<\/p>\n\n\n\n<p>Die Messe bietet die M\u00f6glichkeit, andere Unternehmer und \u00c4rzte zu treffen, eigene wissenschaftliche Erkenntnisse mit anderen zu teilen und sich \u00fcber technische, medizinische und gesetzliche Fortschritte zu informieren.<\/p>\n<\/div>\n<\/div>\n\n\n\n<div style=\"height:40px\" aria-hidden=\"true\" class=\"wp-block-spacer\"><\/div>\n<\/div><\/div>\n\n\n\n<div style=\"height:40px\" aria-hidden=\"true\" class=\"wp-block-spacer\"><\/div>\n\n\n\n<h2 class=\"wp-block-heading has-text-align-center\">M\u00f6chten Sie teilnehmen?<\/h2>\n\n\n\n<div style=\"height:20px\" aria-hidden=\"true\" class=\"wp-block-spacer\"><\/div>\n\n\n\n<div class=\"wp-block-columns gap__8em is-layout-flex wp-container-core-columns-is-layout-9d6595d7 wp-block-columns-is-layout-flex\">\n<div class=\"wp-block-column is-layout-flow wp-block-column-is-layout-flow\">\n<h3 class=\"wp-block-heading has-text-align-center\"><strong>F\u00fcr Besucher<\/strong><\/h3>\n\n\n\n<div style=\"height:20px\" aria-hidden=\"true\" class=\"wp-block-spacer\"><\/div>\n\n\n\n<p><strong>Besuch der Fachmesse :&nbsp;<\/strong>Der Eintritt zum Besuch der Fachmesse (ohne Teilnahme an den Vortr\u00e4gen) betr\u00e4gt \u20ac30.-, inklusive Kaffeepausen und Cocktail-Lunch. F\u00fcr den Besuch der Messe registrieren Sie sich bitte hier: <strong><a href=\"https:\/\/www.orthomanufacture.com\/de\/anmeldung\/\" target=\"_blank\" rel=\"noreferrer noopener\">registrieren<\/a><\/strong>.<\/p>\n\n\n\n<p><strong>Teilnahme an Vortr\u00e4gen<\/strong> :&nbsp;F\u00fcr die Registrierung zur Teilnahme an den Vortr\u00e4gen sowie dem Besuch der Fachmesse folgen Sie bitte diesem Link: <strong><a href=\"https:\/\/www.orthomanufacture.com\/de\/deu-die-conference\/\">Details Konferenzen<\/a><\/strong>&gt;&nbsp; <a href=\"https:\/\/www.orthomanufacture.com\/de\/anmeldung\/\" target=\"_blank\" rel=\"noreferrer noopener\"><strong>Registrieren<\/strong><\/a><\/p>\n\n\n\n<div style=\"height:30px\" aria-hidden=\"true\" class=\"wp-block-spacer\"><\/div>\n\n\n\n<div class=\"wp-block-advgb-button aligncenter\"><a class=\"wp-block-advgb-button_link advgbbtn-26812919-cd14-4b01-9a77-ece1c9c9246e\" href=\"https:\/\/www.orthomanufacture.com\/de\/anmeldung\/\" target=\"_self\" rel=\"noopener noreferrer\"><span>Registrieren<\/span><\/a><\/div>\n<\/div>\n\n\n\n<div class=\"wp-block-column is-layout-flow wp-block-column-is-layout-flow\">\n<h3 class=\"wp-block-heading has-text-align-center\"><strong>F\u00fcr Aussteller<\/strong><\/h3>\n\n\n\n<div style=\"height:20px\" aria-hidden=\"true\" class=\"wp-block-spacer\"><\/div>\n\n\n\n<p><strong>Buchen Sie Ihren Messestand<\/strong>: Die identischen St\u00e4nde haben eine Gr\u00f6sse von 5 bis 6 m<sup>2<\/sup>, inklusive 1 Tisch, 2 St\u00fchle, Beleuchtung und Strom. <\/p>\n\n\n\n<p>Empfangen Sie Ihre Besucher und pr\u00e4sentieren Sie Ihr KnowHow in einer entspannten Atmosph\u00e4re, abseits des daily business.&nbsp; <a href=\"https:\/\/www.orthomanufacture.com\/wp-content\/uploads\/2022\/11\/BOOKING-FORM-EXHIBITOR-2023.pdf\" target=\"_blank\" rel=\"noreferrer noopener\"><strong>Messebedingungen ansehen<\/strong><\/a><\/p>\n\n\n\n<div style=\"height:50px\" aria-hidden=\"true\" class=\"wp-block-spacer\"><\/div>\n\n\n\n<div class=\"wp-block-advgb-button aligncenter\"><a class=\"wp-block-advgb-button_link advgbbtn-0830f8aa-b84e-43e2-95b0-600a6cb36f8d\" href=\"https:\/\/www.orthomanufacture.com\/de\/aussteller\/\" target=\"_self\" rel=\"noopener noreferrer\"><span>Seien Sie Aussteller<\/span><\/a><\/div>\n<\/div>\n<\/div>\n\n\n\n<div style=\"height:40px\" aria-hidden=\"true\" class=\"wp-block-spacer\"><\/div>\n\n\n\n<p><\/p>\n","protected":false},"excerpt":{"rendered":"<p>Orthomanufacture ist Eine physische Fachmesse f\u00fcr Hersteller und Zulieferanten in der Implantat-Branche. Rund50 Industrieaussteller heissen Sie vor Ort willkommen Technische und wissenschaftliche Vortr\u00e4ge, pr\u00e4sentiert von Forschungsexperten, Professoren und Top-Managern aus der Industrie\u2026 Eine Veranstaltung Ausgerichtet auf die Sektoren medizinische Implantate und Ger\u00e4te f\u00fcr die Orthop\u00e4die, Traumatologie, Wirbels\u00e4ulen- und Zahnmedizin\u2026 Diese Messe wurde mit dem Ziel [&hellip;]<\/p>\n","protected":false},"author":1,"featured_media":0,"parent":0,"menu_order":35,"comment_status":"closed","ping_status":"closed","template":"","meta":{"footnotes":""},"class_list":["post-2840","page","type-page","status-publish","hentry"],"acf":[],"_links":{"self":[{"href":"https:\/\/www.orthomanufacture.com\/2023\/wp-json\/wp\/v2\/pages\/2840","targetHints":{"allow":["GET"]}}],"collection":[{"href":"https:\/\/www.orthomanufacture.com\/2023\/wp-json\/wp\/v2\/pages"}],"about":[{"href":"https:\/\/www.orthomanufacture.com\/2023\/wp-json\/wp\/v2\/types\/page"}],"author":[{"embeddable":true,"href":"https:\/\/www.orthomanufacture.com\/2023\/wp-json\/wp\/v2\/users\/1"}],"replies":[{"embeddable":true,"href":"https:\/\/www.orthomanufacture.com\/2023\/wp-json\/wp\/v2\/comments?post=2840"}],"version-history":[{"count":0,"href":"https:\/\/www.orthomanufacture.com\/2023\/wp-json\/wp\/v2\/pages\/2840\/revisions"}],"wp:attachment":[{"href":"https:\/\/www.orthomanufacture.com\/2023\/wp-json\/wp\/v2\/media?parent=2840"}],"curies":[{"name":"wp","href":"https:\/\/api.w.org\/{rel}","templated":true}]}}