{"id":5489,"date":"2022-05-02T11:15:38","date_gmt":"2022-05-02T09:15:38","guid":{"rendered":"https:\/\/www.orthomanufacture.com\/2022\/?page_id=5489"},"modified":"2022-05-02T11:15:39","modified_gmt":"2022-05-02T09:15:39","slug":"abendveranstaltung","status":"publish","type":"page","link":"https:\/\/www.orthomanufacture.com\/2022\/de\/abendveranstaltung\/","title":{"rendered":"Abendveranstaltung"},"content":{"rendered":"\n<p>Unser geselliger Abend findet im Mus\u00e9e de la Mine Puit Couriot in Saint-Etienne statt. Wie jedes Jahr k\u00f6nnen Sie dank eines Museumsbesuchs einen Moment der Kultur, diesmal der franz\u00f6sischen Industriekultur, genie\u00dfen.<\/p>\n\n\n\n<p>Auf diese Zeitreise folgt eine Cocktailparty mit unserem Lieblingsmusiker Enzo, der uns \u00fcber die musikalische Atmosph\u00e4re hinaus auf Wunsch zum Singen und Tanzen bringen wird&#8230;.<\/p>\n\n\n\n<div class=\"wp-block-columns is-layout-flex wp-container-core-columns-is-layout-9d6595d7 wp-block-columns-is-layout-flex\">\n<div class=\"wp-block-column is-layout-flow wp-block-column-is-layout-flow\">\n<div class=\"wp-block-image\"><figure class=\"aligncenter size-large is-resized\"><img loading=\"lazy\" decoding=\"async\" src=\"https:\/\/www.orthomanufacture.com\/2022\/wp-content\/uploads\/sites\/9\/2022\/04\/SOIREE-A-LA-MINE-1024x844.png\" alt=\"\" class=\"wp-image-5450\" width=\"452\" height=\"372\" \/><\/figure><\/div>\n<\/div>\n\n\n\n<div class=\"wp-block-column is-layout-flow wp-block-column-is-layout-flow\">\n<div class=\"wp-block-image\"><figure class=\"aligncenter size-full is-resized\"><img loading=\"lazy\" decoding=\"async\" src=\"https:\/\/www.orthomanufacture.com\/2022\/wp-content\/uploads\/sites\/9\/2022\/05\/2022-05-02-ortho-plan.jpg\" alt=\"\" class=\"wp-image-5498\" width=\"557\" height=\"384\" srcset=\"https:\/\/www.orthomanufacture.com\/2022\/wp-content\/uploads\/sites\/9\/2022\/05\/2022-05-02-ortho-plan.jpg 650w, https:\/\/www.orthomanufacture.com\/2022\/wp-content\/uploads\/sites\/9\/2022\/05\/2022-05-02-ortho-plan-300x207.jpg 300w, https:\/\/www.orthomanufacture.com\/2022\/wp-content\/uploads\/sites\/9\/2022\/05\/2022-05-02-ortho-plan-600x414.jpg 600w\" sizes=\"auto, (max-width: 557px) 100vw, 557px\" \/><\/figure><\/div>\n<\/div>\n<\/div>\n\n\n\n<figure class=\"wp-block-gallery columns-3 is-cropped wp-block-gallery-1\"><ul class=\"blocks-gallery-grid\"><li class=\"blocks-gallery-item\"><figure><img loading=\"lazy\" decoding=\"async\" width=\"270\" height=\"480\" src=\"https:\/\/www.orthomanufacture.com\/2022\/wp-content\/uploads\/sites\/9\/2022\/05\/chevalement-Petit.png\" alt=\"\" data-id=\"5500\" data-full-url=\"https:\/\/www.orthomanufacture.com\/2022\/wp-content\/uploads\/sites\/9\/2022\/05\/chevalement-Petit.png\" data-link=\"https:\/\/www.orthomanufacture.com\/de\/abendveranstaltung\/chevalement-petit\/\" class=\"wp-image-5500\" srcset=\"https:\/\/www.orthomanufacture.com\/2022\/wp-content\/uploads\/sites\/9\/2022\/05\/chevalement-Petit.png 270w, https:\/\/www.orthomanufacture.com\/2022\/wp-content\/uploads\/sites\/9\/2022\/05\/chevalement-Petit-169x300.png 169w\" sizes=\"auto, (max-width: 270px) 100vw, 270px\" \/><\/figure><\/li><li class=\"blocks-gallery-item\"><figure><img loading=\"lazy\" decoding=\"async\" width=\"640\" height=\"480\" src=\"https:\/\/www.orthomanufacture.com\/2022\/wp-content\/uploads\/sites\/9\/2022\/05\/lampes-Petit.png\" alt=\"\" data-id=\"5499\" data-full-url=\"https:\/\/www.orthomanufacture.com\/2022\/wp-content\/uploads\/sites\/9\/2022\/05\/lampes-Petit.png\" data-link=\"https:\/\/www.orthomanufacture.com\/de\/abendveranstaltung\/lampes-petit\/\" class=\"wp-image-5499\" srcset=\"https:\/\/www.orthomanufacture.com\/2022\/wp-content\/uploads\/sites\/9\/2022\/05\/lampes-Petit.png 640w, https:\/\/www.orthomanufacture.com\/2022\/wp-content\/uploads\/sites\/9\/2022\/05\/lampes-Petit-300x225.png 300w, https:\/\/www.orthomanufacture.com\/2022\/wp-content\/uploads\/sites\/9\/2022\/05\/lampes-Petit-600x450.png 600w\" sizes=\"auto, (max-width: 640px) 100vw, 640px\" \/><\/figure><\/li><li class=\"blocks-gallery-item\"><figure><img loading=\"lazy\" decoding=\"async\" width=\"640\" height=\"480\" src=\"https:\/\/www.orthomanufacture.com\/2022\/wp-content\/uploads\/sites\/9\/2022\/05\/machines-Petit.png\" alt=\"\" data-id=\"5501\" data-full-url=\"https:\/\/www.orthomanufacture.com\/2022\/wp-content\/uploads\/sites\/9\/2022\/05\/machines-Petit.png\" data-link=\"https:\/\/www.orthomanufacture.com\/de\/abendveranstaltung\/machines-petit\/\" class=\"wp-image-5501\" srcset=\"https:\/\/www.orthomanufacture.com\/2022\/wp-content\/uploads\/sites\/9\/2022\/05\/machines-Petit.png 640w, https:\/\/www.orthomanufacture.com\/2022\/wp-content\/uploads\/sites\/9\/2022\/05\/machines-Petit-300x225.png 300w, https:\/\/www.orthomanufacture.com\/2022\/wp-content\/uploads\/sites\/9\/2022\/05\/machines-Petit-600x450.png 600w\" sizes=\"auto, (max-width: 640px) 100vw, 640px\" \/><\/figure><\/li><li class=\"blocks-gallery-item\"><figure><img loading=\"lazy\" decoding=\"async\" width=\"1024\" height=\"835\" src=\"https:\/\/www.orthomanufacture.com\/2022\/wp-content\/uploads\/sites\/9\/2022\/05\/Crassiers-1024x835.jpg\" alt=\"\" data-id=\"5503\" data-full-url=\"https:\/\/www.orthomanufacture.com\/2022\/wp-content\/uploads\/sites\/9\/2022\/05\/Crassiers.jpg\" data-link=\"https:\/\/www.orthomanufacture.com\/de\/abendveranstaltung\/crassiers\/\" class=\"wp-image-5503\" srcset=\"https:\/\/www.orthomanufacture.com\/2022\/wp-content\/uploads\/sites\/9\/2022\/05\/Crassiers-1024x835.jpg 1024w, https:\/\/www.orthomanufacture.com\/2022\/wp-content\/uploads\/sites\/9\/2022\/05\/Crassiers-300x245.jpg 300w, https:\/\/www.orthomanufacture.com\/2022\/wp-content\/uploads\/sites\/9\/2022\/05\/Crassiers-768x626.jpg 768w, https:\/\/www.orthomanufacture.com\/2022\/wp-content\/uploads\/sites\/9\/2022\/05\/Crassiers-600x489.jpg 600w, https:\/\/www.orthomanufacture.com\/2022\/wp-content\/uploads\/sites\/9\/2022\/05\/Crassiers.jpg 1200w\" sizes=\"auto, (max-width: 1024px) 100vw, 1024px\" \/><\/figure><\/li><li class=\"blocks-gallery-item\"><figure><img loading=\"lazy\" decoding=\"async\" width=\"1024\" height=\"731\" src=\"https:\/\/www.orthomanufacture.com\/2022\/wp-content\/uploads\/sites\/9\/2022\/05\/galerie2-1024x731.jpg\" alt=\"\" data-id=\"5504\" data-full-url=\"https:\/\/www.orthomanufacture.com\/2022\/wp-content\/uploads\/sites\/9\/2022\/05\/galerie2.jpg\" data-link=\"https:\/\/www.orthomanufacture.com\/de\/abendveranstaltung\/galerie2\/\" class=\"wp-image-5504 is-layout-flex wp-block-gallery-is-layout-flex\" srcset=\"https:\/\/www.orthomanufacture.com\/2022\/wp-content\/uploads\/sites\/9\/2022\/05\/galerie2-1024x731.jpg 1024w, https:\/\/www.orthomanufacture.com\/2022\/wp-content\/uploads\/sites\/9\/2022\/05\/galerie2-300x214.jpg 300w, https:\/\/www.orthomanufacture.com\/2022\/wp-content\/uploads\/sites\/9\/2022\/05\/galerie2-768x548.jpg 768w, https:\/\/www.orthomanufacture.com\/2022\/wp-content\/uploads\/sites\/9\/2022\/05\/galerie2-600x429.jpg 600w, https:\/\/www.orthomanufacture.com\/2022\/wp-content\/uploads\/sites\/9\/2022\/05\/galerie2.jpg 1200w\" sizes=\"auto, (max-width: 1024px) 100vw, 1024px\" \/><\/figure><\/li><\/ul><\/figure>\n","protected":false},"excerpt":{"rendered":"<p>Unser geselliger Abend findet im Mus\u00e9e de la Mine Puit Couriot in Saint-Etienne statt. Wie jedes Jahr k\u00f6nnen Sie dank eines Museumsbesuchs einen Moment der Kultur, diesmal der franz\u00f6sischen Industriekultur, genie\u00dfen. Auf diese Zeitreise folgt eine Cocktailparty mit unserem Lieblingsmusiker Enzo, der uns \u00fcber die musikalische Atmosph\u00e4re hinaus auf Wunsch zum Singen und Tanzen bringen [&hellip;]<\/p>\n","protected":false},"author":1,"featured_media":0,"parent":0,"menu_order":21,"comment_status":"closed","ping_status":"closed","template":"","meta":{"advgb_blocks_editor_width":"","advgb_blocks_columns_visual_guide":"","footnotes":""},"class_list":["post-5489","page","type-page","status-publish","hentry"],"acf":[],"featured_image_urls_v2":{"full":"","thumbnail":"","medium":"","medium_large":"","large":"","1536x1536":"","2048x2048":"","album-thumb":"","photo-thumb":""},"post_excerpt_stackable_v2":"<p>Unser geselliger Abend findet im Mus\u00e9e de la Mine Puit Couriot in Saint-Etienne statt. Wie jedes Jahr k\u00f6nnen Sie dank eines Museumsbesuchs einen Moment der Kultur, diesmal der franz\u00f6sischen Industriekultur, genie\u00dfen. Auf diese Zeitreise folgt eine Cocktailparty mit unserem Lieblingsmusiker Enzo, der uns \u00fcber die musikalische Atmosph\u00e4re hinaus auf Wunsch zum Singen und Tanzen bringen wird&#8230;.<\/p>\n","category_list_v2":"","author_info_v2":{"name":"Les Imageurs","url":"https:\/\/www.orthomanufacture.com\/2022\/blog\/author\/ortho_imanufacture\/"},"comments_num_v2":"0 commentaire","yoast_head":"<!-- This site is optimized with the Yoast SEO plugin v27.5 - https:\/\/yoast.com\/product\/yoast-seo-wordpress\/ -->\n<title>Abendveranstaltung - 2022<\/title>\n<meta name=\"robots\" content=\"index, follow, max-snippet:-1, max-image-preview:large, max-video-preview:-1\" \/>\n<link rel=\"canonical\" href=\"https:\/\/www.orthomanufacture.com\/2022\/de\/abendveranstaltung\/\" \/>\n<meta property=\"og:locale\" content=\"fr_FR\" \/>\n<meta property=\"og:type\" content=\"article\" \/>\n<meta property=\"og:title\" content=\"Abendveranstaltung - 2022\" \/>\n<meta property=\"og:description\" content=\"Unser geselliger Abend findet im Mus\u00e9e de la Mine Puit Couriot in Saint-Etienne statt. Wie jedes Jahr k\u00f6nnen Sie dank eines Museumsbesuchs einen Moment der Kultur, diesmal der franz\u00f6sischen Industriekultur, genie\u00dfen. Auf diese Zeitreise folgt eine Cocktailparty mit unserem Lieblingsmusiker Enzo, der uns \u00fcber die musikalische Atmosph\u00e4re hinaus auf Wunsch zum Singen und Tanzen bringen [&hellip;]\" \/>\n<meta property=\"og:url\" content=\"https:\/\/www.orthomanufacture.com\/2022\/de\/abendveranstaltung\/\" \/>\n<meta property=\"og:site_name\" content=\"2022\" \/>\n<meta property=\"article:modified_time\" content=\"2022-05-02T09:15:39+00:00\" \/>\n<meta property=\"og:image\" content=\"https:\/\/www.orthomanufacture.com\/2022\/wp-content\/uploads\/sites\/9\/2022\/04\/SOIREE-A-LA-MINE-1024x844.png\" \/>\n<meta name=\"twitter:card\" content=\"summary_large_image\" \/>\n<meta name=\"twitter:label1\" content=\"Dur\u00e9e de lecture estim\u00e9e\" \/>\n\t<meta name=\"twitter:data1\" content=\"2 minutes\" \/>\n<script type=\"application\/ld+json\" class=\"yoast-schema-graph\">{\"@context\":\"https:\\\/\\\/schema.org\",\"@graph\":[{\"@type\":\"WebPage\",\"@id\":\"https:\\\/\\\/www.orthomanufacture.com\\\/2022\\\/de\\\/abendveranstaltung\\\/\",\"url\":\"https:\\\/\\\/www.orthomanufacture.com\\\/2022\\\/de\\\/abendveranstaltung\\\/\",\"name\":\"Abendveranstaltung - 2022\",\"isPartOf\":{\"@id\":\"https:\\\/\\\/www.orthomanufacture.com\\\/2022\\\/#website\"},\"primaryImageOfPage\":{\"@id\":\"https:\\\/\\\/www.orthomanufacture.com\\\/2022\\\/de\\\/abendveranstaltung\\\/#primaryimage\"},\"image\":{\"@id\":\"https:\\\/\\\/www.orthomanufacture.com\\\/2022\\\/de\\\/abendveranstaltung\\\/#primaryimage\"},\"thumbnailUrl\":\"https:\\\/\\\/www.orthomanufacture.com\\\/2022\\\/wp-content\\\/uploads\\\/sites\\\/9\\\/2022\\\/04\\\/SOIREE-A-LA-MINE-1024x844.png\",\"datePublished\":\"2022-05-02T09:15:38+00:00\",\"dateModified\":\"2022-05-02T09:15:39+00:00\",\"breadcrumb\":{\"@id\":\"https:\\\/\\\/www.orthomanufacture.com\\\/2022\\\/de\\\/abendveranstaltung\\\/#breadcrumb\"},\"inLanguage\":\"fr-FR\",\"potentialAction\":[{\"@type\":\"ReadAction\",\"target\":[\"https:\\\/\\\/www.orthomanufacture.com\\\/2022\\\/de\\\/abendveranstaltung\\\/\"]}]},{\"@type\":\"ImageObject\",\"inLanguage\":\"fr-FR\",\"@id\":\"https:\\\/\\\/www.orthomanufacture.com\\\/2022\\\/de\\\/abendveranstaltung\\\/#primaryimage\",\"url\":\"\",\"contentUrl\":\"\"},{\"@type\":\"BreadcrumbList\",\"@id\":\"https:\\\/\\\/www.orthomanufacture.com\\\/2022\\\/de\\\/abendveranstaltung\\\/#breadcrumb\",\"itemListElement\":[{\"@type\":\"ListItem\",\"position\":1,\"name\":\"Accueil\",\"item\":\"https:\\\/\\\/www.orthomanufacture.com\\\/2022\\\/fr\\\/\"},{\"@type\":\"ListItem\",\"position\":2,\"name\":\"Abendveranstaltung\"}]},{\"@type\":\"WebSite\",\"@id\":\"https:\\\/\\\/www.orthomanufacture.com\\\/2022\\\/#website\",\"url\":\"https:\\\/\\\/www.orthomanufacture.com\\\/2022\\\/\",\"name\":\"2022\",\"description\":\"SALON D\u00c9DI\u00c9 AUX INDUSTRIES DE LA FILI\u00c8RE DES IMPLANTS ET INSTRUMENTS EN ORTHOP\u00c9DIE, TRAUMATOLOGIE, RACHIS, DENTAIRE\",\"publisher\":{\"@id\":\"https:\\\/\\\/www.orthomanufacture.com\\\/2022\\\/#organization\"},\"potentialAction\":[{\"@type\":\"SearchAction\",\"target\":{\"@type\":\"EntryPoint\",\"urlTemplate\":\"https:\\\/\\\/www.orthomanufacture.com\\\/2022\\\/?s={search_term_string}\"},\"query-input\":{\"@type\":\"PropertyValueSpecification\",\"valueRequired\":true,\"valueName\":\"search_term_string\"}}],\"inLanguage\":\"fr-FR\"},{\"@type\":\"Organization\",\"@id\":\"https:\\\/\\\/www.orthomanufacture.com\\\/2022\\\/#organization\",\"name\":\"2022\",\"url\":\"https:\\\/\\\/www.orthomanufacture.com\\\/2022\\\/\",\"logo\":{\"@type\":\"ImageObject\",\"inLanguage\":\"fr-FR\",\"@id\":\"https:\\\/\\\/www.orthomanufacture.com\\\/2022\\\/#\\\/schema\\\/logo\\\/image\\\/\",\"url\":\"https:\\\/\\\/www.orthomanufacture.com\\\/2022\\\/wp-content\\\/uploads\\\/sites\\\/9\\\/2019\\\/07\\\/logo-orthomanufacture-blanc.png\",\"contentUrl\":\"https:\\\/\\\/www.orthomanufacture.com\\\/2022\\\/wp-content\\\/uploads\\\/sites\\\/9\\\/2019\\\/07\\\/logo-orthomanufacture-blanc.png\",\"width\":413,\"height\":40,\"caption\":\"2022\"},\"image\":{\"@id\":\"https:\\\/\\\/www.orthomanufacture.com\\\/2022\\\/#\\\/schema\\\/logo\\\/image\\\/\"}}]}<\/script>\n<!-- \/ Yoast SEO plugin. -->","yoast_head_json":{"title":"Abendveranstaltung - 2022","robots":{"index":"index","follow":"follow","max-snippet":"max-snippet:-1","max-image-preview":"max-image-preview:large","max-video-preview":"max-video-preview:-1"},"canonical":"https:\/\/www.orthomanufacture.com\/2022\/de\/abendveranstaltung\/","og_locale":"fr_FR","og_type":"article","og_title":"Abendveranstaltung - 2022","og_description":"Unser geselliger Abend findet im Mus\u00e9e de la Mine Puit Couriot in Saint-Etienne statt. Wie jedes Jahr k\u00f6nnen Sie dank eines Museumsbesuchs einen Moment der Kultur, diesmal der franz\u00f6sischen Industriekultur, genie\u00dfen. Auf diese Zeitreise folgt eine Cocktailparty mit unserem Lieblingsmusiker Enzo, der uns \u00fcber die musikalische Atmosph\u00e4re hinaus auf Wunsch zum Singen und Tanzen bringen [&hellip;]","og_url":"https:\/\/www.orthomanufacture.com\/2022\/de\/abendveranstaltung\/","og_site_name":"2022","article_modified_time":"2022-05-02T09:15:39+00:00","og_image":[{"url":"https:\/\/www.orthomanufacture.com\/2022\/wp-content\/uploads\/sites\/9\/2022\/04\/SOIREE-A-LA-MINE-1024x844.png","type":"","width":"","height":""}],"twitter_card":"summary_large_image","twitter_misc":{"Dur\u00e9e de lecture estim\u00e9e":"2 minutes"},"schema":{"@context":"https:\/\/schema.org","@graph":[{"@type":"WebPage","@id":"https:\/\/www.orthomanufacture.com\/2022\/de\/abendveranstaltung\/","url":"https:\/\/www.orthomanufacture.com\/2022\/de\/abendveranstaltung\/","name":"Abendveranstaltung - 2022","isPartOf":{"@id":"https:\/\/www.orthomanufacture.com\/2022\/#website"},"primaryImageOfPage":{"@id":"https:\/\/www.orthomanufacture.com\/2022\/de\/abendveranstaltung\/#primaryimage"},"image":{"@id":"https:\/\/www.orthomanufacture.com\/2022\/de\/abendveranstaltung\/#primaryimage"},"thumbnailUrl":"https:\/\/www.orthomanufacture.com\/2022\/wp-content\/uploads\/sites\/9\/2022\/04\/SOIREE-A-LA-MINE-1024x844.png","datePublished":"2022-05-02T09:15:38+00:00","dateModified":"2022-05-02T09:15:39+00:00","breadcrumb":{"@id":"https:\/\/www.orthomanufacture.com\/2022\/de\/abendveranstaltung\/#breadcrumb"},"inLanguage":"fr-FR","potentialAction":[{"@type":"ReadAction","target":["https:\/\/www.orthomanufacture.com\/2022\/de\/abendveranstaltung\/"]}]},{"@type":"ImageObject","inLanguage":"fr-FR","@id":"https:\/\/www.orthomanufacture.com\/2022\/de\/abendveranstaltung\/#primaryimage","url":"","contentUrl":""},{"@type":"BreadcrumbList","@id":"https:\/\/www.orthomanufacture.com\/2022\/de\/abendveranstaltung\/#breadcrumb","itemListElement":[{"@type":"ListItem","position":1,"name":"Accueil","item":"https:\/\/www.orthomanufacture.com\/2022\/fr\/"},{"@type":"ListItem","position":2,"name":"Abendveranstaltung"}]},{"@type":"WebSite","@id":"https:\/\/www.orthomanufacture.com\/2022\/#website","url":"https:\/\/www.orthomanufacture.com\/2022\/","name":"2022","description":"SALON D\u00c9DI\u00c9 AUX INDUSTRIES DE LA FILI\u00c8RE DES IMPLANTS ET INSTRUMENTS EN ORTHOP\u00c9DIE, TRAUMATOLOGIE, RACHIS, DENTAIRE","publisher":{"@id":"https:\/\/www.orthomanufacture.com\/2022\/#organization"},"potentialAction":[{"@type":"SearchAction","target":{"@type":"EntryPoint","urlTemplate":"https:\/\/www.orthomanufacture.com\/2022\/?s={search_term_string}"},"query-input":{"@type":"PropertyValueSpecification","valueRequired":true,"valueName":"search_term_string"}}],"inLanguage":"fr-FR"},{"@type":"Organization","@id":"https:\/\/www.orthomanufacture.com\/2022\/#organization","name":"2022","url":"https:\/\/www.orthomanufacture.com\/2022\/","logo":{"@type":"ImageObject","inLanguage":"fr-FR","@id":"https:\/\/www.orthomanufacture.com\/2022\/#\/schema\/logo\/image\/","url":"https:\/\/www.orthomanufacture.com\/2022\/wp-content\/uploads\/sites\/9\/2019\/07\/logo-orthomanufacture-blanc.png","contentUrl":"https:\/\/www.orthomanufacture.com\/2022\/wp-content\/uploads\/sites\/9\/2019\/07\/logo-orthomanufacture-blanc.png","width":413,"height":40,"caption":"2022"},"image":{"@id":"https:\/\/www.orthomanufacture.com\/2022\/#\/schema\/logo\/image\/"}}]}},"coauthors":[],"author_meta":{"author_link":"https:\/\/www.orthomanufacture.com\/2022\/blog\/author\/ortho_imanufacture\/","display_name":"Les Imageurs"},"relative_dates":{"created":"Publi\u00e9 4 ans il y a","modified":"Mis \u00e0 jour 4 ans il y a"},"absolute_dates":{"created":"Publi\u00e9 le 2 mai 2022","modified":"Mise \u00e0 jour le 2 mai 2022"},"absolute_dates_time":{"created":"Publi\u00e9 le 2 mai 2022 11 h 15 min","modified":"Mise \u00e0 jour le 2 mai 2022 11 h 15 min"},"featured_img_caption":"","featured_img":false,"series_order":"","_links":{"self":[{"href":"https:\/\/www.orthomanufacture.com\/2022\/wp-json\/wp\/v2\/pages\/5489","targetHints":{"allow":["GET"]}}],"collection":[{"href":"https:\/\/www.orthomanufacture.com\/2022\/wp-json\/wp\/v2\/pages"}],"about":[{"href":"https:\/\/www.orthomanufacture.com\/2022\/wp-json\/wp\/v2\/types\/page"}],"author":[{"embeddable":true,"href":"https:\/\/www.orthomanufacture.com\/2022\/wp-json\/wp\/v2\/users\/1"}],"replies":[{"embeddable":true,"href":"https:\/\/www.orthomanufacture.com\/2022\/wp-json\/wp\/v2\/comments?post=5489"}],"version-history":[{"count":0,"href":"https:\/\/www.orthomanufacture.com\/2022\/wp-json\/wp\/v2\/pages\/5489\/revisions"}],"wp:attachment":[{"href":"https:\/\/www.orthomanufacture.com\/2022\/wp-json\/wp\/v2\/media?parent=5489"}],"curies":[{"name":"wp","href":"https:\/\/api.w.org\/{rel}","templated":true}]}}