{"id":3488,"date":"2019-10-29T09:06:03","date_gmt":"2019-10-29T08:06:03","guid":{"rendered":"https:\/\/www.orthomanufacture.com\/2022\/?page_id=3488"},"modified":"2022-05-02T15:29:48","modified_gmt":"2022-05-02T13:29:48","slug":"inscription-2","status":"publish","type":"page","link":"https:\/\/www.orthomanufacture.com\/2022\/en\/inscription-2\/","title":{"rendered":"Registration"},"content":{"rendered":"\n<div style=\"height:30px\" aria-hidden=\"true\" class=\"wp-block-spacer\"><\/div>\n\n\n\n<p class=\"has-text-align-center\"><\/p>\n\n\n\n<p class=\"has-text-align-left\">Entry to the show as a simple visitor is \u20ac30, catering included.<\/p>\n\n\n\n<p class=\"has-text-align-left\">For any registration as auditor to the conferences, the lunch and catering are included.<\/p>\n\n\n\n<p class=\"has-text-align-left\">To register as listeners, have a look on hereunder positions for detail.<\/p>\n\n\n\n<p class=\"has-text-align-left\">For multiple registrations, the easiest way is to send us this completed <a href=\"https:\/\/www.orthomanufacture.com\/2022\/wp-content\/uploads\/sites\/9\/2022\/03\/FORMULAIRE-DINSCRIPTION-VISITEUR-ORTHOMANUFACTURE-2022-ANGLAIS.xls\" target=\"_blank\" rel=\"noreferrer noopener\"><strong><span style=\"color: #0693e3\" class=\"stk-highlight\">FORM<\/span><\/strong><\/a> and sending it to <a href=\"mailto:contact@orthomanufacture.com\" target=\"_blank\" rel=\"noreferrer noopener\"><strong>contact@orthomanufacture.com<\/strong><\/a> to register.<\/p>\n\n\n\n<p class=\"has-text-align-left\">For full price registrations for conferences over 1 or 2 days, and only on these positions, decreasing rates will be applicable for several registrants from the same company. A reduction of 20% will be applied, on the lowest price, for a 2nd participant, 30% for a 3rd and 40% for a 4th. The fifth will be free!<\/p>\n\n\n\n<p class=\"has-text-align-left\">These discounts cannot be made through this site, so for all of these cases, it will be a question of sending us this completed <a href=\"https:\/\/www.orthomanufacture.com\/2022\/wp-content\/uploads\/sites\/9\/2022\/03\/FORMULAIRE-DINSCRIPTION-VISITEUR-ORTHOMANUFACTURE-2022-ANGLAIS.xls\" target=\"_blank\" rel=\"noreferrer noopener\"><strong><span style=\"color: #0693e3\" class=\"stk-highlight\">FORM<\/span><\/strong><\/a> and sending it to <a href=\"mailto:contact@orthomanufacture.com\" target=\"_blank\" rel=\"noreferrer noopener\"><strong>contact@orthomanufacture.com<\/strong><\/a> to register.<\/p>\n\n\n\n<p class=\"has-text-align-left\">An invoice and a payment link will then be sent to you in order to finalize your registration.<\/p>\n\n\n\n<p><strong>No badges to print, these will be prepared by us and will be available at the reception of the show. You will only have to decline your name to retrieve it.<\/strong><\/p>\n\n\n\n<p class=\"has-text-align-left\">Thank you for your understanding.<\/p>\n\n\n\n<div style=\"height:30px\" aria-hidden=\"true\" class=\"wp-block-spacer\"><\/div>\n\n\n\n<p><\/p>\n","protected":false},"excerpt":{"rendered":"<p>Entry to the show as a simple visitor is \u20ac30, catering included. For any registration as auditor to the conferences, the lunch and catering are included. To register as listeners, have a look on hereunder positions for detail. For multiple registrations, the easiest way is to send us this completed FORM and sending it to [&hellip;]<\/p>\n","protected":false},"author":1,"featured_media":0,"parent":0,"menu_order":24,"comment_status":"closed","ping_status":"closed","template":"template_formulaire.php","meta":{"advgb_blocks_editor_width":"","advgb_blocks_columns_visual_guide":"","footnotes":""},"class_list":["post-3488","page","type-page","status-publish","hentry"],"acf":[],"featured_image_urls_v2":{"full":"","thumbnail":"","medium":"","medium_large":"","large":"","1536x1536":"","2048x2048":"","album-thumb":"","photo-thumb":""},"post_excerpt_stackable_v2":"<p>Entry to the show as a simple visitor is \u20ac30, catering included. For any registration as auditor to the conferences, the lunch and catering are included. To register as listeners, have a look on hereunder positions for detail. For multiple registrations, the easiest way is to send us this completed FORM and sending it to contact@orthomanufacture.com to register. For full price registrations for conferences over 1 or 2 days, and only on these positions, decreasing rates will be applicable for several registrants from the same company. A reduction of 20% will be applied, on the lowest price, for a 2nd\u2026<\/p>\n","category_list_v2":"","author_info_v2":{"name":"Les Imageurs","url":"https:\/\/www.orthomanufacture.com\/2022\/blog\/author\/ortho_imanufacture\/"},"comments_num_v2":"0 commentaire","yoast_head":"<!-- This site is optimized with the Yoast SEO plugin v27.5 - https:\/\/yoast.com\/product\/yoast-seo-wordpress\/ -->\n<title>Registration - 2022<\/title>\n<meta name=\"robots\" content=\"index, follow, max-snippet:-1, max-image-preview:large, max-video-preview:-1\" \/>\n<link rel=\"canonical\" href=\"https:\/\/www.orthomanufacture.com\/2022\/en\/inscription-2\/\" \/>\n<meta property=\"og:locale\" content=\"fr_FR\" \/>\n<meta property=\"og:type\" content=\"article\" \/>\n<meta property=\"og:title\" content=\"Registration - 2022\" \/>\n<meta property=\"og:description\" content=\"Entry to the show as a simple visitor is \u20ac30, catering included. For any registration as auditor to the conferences, the lunch and catering are included. To register as listeners, have a look on hereunder positions for detail. For multiple registrations, the easiest way is to send us this completed FORM and sending it to [&hellip;]\" \/>\n<meta property=\"og:url\" content=\"https:\/\/www.orthomanufacture.com\/2022\/en\/inscription-2\/\" \/>\n<meta property=\"og:site_name\" content=\"2022\" \/>\n<meta property=\"article:modified_time\" content=\"2022-05-02T13:29:48+00:00\" \/>\n<meta name=\"twitter:card\" content=\"summary_large_image\" \/>\n<meta name=\"twitter:label1\" content=\"Dur\u00e9e de lecture estim\u00e9e\" \/>\n\t<meta name=\"twitter:data1\" content=\"1 minute\" \/>\n<script type=\"application\/ld+json\" class=\"yoast-schema-graph\">{\"@context\":\"https:\\\/\\\/schema.org\",\"@graph\":[{\"@type\":\"WebPage\",\"@id\":\"https:\\\/\\\/www.orthomanufacture.com\\\/2022\\\/en\\\/inscription-2\\\/\",\"url\":\"https:\\\/\\\/www.orthomanufacture.com\\\/2022\\\/en\\\/inscription-2\\\/\",\"name\":\"Registration - 2022\",\"isPartOf\":{\"@id\":\"https:\\\/\\\/www.orthomanufacture.com\\\/2022\\\/#website\"},\"datePublished\":\"2019-10-29T08:06:03+00:00\",\"dateModified\":\"2022-05-02T13:29:48+00:00\",\"breadcrumb\":{\"@id\":\"https:\\\/\\\/www.orthomanufacture.com\\\/2022\\\/en\\\/inscription-2\\\/#breadcrumb\"},\"inLanguage\":\"fr-FR\",\"potentialAction\":[{\"@type\":\"ReadAction\",\"target\":[\"https:\\\/\\\/www.orthomanufacture.com\\\/2022\\\/en\\\/inscription-2\\\/\"]}]},{\"@type\":\"BreadcrumbList\",\"@id\":\"https:\\\/\\\/www.orthomanufacture.com\\\/2022\\\/en\\\/inscription-2\\\/#breadcrumb\",\"itemListElement\":[{\"@type\":\"ListItem\",\"position\":1,\"name\":\"Accueil\",\"item\":\"https:\\\/\\\/www.orthomanufacture.com\\\/2022\\\/fr\\\/\"},{\"@type\":\"ListItem\",\"position\":2,\"name\":\"Registration\"}]},{\"@type\":\"WebSite\",\"@id\":\"https:\\\/\\\/www.orthomanufacture.com\\\/2022\\\/#website\",\"url\":\"https:\\\/\\\/www.orthomanufacture.com\\\/2022\\\/\",\"name\":\"2022\",\"description\":\"SALON D\u00c9DI\u00c9 AUX INDUSTRIES DE LA FILI\u00c8RE DES IMPLANTS ET INSTRUMENTS EN ORTHOP\u00c9DIE, TRAUMATOLOGIE, RACHIS, DENTAIRE\",\"publisher\":{\"@id\":\"https:\\\/\\\/www.orthomanufacture.com\\\/2022\\\/#organization\"},\"potentialAction\":[{\"@type\":\"SearchAction\",\"target\":{\"@type\":\"EntryPoint\",\"urlTemplate\":\"https:\\\/\\\/www.orthomanufacture.com\\\/2022\\\/?s={search_term_string}\"},\"query-input\":{\"@type\":\"PropertyValueSpecification\",\"valueRequired\":true,\"valueName\":\"search_term_string\"}}],\"inLanguage\":\"fr-FR\"},{\"@type\":\"Organization\",\"@id\":\"https:\\\/\\\/www.orthomanufacture.com\\\/2022\\\/#organization\",\"name\":\"2022\",\"url\":\"https:\\\/\\\/www.orthomanufacture.com\\\/2022\\\/\",\"logo\":{\"@type\":\"ImageObject\",\"inLanguage\":\"fr-FR\",\"@id\":\"https:\\\/\\\/www.orthomanufacture.com\\\/2022\\\/#\\\/schema\\\/logo\\\/image\\\/\",\"url\":\"https:\\\/\\\/www.orthomanufacture.com\\\/2022\\\/wp-content\\\/uploads\\\/sites\\\/9\\\/2019\\\/07\\\/logo-orthomanufacture-blanc.png\",\"contentUrl\":\"https:\\\/\\\/www.orthomanufacture.com\\\/2022\\\/wp-content\\\/uploads\\\/sites\\\/9\\\/2019\\\/07\\\/logo-orthomanufacture-blanc.png\",\"width\":413,\"height\":40,\"caption\":\"2022\"},\"image\":{\"@id\":\"https:\\\/\\\/www.orthomanufacture.com\\\/2022\\\/#\\\/schema\\\/logo\\\/image\\\/\"}}]}<\/script>\n<!-- \/ Yoast SEO plugin. -->","yoast_head_json":{"title":"Registration - 2022","robots":{"index":"index","follow":"follow","max-snippet":"max-snippet:-1","max-image-preview":"max-image-preview:large","max-video-preview":"max-video-preview:-1"},"canonical":"https:\/\/www.orthomanufacture.com\/2022\/en\/inscription-2\/","og_locale":"fr_FR","og_type":"article","og_title":"Registration - 2022","og_description":"Entry to the show as a simple visitor is \u20ac30, catering included. For any registration as auditor to the conferences, the lunch and catering are included. To register as listeners, have a look on hereunder positions for detail. For multiple registrations, the easiest way is to send us this completed FORM and sending it to [&hellip;]","og_url":"https:\/\/www.orthomanufacture.com\/2022\/en\/inscription-2\/","og_site_name":"2022","article_modified_time":"2022-05-02T13:29:48+00:00","twitter_card":"summary_large_image","twitter_misc":{"Dur\u00e9e de lecture estim\u00e9e":"1 minute"},"schema":{"@context":"https:\/\/schema.org","@graph":[{"@type":"WebPage","@id":"https:\/\/www.orthomanufacture.com\/2022\/en\/inscription-2\/","url":"https:\/\/www.orthomanufacture.com\/2022\/en\/inscription-2\/","name":"Registration - 2022","isPartOf":{"@id":"https:\/\/www.orthomanufacture.com\/2022\/#website"},"datePublished":"2019-10-29T08:06:03+00:00","dateModified":"2022-05-02T13:29:48+00:00","breadcrumb":{"@id":"https:\/\/www.orthomanufacture.com\/2022\/en\/inscription-2\/#breadcrumb"},"inLanguage":"fr-FR","potentialAction":[{"@type":"ReadAction","target":["https:\/\/www.orthomanufacture.com\/2022\/en\/inscription-2\/"]}]},{"@type":"BreadcrumbList","@id":"https:\/\/www.orthomanufacture.com\/2022\/en\/inscription-2\/#breadcrumb","itemListElement":[{"@type":"ListItem","position":1,"name":"Accueil","item":"https:\/\/www.orthomanufacture.com\/2022\/fr\/"},{"@type":"ListItem","position":2,"name":"Registration"}]},{"@type":"WebSite","@id":"https:\/\/www.orthomanufacture.com\/2022\/#website","url":"https:\/\/www.orthomanufacture.com\/2022\/","name":"2022","description":"SALON D\u00c9DI\u00c9 AUX INDUSTRIES DE LA FILI\u00c8RE DES IMPLANTS ET INSTRUMENTS EN ORTHOP\u00c9DIE, TRAUMATOLOGIE, RACHIS, DENTAIRE","publisher":{"@id":"https:\/\/www.orthomanufacture.com\/2022\/#organization"},"potentialAction":[{"@type":"SearchAction","target":{"@type":"EntryPoint","urlTemplate":"https:\/\/www.orthomanufacture.com\/2022\/?s={search_term_string}"},"query-input":{"@type":"PropertyValueSpecification","valueRequired":true,"valueName":"search_term_string"}}],"inLanguage":"fr-FR"},{"@type":"Organization","@id":"https:\/\/www.orthomanufacture.com\/2022\/#organization","name":"2022","url":"https:\/\/www.orthomanufacture.com\/2022\/","logo":{"@type":"ImageObject","inLanguage":"fr-FR","@id":"https:\/\/www.orthomanufacture.com\/2022\/#\/schema\/logo\/image\/","url":"https:\/\/www.orthomanufacture.com\/2022\/wp-content\/uploads\/sites\/9\/2019\/07\/logo-orthomanufacture-blanc.png","contentUrl":"https:\/\/www.orthomanufacture.com\/2022\/wp-content\/uploads\/sites\/9\/2019\/07\/logo-orthomanufacture-blanc.png","width":413,"height":40,"caption":"2022"},"image":{"@id":"https:\/\/www.orthomanufacture.com\/2022\/#\/schema\/logo\/image\/"}}]}},"coauthors":[],"author_meta":{"author_link":"https:\/\/www.orthomanufacture.com\/2022\/blog\/author\/ortho_imanufacture\/","display_name":"Les Imageurs"},"relative_dates":{"created":"Publi\u00e9 7 ans il y a","modified":"Mis \u00e0 jour 4 ans il y a"},"absolute_dates":{"created":"Publi\u00e9 le 29 octobre 2019","modified":"Mise \u00e0 jour le 2 mai 2022"},"absolute_dates_time":{"created":"Publi\u00e9 le 29 octobre 2019 9 h 06 min","modified":"Mise \u00e0 jour le 2 mai 2022 15 h 29 min"},"featured_img_caption":"","featured_img":false,"series_order":"","_links":{"self":[{"href":"https:\/\/www.orthomanufacture.com\/2022\/wp-json\/wp\/v2\/pages\/3488","targetHints":{"allow":["GET"]}}],"collection":[{"href":"https:\/\/www.orthomanufacture.com\/2022\/wp-json\/wp\/v2\/pages"}],"about":[{"href":"https:\/\/www.orthomanufacture.com\/2022\/wp-json\/wp\/v2\/types\/page"}],"author":[{"embeddable":true,"href":"https:\/\/www.orthomanufacture.com\/2022\/wp-json\/wp\/v2\/users\/1"}],"replies":[{"embeddable":true,"href":"https:\/\/www.orthomanufacture.com\/2022\/wp-json\/wp\/v2\/comments?post=3488"}],"version-history":[{"count":0,"href":"https:\/\/www.orthomanufacture.com\/2022\/wp-json\/wp\/v2\/pages\/3488\/revisions"}],"wp:attachment":[{"href":"https:\/\/www.orthomanufacture.com\/2022\/wp-json\/wp\/v2\/media?parent=3488"}],"curies":[{"name":"wp","href":"https:\/\/api.w.org\/{rel}","templated":true}]}}