{"id":3483,"date":"2019-10-29T08:59:23","date_gmt":"2019-10-29T07:59:23","guid":{"rendered":"https:\/\/www.orthomanufacture.com\/2022\/?page_id=3483"},"modified":"2022-05-02T15:25:51","modified_gmt":"2022-05-02T13:25:51","slug":"inscription","status":"publish","type":"page","link":"https:\/\/www.orthomanufacture.com\/2022\/fr\/inscription\/","title":{"rendered":"Inscription"},"content":{"rendered":"\n<div style=\"height:30px\" aria-hidden=\"true\" class=\"wp-block-spacer\"><\/div>\n\n\n\n<p class=\"has-text-align-left\">L&rsquo;entr\u00e9e au salon en simple visiteur est \u00e0 30\u20ac, restauration comprise.<\/p>\n\n\n\n<p class=\"has-text-align-left\">Pour les conf\u00e9rences, prenez connaissance des diff\u00e9rentes formules ci-dessous pour plus de d\u00e9tails.<br>Pour toute inscription en tant qu&rsquo;auditeur aux conf\u00e9rences, les d\u00e9jeuners et la restauration sont inclus.<\/p>\n\n\n\n<p class=\"has-text-align-left\">Pour des inscriptions multiples le plus simple est de nous adresser ce <span style=\"color: #0693e3\" class=\"stk-highlight\"><strong><a href=\"https:\/\/www.orthomanufacture.com\/2022\/wp-content\/uploads\/sites\/9\/2022\/03\/FORMULAIRE-DINSCRIPTION-VISITEUR-ORTHOMANUFACTURE-2022.xls\" target=\"_blank\" rel=\"noreferrer noopener\">FORMULAIRE<\/a><\/strong> <\/span>compl\u00e9t\u00e9 et de nous l&rsquo;adresser par <a href=\"mailto:contact@orthomanufacture.com\"><strong><span style=\"color: #0693e3\" class=\"stk-highlight\">mail<\/span><\/strong><\/a> pour vous inscrire. <\/p>\n\n\n\n<p class=\"has-text-align-left\">Un lien de paiement vous parviendra alors pour pouvoir finaliser votre inscription.<\/p>\n\n\n\n<p class=\"has-text-align-left\">Pour les inscriptions plein tarif pour les conf\u00e9rences sur 1 ou 2 jours, et seulement sur ces postes, des tarifs d\u00e9gressifs seront applicables pour plusieurs inscrits de la m\u00eame soci\u00e9t\u00e9. Une r\u00e9duction de 20% sera appliqu\u00e9e, sur le prix le moins \u00e9lev\u00e9, pour un 2\u00e8me participant, 30% pour un 3\u00e8me et 40% pour un 4\u00e8me. Le cinqui\u00e8me sera gratuit ! Ces remises ne pourront pas se faire par le biais de ce site, aussi pour l&rsquo;ensemble de ces cas, il s&rsquo;agira de nous adresser ce <span style=\"color: #0693e3\" class=\"stk-highlight\"><strong><a href=\"https:\/\/www.orthomanufacture.com\/2022\/wp-content\/uploads\/sites\/9\/2022\/03\/FORMULAIRE-DINSCRIPTION-VISITEUR-ORTHOMANUFACTURE-2022.xls\" target=\"_blank\" rel=\"noreferrer noopener\">FORMULAIRE<\/a><\/strong> <\/span>compl\u00e9t\u00e9 et de nous l&rsquo;adresser par <a href=\"mailto:contact@orthomanufacture.com\"><strong><span style=\"color: #0693e3\" class=\"stk-highlight\">mail<\/span><\/strong><\/a> pour vous inscrire. <\/p>\n\n\n\n<p class=\"has-text-align-left\">Un lien de paiement vous parviendra alors pour pouvoir finaliser votre inscription.<\/p>\n\n\n\n<p class=\"has-text-align-left\">Merci de votre compr\u00e9hension.<\/p>\n\n\n\n<p><strong>Aucun badge \u00e0 imprimer, ceux-ci seront pr\u00e9par\u00e9s par nos soins et ils seront disponibles \u00e0 l&rsquo;accueil du salon. Vous n&rsquo;aurez qu&rsquo;\u00e0 d\u00e9cliner votre nom pour le r\u00e9cup\u00e9rer.<\/strong><\/p>\n\n\n\n<p><\/p>\n","protected":false},"excerpt":{"rendered":"<p>L&rsquo;entr\u00e9e au salon en simple visiteur est \u00e0 30\u20ac, restauration comprise. Pour les conf\u00e9rences, prenez connaissance des diff\u00e9rentes formules ci-dessous pour plus de d\u00e9tails.Pour toute inscription en tant qu&rsquo;auditeur aux conf\u00e9rences, les d\u00e9jeuners et la restauration sont inclus. Pour des inscriptions multiples le plus simple est de nous adresser ce FORMULAIRE compl\u00e9t\u00e9 et de nous [&hellip;]<\/p>\n","protected":false},"author":1,"featured_media":0,"parent":0,"menu_order":3,"comment_status":"closed","ping_status":"closed","template":"template_formulaire.php","meta":{"advgb_blocks_editor_width":"","advgb_blocks_columns_visual_guide":"","footnotes":""},"class_list":["post-3483","page","type-page","status-publish","hentry"],"acf":[],"featured_image_urls_v2":{"full":"","thumbnail":"","medium":"","medium_large":"","large":"","1536x1536":"","2048x2048":"","album-thumb":"","photo-thumb":""},"post_excerpt_stackable_v2":"<p>L&rsquo;entr\u00e9e au salon en simple visiteur est \u00e0 30\u20ac, restauration comprise. Pour les conf\u00e9rences, prenez connaissance des diff\u00e9rentes formules ci-dessous pour plus de d\u00e9tails.Pour toute inscription en tant qu&rsquo;auditeur aux conf\u00e9rences, les d\u00e9jeuners et la restauration sont inclus. Pour des inscriptions multiples le plus simple est de nous adresser ce FORMULAIRE compl\u00e9t\u00e9 et de nous l&rsquo;adresser par mail pour vous inscrire. Un lien de paiement vous parviendra alors pour pouvoir finaliser votre inscription. Pour les inscriptions plein tarif pour les conf\u00e9rences sur 1 ou 2 jours, et seulement sur ces postes, des tarifs d\u00e9gressifs seront applicables pour plusieurs inscrits de\u2026<\/p>\n","category_list_v2":"","author_info_v2":{"name":"Les Imageurs","url":"https:\/\/www.orthomanufacture.com\/2022\/blog\/author\/ortho_imanufacture\/"},"comments_num_v2":"0 commentaire","yoast_head":"<!-- This site is optimized with the Yoast SEO plugin v27.5 - https:\/\/yoast.com\/product\/yoast-seo-wordpress\/ -->\n<title>Inscription - 2022<\/title>\n<meta name=\"robots\" content=\"index, follow, max-snippet:-1, max-image-preview:large, max-video-preview:-1\" \/>\n<link rel=\"canonical\" href=\"https:\/\/www.orthomanufacture.com\/2022\/fr\/inscription\/\" \/>\n<meta property=\"og:locale\" content=\"fr_FR\" \/>\n<meta property=\"og:type\" content=\"article\" \/>\n<meta property=\"og:title\" content=\"Inscription - 2022\" \/>\n<meta property=\"og:description\" content=\"L&rsquo;entr\u00e9e au salon en simple visiteur est \u00e0 30\u20ac, restauration comprise. Pour les conf\u00e9rences, prenez connaissance des diff\u00e9rentes formules ci-dessous pour plus de d\u00e9tails.Pour toute inscription en tant qu&rsquo;auditeur aux conf\u00e9rences, les d\u00e9jeuners et la restauration sont inclus. Pour des inscriptions multiples le plus simple est de nous adresser ce FORMULAIRE compl\u00e9t\u00e9 et de nous [&hellip;]\" \/>\n<meta property=\"og:url\" content=\"https:\/\/www.orthomanufacture.com\/2022\/fr\/inscription\/\" \/>\n<meta property=\"og:site_name\" content=\"2022\" \/>\n<meta property=\"article:modified_time\" content=\"2022-05-02T13:25:51+00:00\" \/>\n<meta name=\"twitter:card\" content=\"summary_large_image\" \/>\n<meta name=\"twitter:label1\" content=\"Dur\u00e9e de lecture estim\u00e9e\" \/>\n\t<meta name=\"twitter:data1\" content=\"1 minute\" \/>\n<script type=\"application\/ld+json\" class=\"yoast-schema-graph\">{\"@context\":\"https:\\\/\\\/schema.org\",\"@graph\":[{\"@type\":\"WebPage\",\"@id\":\"https:\\\/\\\/www.orthomanufacture.com\\\/2022\\\/fr\\\/inscription\\\/\",\"url\":\"https:\\\/\\\/www.orthomanufacture.com\\\/2022\\\/fr\\\/inscription\\\/\",\"name\":\"Inscription - 2022\",\"isPartOf\":{\"@id\":\"https:\\\/\\\/www.orthomanufacture.com\\\/2022\\\/#website\"},\"datePublished\":\"2019-10-29T07:59:23+00:00\",\"dateModified\":\"2022-05-02T13:25:51+00:00\",\"breadcrumb\":{\"@id\":\"https:\\\/\\\/www.orthomanufacture.com\\\/2022\\\/fr\\\/inscription\\\/#breadcrumb\"},\"inLanguage\":\"fr-FR\",\"potentialAction\":[{\"@type\":\"ReadAction\",\"target\":[\"https:\\\/\\\/www.orthomanufacture.com\\\/2022\\\/fr\\\/inscription\\\/\"]}]},{\"@type\":\"BreadcrumbList\",\"@id\":\"https:\\\/\\\/www.orthomanufacture.com\\\/2022\\\/fr\\\/inscription\\\/#breadcrumb\",\"itemListElement\":[{\"@type\":\"ListItem\",\"position\":1,\"name\":\"Accueil\",\"item\":\"https:\\\/\\\/www.orthomanufacture.com\\\/2022\\\/fr\\\/\"},{\"@type\":\"ListItem\",\"position\":2,\"name\":\"Inscription\"}]},{\"@type\":\"WebSite\",\"@id\":\"https:\\\/\\\/www.orthomanufacture.com\\\/2022\\\/#website\",\"url\":\"https:\\\/\\\/www.orthomanufacture.com\\\/2022\\\/\",\"name\":\"2022\",\"description\":\"SALON D\u00c9DI\u00c9 AUX INDUSTRIES DE LA FILI\u00c8RE DES IMPLANTS ET INSTRUMENTS EN ORTHOP\u00c9DIE, TRAUMATOLOGIE, RACHIS, DENTAIRE\",\"publisher\":{\"@id\":\"https:\\\/\\\/www.orthomanufacture.com\\\/2022\\\/#organization\"},\"potentialAction\":[{\"@type\":\"SearchAction\",\"target\":{\"@type\":\"EntryPoint\",\"urlTemplate\":\"https:\\\/\\\/www.orthomanufacture.com\\\/2022\\\/?s={search_term_string}\"},\"query-input\":{\"@type\":\"PropertyValueSpecification\",\"valueRequired\":true,\"valueName\":\"search_term_string\"}}],\"inLanguage\":\"fr-FR\"},{\"@type\":\"Organization\",\"@id\":\"https:\\\/\\\/www.orthomanufacture.com\\\/2022\\\/#organization\",\"name\":\"2022\",\"url\":\"https:\\\/\\\/www.orthomanufacture.com\\\/2022\\\/\",\"logo\":{\"@type\":\"ImageObject\",\"inLanguage\":\"fr-FR\",\"@id\":\"https:\\\/\\\/www.orthomanufacture.com\\\/2022\\\/#\\\/schema\\\/logo\\\/image\\\/\",\"url\":\"https:\\\/\\\/www.orthomanufacture.com\\\/2022\\\/wp-content\\\/uploads\\\/sites\\\/9\\\/2019\\\/07\\\/logo-orthomanufacture-blanc.png\",\"contentUrl\":\"https:\\\/\\\/www.orthomanufacture.com\\\/2022\\\/wp-content\\\/uploads\\\/sites\\\/9\\\/2019\\\/07\\\/logo-orthomanufacture-blanc.png\",\"width\":413,\"height\":40,\"caption\":\"2022\"},\"image\":{\"@id\":\"https:\\\/\\\/www.orthomanufacture.com\\\/2022\\\/#\\\/schema\\\/logo\\\/image\\\/\"}}]}<\/script>\n<!-- \/ Yoast SEO plugin. -->","yoast_head_json":{"title":"Inscription - 2022","robots":{"index":"index","follow":"follow","max-snippet":"max-snippet:-1","max-image-preview":"max-image-preview:large","max-video-preview":"max-video-preview:-1"},"canonical":"https:\/\/www.orthomanufacture.com\/2022\/fr\/inscription\/","og_locale":"fr_FR","og_type":"article","og_title":"Inscription - 2022","og_description":"L&rsquo;entr\u00e9e au salon en simple visiteur est \u00e0 30\u20ac, restauration comprise. Pour les conf\u00e9rences, prenez connaissance des diff\u00e9rentes formules ci-dessous pour plus de d\u00e9tails.Pour toute inscription en tant qu&rsquo;auditeur aux conf\u00e9rences, les d\u00e9jeuners et la restauration sont inclus. Pour des inscriptions multiples le plus simple est de nous adresser ce FORMULAIRE compl\u00e9t\u00e9 et de nous [&hellip;]","og_url":"https:\/\/www.orthomanufacture.com\/2022\/fr\/inscription\/","og_site_name":"2022","article_modified_time":"2022-05-02T13:25:51+00:00","twitter_card":"summary_large_image","twitter_misc":{"Dur\u00e9e de lecture estim\u00e9e":"1 minute"},"schema":{"@context":"https:\/\/schema.org","@graph":[{"@type":"WebPage","@id":"https:\/\/www.orthomanufacture.com\/2022\/fr\/inscription\/","url":"https:\/\/www.orthomanufacture.com\/2022\/fr\/inscription\/","name":"Inscription - 2022","isPartOf":{"@id":"https:\/\/www.orthomanufacture.com\/2022\/#website"},"datePublished":"2019-10-29T07:59:23+00:00","dateModified":"2022-05-02T13:25:51+00:00","breadcrumb":{"@id":"https:\/\/www.orthomanufacture.com\/2022\/fr\/inscription\/#breadcrumb"},"inLanguage":"fr-FR","potentialAction":[{"@type":"ReadAction","target":["https:\/\/www.orthomanufacture.com\/2022\/fr\/inscription\/"]}]},{"@type":"BreadcrumbList","@id":"https:\/\/www.orthomanufacture.com\/2022\/fr\/inscription\/#breadcrumb","itemListElement":[{"@type":"ListItem","position":1,"name":"Accueil","item":"https:\/\/www.orthomanufacture.com\/2022\/fr\/"},{"@type":"ListItem","position":2,"name":"Inscription"}]},{"@type":"WebSite","@id":"https:\/\/www.orthomanufacture.com\/2022\/#website","url":"https:\/\/www.orthomanufacture.com\/2022\/","name":"2022","description":"SALON D\u00c9DI\u00c9 AUX INDUSTRIES DE LA FILI\u00c8RE DES IMPLANTS ET INSTRUMENTS EN ORTHOP\u00c9DIE, TRAUMATOLOGIE, RACHIS, DENTAIRE","publisher":{"@id":"https:\/\/www.orthomanufacture.com\/2022\/#organization"},"potentialAction":[{"@type":"SearchAction","target":{"@type":"EntryPoint","urlTemplate":"https:\/\/www.orthomanufacture.com\/2022\/?s={search_term_string}"},"query-input":{"@type":"PropertyValueSpecification","valueRequired":true,"valueName":"search_term_string"}}],"inLanguage":"fr-FR"},{"@type":"Organization","@id":"https:\/\/www.orthomanufacture.com\/2022\/#organization","name":"2022","url":"https:\/\/www.orthomanufacture.com\/2022\/","logo":{"@type":"ImageObject","inLanguage":"fr-FR","@id":"https:\/\/www.orthomanufacture.com\/2022\/#\/schema\/logo\/image\/","url":"https:\/\/www.orthomanufacture.com\/2022\/wp-content\/uploads\/sites\/9\/2019\/07\/logo-orthomanufacture-blanc.png","contentUrl":"https:\/\/www.orthomanufacture.com\/2022\/wp-content\/uploads\/sites\/9\/2019\/07\/logo-orthomanufacture-blanc.png","width":413,"height":40,"caption":"2022"},"image":{"@id":"https:\/\/www.orthomanufacture.com\/2022\/#\/schema\/logo\/image\/"}}]}},"coauthors":[],"author_meta":{"author_link":"https:\/\/www.orthomanufacture.com\/2022\/blog\/author\/ortho_imanufacture\/","display_name":"Les Imageurs"},"relative_dates":{"created":"Publi\u00e9 7 ans il y a","modified":"Mis \u00e0 jour 4 ans il y a"},"absolute_dates":{"created":"Publi\u00e9 le 29 octobre 2019","modified":"Mise \u00e0 jour le 2 mai 2022"},"absolute_dates_time":{"created":"Publi\u00e9 le 29 octobre 2019 8 h 59 min","modified":"Mise \u00e0 jour le 2 mai 2022 15 h 25 min"},"featured_img_caption":"","featured_img":false,"series_order":"","_links":{"self":[{"href":"https:\/\/www.orthomanufacture.com\/2022\/wp-json\/wp\/v2\/pages\/3483","targetHints":{"allow":["GET"]}}],"collection":[{"href":"https:\/\/www.orthomanufacture.com\/2022\/wp-json\/wp\/v2\/pages"}],"about":[{"href":"https:\/\/www.orthomanufacture.com\/2022\/wp-json\/wp\/v2\/types\/page"}],"author":[{"embeddable":true,"href":"https:\/\/www.orthomanufacture.com\/2022\/wp-json\/wp\/v2\/users\/1"}],"replies":[{"embeddable":true,"href":"https:\/\/www.orthomanufacture.com\/2022\/wp-json\/wp\/v2\/comments?post=3483"}],"version-history":[{"count":0,"href":"https:\/\/www.orthomanufacture.com\/2022\/wp-json\/wp\/v2\/pages\/3483\/revisions"}],"wp:attachment":[{"href":"https:\/\/www.orthomanufacture.com\/2022\/wp-json\/wp\/v2\/media?parent=3483"}],"curies":[{"name":"wp","href":"https:\/\/api.w.org\/{rel}","templated":true}]}}