{"id":2874,"date":"2019-05-27T14:35:35","date_gmt":"2019-05-27T12:35:35","guid":{"rendered":"https:\/\/www.orthomanufacture.com\/2022\/?page_id=2874"},"modified":"2022-04-28T12:08:12","modified_gmt":"2022-04-28T10:08:12","slug":"infos-pratiques","status":"publish","type":"page","link":"https:\/\/www.orthomanufacture.com\/2022\/fr\/infos-pratiques\/","title":{"rendered":"Infos Pratiques"},"content":{"rendered":"\n<p>Le congr\u00e8s se tiendra au <strong>Parc M\u00e9trotech &#8211; Saint-Jean-Bonnefonds \/ Saint-\u00c9tienne<\/strong><\/p>\n\n\n\n<p>Dates : mercredi 11 mai 2022 de 8h30 \u00e0 18h30 et le jeudi 12 mai de 8h00 \u00e0 17h30<\/p>\n\n\n\n<div class=\"wp-block-columns is-layout-flex wp-container-core-columns-is-layout-9d6595d7 wp-block-columns-is-layout-flex\">\n<div class=\"wp-block-column is-layout-flow wp-block-column-is-layout-flow\">\n<div class=\"wp-block-image\"><figure class=\"aligncenter size-large is-resized\"><a href=\"https:\/\/www.orthomanufacture.com\/2022\/wp-content\/uploads\/sites\/9\/2022\/04\/ACCES-METROTECH-fr.png\" target=\"_blank\" rel=\"noopener\"><img loading=\"lazy\" decoding=\"async\" src=\"https:\/\/www.orthomanufacture.com\/2022\/wp-content\/uploads\/sites\/9\/2022\/04\/ACCES-METROTECH-fr-1024x571.png\" alt=\"\" class=\"wp-image-5446\" width=\"382\" height=\"212\" srcset=\"https:\/\/www.orthomanufacture.com\/2022\/wp-content\/uploads\/sites\/9\/2022\/04\/ACCES-METROTECH-fr-1024x571.png 1024w, https:\/\/www.orthomanufacture.com\/2022\/wp-content\/uploads\/sites\/9\/2022\/04\/ACCES-METROTECH-fr-300x167.png 300w, https:\/\/www.orthomanufacture.com\/2022\/wp-content\/uploads\/sites\/9\/2022\/04\/ACCES-METROTECH-fr-768x428.png 768w, https:\/\/www.orthomanufacture.com\/2022\/wp-content\/uploads\/sites\/9\/2022\/04\/ACCES-METROTECH-fr-600x335.png 600w, https:\/\/www.orthomanufacture.com\/2022\/wp-content\/uploads\/sites\/9\/2022\/04\/ACCES-METROTECH-fr.png 1200w\" sizes=\"auto, (max-width: 382px) 100vw, 382px\" \/><\/a><\/figure><\/div>\n<\/div>\n\n\n\n<div class=\"wp-block-column is-layout-flow wp-block-column-is-layout-flow\">\n<div class=\"wp-block-image\"><figure class=\"aligncenter size-full is-resized\"><img loading=\"lazy\" decoding=\"async\" src=\"https:\/\/www.orthomanufacture.com\/2022\/wp-content\/uploads\/sites\/9\/2022\/04\/metrotech-42-vue-panoramique.jpg\" alt=\"\" class=\"wp-image-5449\" width=\"231\" height=\"154\" srcset=\"https:\/\/www.orthomanufacture.com\/2022\/wp-content\/uploads\/sites\/9\/2022\/04\/metrotech-42-vue-panoramique.jpg 585w, https:\/\/www.orthomanufacture.com\/2022\/wp-content\/uploads\/sites\/9\/2022\/04\/metrotech-42-vue-panoramique-300x200.jpg 300w, https:\/\/www.orthomanufacture.com\/2022\/wp-content\/uploads\/sites\/9\/2022\/04\/metrotech-42-vue-panoramique-120x80.jpg 120w\" sizes=\"auto, (max-width: 231px) 100vw, 231px\" \/><\/figure><\/div>\n<\/div>\n\n\n\n<div class=\"wp-block-column is-layout-flow wp-block-column-is-layout-flow\">\n<div class=\"wp-block-image\"><figure class=\"aligncenter size-full is-resized\"><img loading=\"lazy\" decoding=\"async\" src=\"https:\/\/www.orthomanufacture.com\/2022\/wp-content\/uploads\/sites\/9\/2022\/04\/metrotech-42-exterieur.jpg\" alt=\"\" class=\"wp-image-5448\" width=\"219\" height=\"146\" srcset=\"https:\/\/www.orthomanufacture.com\/2022\/wp-content\/uploads\/sites\/9\/2022\/04\/metrotech-42-exterieur.jpg 585w, https:\/\/www.orthomanufacture.com\/2022\/wp-content\/uploads\/sites\/9\/2022\/04\/metrotech-42-exterieur-300x200.jpg 300w, https:\/\/www.orthomanufacture.com\/2022\/wp-content\/uploads\/sites\/9\/2022\/04\/metrotech-42-exterieur-120x80.jpg 120w\" sizes=\"auto, (max-width: 219px) 100vw, 219px\" \/><\/figure><\/div>\n<\/div>\n<\/div>\n\n\n\n<p>Pour tout renseignement sur les prix et vous inscrire suivez le lien : <span style=\"color: #0e2ca5\" class=\"stk-highlight\"><a href=\"https:\/\/www.orthomanufacture.com\/fr\/inscription\/\"><strong>Inscription<\/strong><\/a> <\/span><\/p>\n\n\n\n<div class=\"wp-block-columns has-3-columns is-layout-flex wp-container-core-columns-is-layout-9d6595d7 wp-block-columns-is-layout-flex\">\n<div class=\"wp-block-column is-layout-flow wp-block-column-is-layout-flow\">\n<div class=\"wp-block-ugb-button ugb-button-wrapper ugb-972fa25 ugb-main-block\"><div class=\"ugb-inner-block\"><div class=\"ugb-block-content\"><div class=\"ugb-button-container\"><a class=\"ugb-button1 ugb-button ugb-button--size-normal\" href=\"mailto:contact@orthomanufacture.com\" rel=\"\" title=\"\"><span class=\"ugb-button--inner\">Nous contacter<\/span><\/a><\/div><\/div><\/div><\/div>\n\n\n\n<p><\/p>\n<\/div>\n<\/div>\n\n\n\n<p><\/p>\n","protected":false},"excerpt":{"rendered":"<p>Le congr\u00e8s se tiendra au Parc M\u00e9trotech &#8211; Saint-Jean-Bonnefonds \/ Saint-\u00c9tienne Dates : mercredi 11 mai 2022 de 8h30 \u00e0 18h30 et le jeudi 12 mai de 8h00 \u00e0 17h30 Pour tout renseignement sur les prix et vous inscrire suivez le lien : Inscription Nous contacter<\/p>\n","protected":false},"author":1,"featured_media":0,"parent":0,"menu_order":8,"comment_status":"closed","ping_status":"closed","template":"page.php","meta":{"advgb_blocks_editor_width":"","advgb_blocks_columns_visual_guide":"","footnotes":""},"class_list":["post-2874","page","type-page","status-publish","hentry"],"acf":[],"featured_image_urls_v2":{"full":"","thumbnail":"","medium":"","medium_large":"","large":"","1536x1536":"","2048x2048":"","album-thumb":"","photo-thumb":""},"post_excerpt_stackable_v2":"<p>Le congr\u00e8s se tiendra au Parc M\u00e9trotech &#8211; Saint-Jean-Bonnefonds \/ Saint-\u00c9tienne Dates : mercredi 11 mai 2022 de 8h30 \u00e0 18h30 et le jeudi 12 mai de 8h00 \u00e0 17h30 Pour tout renseignement sur les prix et vous inscrire suivez le lien : Inscription Nous contacter<\/p>\n","category_list_v2":"","author_info_v2":{"name":"Les Imageurs","url":"https:\/\/www.orthomanufacture.com\/2022\/blog\/author\/ortho_imanufacture\/"},"comments_num_v2":"0 commentaire","yoast_head":"<!-- This site is optimized with the Yoast SEO plugin v27.4 - https:\/\/yoast.com\/product\/yoast-seo-wordpress\/ -->\n<title>Infos Pratiques - 2022<\/title>\n<meta name=\"robots\" content=\"index, follow, max-snippet:-1, max-image-preview:large, max-video-preview:-1\" \/>\n<link rel=\"canonical\" href=\"https:\/\/www.orthomanufacture.com\/2022\/fr\/infos-pratiques\/\" \/>\n<meta property=\"og:locale\" content=\"fr_FR\" \/>\n<meta property=\"og:type\" content=\"article\" \/>\n<meta property=\"og:title\" content=\"Infos Pratiques - 2022\" \/>\n<meta property=\"og:description\" content=\"Le congr\u00e8s se tiendra au Parc M\u00e9trotech &#8211; Saint-Jean-Bonnefonds \/ Saint-\u00c9tienne Dates : mercredi 11 mai 2022 de 8h30 \u00e0 18h30 et le jeudi 12 mai de 8h00 \u00e0 17h30 Pour tout renseignement sur les prix et vous inscrire suivez le lien : Inscription Nous contacter\" \/>\n<meta property=\"og:url\" content=\"https:\/\/www.orthomanufacture.com\/2022\/fr\/infos-pratiques\/\" \/>\n<meta property=\"og:site_name\" content=\"2022\" \/>\n<meta property=\"article:modified_time\" content=\"2022-04-28T10:08:12+00:00\" \/>\n<meta property=\"og:image\" content=\"https:\/\/www.orthomanufacture.com\/2022\/wp-content\/uploads\/sites\/9\/2022\/04\/ACCES-METROTECH-fr-1024x571.png\" \/>\n<meta name=\"twitter:card\" content=\"summary_large_image\" \/>\n<meta name=\"twitter:label1\" content=\"Dur\u00e9e de lecture estim\u00e9e\" \/>\n\t<meta name=\"twitter:data1\" content=\"1 minute\" \/>\n<script type=\"application\/ld+json\" class=\"yoast-schema-graph\">{\"@context\":\"https:\\\/\\\/schema.org\",\"@graph\":[{\"@type\":\"WebPage\",\"@id\":\"https:\\\/\\\/www.orthomanufacture.com\\\/2022\\\/fr\\\/infos-pratiques\\\/\",\"url\":\"https:\\\/\\\/www.orthomanufacture.com\\\/2022\\\/fr\\\/infos-pratiques\\\/\",\"name\":\"Infos Pratiques - 2022\",\"isPartOf\":{\"@id\":\"https:\\\/\\\/www.orthomanufacture.com\\\/2022\\\/#website\"},\"primaryImageOfPage\":{\"@id\":\"https:\\\/\\\/www.orthomanufacture.com\\\/2022\\\/fr\\\/infos-pratiques\\\/#primaryimage\"},\"image\":{\"@id\":\"https:\\\/\\\/www.orthomanufacture.com\\\/2022\\\/fr\\\/infos-pratiques\\\/#primaryimage\"},\"thumbnailUrl\":\"https:\\\/\\\/www.orthomanufacture.com\\\/2022\\\/wp-content\\\/uploads\\\/sites\\\/9\\\/2022\\\/04\\\/ACCES-METROTECH-fr-1024x571.png\",\"datePublished\":\"2019-05-27T12:35:35+00:00\",\"dateModified\":\"2022-04-28T10:08:12+00:00\",\"breadcrumb\":{\"@id\":\"https:\\\/\\\/www.orthomanufacture.com\\\/2022\\\/fr\\\/infos-pratiques\\\/#breadcrumb\"},\"inLanguage\":\"fr-FR\",\"potentialAction\":[{\"@type\":\"ReadAction\",\"target\":[\"https:\\\/\\\/www.orthomanufacture.com\\\/2022\\\/fr\\\/infos-pratiques\\\/\"]}]},{\"@type\":\"ImageObject\",\"inLanguage\":\"fr-FR\",\"@id\":\"https:\\\/\\\/www.orthomanufacture.com\\\/2022\\\/fr\\\/infos-pratiques\\\/#primaryimage\",\"url\":\"https:\\\/\\\/www.orthomanufacture.com\\\/2022\\\/wp-content\\\/uploads\\\/sites\\\/9\\\/2022\\\/04\\\/ACCES-METROTECH-fr.png\",\"contentUrl\":\"https:\\\/\\\/www.orthomanufacture.com\\\/2022\\\/wp-content\\\/uploads\\\/sites\\\/9\\\/2022\\\/04\\\/ACCES-METROTECH-fr.png\",\"width\":1200,\"height\":669},{\"@type\":\"BreadcrumbList\",\"@id\":\"https:\\\/\\\/www.orthomanufacture.com\\\/2022\\\/fr\\\/infos-pratiques\\\/#breadcrumb\",\"itemListElement\":[{\"@type\":\"ListItem\",\"position\":1,\"name\":\"Accueil\",\"item\":\"https:\\\/\\\/www.orthomanufacture.com\\\/2022\\\/fr\\\/\"},{\"@type\":\"ListItem\",\"position\":2,\"name\":\"Infos Pratiques\"}]},{\"@type\":\"WebSite\",\"@id\":\"https:\\\/\\\/www.orthomanufacture.com\\\/2022\\\/#website\",\"url\":\"https:\\\/\\\/www.orthomanufacture.com\\\/2022\\\/\",\"name\":\"2022\",\"description\":\"SALON D\u00c9DI\u00c9 AUX INDUSTRIES DE LA FILI\u00c8RE DES IMPLANTS ET INSTRUMENTS EN ORTHOP\u00c9DIE, TRAUMATOLOGIE, RACHIS, DENTAIRE\",\"publisher\":{\"@id\":\"https:\\\/\\\/www.orthomanufacture.com\\\/2022\\\/#organization\"},\"potentialAction\":[{\"@type\":\"SearchAction\",\"target\":{\"@type\":\"EntryPoint\",\"urlTemplate\":\"https:\\\/\\\/www.orthomanufacture.com\\\/2022\\\/?s={search_term_string}\"},\"query-input\":{\"@type\":\"PropertyValueSpecification\",\"valueRequired\":true,\"valueName\":\"search_term_string\"}}],\"inLanguage\":\"fr-FR\"},{\"@type\":\"Organization\",\"@id\":\"https:\\\/\\\/www.orthomanufacture.com\\\/2022\\\/#organization\",\"name\":\"2022\",\"url\":\"https:\\\/\\\/www.orthomanufacture.com\\\/2022\\\/\",\"logo\":{\"@type\":\"ImageObject\",\"inLanguage\":\"fr-FR\",\"@id\":\"https:\\\/\\\/www.orthomanufacture.com\\\/2022\\\/#\\\/schema\\\/logo\\\/image\\\/\",\"url\":\"https:\\\/\\\/www.orthomanufacture.com\\\/2022\\\/wp-content\\\/uploads\\\/sites\\\/9\\\/2019\\\/07\\\/logo-orthomanufacture-blanc.png\",\"contentUrl\":\"https:\\\/\\\/www.orthomanufacture.com\\\/2022\\\/wp-content\\\/uploads\\\/sites\\\/9\\\/2019\\\/07\\\/logo-orthomanufacture-blanc.png\",\"width\":413,\"height\":40,\"caption\":\"2022\"},\"image\":{\"@id\":\"https:\\\/\\\/www.orthomanufacture.com\\\/2022\\\/#\\\/schema\\\/logo\\\/image\\\/\"}}]}<\/script>\n<!-- \/ Yoast SEO plugin. -->","yoast_head_json":{"title":"Infos Pratiques - 2022","robots":{"index":"index","follow":"follow","max-snippet":"max-snippet:-1","max-image-preview":"max-image-preview:large","max-video-preview":"max-video-preview:-1"},"canonical":"https:\/\/www.orthomanufacture.com\/2022\/fr\/infos-pratiques\/","og_locale":"fr_FR","og_type":"article","og_title":"Infos Pratiques - 2022","og_description":"Le congr\u00e8s se tiendra au Parc M\u00e9trotech &#8211; Saint-Jean-Bonnefonds \/ Saint-\u00c9tienne Dates : mercredi 11 mai 2022 de 8h30 \u00e0 18h30 et le jeudi 12 mai de 8h00 \u00e0 17h30 Pour tout renseignement sur les prix et vous inscrire suivez le lien : Inscription Nous contacter","og_url":"https:\/\/www.orthomanufacture.com\/2022\/fr\/infos-pratiques\/","og_site_name":"2022","article_modified_time":"2022-04-28T10:08:12+00:00","og_image":[{"url":"https:\/\/www.orthomanufacture.com\/2022\/wp-content\/uploads\/sites\/9\/2022\/04\/ACCES-METROTECH-fr-1024x571.png","type":"","width":"","height":""}],"twitter_card":"summary_large_image","twitter_misc":{"Dur\u00e9e de lecture estim\u00e9e":"1 minute"},"schema":{"@context":"https:\/\/schema.org","@graph":[{"@type":"WebPage","@id":"https:\/\/www.orthomanufacture.com\/2022\/fr\/infos-pratiques\/","url":"https:\/\/www.orthomanufacture.com\/2022\/fr\/infos-pratiques\/","name":"Infos Pratiques - 2022","isPartOf":{"@id":"https:\/\/www.orthomanufacture.com\/2022\/#website"},"primaryImageOfPage":{"@id":"https:\/\/www.orthomanufacture.com\/2022\/fr\/infos-pratiques\/#primaryimage"},"image":{"@id":"https:\/\/www.orthomanufacture.com\/2022\/fr\/infos-pratiques\/#primaryimage"},"thumbnailUrl":"https:\/\/www.orthomanufacture.com\/2022\/wp-content\/uploads\/sites\/9\/2022\/04\/ACCES-METROTECH-fr-1024x571.png","datePublished":"2019-05-27T12:35:35+00:00","dateModified":"2022-04-28T10:08:12+00:00","breadcrumb":{"@id":"https:\/\/www.orthomanufacture.com\/2022\/fr\/infos-pratiques\/#breadcrumb"},"inLanguage":"fr-FR","potentialAction":[{"@type":"ReadAction","target":["https:\/\/www.orthomanufacture.com\/2022\/fr\/infos-pratiques\/"]}]},{"@type":"ImageObject","inLanguage":"fr-FR","@id":"https:\/\/www.orthomanufacture.com\/2022\/fr\/infos-pratiques\/#primaryimage","url":"https:\/\/www.orthomanufacture.com\/2022\/wp-content\/uploads\/sites\/9\/2022\/04\/ACCES-METROTECH-fr.png","contentUrl":"https:\/\/www.orthomanufacture.com\/2022\/wp-content\/uploads\/sites\/9\/2022\/04\/ACCES-METROTECH-fr.png","width":1200,"height":669},{"@type":"BreadcrumbList","@id":"https:\/\/www.orthomanufacture.com\/2022\/fr\/infos-pratiques\/#breadcrumb","itemListElement":[{"@type":"ListItem","position":1,"name":"Accueil","item":"https:\/\/www.orthomanufacture.com\/2022\/fr\/"},{"@type":"ListItem","position":2,"name":"Infos Pratiques"}]},{"@type":"WebSite","@id":"https:\/\/www.orthomanufacture.com\/2022\/#website","url":"https:\/\/www.orthomanufacture.com\/2022\/","name":"2022","description":"SALON D\u00c9DI\u00c9 AUX INDUSTRIES DE LA FILI\u00c8RE DES IMPLANTS ET INSTRUMENTS EN ORTHOP\u00c9DIE, TRAUMATOLOGIE, RACHIS, DENTAIRE","publisher":{"@id":"https:\/\/www.orthomanufacture.com\/2022\/#organization"},"potentialAction":[{"@type":"SearchAction","target":{"@type":"EntryPoint","urlTemplate":"https:\/\/www.orthomanufacture.com\/2022\/?s={search_term_string}"},"query-input":{"@type":"PropertyValueSpecification","valueRequired":true,"valueName":"search_term_string"}}],"inLanguage":"fr-FR"},{"@type":"Organization","@id":"https:\/\/www.orthomanufacture.com\/2022\/#organization","name":"2022","url":"https:\/\/www.orthomanufacture.com\/2022\/","logo":{"@type":"ImageObject","inLanguage":"fr-FR","@id":"https:\/\/www.orthomanufacture.com\/2022\/#\/schema\/logo\/image\/","url":"https:\/\/www.orthomanufacture.com\/2022\/wp-content\/uploads\/sites\/9\/2019\/07\/logo-orthomanufacture-blanc.png","contentUrl":"https:\/\/www.orthomanufacture.com\/2022\/wp-content\/uploads\/sites\/9\/2019\/07\/logo-orthomanufacture-blanc.png","width":413,"height":40,"caption":"2022"},"image":{"@id":"https:\/\/www.orthomanufacture.com\/2022\/#\/schema\/logo\/image\/"}}]}},"coauthors":[],"author_meta":{"author_link":"https:\/\/www.orthomanufacture.com\/2022\/blog\/author\/ortho_imanufacture\/","display_name":"Les Imageurs"},"relative_dates":{"created":"Publi\u00e9 7 ans il y a","modified":"Mis \u00e0 jour 4 ans il y a"},"absolute_dates":{"created":"Publi\u00e9 le 27 mai 2019","modified":"Mise \u00e0 jour le 28 avril 2022"},"absolute_dates_time":{"created":"Publi\u00e9 le 27 mai 2019 14 h 35 min","modified":"Mise \u00e0 jour le 28 avril 2022 12 h 08 min"},"featured_img_caption":"","featured_img":false,"series_order":"","_links":{"self":[{"href":"https:\/\/www.orthomanufacture.com\/2022\/wp-json\/wp\/v2\/pages\/2874","targetHints":{"allow":["GET"]}}],"collection":[{"href":"https:\/\/www.orthomanufacture.com\/2022\/wp-json\/wp\/v2\/pages"}],"about":[{"href":"https:\/\/www.orthomanufacture.com\/2022\/wp-json\/wp\/v2\/types\/page"}],"author":[{"embeddable":true,"href":"https:\/\/www.orthomanufacture.com\/2022\/wp-json\/wp\/v2\/users\/1"}],"replies":[{"embeddable":true,"href":"https:\/\/www.orthomanufacture.com\/2022\/wp-json\/wp\/v2\/comments?post=2874"}],"version-history":[{"count":0,"href":"https:\/\/www.orthomanufacture.com\/2022\/wp-json\/wp\/v2\/pages\/2874\/revisions"}],"wp:attachment":[{"href":"https:\/\/www.orthomanufacture.com\/2022\/wp-json\/wp\/v2\/media?parent=2874"}],"curies":[{"name":"wp","href":"https:\/\/api.w.org\/{rel}","templated":true}]}}