{"id":2860,"date":"2019-05-27T14:32:28","date_gmt":"2019-05-27T12:32:28","guid":{"rendered":"https:\/\/www.orthomanufacture.com\/2022\/?page_id=2860"},"modified":"2022-05-05T19:13:12","modified_gmt":"2022-05-05T17:13:12","slug":"conferences","status":"publish","type":"page","link":"https:\/\/www.orthomanufacture.com\/2022\/fr\/conferences\/","title":{"rendered":"Programme des conf\u00e9rences"},"content":{"rendered":"\n<div class=\"wp-block-stackable-columns stk-block-columns stk-block stk-9b11411\" data-block-id=\"9b11411\"><div class=\"stk-row stk-inner-blocks stk-block-content stk-content-align stk-9b11411-column\">\n<div class=\"wp-block-stackable-column stk-block-column stk-column stk-block stk-57e1a54\" data-block-id=\"57e1a54\"><div class=\"stk-column-wrapper stk-block-column__content stk-container stk-57e1a54-container stk--no-background stk--no-padding\"><div class=\"stk-block-content stk-inner-blocks\">\n<div class=\"wp-block-columns is-layout-flex wp-container-core-columns-is-layout-9d6595d7 wp-block-columns-is-layout-flex\">\n<div class=\"wp-block-column is-layout-flow wp-block-column-is-layout-flow\">\n<div class=\"wp-block-image\"><figure class=\"aligncenter size-full is-resized\"><img loading=\"lazy\" decoding=\"async\" src=\"https:\/\/www.orthomanufacture.com\/2022\/wp-content\/uploads\/sites\/9\/2022\/02\/logo.png\" alt=\"\" class=\"wp-image-4885\" width=\"212\" height=\"60\" srcset=\"https:\/\/www.orthomanufacture.com\/2022\/wp-content\/uploads\/sites\/9\/2022\/02\/logo.png 360w, https:\/\/www.orthomanufacture.com\/2022\/wp-content\/uploads\/sites\/9\/2022\/02\/logo-300x86.png 300w\" sizes=\"auto, (max-width: 212px) 100vw, 212px\" \/><\/figure><\/div>\n<\/div>\n\n\n\n<div class=\"wp-block-column is-layout-flow wp-block-column-is-layout-flow\">\n<div class=\"wp-block-image\"><figure class=\"aligncenter size-full is-resized\"><img loading=\"lazy\" decoding=\"async\" src=\"https:\/\/www.orthomanufacture.com\/2022\/wp-content\/uploads\/sites\/9\/2022\/02\/Mines_Saint_Etienne_IMT_RVB-02-2022.png\" alt=\"\" class=\"wp-image-4873\" width=\"135\" height=\"135\" srcset=\"https:\/\/www.orthomanufacture.com\/2022\/wp-content\/uploads\/sites\/9\/2022\/02\/Mines_Saint_Etienne_IMT_RVB-02-2022.png 250w, https:\/\/www.orthomanufacture.com\/2022\/wp-content\/uploads\/sites\/9\/2022\/02\/Mines_Saint_Etienne_IMT_RVB-02-2022-150x150.png 150w, https:\/\/www.orthomanufacture.com\/2022\/wp-content\/uploads\/sites\/9\/2022\/02\/Mines_Saint_Etienne_IMT_RVB-02-2022-100x100.png 100w\" sizes=\"auto, (max-width: 135px) 100vw, 135px\" \/><\/figure><\/div>\n<\/div>\n\n\n\n<div class=\"wp-block-column is-layout-flow wp-block-column-is-layout-flow\"><\/div>\n\n\n\n<div class=\"wp-block-column is-layout-flow wp-block-column-is-layout-flow\">\n<div class=\"wp-block-image\"><figure class=\"aligncenter size-full is-resized\"><img loading=\"lazy\" decoding=\"async\" src=\"https:\/\/www.orthomanufacture.com\/2022\/wp-content\/uploads\/sites\/9\/2022\/02\/CHU-SAINT-.ETIENNE.jpg\" alt=\"\" class=\"wp-image-4879\" width=\"168\" height=\"111\" srcset=\"https:\/\/www.orthomanufacture.com\/2022\/wp-content\/uploads\/sites\/9\/2022\/02\/CHU-SAINT-.ETIENNE.jpg 296w, https:\/\/www.orthomanufacture.com\/2022\/wp-content\/uploads\/sites\/9\/2022\/02\/CHU-SAINT-.ETIENNE-120x80.jpg 120w\" sizes=\"auto, (max-width: 168px) 100vw, 168px\" \/><\/figure><\/div>\n<\/div>\n\n\n\n<div class=\"wp-block-column is-layout-flow wp-block-column-is-layout-flow\">\n<div class=\"wp-block-image\"><figure class=\"aligncenter size-full is-resized\"><img loading=\"lazy\" decoding=\"async\" src=\"https:\/\/www.orthomanufacture.com\/2022\/wp-content\/uploads\/sites\/9\/2022\/03\/logo_cem.png\" alt=\"\" class=\"wp-image-5191\" width=\"102\" height=\"136\" srcset=\"https:\/\/www.orthomanufacture.com\/2022\/wp-content\/uploads\/sites\/9\/2022\/03\/logo_cem.png 268w, https:\/\/www.orthomanufacture.com\/2022\/wp-content\/uploads\/sites\/9\/2022\/03\/logo_cem-224x300.png 224w\" sizes=\"auto, (max-width: 102px) 100vw, 102px\" \/><\/figure><\/div>\n<\/div>\n<\/div>\n<\/div><\/div><\/div>\n<\/div><\/div>\n\n\n\n<p class=\"has-text-align-left\">Durant 2 jours, les <strong>11 et 12 mai 2022<\/strong>,&nbsp;vous pourrez assister&nbsp;\u00e0 des <strong>conf\u00e9rences de haut niveau scientifique et technique<\/strong> tenues par <strong>des intervenants ind\u00e9pendants<\/strong>  : chirurgiens, chercheurs et industriels innovants. Ces pr\u00e9sentations vous&nbsp;aideront \u00e0 faire vos choix parmi les avanc\u00e9es th\u00e9rapeutiques et les possibilit\u00e9s techniques r\u00e9elles avec  leurs limites et leurs obligations r\u00e9glementaires.<\/p>\n\n\n\n<p>Bien s\u00fbr nous connaissons les contraintes professionnelles de tout un chacun et c&rsquo;est pourquoi nous proposons cette ann\u00e9e la possibilit\u00e9 de vous inscrire \u00e9galement en distanciel si vous ne pouvez pas vous d\u00e9placer. Une retransmission vid\u00e9o, en direct, sera assur\u00e9e et gr\u00e2ce \u00e0 un lien qui vous sera adress\u00e9 vous pourrez suivre les conf\u00e9rences et \u00ab\u00a0chater\u00a0\u00bb avec les intervenants.<\/p>\n\n\n\n<div class=\"wp-block-stackable-columns stk-block-columns stk-block stk-89d3f88\" data-block-id=\"89d3f88\"><div class=\"stk-row stk-inner-blocks stk-block-content stk-content-align stk-89d3f88-column\">\n<div class=\"wp-block-stackable-column stk-block-column stk-column stk-block stk-1409a6b\" data-block-id=\"1409a6b\"><div class=\"stk-column-wrapper stk-block-column__content stk-container stk-1409a6b-container stk--no-background stk--no-padding\"><div class=\"stk-block-content stk-inner-blocks\">\n<div class=\"wp-block-buttons is-content-justification-center is-layout-flex wp-block-buttons-is-layout-flex\">\n<div class=\"wp-block-button\"><a class=\"wp-block-button__link has-black-color has-vivid-cyan-blue-background-color has-text-color has-background\" href=\"https:\/\/www.orthomanufacture.com\/2022\/wp-content\/uploads\/sites\/9\/2022\/05\/CONFERENCE-PROGRAM-2022-05-05.pdf\" target=\"_blank\" rel=\"noreferrer noopener\"><strong>Consulter le programme \u00e0 ce jour<\/strong><\/a><\/div>\n<\/div>\n<\/div><\/div><\/div>\n\n\n\n<div class=\"wp-block-stackable-column stk-block-column stk-column stk-block stk-c9f9682\" data-block-id=\"c9f9682\"><div class=\"stk-column-wrapper stk-block-column__content stk-container stk-c9f9682-container stk--no-background stk--no-padding\"><div class=\"stk-block-content stk-inner-blocks\">\n<div class=\"wp-block-buttons is-content-justification-center is-layout-flex wp-block-buttons-is-layout-flex\">\n<div class=\"wp-block-button\"><a class=\"wp-block-button__link has-black-color has-vivid-cyan-blue-background-color has-text-color has-background\" href=\"https:\/\/www.orthomanufacture.com\/fr\/inscription\/\"><strong>S&rsquo;inscrire<\/strong><\/a><\/div>\n<\/div>\n<\/div><\/div><\/div>\n<\/div><\/div>\n\n\n\n<div class=\"wp-block-buttons alignfull is-content-justification-center is-layout-flex wp-block-buttons-is-layout-flex\">\n<div class=\"wp-block-button\"><a class=\"wp-block-button__link has-white-color has-vivid-cyan-blue-background-color has-text-color has-background\">Il ne peut pas y avoir un ORTHOMANUFACTURE sans sa c\u00e9l\u00e8bre soir\u00e9e conviviale! <\/a><\/div>\n<\/div>\n\n\n\n<h5 class=\"wp-block-heading\"><strong>Notre comit\u00e9 scientifique 2022 :<\/strong> <\/h5>\n\n\n<div class=\"wp-block-ugb-team-member ugb-team-member ugb-team-member--v2 ugb-team-member--columns-3 ugb-team-member--image-circle ugb-team-member--design-basic\">\n<div class=\"ugb-team-member__item\">\n<h5 class=\"ugb-team-member__content\">Dr. Jean Geringer<\/h5>\n<h5 class=\"ugb-team-member__content\">HDR Ma\u00eetre assistant<\/h5>\n<h5 class=\"ugb-team-member__content\">Mines Saint-Etienne<\/h5>\n<h5 class=\"ugb-team-member__content\">INSERM U1059<\/h5>\n<\/div>\n<div class=\"ugb-team-member__item\">\n<div class=\"ugb-team-member__content\">\n<h5>Professeur Docteur J\u00e9r\u00f4me Pousin<\/h5>\n<h5>Professeur \u00e0 L\u2019INSA \u2013 Lyon<\/h5>\n<\/div>\n<\/div>\n<\/div>\n<div class=\"wp-block-ugb-team-member ugb-team-member ugb-team-member--v2 ugb-team-member--columns-3 ugb-team-member--image-circle ugb-team-member--design-basic\">\n<div class=\"ugb-team-member__item\">\n<div class=\"ugb-team-member__content\">\n<h5>Professeur Fr\u00e9d\u00e9ric Farizon<\/h5>\n<h5>Chef de Service<\/h5>\n<h5><em>Chirurgie Orthop\u00e9dique et Traumatologique<\/em><\/h5>\n<h5><em>CHU de Saint Etienne<\/em><\/h5>\n<h5>Membre de l\u2019INSERM\/SAINBIOSE U1059<\/h5>\n<\/div>\n<\/div>\n<\/div><style class=\"advgb-styles-renderer\">.stk-9b11411{margin-bottom:0px !important}<\/style>","protected":false},"excerpt":{"rendered":"<p>Durant 2 jours, les 11 et 12 mai 2022,&nbsp;vous pourrez assister&nbsp;\u00e0 des conf\u00e9rences de haut niveau scientifique et technique tenues par des intervenants ind\u00e9pendants : chirurgiens, chercheurs et industriels innovants. Ces pr\u00e9sentations vous&nbsp;aideront \u00e0 faire vos choix parmi les avanc\u00e9es th\u00e9rapeutiques et les possibilit\u00e9s techniques r\u00e9elles avec leurs limites et leurs obligations r\u00e9glementaires. Bien s\u00fbr [&hellip;]<\/p>\n","protected":false},"author":1,"featured_media":0,"parent":0,"menu_order":7,"comment_status":"closed","ping_status":"closed","template":"page.php","meta":{"advgb_blocks_editor_width":"","advgb_blocks_columns_visual_guide":"","footnotes":""},"class_list":["post-2860","page","type-page","status-publish","hentry"],"acf":[],"featured_image_urls_v2":{"full":"","thumbnail":"","medium":"","medium_large":"","large":"","1536x1536":"","2048x2048":"","album-thumb":"","photo-thumb":""},"post_excerpt_stackable_v2":"<p>Durant 2 jours, les 11 et 12 mai 2022,&nbsp;vous pourrez assister&nbsp;\u00e0 des conf\u00e9rences de haut niveau scientifique et technique tenues par des intervenants ind\u00e9pendants : chirurgiens, chercheurs et industriels innovants. Ces pr\u00e9sentations vous&nbsp;aideront \u00e0 faire vos choix parmi les avanc\u00e9es th\u00e9rapeutiques et les possibilit\u00e9s techniques r\u00e9elles avec leurs limites et leurs obligations r\u00e9glementaires. Bien s\u00fbr nous connaissons les contraintes professionnelles de tout un chacun et c&rsquo;est pourquoi nous proposons cette ann\u00e9e la possibilit\u00e9 de vous inscrire \u00e9galement en distanciel si vous ne pouvez pas vous d\u00e9placer. Une retransmission vid\u00e9o, en direct, sera assur\u00e9e et gr\u00e2ce \u00e0 un lien qui vous\u2026<\/p>\n","category_list_v2":"","author_info_v2":{"name":"Les Imageurs","url":"https:\/\/www.orthomanufacture.com\/2022\/blog\/author\/ortho_imanufacture\/"},"comments_num_v2":"0 commentaire","yoast_head":"<!-- This site is optimized with the Yoast SEO plugin v27.5 - https:\/\/yoast.com\/product\/yoast-seo-wordpress\/ -->\n<title>Programme des conf\u00e9rences - 2022<\/title>\n<meta name=\"robots\" content=\"index, follow, max-snippet:-1, max-image-preview:large, max-video-preview:-1\" \/>\n<link rel=\"canonical\" href=\"https:\/\/www.orthomanufacture.com\/2022\/fr\/conferences\/\" \/>\n<meta property=\"og:locale\" content=\"fr_FR\" \/>\n<meta property=\"og:type\" content=\"article\" \/>\n<meta property=\"og:title\" content=\"Programme des conf\u00e9rences - 2022\" \/>\n<meta property=\"og:description\" content=\"Durant 2 jours, les 11 et 12 mai 2022,&nbsp;vous pourrez assister&nbsp;\u00e0 des conf\u00e9rences de haut niveau scientifique et technique tenues par des intervenants ind\u00e9pendants : chirurgiens, chercheurs et industriels innovants. Ces pr\u00e9sentations vous&nbsp;aideront \u00e0 faire vos choix parmi les avanc\u00e9es th\u00e9rapeutiques et les possibilit\u00e9s techniques r\u00e9elles avec leurs limites et leurs obligations r\u00e9glementaires. Bien s\u00fbr [&hellip;]\" \/>\n<meta property=\"og:url\" content=\"https:\/\/www.orthomanufacture.com\/2022\/fr\/conferences\/\" \/>\n<meta property=\"og:site_name\" content=\"2022\" \/>\n<meta property=\"article:modified_time\" content=\"2022-05-05T17:13:12+00:00\" \/>\n<meta property=\"og:image\" content=\"https:\/\/www.orthomanufacture.com\/2022\/wp-content\/uploads\/sites\/9\/2022\/02\/logo.png\" \/>\n<meta name=\"twitter:card\" content=\"summary_large_image\" \/>\n<meta name=\"twitter:label1\" content=\"Dur\u00e9e de lecture estim\u00e9e\" \/>\n\t<meta name=\"twitter:data1\" content=\"2 minutes\" \/>\n<script type=\"application\/ld+json\" class=\"yoast-schema-graph\">{\"@context\":\"https:\\\/\\\/schema.org\",\"@graph\":[{\"@type\":\"WebPage\",\"@id\":\"https:\\\/\\\/www.orthomanufacture.com\\\/2022\\\/fr\\\/conferences\\\/\",\"url\":\"https:\\\/\\\/www.orthomanufacture.com\\\/2022\\\/fr\\\/conferences\\\/\",\"name\":\"Programme des conf\u00e9rences - 2022\",\"isPartOf\":{\"@id\":\"https:\\\/\\\/www.orthomanufacture.com\\\/2022\\\/#website\"},\"primaryImageOfPage\":{\"@id\":\"https:\\\/\\\/www.orthomanufacture.com\\\/2022\\\/fr\\\/conferences\\\/#primaryimage\"},\"image\":{\"@id\":\"https:\\\/\\\/www.orthomanufacture.com\\\/2022\\\/fr\\\/conferences\\\/#primaryimage\"},\"thumbnailUrl\":\"https:\\\/\\\/www.orthomanufacture.com\\\/2022\\\/wp-content\\\/uploads\\\/sites\\\/9\\\/2022\\\/02\\\/logo.png\",\"datePublished\":\"2019-05-27T12:32:28+00:00\",\"dateModified\":\"2022-05-05T17:13:12+00:00\",\"breadcrumb\":{\"@id\":\"https:\\\/\\\/www.orthomanufacture.com\\\/2022\\\/fr\\\/conferences\\\/#breadcrumb\"},\"inLanguage\":\"fr-FR\",\"potentialAction\":[{\"@type\":\"ReadAction\",\"target\":[\"https:\\\/\\\/www.orthomanufacture.com\\\/2022\\\/fr\\\/conferences\\\/\"]}]},{\"@type\":\"ImageObject\",\"inLanguage\":\"fr-FR\",\"@id\":\"https:\\\/\\\/www.orthomanufacture.com\\\/2022\\\/fr\\\/conferences\\\/#primaryimage\",\"url\":\"https:\\\/\\\/www.orthomanufacture.com\\\/2022\\\/wp-content\\\/uploads\\\/sites\\\/9\\\/2022\\\/02\\\/logo.png\",\"contentUrl\":\"https:\\\/\\\/www.orthomanufacture.com\\\/2022\\\/wp-content\\\/uploads\\\/sites\\\/9\\\/2022\\\/02\\\/logo.png\",\"width\":360,\"height\":103},{\"@type\":\"BreadcrumbList\",\"@id\":\"https:\\\/\\\/www.orthomanufacture.com\\\/2022\\\/fr\\\/conferences\\\/#breadcrumb\",\"itemListElement\":[{\"@type\":\"ListItem\",\"position\":1,\"name\":\"Accueil\",\"item\":\"https:\\\/\\\/www.orthomanufacture.com\\\/2022\\\/fr\\\/\"},{\"@type\":\"ListItem\",\"position\":2,\"name\":\"Programme des conf\u00e9rences\"}]},{\"@type\":\"WebSite\",\"@id\":\"https:\\\/\\\/www.orthomanufacture.com\\\/2022\\\/#website\",\"url\":\"https:\\\/\\\/www.orthomanufacture.com\\\/2022\\\/\",\"name\":\"2022\",\"description\":\"SALON D\u00c9DI\u00c9 AUX INDUSTRIES DE LA FILI\u00c8RE DES IMPLANTS ET INSTRUMENTS EN ORTHOP\u00c9DIE, TRAUMATOLOGIE, RACHIS, DENTAIRE\",\"publisher\":{\"@id\":\"https:\\\/\\\/www.orthomanufacture.com\\\/2022\\\/#organization\"},\"potentialAction\":[{\"@type\":\"SearchAction\",\"target\":{\"@type\":\"EntryPoint\",\"urlTemplate\":\"https:\\\/\\\/www.orthomanufacture.com\\\/2022\\\/?s={search_term_string}\"},\"query-input\":{\"@type\":\"PropertyValueSpecification\",\"valueRequired\":true,\"valueName\":\"search_term_string\"}}],\"inLanguage\":\"fr-FR\"},{\"@type\":\"Organization\",\"@id\":\"https:\\\/\\\/www.orthomanufacture.com\\\/2022\\\/#organization\",\"name\":\"2022\",\"url\":\"https:\\\/\\\/www.orthomanufacture.com\\\/2022\\\/\",\"logo\":{\"@type\":\"ImageObject\",\"inLanguage\":\"fr-FR\",\"@id\":\"https:\\\/\\\/www.orthomanufacture.com\\\/2022\\\/#\\\/schema\\\/logo\\\/image\\\/\",\"url\":\"https:\\\/\\\/www.orthomanufacture.com\\\/2022\\\/wp-content\\\/uploads\\\/sites\\\/9\\\/2019\\\/07\\\/logo-orthomanufacture-blanc.png\",\"contentUrl\":\"https:\\\/\\\/www.orthomanufacture.com\\\/2022\\\/wp-content\\\/uploads\\\/sites\\\/9\\\/2019\\\/07\\\/logo-orthomanufacture-blanc.png\",\"width\":413,\"height\":40,\"caption\":\"2022\"},\"image\":{\"@id\":\"https:\\\/\\\/www.orthomanufacture.com\\\/2022\\\/#\\\/schema\\\/logo\\\/image\\\/\"}}]}<\/script>\n<!-- \/ Yoast SEO plugin. -->","yoast_head_json":{"title":"Programme des conf\u00e9rences - 2022","robots":{"index":"index","follow":"follow","max-snippet":"max-snippet:-1","max-image-preview":"max-image-preview:large","max-video-preview":"max-video-preview:-1"},"canonical":"https:\/\/www.orthomanufacture.com\/2022\/fr\/conferences\/","og_locale":"fr_FR","og_type":"article","og_title":"Programme des conf\u00e9rences - 2022","og_description":"Durant 2 jours, les 11 et 12 mai 2022,&nbsp;vous pourrez assister&nbsp;\u00e0 des conf\u00e9rences de haut niveau scientifique et technique tenues par des intervenants ind\u00e9pendants : chirurgiens, chercheurs et industriels innovants. Ces pr\u00e9sentations vous&nbsp;aideront \u00e0 faire vos choix parmi les avanc\u00e9es th\u00e9rapeutiques et les possibilit\u00e9s techniques r\u00e9elles avec leurs limites et leurs obligations r\u00e9glementaires. Bien s\u00fbr [&hellip;]","og_url":"https:\/\/www.orthomanufacture.com\/2022\/fr\/conferences\/","og_site_name":"2022","article_modified_time":"2022-05-05T17:13:12+00:00","og_image":[{"url":"https:\/\/www.orthomanufacture.com\/2022\/wp-content\/uploads\/sites\/9\/2022\/02\/logo.png","type":"","width":"","height":""}],"twitter_card":"summary_large_image","twitter_misc":{"Dur\u00e9e de lecture estim\u00e9e":"2 minutes"},"schema":{"@context":"https:\/\/schema.org","@graph":[{"@type":"WebPage","@id":"https:\/\/www.orthomanufacture.com\/2022\/fr\/conferences\/","url":"https:\/\/www.orthomanufacture.com\/2022\/fr\/conferences\/","name":"Programme des conf\u00e9rences - 2022","isPartOf":{"@id":"https:\/\/www.orthomanufacture.com\/2022\/#website"},"primaryImageOfPage":{"@id":"https:\/\/www.orthomanufacture.com\/2022\/fr\/conferences\/#primaryimage"},"image":{"@id":"https:\/\/www.orthomanufacture.com\/2022\/fr\/conferences\/#primaryimage"},"thumbnailUrl":"https:\/\/www.orthomanufacture.com\/2022\/wp-content\/uploads\/sites\/9\/2022\/02\/logo.png","datePublished":"2019-05-27T12:32:28+00:00","dateModified":"2022-05-05T17:13:12+00:00","breadcrumb":{"@id":"https:\/\/www.orthomanufacture.com\/2022\/fr\/conferences\/#breadcrumb"},"inLanguage":"fr-FR","potentialAction":[{"@type":"ReadAction","target":["https:\/\/www.orthomanufacture.com\/2022\/fr\/conferences\/"]}]},{"@type":"ImageObject","inLanguage":"fr-FR","@id":"https:\/\/www.orthomanufacture.com\/2022\/fr\/conferences\/#primaryimage","url":"https:\/\/www.orthomanufacture.com\/2022\/wp-content\/uploads\/sites\/9\/2022\/02\/logo.png","contentUrl":"https:\/\/www.orthomanufacture.com\/2022\/wp-content\/uploads\/sites\/9\/2022\/02\/logo.png","width":360,"height":103},{"@type":"BreadcrumbList","@id":"https:\/\/www.orthomanufacture.com\/2022\/fr\/conferences\/#breadcrumb","itemListElement":[{"@type":"ListItem","position":1,"name":"Accueil","item":"https:\/\/www.orthomanufacture.com\/2022\/fr\/"},{"@type":"ListItem","position":2,"name":"Programme des conf\u00e9rences"}]},{"@type":"WebSite","@id":"https:\/\/www.orthomanufacture.com\/2022\/#website","url":"https:\/\/www.orthomanufacture.com\/2022\/","name":"2022","description":"SALON D\u00c9DI\u00c9 AUX INDUSTRIES DE LA FILI\u00c8RE DES IMPLANTS ET INSTRUMENTS EN ORTHOP\u00c9DIE, TRAUMATOLOGIE, RACHIS, DENTAIRE","publisher":{"@id":"https:\/\/www.orthomanufacture.com\/2022\/#organization"},"potentialAction":[{"@type":"SearchAction","target":{"@type":"EntryPoint","urlTemplate":"https:\/\/www.orthomanufacture.com\/2022\/?s={search_term_string}"},"query-input":{"@type":"PropertyValueSpecification","valueRequired":true,"valueName":"search_term_string"}}],"inLanguage":"fr-FR"},{"@type":"Organization","@id":"https:\/\/www.orthomanufacture.com\/2022\/#organization","name":"2022","url":"https:\/\/www.orthomanufacture.com\/2022\/","logo":{"@type":"ImageObject","inLanguage":"fr-FR","@id":"https:\/\/www.orthomanufacture.com\/2022\/#\/schema\/logo\/image\/","url":"https:\/\/www.orthomanufacture.com\/2022\/wp-content\/uploads\/sites\/9\/2019\/07\/logo-orthomanufacture-blanc.png","contentUrl":"https:\/\/www.orthomanufacture.com\/2022\/wp-content\/uploads\/sites\/9\/2019\/07\/logo-orthomanufacture-blanc.png","width":413,"height":40,"caption":"2022"},"image":{"@id":"https:\/\/www.orthomanufacture.com\/2022\/#\/schema\/logo\/image\/"}}]}},"coauthors":[],"author_meta":{"author_link":"https:\/\/www.orthomanufacture.com\/2022\/blog\/author\/ortho_imanufacture\/","display_name":"Les Imageurs"},"relative_dates":{"created":"Publi\u00e9 7 ans il y a","modified":"Mis \u00e0 jour 4 ans il y a"},"absolute_dates":{"created":"Publi\u00e9 le 27 mai 2019","modified":"Mise \u00e0 jour le 5 mai 2022"},"absolute_dates_time":{"created":"Publi\u00e9 le 27 mai 2019 14 h 32 min","modified":"Mise \u00e0 jour le 5 mai 2022 19 h 13 min"},"featured_img_caption":"","featured_img":false,"series_order":"","_links":{"self":[{"href":"https:\/\/www.orthomanufacture.com\/2022\/wp-json\/wp\/v2\/pages\/2860","targetHints":{"allow":["GET"]}}],"collection":[{"href":"https:\/\/www.orthomanufacture.com\/2022\/wp-json\/wp\/v2\/pages"}],"about":[{"href":"https:\/\/www.orthomanufacture.com\/2022\/wp-json\/wp\/v2\/types\/page"}],"author":[{"embeddable":true,"href":"https:\/\/www.orthomanufacture.com\/2022\/wp-json\/wp\/v2\/users\/1"}],"replies":[{"embeddable":true,"href":"https:\/\/www.orthomanufacture.com\/2022\/wp-json\/wp\/v2\/comments?post=2860"}],"version-history":[{"count":0,"href":"https:\/\/www.orthomanufacture.com\/2022\/wp-json\/wp\/v2\/pages\/2860\/revisions"}],"wp:attachment":[{"href":"https:\/\/www.orthomanufacture.com\/2022\/wp-json\/wp\/v2\/media?parent=2860"}],"curies":[{"name":"wp","href":"https:\/\/api.w.org\/{rel}","templated":true}]}}