{"id":2854,"date":"2019-05-27T14:30:28","date_gmt":"2019-05-27T12:30:28","guid":{"rendered":"https:\/\/www.orthomanufacture.com\/2022\/?page_id=2854"},"modified":"2022-03-14T10:08:06","modified_gmt":"2022-03-14T09:08:06","slug":"die-messe","status":"publish","type":"page","link":"https:\/\/www.orthomanufacture.com\/2022\/de\/die-messe\/","title":{"rendered":"Die Messe"},"content":{"rendered":"\n<div class=\"wp-block-ugb-container ugb-container ugb-7395368 ugb-container--v2 ugb-container--design-basic ugb-main-block\"><div class=\"ugb-inner-block\"><div class=\"ugb-block-content\"><div class=\"ugb-container__wrapper ugb-7395368-wrapper ugb--shadow-3\"><div class=\"ugb-container__side\"><div class=\"ugb-container__content-wrapper ugb-7395368-content-wrapper\">\n<h2 class=\"wp-block-heading\">ORTHOMANUFACTURE ist eine j\u00e4hrliche Messe, die abwechselnd in Frankreich oder in der Schweiz stattfindet. <\/h2>\n\n\n\n<p><\/p>\n\n\n\n<p><\/p>\n\n\n\n<p>Die ORTHOMANUFACTURE vereint Firmen aus den folgenden Bereichen zur selben Zeit am selben Ort: Implantate und Instrumente f\u00fcr die Orthop\u00e4die, Traumatologie, Wirbels\u00e4ule und Zahnmedizin.<\/p>\n\n\n\n<p>Treffen Sie Aussteller in den Bereichen Additive Fertigung, Giessen, Schmieden, Zerspanung, Oberfl\u00e4chenbeschichtung, Veredelung, Verpackung, Rohstoffe, Kontrolle, Pr\u00fcfung, Labor, Oberfl\u00e4chencharakterisierung etc.<\/p>\n\n\n\n<p>200 bis 250 Besucher werden die 2 Tage nutzen, um ihr Netzwerk zu pflegen und zu erweitern: \u00c4rzte, Gesch\u00e4ftsf\u00fchrer, F&amp;E-Ingenieure, Projektleiter, Produktionsleiter, Eink\u00e4ufer, Handelsvertreter, Qualit\u00e4tssicherungsspezialisten etc.<\/p>\n\n\n\n<p>Die Messe bietet eine optimale M\u00f6glichkeit, sich mit Entscheidungstr\u00e4gern \u00fcber die technischen, medizinischen und gesetzlichen Fortschritte auszutauschen.<\/p>\n\n\n\n<p><\/p>\n\n\n\n<p>Au\u00dferdem bieten wir ein unterhaltsames Abendprogramm f\u00fcr alle Teilnehmer, Referenten und Aussteller an. Es ist eine tolle Gelegenheit, weitere Kontakte zu kn\u00fcpfen, sowie die Gespr\u00e4che des Tages in einem entspannteren Rahmen weiterzuf\u00fchren.<\/p>\n<\/div><\/div><\/div><\/div><\/div><\/div>\n<style class=\"advgb-styles-renderer\">.ugb-7395368-wrapper.ugb-container__wrapper{border-radius:12px !important;background-color:#f1f1f1 !important}.ugb-7395368-wrapper.ugb-container__wrapper:before{background-color:#f1f1f1 !important}.ugb-7395368-content-wrapper > h1,.ugb-7395368-content-wrapper > h2,.ugb-7395368-content-wrapper > h3,.ugb-7395368-content-wrapper > h4,.ugb-7395368-content-wrapper > h5,.ugb-7395368-content-wrapper > h6{color:#222222}.ugb-7395368-content-wrapper > p,.ugb-7395368-content-wrapper > ol li,.ugb-7395368-content-wrapper > ul li{color:#222222}@media screen and (min-width:768px){.ugb-7395368-content-wrapper.ugb-container__content-wrapper{width:100% !important}}<\/style>","protected":false},"excerpt":{"rendered":"<p>ORTHOMANUFACTURE ist eine j\u00e4hrliche Messe, die abwechselnd in Frankreich oder in der Schweiz stattfindet. Die ORTHOMANUFACTURE vereint Firmen aus den folgenden Bereichen zur selben Zeit am selben Ort: Implantate und Instrumente f\u00fcr die Orthop\u00e4die, Traumatologie, Wirbels\u00e4ule und Zahnmedizin. Treffen Sie Aussteller in den Bereichen Additive Fertigung, Giessen, Schmieden, Zerspanung, Oberfl\u00e4chenbeschichtung, Veredelung, Verpackung, Rohstoffe, Kontrolle, Pr\u00fcfung, [&hellip;]<\/p>\n","protected":false},"author":1,"featured_media":0,"parent":0,"menu_order":22,"comment_status":"closed","ping_status":"closed","template":"page.php","meta":{"advgb_blocks_editor_width":"","advgb_blocks_columns_visual_guide":"","footnotes":""},"class_list":["post-2854","page","type-page","status-publish","hentry"],"acf":[],"featured_image_urls_v2":{"full":"","thumbnail":"","medium":"","medium_large":"","large":"","1536x1536":"","2048x2048":"","album-thumb":"","photo-thumb":""},"post_excerpt_stackable_v2":"<p>ORTHOMANUFACTURE ist eine j\u00e4hrliche Messe, die abwechselnd in Frankreich oder in der Schweiz stattfindet. Die ORTHOMANUFACTURE vereint Firmen aus den folgenden Bereichen zur selben Zeit am selben Ort: Implantate und Instrumente f\u00fcr die Orthop\u00e4die, Traumatologie, Wirbels\u00e4ule und Zahnmedizin. Treffen Sie Aussteller in den Bereichen Additive Fertigung, Giessen, Schmieden, Zerspanung, Oberfl\u00e4chenbeschichtung, Veredelung, Verpackung, Rohstoffe, Kontrolle, Pr\u00fcfung, Labor, Oberfl\u00e4chencharakterisierung etc. 200 bis 250 Besucher werden die 2 Tage nutzen, um ihr Netzwerk zu pflegen und zu erweitern: \u00c4rzte, Gesch\u00e4ftsf\u00fchrer, F&amp;E-Ingenieure, Projektleiter, Produktionsleiter, Eink\u00e4ufer, Handelsvertreter, Qualit\u00e4tssicherungsspezialisten etc. Die Messe bietet eine optimale M\u00f6glichkeit, sich mit Entscheidungstr\u00e4gern \u00fcber die technischen, medizinischen und gesetzlichen Fortschritte\u2026<\/p>\n","category_list_v2":"","author_info_v2":{"name":"Les Imageurs","url":"https:\/\/www.orthomanufacture.com\/2022\/blog\/author\/ortho_imanufacture\/"},"comments_num_v2":"0 commentaire","yoast_head":"<!-- This site is optimized with the Yoast SEO plugin v27.5 - https:\/\/yoast.com\/product\/yoast-seo-wordpress\/ -->\n<title>Die Messe - 2022<\/title>\n<meta name=\"robots\" content=\"index, follow, max-snippet:-1, max-image-preview:large, max-video-preview:-1\" \/>\n<link rel=\"canonical\" href=\"https:\/\/www.orthomanufacture.com\/2022\/de\/die-messe\/\" \/>\n<meta property=\"og:locale\" content=\"fr_FR\" \/>\n<meta property=\"og:type\" content=\"article\" \/>\n<meta property=\"og:title\" content=\"Die Messe - 2022\" \/>\n<meta property=\"og:description\" content=\"ORTHOMANUFACTURE ist eine j\u00e4hrliche Messe, die abwechselnd in Frankreich oder in der Schweiz stattfindet. Die ORTHOMANUFACTURE vereint Firmen aus den folgenden Bereichen zur selben Zeit am selben Ort: Implantate und Instrumente f\u00fcr die Orthop\u00e4die, Traumatologie, Wirbels\u00e4ule und Zahnmedizin. Treffen Sie Aussteller in den Bereichen Additive Fertigung, Giessen, Schmieden, Zerspanung, Oberfl\u00e4chenbeschichtung, Veredelung, Verpackung, Rohstoffe, Kontrolle, Pr\u00fcfung, [&hellip;]\" \/>\n<meta property=\"og:url\" content=\"https:\/\/www.orthomanufacture.com\/2022\/de\/die-messe\/\" \/>\n<meta property=\"og:site_name\" content=\"2022\" \/>\n<meta property=\"article:modified_time\" content=\"2022-03-14T09:08:06+00:00\" \/>\n<meta name=\"twitter:card\" content=\"summary_large_image\" \/>\n<meta name=\"twitter:label1\" content=\"Dur\u00e9e de lecture estim\u00e9e\" \/>\n\t<meta name=\"twitter:data1\" content=\"1 minute\" \/>\n<script type=\"application\/ld+json\" class=\"yoast-schema-graph\">{\"@context\":\"https:\\\/\\\/schema.org\",\"@graph\":[{\"@type\":\"WebPage\",\"@id\":\"https:\\\/\\\/www.orthomanufacture.com\\\/2022\\\/de\\\/die-messe\\\/\",\"url\":\"https:\\\/\\\/www.orthomanufacture.com\\\/2022\\\/de\\\/die-messe\\\/\",\"name\":\"Die Messe - 2022\",\"isPartOf\":{\"@id\":\"https:\\\/\\\/www.orthomanufacture.com\\\/2022\\\/#website\"},\"datePublished\":\"2019-05-27T12:30:28+00:00\",\"dateModified\":\"2022-03-14T09:08:06+00:00\",\"breadcrumb\":{\"@id\":\"https:\\\/\\\/www.orthomanufacture.com\\\/2022\\\/de\\\/die-messe\\\/#breadcrumb\"},\"inLanguage\":\"fr-FR\",\"potentialAction\":[{\"@type\":\"ReadAction\",\"target\":[\"https:\\\/\\\/www.orthomanufacture.com\\\/2022\\\/de\\\/die-messe\\\/\"]}]},{\"@type\":\"BreadcrumbList\",\"@id\":\"https:\\\/\\\/www.orthomanufacture.com\\\/2022\\\/de\\\/die-messe\\\/#breadcrumb\",\"itemListElement\":[{\"@type\":\"ListItem\",\"position\":1,\"name\":\"Accueil\",\"item\":\"https:\\\/\\\/www.orthomanufacture.com\\\/2022\\\/fr\\\/\"},{\"@type\":\"ListItem\",\"position\":2,\"name\":\"Die Messe\"}]},{\"@type\":\"WebSite\",\"@id\":\"https:\\\/\\\/www.orthomanufacture.com\\\/2022\\\/#website\",\"url\":\"https:\\\/\\\/www.orthomanufacture.com\\\/2022\\\/\",\"name\":\"2022\",\"description\":\"SALON D\u00c9DI\u00c9 AUX INDUSTRIES DE LA FILI\u00c8RE DES IMPLANTS ET INSTRUMENTS EN ORTHOP\u00c9DIE, TRAUMATOLOGIE, RACHIS, DENTAIRE\",\"publisher\":{\"@id\":\"https:\\\/\\\/www.orthomanufacture.com\\\/2022\\\/#organization\"},\"potentialAction\":[{\"@type\":\"SearchAction\",\"target\":{\"@type\":\"EntryPoint\",\"urlTemplate\":\"https:\\\/\\\/www.orthomanufacture.com\\\/2022\\\/?s={search_term_string}\"},\"query-input\":{\"@type\":\"PropertyValueSpecification\",\"valueRequired\":true,\"valueName\":\"search_term_string\"}}],\"inLanguage\":\"fr-FR\"},{\"@type\":\"Organization\",\"@id\":\"https:\\\/\\\/www.orthomanufacture.com\\\/2022\\\/#organization\",\"name\":\"2022\",\"url\":\"https:\\\/\\\/www.orthomanufacture.com\\\/2022\\\/\",\"logo\":{\"@type\":\"ImageObject\",\"inLanguage\":\"fr-FR\",\"@id\":\"https:\\\/\\\/www.orthomanufacture.com\\\/2022\\\/#\\\/schema\\\/logo\\\/image\\\/\",\"url\":\"https:\\\/\\\/www.orthomanufacture.com\\\/2022\\\/wp-content\\\/uploads\\\/sites\\\/9\\\/2019\\\/07\\\/logo-orthomanufacture-blanc.png\",\"contentUrl\":\"https:\\\/\\\/www.orthomanufacture.com\\\/2022\\\/wp-content\\\/uploads\\\/sites\\\/9\\\/2019\\\/07\\\/logo-orthomanufacture-blanc.png\",\"width\":413,\"height\":40,\"caption\":\"2022\"},\"image\":{\"@id\":\"https:\\\/\\\/www.orthomanufacture.com\\\/2022\\\/#\\\/schema\\\/logo\\\/image\\\/\"}}]}<\/script>\n<!-- \/ Yoast SEO plugin. -->","yoast_head_json":{"title":"Die Messe - 2022","robots":{"index":"index","follow":"follow","max-snippet":"max-snippet:-1","max-image-preview":"max-image-preview:large","max-video-preview":"max-video-preview:-1"},"canonical":"https:\/\/www.orthomanufacture.com\/2022\/de\/die-messe\/","og_locale":"fr_FR","og_type":"article","og_title":"Die Messe - 2022","og_description":"ORTHOMANUFACTURE ist eine j\u00e4hrliche Messe, die abwechselnd in Frankreich oder in der Schweiz stattfindet. Die ORTHOMANUFACTURE vereint Firmen aus den folgenden Bereichen zur selben Zeit am selben Ort: Implantate und Instrumente f\u00fcr die Orthop\u00e4die, Traumatologie, Wirbels\u00e4ule und Zahnmedizin. Treffen Sie Aussteller in den Bereichen Additive Fertigung, Giessen, Schmieden, Zerspanung, Oberfl\u00e4chenbeschichtung, Veredelung, Verpackung, Rohstoffe, Kontrolle, Pr\u00fcfung, [&hellip;]","og_url":"https:\/\/www.orthomanufacture.com\/2022\/de\/die-messe\/","og_site_name":"2022","article_modified_time":"2022-03-14T09:08:06+00:00","twitter_card":"summary_large_image","twitter_misc":{"Dur\u00e9e de lecture estim\u00e9e":"1 minute"},"schema":{"@context":"https:\/\/schema.org","@graph":[{"@type":"WebPage","@id":"https:\/\/www.orthomanufacture.com\/2022\/de\/die-messe\/","url":"https:\/\/www.orthomanufacture.com\/2022\/de\/die-messe\/","name":"Die Messe - 2022","isPartOf":{"@id":"https:\/\/www.orthomanufacture.com\/2022\/#website"},"datePublished":"2019-05-27T12:30:28+00:00","dateModified":"2022-03-14T09:08:06+00:00","breadcrumb":{"@id":"https:\/\/www.orthomanufacture.com\/2022\/de\/die-messe\/#breadcrumb"},"inLanguage":"fr-FR","potentialAction":[{"@type":"ReadAction","target":["https:\/\/www.orthomanufacture.com\/2022\/de\/die-messe\/"]}]},{"@type":"BreadcrumbList","@id":"https:\/\/www.orthomanufacture.com\/2022\/de\/die-messe\/#breadcrumb","itemListElement":[{"@type":"ListItem","position":1,"name":"Accueil","item":"https:\/\/www.orthomanufacture.com\/2022\/fr\/"},{"@type":"ListItem","position":2,"name":"Die Messe"}]},{"@type":"WebSite","@id":"https:\/\/www.orthomanufacture.com\/2022\/#website","url":"https:\/\/www.orthomanufacture.com\/2022\/","name":"2022","description":"SALON D\u00c9DI\u00c9 AUX INDUSTRIES DE LA FILI\u00c8RE DES IMPLANTS ET INSTRUMENTS EN ORTHOP\u00c9DIE, TRAUMATOLOGIE, RACHIS, DENTAIRE","publisher":{"@id":"https:\/\/www.orthomanufacture.com\/2022\/#organization"},"potentialAction":[{"@type":"SearchAction","target":{"@type":"EntryPoint","urlTemplate":"https:\/\/www.orthomanufacture.com\/2022\/?s={search_term_string}"},"query-input":{"@type":"PropertyValueSpecification","valueRequired":true,"valueName":"search_term_string"}}],"inLanguage":"fr-FR"},{"@type":"Organization","@id":"https:\/\/www.orthomanufacture.com\/2022\/#organization","name":"2022","url":"https:\/\/www.orthomanufacture.com\/2022\/","logo":{"@type":"ImageObject","inLanguage":"fr-FR","@id":"https:\/\/www.orthomanufacture.com\/2022\/#\/schema\/logo\/image\/","url":"https:\/\/www.orthomanufacture.com\/2022\/wp-content\/uploads\/sites\/9\/2019\/07\/logo-orthomanufacture-blanc.png","contentUrl":"https:\/\/www.orthomanufacture.com\/2022\/wp-content\/uploads\/sites\/9\/2019\/07\/logo-orthomanufacture-blanc.png","width":413,"height":40,"caption":"2022"},"image":{"@id":"https:\/\/www.orthomanufacture.com\/2022\/#\/schema\/logo\/image\/"}}]}},"coauthors":[],"author_meta":{"author_link":"https:\/\/www.orthomanufacture.com\/2022\/blog\/author\/ortho_imanufacture\/","display_name":"Les Imageurs"},"relative_dates":{"created":"Publi\u00e9 7 ans il y a","modified":"Mis \u00e0 jour 4 ans il y a"},"absolute_dates":{"created":"Publi\u00e9 le 27 mai 2019","modified":"Mise \u00e0 jour le 14 mars 2022"},"absolute_dates_time":{"created":"Publi\u00e9 le 27 mai 2019 14 h 30 min","modified":"Mise \u00e0 jour le 14 mars 2022 10 h 08 min"},"featured_img_caption":"","featured_img":false,"series_order":"","_links":{"self":[{"href":"https:\/\/www.orthomanufacture.com\/2022\/wp-json\/wp\/v2\/pages\/2854","targetHints":{"allow":["GET"]}}],"collection":[{"href":"https:\/\/www.orthomanufacture.com\/2022\/wp-json\/wp\/v2\/pages"}],"about":[{"href":"https:\/\/www.orthomanufacture.com\/2022\/wp-json\/wp\/v2\/types\/page"}],"author":[{"embeddable":true,"href":"https:\/\/www.orthomanufacture.com\/2022\/wp-json\/wp\/v2\/users\/1"}],"replies":[{"embeddable":true,"href":"https:\/\/www.orthomanufacture.com\/2022\/wp-json\/wp\/v2\/comments?post=2854"}],"version-history":[{"count":0,"href":"https:\/\/www.orthomanufacture.com\/2022\/wp-json\/wp\/v2\/pages\/2854\/revisions"}],"wp:attachment":[{"href":"https:\/\/www.orthomanufacture.com\/2022\/wp-json\/wp\/v2\/media?parent=2854"}],"curies":[{"name":"wp","href":"https:\/\/api.w.org\/{rel}","templated":true}]}}