{"id":2852,"date":"2019-05-27T14:29:48","date_gmt":"2019-05-27T12:29:48","guid":{"rendered":"https:\/\/www.orthomanufacture.com\/2022\/?page_id=2852"},"modified":"2022-02-10T17:08:55","modified_gmt":"2022-02-10T16:08:55","slug":"the-fair","status":"publish","type":"page","link":"https:\/\/www.orthomanufacture.com\/2022\/en\/the-fair\/","title":{"rendered":"The Fair"},"content":{"rendered":"\n<h2 class=\"wp-block-heading\">ORTHOMANUFACTURE is an annual trade show, taking place in France or Switzerland, every other year. In 2022, come back to a \u00ab\u00a0normal\u00a0\u00bb exhibition with its meetings, its exchanges, its sharing.<\/h2>\n\n\n\n<h2 class=\"wp-block-heading\">In France, at Parc M\u00e9trotech, near Saint-Etienne on the road to Lyon, exhibitors and organizers will be there to welcome you in a professional and friendly setting.<\/h2>\n\n\n\n<p><\/p>\n\n\n\n<p> The event offers conferences and an exhibition for industries of the sector of implants and instruments in orthopedics, traumatology, spine, dental. Foundry, forging, additive manufacturing, machining, surface coatings, finishing, packaging but also materials suppliers, companies in control, testing, laboratories, surface characterization &#8230;<\/p>\n\n\n\n<p>Over the 2 days, 200 to 250 visitors and listeners will come to visit their suppliers and discover new ones. Company directors, R&amp;D engineers, project managers, production managers, buyers, sales representatives, quality control specialists&#8230; decision-makers will come to look for new contacts and discover innovations relating to the field of implants.<\/p>\n\n\n\n<p>The exhibition thus offers the possibility of meeting professionals and exchanging knowledge, receiving information on technical, medical and legal advances&#8230;.<\/p>\n\n\n\n<p>We also offer an entertaining evening program for all attendees, speakers and exhibitors. It&rsquo;s a great opportunity to make more contacts and continue the day&rsquo;s conversations in a more relaxed setting.<\/p>\n\n\n\n<p><strong><span style=\"color: #0693e3\" class=\"ugb-highlight\"><\/span><\/strong><a href=\"https:\/\/www.orthomanufacture.com\/2022\/en\/registration-2020\/\" target=\"_blank\" rel=\"noreferrer noopener\"><strong><span style=\"color: #0693e3\" class=\"ugb-highlight\">Registration<\/span><\/strong><\/a><span style=\"color: #0693e3\" class=\"ugb-highlight\"><strong><span style=\"color: #0693e3\" class=\"ugb-highlight\"><\/span><\/strong><\/span><\/p>\n\n\n\n<p><\/p>\n\n\n\n<div class=\"wp-block-columns has-3-columns is-layout-flex wp-container-core-columns-is-layout-9d6595d7 wp-block-columns-is-layout-flex\">\n<div class=\"wp-block-column is-layout-flow wp-block-column-is-layout-flow\">\n<div class=\"wp-block-image\"><figure class=\"aligncenter\"><img decoding=\"async\" src=\"https:\/\/www.orthomanufacture.com\/2022\/fr\/wp-content\/themes\/ortho2020\/images\/icon\/icon_group.png\" alt=\"\" \/><\/figure><\/div>\n\n\n\n<hr class=\"wp-block-separator\" \/>\n\n\n\n<p class=\"has-text-align-center\">A trade fair for manufacturers, suppliers and subcontractors of the entire implant industry<\/p>\n<\/div>\n\n\n\n<div class=\"wp-block-column is-layout-flow wp-block-column-is-layout-flow\">\n<div class=\"wp-block-image\"><figure class=\"aligncenter\"><img decoding=\"async\" src=\"https:\/\/www.orthomanufacture.com\/2022\/fr\/wp-content\/themes\/ortho2020\/images\/icon\/icon_robot.png\" alt=\"\" \/><\/figure><\/div>\n\n\n\n<hr class=\"wp-block-separator\" \/>\n\n\n\n<p class=\"has-text-align-center\"> About fifty industrial \u00ab\u00a0exhibitors\u00a0\u00bb<\/p>\n<\/div>\n\n\n\n<div class=\"wp-block-column is-layout-flow wp-block-column-is-layout-flow\">\n<div class=\"wp-block-image\"><figure class=\"aligncenter\"><img decoding=\"async\" src=\"https:\/\/www.orthomanufacture.com\/2022\/fr\/wp-content\/themes\/ortho2020\/images\/icon\/icon_micro.png\" alt=\"\" \/><\/figure><\/div>\n\n\n\n<hr class=\"wp-block-separator\" \/>\n\n\n\n<p>Technical and scientific conferences : scientists, researchers, surgeons &#8230; experts in research, education, industry &#8230;<\/p>\n<\/div>\n<\/div>\n\n\n","protected":false},"excerpt":{"rendered":"<p>ORTHOMANUFACTURE is an annual trade show, taking place in France or Switzerland, every other year. In 2022, come back to a \u00ab\u00a0normal\u00a0\u00bb exhibition with its meetings, its exchanges, its sharing. In France, at Parc M\u00e9trotech, near Saint-Etienne on the road to Lyon, exhibitors and organizers will be there to welcome you in a professional and [&hellip;]<\/p>\n","protected":false},"author":1,"featured_media":0,"parent":0,"menu_order":30,"comment_status":"closed","ping_status":"closed","template":"","meta":{"advgb_blocks_editor_width":"","advgb_blocks_columns_visual_guide":"","footnotes":""},"class_list":["post-2852","page","type-page","status-publish","hentry"],"acf":[],"featured_image_urls_v2":{"full":"","thumbnail":"","medium":"","medium_large":"","large":"","1536x1536":"","2048x2048":"","album-thumb":"","photo-thumb":""},"post_excerpt_stackable_v2":"<p>ORTHOMANUFACTURE is an annual trade show, taking place in France or Switzerland, every other year. In 2022, come back to a \u00ab\u00a0normal\u00a0\u00bb exhibition with its meetings, its exchanges, its sharing. In France, at Parc M\u00e9trotech, near Saint-Etienne on the road to Lyon, exhibitors and organizers will be there to welcome you in a professional and friendly setting. The event offers conferences and an exhibition for industries of the sector of implants and instruments in orthopedics, traumatology, spine, dental. Foundry, forging, additive manufacturing, machining, surface coatings, finishing, packaging but also materials suppliers, companies in control, testing, laboratories, surface characterization &#8230; Over\u2026<\/p>\n","category_list_v2":"","author_info_v2":{"name":"Les Imageurs","url":"https:\/\/www.orthomanufacture.com\/2022\/blog\/author\/ortho_imanufacture\/"},"comments_num_v2":"0 commentaire","yoast_head":"<!-- This site is optimized with the Yoast SEO plugin v27.5 - https:\/\/yoast.com\/product\/yoast-seo-wordpress\/ -->\n<title>The Fair - 2022<\/title>\n<meta name=\"robots\" content=\"index, follow, max-snippet:-1, max-image-preview:large, max-video-preview:-1\" \/>\n<link rel=\"canonical\" href=\"https:\/\/www.orthomanufacture.com\/2022\/en\/the-fair\/\" \/>\n<meta property=\"og:locale\" content=\"fr_FR\" \/>\n<meta property=\"og:type\" content=\"article\" \/>\n<meta property=\"og:title\" content=\"The Fair - 2022\" \/>\n<meta property=\"og:description\" content=\"ORTHOMANUFACTURE is an annual trade show, taking place in France or Switzerland, every other year. In 2022, come back to a \u00ab\u00a0normal\u00a0\u00bb exhibition with its meetings, its exchanges, its sharing. In France, at Parc M\u00e9trotech, near Saint-Etienne on the road to Lyon, exhibitors and organizers will be there to welcome you in a professional and [&hellip;]\" \/>\n<meta property=\"og:url\" content=\"https:\/\/www.orthomanufacture.com\/2022\/en\/the-fair\/\" \/>\n<meta property=\"og:site_name\" content=\"2022\" \/>\n<meta property=\"article:modified_time\" content=\"2022-02-10T16:08:55+00:00\" \/>\n<meta property=\"og:image\" content=\"https:\/\/www.orthomanufacture.com\/2022\/fr\/wp-content\/themes\/ortho2020\/images\/icon\/icon_group.png\" \/>\n<meta name=\"twitter:card\" content=\"summary_large_image\" \/>\n<meta name=\"twitter:label1\" content=\"Dur\u00e9e de lecture estim\u00e9e\" \/>\n\t<meta name=\"twitter:data1\" content=\"2 minutes\" \/>\n<script type=\"application\/ld+json\" class=\"yoast-schema-graph\">{\"@context\":\"https:\\\/\\\/schema.org\",\"@graph\":[{\"@type\":\"WebPage\",\"@id\":\"https:\\\/\\\/www.orthomanufacture.com\\\/2022\\\/en\\\/the-fair\\\/\",\"url\":\"https:\\\/\\\/www.orthomanufacture.com\\\/2022\\\/en\\\/the-fair\\\/\",\"name\":\"The Fair - 2022\",\"isPartOf\":{\"@id\":\"https:\\\/\\\/www.orthomanufacture.com\\\/2022\\\/#website\"},\"primaryImageOfPage\":{\"@id\":\"https:\\\/\\\/www.orthomanufacture.com\\\/2022\\\/en\\\/the-fair\\\/#primaryimage\"},\"image\":{\"@id\":\"https:\\\/\\\/www.orthomanufacture.com\\\/2022\\\/en\\\/the-fair\\\/#primaryimage\"},\"thumbnailUrl\":\"https:\\\/\\\/www.orthomanufacture.com\\\/2022\\\/fr\\\/wp-content\\\/themes\\\/ortho2020\\\/images\\\/icon\\\/icon_group.png\",\"datePublished\":\"2019-05-27T12:29:48+00:00\",\"dateModified\":\"2022-02-10T16:08:55+00:00\",\"breadcrumb\":{\"@id\":\"https:\\\/\\\/www.orthomanufacture.com\\\/2022\\\/en\\\/the-fair\\\/#breadcrumb\"},\"inLanguage\":\"fr-FR\",\"potentialAction\":[{\"@type\":\"ReadAction\",\"target\":[\"https:\\\/\\\/www.orthomanufacture.com\\\/2022\\\/en\\\/the-fair\\\/\"]}]},{\"@type\":\"ImageObject\",\"inLanguage\":\"fr-FR\",\"@id\":\"https:\\\/\\\/www.orthomanufacture.com\\\/2022\\\/en\\\/the-fair\\\/#primaryimage\",\"url\":\"https:\\\/\\\/www.orthomanufacture.com\\\/2022\\\/fr\\\/wp-content\\\/themes\\\/ortho2020\\\/images\\\/icon\\\/icon_group.png\",\"contentUrl\":\"https:\\\/\\\/www.orthomanufacture.com\\\/2022\\\/fr\\\/wp-content\\\/themes\\\/ortho2020\\\/images\\\/icon\\\/icon_group.png\"},{\"@type\":\"BreadcrumbList\",\"@id\":\"https:\\\/\\\/www.orthomanufacture.com\\\/2022\\\/en\\\/the-fair\\\/#breadcrumb\",\"itemListElement\":[{\"@type\":\"ListItem\",\"position\":1,\"name\":\"Accueil\",\"item\":\"https:\\\/\\\/www.orthomanufacture.com\\\/2022\\\/fr\\\/\"},{\"@type\":\"ListItem\",\"position\":2,\"name\":\"The Fair\"}]},{\"@type\":\"WebSite\",\"@id\":\"https:\\\/\\\/www.orthomanufacture.com\\\/2022\\\/#website\",\"url\":\"https:\\\/\\\/www.orthomanufacture.com\\\/2022\\\/\",\"name\":\"2022\",\"description\":\"SALON D\u00c9DI\u00c9 AUX INDUSTRIES DE LA FILI\u00c8RE DES IMPLANTS ET INSTRUMENTS EN ORTHOP\u00c9DIE, TRAUMATOLOGIE, RACHIS, DENTAIRE\",\"publisher\":{\"@id\":\"https:\\\/\\\/www.orthomanufacture.com\\\/2022\\\/#organization\"},\"potentialAction\":[{\"@type\":\"SearchAction\",\"target\":{\"@type\":\"EntryPoint\",\"urlTemplate\":\"https:\\\/\\\/www.orthomanufacture.com\\\/2022\\\/?s={search_term_string}\"},\"query-input\":{\"@type\":\"PropertyValueSpecification\",\"valueRequired\":true,\"valueName\":\"search_term_string\"}}],\"inLanguage\":\"fr-FR\"},{\"@type\":\"Organization\",\"@id\":\"https:\\\/\\\/www.orthomanufacture.com\\\/2022\\\/#organization\",\"name\":\"2022\",\"url\":\"https:\\\/\\\/www.orthomanufacture.com\\\/2022\\\/\",\"logo\":{\"@type\":\"ImageObject\",\"inLanguage\":\"fr-FR\",\"@id\":\"https:\\\/\\\/www.orthomanufacture.com\\\/2022\\\/#\\\/schema\\\/logo\\\/image\\\/\",\"url\":\"https:\\\/\\\/www.orthomanufacture.com\\\/2022\\\/wp-content\\\/uploads\\\/sites\\\/9\\\/2019\\\/07\\\/logo-orthomanufacture-blanc.png\",\"contentUrl\":\"https:\\\/\\\/www.orthomanufacture.com\\\/2022\\\/wp-content\\\/uploads\\\/sites\\\/9\\\/2019\\\/07\\\/logo-orthomanufacture-blanc.png\",\"width\":413,\"height\":40,\"caption\":\"2022\"},\"image\":{\"@id\":\"https:\\\/\\\/www.orthomanufacture.com\\\/2022\\\/#\\\/schema\\\/logo\\\/image\\\/\"}}]}<\/script>\n<!-- \/ Yoast SEO plugin. -->","yoast_head_json":{"title":"The Fair - 2022","robots":{"index":"index","follow":"follow","max-snippet":"max-snippet:-1","max-image-preview":"max-image-preview:large","max-video-preview":"max-video-preview:-1"},"canonical":"https:\/\/www.orthomanufacture.com\/2022\/en\/the-fair\/","og_locale":"fr_FR","og_type":"article","og_title":"The Fair - 2022","og_description":"ORTHOMANUFACTURE is an annual trade show, taking place in France or Switzerland, every other year. In 2022, come back to a \u00ab\u00a0normal\u00a0\u00bb exhibition with its meetings, its exchanges, its sharing. In France, at Parc M\u00e9trotech, near Saint-Etienne on the road to Lyon, exhibitors and organizers will be there to welcome you in a professional and [&hellip;]","og_url":"https:\/\/www.orthomanufacture.com\/2022\/en\/the-fair\/","og_site_name":"2022","article_modified_time":"2022-02-10T16:08:55+00:00","og_image":[{"url":"https:\/\/www.orthomanufacture.com\/2022\/fr\/wp-content\/themes\/ortho2020\/images\/icon\/icon_group.png","type":"","width":"","height":""}],"twitter_card":"summary_large_image","twitter_misc":{"Dur\u00e9e de lecture estim\u00e9e":"2 minutes"},"schema":{"@context":"https:\/\/schema.org","@graph":[{"@type":"WebPage","@id":"https:\/\/www.orthomanufacture.com\/2022\/en\/the-fair\/","url":"https:\/\/www.orthomanufacture.com\/2022\/en\/the-fair\/","name":"The Fair - 2022","isPartOf":{"@id":"https:\/\/www.orthomanufacture.com\/2022\/#website"},"primaryImageOfPage":{"@id":"https:\/\/www.orthomanufacture.com\/2022\/en\/the-fair\/#primaryimage"},"image":{"@id":"https:\/\/www.orthomanufacture.com\/2022\/en\/the-fair\/#primaryimage"},"thumbnailUrl":"https:\/\/www.orthomanufacture.com\/2022\/fr\/wp-content\/themes\/ortho2020\/images\/icon\/icon_group.png","datePublished":"2019-05-27T12:29:48+00:00","dateModified":"2022-02-10T16:08:55+00:00","breadcrumb":{"@id":"https:\/\/www.orthomanufacture.com\/2022\/en\/the-fair\/#breadcrumb"},"inLanguage":"fr-FR","potentialAction":[{"@type":"ReadAction","target":["https:\/\/www.orthomanufacture.com\/2022\/en\/the-fair\/"]}]},{"@type":"ImageObject","inLanguage":"fr-FR","@id":"https:\/\/www.orthomanufacture.com\/2022\/en\/the-fair\/#primaryimage","url":"https:\/\/www.orthomanufacture.com\/2022\/fr\/wp-content\/themes\/ortho2020\/images\/icon\/icon_group.png","contentUrl":"https:\/\/www.orthomanufacture.com\/2022\/fr\/wp-content\/themes\/ortho2020\/images\/icon\/icon_group.png"},{"@type":"BreadcrumbList","@id":"https:\/\/www.orthomanufacture.com\/2022\/en\/the-fair\/#breadcrumb","itemListElement":[{"@type":"ListItem","position":1,"name":"Accueil","item":"https:\/\/www.orthomanufacture.com\/2022\/fr\/"},{"@type":"ListItem","position":2,"name":"The Fair"}]},{"@type":"WebSite","@id":"https:\/\/www.orthomanufacture.com\/2022\/#website","url":"https:\/\/www.orthomanufacture.com\/2022\/","name":"2022","description":"SALON D\u00c9DI\u00c9 AUX INDUSTRIES DE LA FILI\u00c8RE DES IMPLANTS ET INSTRUMENTS EN ORTHOP\u00c9DIE, TRAUMATOLOGIE, RACHIS, DENTAIRE","publisher":{"@id":"https:\/\/www.orthomanufacture.com\/2022\/#organization"},"potentialAction":[{"@type":"SearchAction","target":{"@type":"EntryPoint","urlTemplate":"https:\/\/www.orthomanufacture.com\/2022\/?s={search_term_string}"},"query-input":{"@type":"PropertyValueSpecification","valueRequired":true,"valueName":"search_term_string"}}],"inLanguage":"fr-FR"},{"@type":"Organization","@id":"https:\/\/www.orthomanufacture.com\/2022\/#organization","name":"2022","url":"https:\/\/www.orthomanufacture.com\/2022\/","logo":{"@type":"ImageObject","inLanguage":"fr-FR","@id":"https:\/\/www.orthomanufacture.com\/2022\/#\/schema\/logo\/image\/","url":"https:\/\/www.orthomanufacture.com\/2022\/wp-content\/uploads\/sites\/9\/2019\/07\/logo-orthomanufacture-blanc.png","contentUrl":"https:\/\/www.orthomanufacture.com\/2022\/wp-content\/uploads\/sites\/9\/2019\/07\/logo-orthomanufacture-blanc.png","width":413,"height":40,"caption":"2022"},"image":{"@id":"https:\/\/www.orthomanufacture.com\/2022\/#\/schema\/logo\/image\/"}}]}},"coauthors":[],"author_meta":{"author_link":"https:\/\/www.orthomanufacture.com\/2022\/blog\/author\/ortho_imanufacture\/","display_name":"Les Imageurs"},"relative_dates":{"created":"Publi\u00e9 7 ans il y a","modified":"Mis \u00e0 jour 4 ans il y a"},"absolute_dates":{"created":"Publi\u00e9 le 27 mai 2019","modified":"Mise \u00e0 jour le 10 f\u00e9vrier 2022"},"absolute_dates_time":{"created":"Publi\u00e9 le 27 mai 2019 14 h 29 min","modified":"Mise \u00e0 jour le 10 f\u00e9vrier 2022 17 h 08 min"},"featured_img_caption":"","featured_img":false,"series_order":"","_links":{"self":[{"href":"https:\/\/www.orthomanufacture.com\/2022\/wp-json\/wp\/v2\/pages\/2852","targetHints":{"allow":["GET"]}}],"collection":[{"href":"https:\/\/www.orthomanufacture.com\/2022\/wp-json\/wp\/v2\/pages"}],"about":[{"href":"https:\/\/www.orthomanufacture.com\/2022\/wp-json\/wp\/v2\/types\/page"}],"author":[{"embeddable":true,"href":"https:\/\/www.orthomanufacture.com\/2022\/wp-json\/wp\/v2\/users\/1"}],"replies":[{"embeddable":true,"href":"https:\/\/www.orthomanufacture.com\/2022\/wp-json\/wp\/v2\/comments?post=2852"}],"version-history":[{"count":0,"href":"https:\/\/www.orthomanufacture.com\/2022\/wp-json\/wp\/v2\/pages\/2852\/revisions"}],"wp:attachment":[{"href":"https:\/\/www.orthomanufacture.com\/2022\/wp-json\/wp\/v2\/media?parent=2852"}],"curies":[{"name":"wp","href":"https:\/\/api.w.org\/{rel}","templated":true}]}}