{"id":2845,"date":"2019-05-27T14:26:52","date_gmt":"2019-05-27T12:26:52","guid":{"rendered":"https:\/\/www.orthomanufacture.com\/2022\/?page_id=2845"},"modified":"2022-04-28T08:39:24","modified_gmt":"2022-04-28T06:39:24","slug":"exposants","status":"publish","type":"page","link":"https:\/\/www.orthomanufacture.com\/2022\/fr\/exposants\/","title":{"rendered":"Liste des exposants 2022"},"content":{"rendered":"\n<div class=\"wp-block-stackable-text stk-block-text stk-block stk-0d1fb4f\" data-block-id=\"0d1fb4f\"><p class=\"stk-block-text__text has-text-align-center\"><span style=\"color: #0693e3\" class=\"stk-highlight\"><strong>Nos partenaires<\/strong><\/span><\/p><\/div>\n\n\n\n<div class=\"wp-block-columns is-layout-flex wp-container-core-columns-is-layout-9d6595d7 wp-block-columns-is-layout-flex\">\n<div class=\"wp-block-column is-layout-flow wp-block-column-is-layout-flow\">\n<div class=\"wp-block-image\"><figure class=\"aligncenter size-full is-resized\"><a href=\"https:\/\/bioalps.org\/\" target=\"_blank\" rel=\"noopener\"><img loading=\"lazy\" decoding=\"async\" src=\"https:\/\/www.orthomanufacture.com\/2022\/wp-content\/uploads\/sites\/9\/2022\/02\/BioAlps_SBAProfilPic.png\" alt=\"\" class=\"wp-image-5051\" width=\"81\" height=\"81\" srcset=\"https:\/\/www.orthomanufacture.com\/2022\/wp-content\/uploads\/sites\/9\/2022\/02\/BioAlps_SBAProfilPic.png 500w, https:\/\/www.orthomanufacture.com\/2022\/wp-content\/uploads\/sites\/9\/2022\/02\/BioAlps_SBAProfilPic-300x300.png 300w, https:\/\/www.orthomanufacture.com\/2022\/wp-content\/uploads\/sites\/9\/2022\/02\/BioAlps_SBAProfilPic-150x150.png 150w, https:\/\/www.orthomanufacture.com\/2022\/wp-content\/uploads\/sites\/9\/2022\/02\/BioAlps_SBAProfilPic-100x100.png 100w\" sizes=\"auto, (max-width: 81px) 100vw, 81px\" \/><\/a><\/figure><\/div>\n<\/div>\n\n\n\n<div class=\"wp-block-column is-layout-flow wp-block-column-is-layout-flow\">\n<div class=\"wp-block-image\"><figure class=\"aligncenter size-full is-resized\"><a href=\"https:\/\/www.devicemed.fr\/\" target=\"_blank\" rel=\"noopener\"><img loading=\"lazy\" decoding=\"async\" src=\"https:\/\/www.orthomanufacture.com\/2022\/wp-content\/uploads\/sites\/9\/2019\/06\/LOGO-DeviceMed-France_Logo-300x89.jpg\" alt=\"\" class=\"wp-image-2999\" width=\"142\" height=\"42\" \/><\/a><\/figure><\/div>\n<\/div>\n\n\n\n<div class=\"wp-block-column is-layout-flow wp-block-column-is-layout-flow\">\n<div class=\"wp-block-image\"><figure class=\"aligncenter size-large is-resized\"><a href=\"http:\/\/www.medicaltechoutlook.com\" target=\"_blank\" rel=\"noopener\"><img loading=\"lazy\" decoding=\"async\" src=\"https:\/\/www.orthomanufacture.com\/2022\/wp-content\/uploads\/sites\/9\/2022\/04\/LOGO-MedTech-Outlook-1024x304.png\" alt=\"\" class=\"wp-image-5327\" width=\"113\" height=\"33\" srcset=\"https:\/\/www.orthomanufacture.com\/2022\/wp-content\/uploads\/sites\/9\/2022\/04\/LOGO-MedTech-Outlook-1024x304.png 1024w, https:\/\/www.orthomanufacture.com\/2022\/wp-content\/uploads\/sites\/9\/2022\/04\/LOGO-MedTech-Outlook-300x89.png 300w, https:\/\/www.orthomanufacture.com\/2022\/wp-content\/uploads\/sites\/9\/2022\/04\/LOGO-MedTech-Outlook-768x228.png 768w, https:\/\/www.orthomanufacture.com\/2022\/wp-content\/uploads\/sites\/9\/2022\/04\/LOGO-MedTech-Outlook-600x178.png 600w, https:\/\/www.orthomanufacture.com\/2022\/wp-content\/uploads\/sites\/9\/2022\/04\/LOGO-MedTech-Outlook.png 1200w\" sizes=\"auto, (max-width: 113px) 100vw, 113px\" \/><\/a><\/figure><\/div>\n<\/div>\n\n\n\n<div class=\"wp-block-column is-layout-flow wp-block-column-is-layout-flow\">\n<div class=\"wp-block-image\"><figure class=\"aligncenter size-full is-resized\"><a href=\"https:\/\/www.mines-stetienne.fr\/\" target=\"_blank\" rel=\"noopener\"><img loading=\"lazy\" decoding=\"async\" src=\"https:\/\/www.orthomanufacture.com\/2022\/wp-content\/uploads\/sites\/9\/2022\/02\/Mines_Saint_Etienne_IMT_RVB-02-2022.png\" alt=\"\" class=\"wp-image-4873\" width=\"106\" height=\"106\" srcset=\"https:\/\/www.orthomanufacture.com\/2022\/wp-content\/uploads\/sites\/9\/2022\/02\/Mines_Saint_Etienne_IMT_RVB-02-2022.png 250w, https:\/\/www.orthomanufacture.com\/2022\/wp-content\/uploads\/sites\/9\/2022\/02\/Mines_Saint_Etienne_IMT_RVB-02-2022-150x150.png 150w, https:\/\/www.orthomanufacture.com\/2022\/wp-content\/uploads\/sites\/9\/2022\/02\/Mines_Saint_Etienne_IMT_RVB-02-2022-100x100.png 100w\" sizes=\"auto, (max-width: 106px) 100vw, 106px\" \/><\/a><\/figure><\/div>\n<\/div>\n\n\n\n<div class=\"wp-block-column is-layout-flow wp-block-column-is-layout-flow\">\n<div class=\"wp-block-image\"><figure class=\"aligncenter size-full is-resized\"><a href=\"http:\/\/www.avicenne.com\/presentation_medical.php\" target=\"_blank\" rel=\"noopener\"><img loading=\"lazy\" decoding=\"async\" src=\"https:\/\/www.orthomanufacture.com\/2022\/wp-content\/uploads\/sites\/9\/2019\/06\/logo_avicenne_medical.png\" alt=\"avicenne medical\" class=\"wp-image-3221\" width=\"187\" height=\"60\" \/><\/a><\/figure><\/div>\n<\/div>\n\n\n\n<div class=\"wp-block-column is-layout-flow wp-block-column-is-layout-flow\">\n<div class=\"wp-block-image\"><figure class=\"aligncenter size-full is-resized\"><a href=\"https:\/\/orthocg.com\/\" target=\"_blank\" rel=\"noopener\"><img loading=\"lazy\" decoding=\"async\" src=\"https:\/\/www.orthomanufacture.com\/2022\/wp-content\/uploads\/sites\/9\/2022\/04\/LOGO-ORTHO-CONSULTING.png\" alt=\"\" class=\"wp-image-5320\" width=\"165\" height=\"48\" \/><\/a><\/figure><\/div>\n<\/div>\n<\/div>\n\n\n\n<p><\/p>\n\n\n\n<div class=\"wp-block-stackable-columns stk-block-columns stk-block stk-c253ae9\" data-block-id=\"c253ae9\"><div class=\"stk-row stk-inner-blocks stk-block-content stk-content-align stk-c253ae9-column\">\n<div class=\"wp-block-stackable-column stk-block-column stk-column stk-block stk-9a31154\" data-block-id=\"9a31154\"><div class=\"stk-column-wrapper stk-block-column__content stk-container stk-9a31154-container stk--no-background stk--no-padding\"><div class=\"stk-block-content stk-inner-blocks\">\n<div class=\"wp-block-columns is-layout-flex wp-container-core-columns-is-layout-9d6595d7 wp-block-columns-is-layout-flex\">\n<div class=\"wp-block-column is-vertically-aligned-center is-layout-flow wp-block-column-is-layout-flow\">\n<div class=\"wp-block-buttons is-content-justification-center is-layout-flex wp-block-buttons-is-layout-flex\">\n<div class=\"wp-block-button\"><a class=\"wp-block-button__link has-black-color has-vivid-cyan-blue-background-color has-text-color has-background\" href=\"https:\/\/www.orthomanufacture.com\/2022\/wp-content\/uploads\/sites\/9\/2022\/02\/BON-DE-RESERVATION-EXPOSANT-FRANCAIS-2022-1.pdf\" target=\"_blank\" rel=\"noreferrer noopener\"><strong>R\u00e9servation stand standard<\/strong><\/a><\/div>\n<\/div>\n<\/div>\n<\/div>\n<\/div><\/div><\/div>\n\n\n\n<div class=\"wp-block-stackable-column stk-block-column stk-column stk-block stk-76942d1\" data-block-id=\"76942d1\"><div class=\"stk-column-wrapper stk-block-column__content stk-container stk-76942d1-container stk--no-background stk--no-padding\"><div class=\"stk-block-content stk-inner-blocks\">\n<div class=\"wp-block-buttons is-content-justification-center is-layout-flex wp-block-buttons-is-layout-flex\">\n<div class=\"wp-block-button\"><a class=\"wp-block-button__link has-black-color has-vivid-cyan-blue-background-color has-text-color has-background\" href=\"https:\/\/www.orthomanufacture.com\/2022\/wp-content\/uploads\/sites\/9\/2022\/02\/BON-DE-RESERVATION-MINI-STAND-FRANCE-2022.pdf\" target=\"_blank\" rel=\"noreferrer noopener\"><strong>R\u00e9servation \u00ab\u00a0mini-stand\u00a0\u00bb<\/strong><\/a><\/div>\n<\/div>\n<\/div><\/div><\/div>\n\n\n\n<div class=\"wp-block-stackable-column stk-block-column stk-column stk-block stk-f16aaad\" data-block-id=\"f16aaad\"><div class=\"stk-column-wrapper stk-block-column__content stk-container stk-f16aaad-container stk--no-background stk--no-padding\"><div class=\"stk-block-content stk-inner-blocks\">\n<div class=\"wp-block-buttons is-content-justification-center is-layout-flex wp-block-buttons-is-layout-flex\">\n<div class=\"wp-block-button\"><a class=\"wp-block-button__link has-black-color has-vivid-cyan-blue-background-color has-text-color has-background\" href=\"https:\/\/www.orthomanufacture.com\/2022\/wp-content\/uploads\/sites\/9\/2022\/01\/LISTE-EXPOSANTS-OTM-TOUTES-ANNEES-SIMPLE-12-2021.pdf\" target=\"_blank\" rel=\"noreferrer noopener\"><strong>Exposants \u00e9ditions pr\u00e9c\u00e9dentes<\/strong><\/a><\/div>\n<\/div>\n<\/div><\/div><\/div>\n<\/div><\/div>\n\n\n\n<p>Les conditions de participation en tant qu&rsquo;exposant sont indiqu\u00e9es dans le bon de r\u00e9servation ci-dessus.<\/p>\n\n\n\n<p>Les s\u00e9ances de conf\u00e9rences seront de l&rsquo;ordre d&rsquo;une heure et demi et pendant les pauses les exposants seront visit\u00e9s par les auditeurs. Bien s\u00fbr, tout au long de la journ\u00e9e les visiteurs n&rsquo;assistant pas aux conf\u00e9rences circuleront librement parmi vous.<\/p>\n\n\n\n<p>Les buffets pour les pauses caf\u00e9 et les repas sont dispos\u00e9s en plusieurs points dans la salle d\u2019exposition afin que tous les visiteurs se r\u00e9partissent parmi les stands. Vous ne pourrez \u00ab\u00a0rater\u00a0\u00bb personnes !<\/p>\n<style class=\"advgb-styles-renderer\">.stk-0d1fb4f{margin-bottom:0px !important}<\/style>","protected":false},"excerpt":{"rendered":"<p>Nos partenaires Les conditions de participation en tant qu&rsquo;exposant sont indiqu\u00e9es dans le bon de r\u00e9servation ci-dessus. Les s\u00e9ances de conf\u00e9rences seront de l&rsquo;ordre d&rsquo;une heure et demi et pendant les pauses les exposants seront visit\u00e9s par les auditeurs. Bien s\u00fbr, tout au long de la journ\u00e9e les visiteurs n&rsquo;assistant pas aux conf\u00e9rences circuleront librement [&hellip;]<\/p>\n","protected":false},"author":1,"featured_media":0,"parent":0,"menu_order":5,"comment_status":"closed","ping_status":"closed","template":"template_entreprises.php","meta":{"advgb_blocks_editor_width":"","advgb_blocks_columns_visual_guide":"","footnotes":""},"class_list":["post-2845","page","type-page","status-publish","hentry"],"acf":[],"featured_image_urls_v2":{"full":"","thumbnail":"","medium":"","medium_large":"","large":"","1536x1536":"","2048x2048":"","album-thumb":"","photo-thumb":""},"post_excerpt_stackable_v2":"<p>Nos partenaires R\u00e9servation stand standard R\u00e9servation \u00ab\u00a0mini-stand\u00a0\u00bb Exposants \u00e9ditions pr\u00e9c\u00e9dentes Les conditions de participation en tant qu&rsquo;exposant sont indiqu\u00e9es dans le bon de r\u00e9servation ci-dessus. Les s\u00e9ances de conf\u00e9rences seront de l&rsquo;ordre d&rsquo;une heure et demi et pendant les pauses les exposants seront visit\u00e9s par les auditeurs. Bien s\u00fbr, tout au long de la journ\u00e9e les visiteurs n&rsquo;assistant pas aux conf\u00e9rences circuleront librement parmi vous. Les buffets pour les pauses caf\u00e9 et les repas sont dispos\u00e9s en plusieurs points dans la salle d\u2019exposition afin que tous les visiteurs se r\u00e9partissent parmi les stands. Vous ne pourrez \u00ab\u00a0rater\u00a0\u00bb personnes !<\/p>\n","category_list_v2":"","author_info_v2":{"name":"Les Imageurs","url":"https:\/\/www.orthomanufacture.com\/2022\/blog\/author\/ortho_imanufacture\/"},"comments_num_v2":"0 commentaire","yoast_head":"<!-- This site is optimized with the Yoast SEO plugin v27.4 - https:\/\/yoast.com\/product\/yoast-seo-wordpress\/ -->\n<title>Liste des exposants 2022 - 2022<\/title>\n<meta name=\"robots\" content=\"index, follow, max-snippet:-1, max-image-preview:large, max-video-preview:-1\" \/>\n<link rel=\"canonical\" href=\"https:\/\/www.orthomanufacture.com\/2022\/fr\/exposants\/\" \/>\n<meta property=\"og:locale\" content=\"fr_FR\" \/>\n<meta property=\"og:type\" content=\"article\" \/>\n<meta property=\"og:title\" content=\"Liste des exposants 2022 - 2022\" \/>\n<meta property=\"og:description\" content=\"Nos partenaires Les conditions de participation en tant qu&rsquo;exposant sont indiqu\u00e9es dans le bon de r\u00e9servation ci-dessus. Les s\u00e9ances de conf\u00e9rences seront de l&rsquo;ordre d&rsquo;une heure et demi et pendant les pauses les exposants seront visit\u00e9s par les auditeurs. Bien s\u00fbr, tout au long de la journ\u00e9e les visiteurs n&rsquo;assistant pas aux conf\u00e9rences circuleront librement [&hellip;]\" \/>\n<meta property=\"og:url\" content=\"https:\/\/www.orthomanufacture.com\/2022\/fr\/exposants\/\" \/>\n<meta property=\"og:site_name\" content=\"2022\" \/>\n<meta property=\"article:modified_time\" content=\"2022-04-28T06:39:24+00:00\" \/>\n<meta property=\"og:image\" content=\"https:\/\/www.orthomanufacture.com\/2022\/wp-content\/uploads\/sites\/9\/2022\/02\/BioAlps_SBAProfilPic.png\" \/>\n<meta name=\"twitter:card\" content=\"summary_large_image\" \/>\n<meta name=\"twitter:label1\" content=\"Dur\u00e9e de lecture estim\u00e9e\" \/>\n\t<meta name=\"twitter:data1\" content=\"2 minutes\" \/>\n<script type=\"application\/ld+json\" class=\"yoast-schema-graph\">{\"@context\":\"https:\\\/\\\/schema.org\",\"@graph\":[{\"@type\":\"WebPage\",\"@id\":\"https:\\\/\\\/www.orthomanufacture.com\\\/2022\\\/fr\\\/exposants\\\/\",\"url\":\"https:\\\/\\\/www.orthomanufacture.com\\\/2022\\\/fr\\\/exposants\\\/\",\"name\":\"Liste des exposants 2022 - 2022\",\"isPartOf\":{\"@id\":\"https:\\\/\\\/www.orthomanufacture.com\\\/2022\\\/#website\"},\"primaryImageOfPage\":{\"@id\":\"https:\\\/\\\/www.orthomanufacture.com\\\/2022\\\/fr\\\/exposants\\\/#primaryimage\"},\"image\":{\"@id\":\"https:\\\/\\\/www.orthomanufacture.com\\\/2022\\\/fr\\\/exposants\\\/#primaryimage\"},\"thumbnailUrl\":\"https:\\\/\\\/www.orthomanufacture.com\\\/2022\\\/wp-content\\\/uploads\\\/sites\\\/9\\\/2022\\\/02\\\/BioAlps_SBAProfilPic.png\",\"datePublished\":\"2019-05-27T12:26:52+00:00\",\"dateModified\":\"2022-04-28T06:39:24+00:00\",\"breadcrumb\":{\"@id\":\"https:\\\/\\\/www.orthomanufacture.com\\\/2022\\\/fr\\\/exposants\\\/#breadcrumb\"},\"inLanguage\":\"fr-FR\",\"potentialAction\":[{\"@type\":\"ReadAction\",\"target\":[\"https:\\\/\\\/www.orthomanufacture.com\\\/2022\\\/fr\\\/exposants\\\/\"]}]},{\"@type\":\"ImageObject\",\"inLanguage\":\"fr-FR\",\"@id\":\"https:\\\/\\\/www.orthomanufacture.com\\\/2022\\\/fr\\\/exposants\\\/#primaryimage\",\"url\":\"https:\\\/\\\/www.orthomanufacture.com\\\/2022\\\/wp-content\\\/uploads\\\/sites\\\/9\\\/2022\\\/02\\\/BioAlps_SBAProfilPic.png\",\"contentUrl\":\"https:\\\/\\\/www.orthomanufacture.com\\\/2022\\\/wp-content\\\/uploads\\\/sites\\\/9\\\/2022\\\/02\\\/BioAlps_SBAProfilPic.png\",\"width\":500,\"height\":500},{\"@type\":\"BreadcrumbList\",\"@id\":\"https:\\\/\\\/www.orthomanufacture.com\\\/2022\\\/fr\\\/exposants\\\/#breadcrumb\",\"itemListElement\":[{\"@type\":\"ListItem\",\"position\":1,\"name\":\"Accueil\",\"item\":\"https:\\\/\\\/www.orthomanufacture.com\\\/2022\\\/fr\\\/\"},{\"@type\":\"ListItem\",\"position\":2,\"name\":\"Liste des exposants 2022\"}]},{\"@type\":\"WebSite\",\"@id\":\"https:\\\/\\\/www.orthomanufacture.com\\\/2022\\\/#website\",\"url\":\"https:\\\/\\\/www.orthomanufacture.com\\\/2022\\\/\",\"name\":\"2022\",\"description\":\"SALON D\u00c9DI\u00c9 AUX INDUSTRIES DE LA FILI\u00c8RE DES IMPLANTS ET INSTRUMENTS EN ORTHOP\u00c9DIE, TRAUMATOLOGIE, RACHIS, DENTAIRE\",\"publisher\":{\"@id\":\"https:\\\/\\\/www.orthomanufacture.com\\\/2022\\\/#organization\"},\"potentialAction\":[{\"@type\":\"SearchAction\",\"target\":{\"@type\":\"EntryPoint\",\"urlTemplate\":\"https:\\\/\\\/www.orthomanufacture.com\\\/2022\\\/?s={search_term_string}\"},\"query-input\":{\"@type\":\"PropertyValueSpecification\",\"valueRequired\":true,\"valueName\":\"search_term_string\"}}],\"inLanguage\":\"fr-FR\"},{\"@type\":\"Organization\",\"@id\":\"https:\\\/\\\/www.orthomanufacture.com\\\/2022\\\/#organization\",\"name\":\"2022\",\"url\":\"https:\\\/\\\/www.orthomanufacture.com\\\/2022\\\/\",\"logo\":{\"@type\":\"ImageObject\",\"inLanguage\":\"fr-FR\",\"@id\":\"https:\\\/\\\/www.orthomanufacture.com\\\/2022\\\/#\\\/schema\\\/logo\\\/image\\\/\",\"url\":\"https:\\\/\\\/www.orthomanufacture.com\\\/2022\\\/wp-content\\\/uploads\\\/sites\\\/9\\\/2019\\\/07\\\/logo-orthomanufacture-blanc.png\",\"contentUrl\":\"https:\\\/\\\/www.orthomanufacture.com\\\/2022\\\/wp-content\\\/uploads\\\/sites\\\/9\\\/2019\\\/07\\\/logo-orthomanufacture-blanc.png\",\"width\":413,\"height\":40,\"caption\":\"2022\"},\"image\":{\"@id\":\"https:\\\/\\\/www.orthomanufacture.com\\\/2022\\\/#\\\/schema\\\/logo\\\/image\\\/\"}}]}<\/script>\n<!-- \/ Yoast SEO plugin. -->","yoast_head_json":{"title":"Liste des exposants 2022 - 2022","robots":{"index":"index","follow":"follow","max-snippet":"max-snippet:-1","max-image-preview":"max-image-preview:large","max-video-preview":"max-video-preview:-1"},"canonical":"https:\/\/www.orthomanufacture.com\/2022\/fr\/exposants\/","og_locale":"fr_FR","og_type":"article","og_title":"Liste des exposants 2022 - 2022","og_description":"Nos partenaires Les conditions de participation en tant qu&rsquo;exposant sont indiqu\u00e9es dans le bon de r\u00e9servation ci-dessus. Les s\u00e9ances de conf\u00e9rences seront de l&rsquo;ordre d&rsquo;une heure et demi et pendant les pauses les exposants seront visit\u00e9s par les auditeurs. Bien s\u00fbr, tout au long de la journ\u00e9e les visiteurs n&rsquo;assistant pas aux conf\u00e9rences circuleront librement [&hellip;]","og_url":"https:\/\/www.orthomanufacture.com\/2022\/fr\/exposants\/","og_site_name":"2022","article_modified_time":"2022-04-28T06:39:24+00:00","og_image":[{"url":"https:\/\/www.orthomanufacture.com\/2022\/wp-content\/uploads\/sites\/9\/2022\/02\/BioAlps_SBAProfilPic.png","type":"","width":"","height":""}],"twitter_card":"summary_large_image","twitter_misc":{"Dur\u00e9e de lecture estim\u00e9e":"2 minutes"},"schema":{"@context":"https:\/\/schema.org","@graph":[{"@type":"WebPage","@id":"https:\/\/www.orthomanufacture.com\/2022\/fr\/exposants\/","url":"https:\/\/www.orthomanufacture.com\/2022\/fr\/exposants\/","name":"Liste des exposants 2022 - 2022","isPartOf":{"@id":"https:\/\/www.orthomanufacture.com\/2022\/#website"},"primaryImageOfPage":{"@id":"https:\/\/www.orthomanufacture.com\/2022\/fr\/exposants\/#primaryimage"},"image":{"@id":"https:\/\/www.orthomanufacture.com\/2022\/fr\/exposants\/#primaryimage"},"thumbnailUrl":"https:\/\/www.orthomanufacture.com\/2022\/wp-content\/uploads\/sites\/9\/2022\/02\/BioAlps_SBAProfilPic.png","datePublished":"2019-05-27T12:26:52+00:00","dateModified":"2022-04-28T06:39:24+00:00","breadcrumb":{"@id":"https:\/\/www.orthomanufacture.com\/2022\/fr\/exposants\/#breadcrumb"},"inLanguage":"fr-FR","potentialAction":[{"@type":"ReadAction","target":["https:\/\/www.orthomanufacture.com\/2022\/fr\/exposants\/"]}]},{"@type":"ImageObject","inLanguage":"fr-FR","@id":"https:\/\/www.orthomanufacture.com\/2022\/fr\/exposants\/#primaryimage","url":"https:\/\/www.orthomanufacture.com\/2022\/wp-content\/uploads\/sites\/9\/2022\/02\/BioAlps_SBAProfilPic.png","contentUrl":"https:\/\/www.orthomanufacture.com\/2022\/wp-content\/uploads\/sites\/9\/2022\/02\/BioAlps_SBAProfilPic.png","width":500,"height":500},{"@type":"BreadcrumbList","@id":"https:\/\/www.orthomanufacture.com\/2022\/fr\/exposants\/#breadcrumb","itemListElement":[{"@type":"ListItem","position":1,"name":"Accueil","item":"https:\/\/www.orthomanufacture.com\/2022\/fr\/"},{"@type":"ListItem","position":2,"name":"Liste des exposants 2022"}]},{"@type":"WebSite","@id":"https:\/\/www.orthomanufacture.com\/2022\/#website","url":"https:\/\/www.orthomanufacture.com\/2022\/","name":"2022","description":"SALON D\u00c9DI\u00c9 AUX INDUSTRIES DE LA FILI\u00c8RE DES IMPLANTS ET INSTRUMENTS EN ORTHOP\u00c9DIE, TRAUMATOLOGIE, RACHIS, DENTAIRE","publisher":{"@id":"https:\/\/www.orthomanufacture.com\/2022\/#organization"},"potentialAction":[{"@type":"SearchAction","target":{"@type":"EntryPoint","urlTemplate":"https:\/\/www.orthomanufacture.com\/2022\/?s={search_term_string}"},"query-input":{"@type":"PropertyValueSpecification","valueRequired":true,"valueName":"search_term_string"}}],"inLanguage":"fr-FR"},{"@type":"Organization","@id":"https:\/\/www.orthomanufacture.com\/2022\/#organization","name":"2022","url":"https:\/\/www.orthomanufacture.com\/2022\/","logo":{"@type":"ImageObject","inLanguage":"fr-FR","@id":"https:\/\/www.orthomanufacture.com\/2022\/#\/schema\/logo\/image\/","url":"https:\/\/www.orthomanufacture.com\/2022\/wp-content\/uploads\/sites\/9\/2019\/07\/logo-orthomanufacture-blanc.png","contentUrl":"https:\/\/www.orthomanufacture.com\/2022\/wp-content\/uploads\/sites\/9\/2019\/07\/logo-orthomanufacture-blanc.png","width":413,"height":40,"caption":"2022"},"image":{"@id":"https:\/\/www.orthomanufacture.com\/2022\/#\/schema\/logo\/image\/"}}]}},"coauthors":[],"author_meta":{"author_link":"https:\/\/www.orthomanufacture.com\/2022\/blog\/author\/ortho_imanufacture\/","display_name":"Les Imageurs"},"relative_dates":{"created":"Publi\u00e9 7 ans il y a","modified":"Mis \u00e0 jour 4 ans il y a"},"absolute_dates":{"created":"Publi\u00e9 le 27 mai 2019","modified":"Mise \u00e0 jour le 28 avril 2022"},"absolute_dates_time":{"created":"Publi\u00e9 le 27 mai 2019 14 h 26 min","modified":"Mise \u00e0 jour le 28 avril 2022 8 h 39 min"},"featured_img_caption":"","featured_img":false,"series_order":"","_links":{"self":[{"href":"https:\/\/www.orthomanufacture.com\/2022\/wp-json\/wp\/v2\/pages\/2845","targetHints":{"allow":["GET"]}}],"collection":[{"href":"https:\/\/www.orthomanufacture.com\/2022\/wp-json\/wp\/v2\/pages"}],"about":[{"href":"https:\/\/www.orthomanufacture.com\/2022\/wp-json\/wp\/v2\/types\/page"}],"author":[{"embeddable":true,"href":"https:\/\/www.orthomanufacture.com\/2022\/wp-json\/wp\/v2\/users\/1"}],"replies":[{"embeddable":true,"href":"https:\/\/www.orthomanufacture.com\/2022\/wp-json\/wp\/v2\/comments?post=2845"}],"version-history":[{"count":0,"href":"https:\/\/www.orthomanufacture.com\/2022\/wp-json\/wp\/v2\/pages\/2845\/revisions"}],"wp:attachment":[{"href":"https:\/\/www.orthomanufacture.com\/2022\/wp-json\/wp\/v2\/media?parent=2845"}],"curies":[{"name":"wp","href":"https:\/\/api.w.org\/{rel}","templated":true}]}}