{"id":2843,"date":"2019-05-27T14:26:30","date_gmt":"2019-05-27T12:26:30","guid":{"rendered":"https:\/\/www.orthomanufacture.com\/2022\/?page_id=2843"},"modified":"2022-02-28T14:55:15","modified_gmt":"2022-02-28T13:55:15","slug":"le-salon","status":"publish","type":"page","link":"https:\/\/www.orthomanufacture.com\/2022\/fr\/le-salon\/","title":{"rendered":"Le salon"},"content":{"rendered":"\n<div style=\"height:30px\" aria-hidden=\"true\" class=\"wp-block-spacer\"><\/div>\n\n\n\n<div class=\"wp-block-stackable-columns stk-block-columns stk-block stk-9e6aa6d\" data-block-id=\"9e6aa6d\"><div class=\"stk-row stk-inner-blocks stk-block-content stk-content-align stk-9e6aa6d-column\">\n<div class=\"wp-block-stackable-column stk-block-column stk-column stk-block stk-24aa144\" data-block-id=\"24aa144\"><div class=\"stk-column-wrapper stk-block-column__content stk-container stk-24aa144-container stk--no-background stk--no-padding\"><div class=\"stk-block-content stk-inner-blocks\">\n<div class=\"wp-block-buttons is-content-justification-center is-layout-flex wp-block-buttons-is-layout-flex\">\n<div class=\"wp-block-button\"><a class=\"wp-block-button__link has-black-color has-vivid-cyan-blue-background-color has-text-color has-background\" href=\"https:\/\/www.orthomanufacture.com\/2022\/wp-content\/uploads\/sites\/9\/2021\/11\/devicemed-novembre-decembre-2021-Article-OTM-revu-OV.pdf\" target=\"_blank\" rel=\"noreferrer noopener\"><strong>Article DEVICEMED Novembre 2021<\/strong><\/a><\/div>\n<\/div>\n<\/div><\/div><\/div>\n\n\n\n<div class=\"wp-block-stackable-column stk-block-column stk-column stk-block stk-2964ef1\" data-block-id=\"2964ef1\"><div class=\"stk-column-wrapper stk-block-column__content stk-container stk-2964ef1-container stk--no-background stk--no-padding\"><div class=\"stk-block-content stk-inner-blocks\">\n<div class=\"wp-block-buttons is-content-justification-center is-layout-flex wp-block-buttons-is-layout-flex\">\n<div class=\"wp-block-button\"><a class=\"wp-block-button__link has-black-color has-vivid-cyan-blue-background-color has-text-color has-background\" href=\"https:\/\/www.devicemed.fr\/dossiers\/actualites\/evenements\/rendez-vous-a-orthomanufacture-les-11-et-12-mai-prochains-a-st-etienne\/29940\" target=\"_blank\" rel=\"noreferrer noopener\"><strong>Article DEVICEMED Mars 2022<\/strong><\/a><\/div>\n<\/div>\n<\/div><\/div><\/div>\n<\/div><\/div>\n\n\n\n<h3 class=\"wp-block-heading\">ORTHOMANUFACTURE est un salon professionnel annuel, se d\u00e9roulant en France ou en Suisse, une ann\u00e9e sur deux. En 2022 retour \u00e0 une \u00ab\u00a0vraie\u00a0\u00bb exposition avec ses rencontres, ses \u00e9changes, ses partages. En France, au Parc M\u00e9trotech, proche de Saint-Etienne sur la route de Lyon, les exposants et les organisateurs seront l\u00e0 pour vous accueillir dans un cadre professionnel tout autant que convivial.<\/h3>\n\n\n\n<p>L&rsquo;\u00e9v\u00e9nement propose des conf\u00e9rences et une exposition pour les industries de la fili\u00e8re des implants et instruments en orthop\u00e9die, traumatologie, rachis, dentaire. Fonderie, forge, fabrication additive, usinage, rev\u00eatements de surface, finition, emballage mais aussi des fournisseurs de mat\u00e9riaux, des soci\u00e9t\u00e9s dans le contr\u00f4le, les essais, des laboratoires, de la caract\u00e9risation de surface&#8230;<\/p>\n\n\n\n<p>Sur les 2 jours, 200 \u00e0 250 visiteurs et auditeurs viendront rendre visite \u00e0 leurs fournisseurs et en d\u00e9couvrir de nouveaux. Des directeurs de soci\u00e9t\u00e9s, des ing\u00e9nieurs R&amp;D, des chefs de projets, des responsables de production, des acheteurs, des commerciaux, des qualiticiens&#8230; des d\u00e9cideurs viendront rechercher de nouveaux contacts et d\u00e9couvrir les innovations relatives au domaine des implants.<\/p>\n\n\n\n<p>Le salon offre ainsi la possibilit\u00e9 de rencontrer des professionnels et d&rsquo;\u00e9changer des connaissances, de recevoir des informations sur les avanc\u00e9es techniques, m\u00e9dicales et r\u00e9glementaires&#8230;.<\/p>\n\n\n\n<p>Nous proposons \u00e9galement un programme de soir\u00e9e divertissant pour tous les participants, conf\u00e9renciers et exposants. C&rsquo;est une excellente occasion d&rsquo;\u00e9tablir plus de contacts et de poursuivre les conversations de la journ\u00e9e dans un cadre plus d\u00e9tendu.<\/p>\n\n\n\n<p><a href=\"https:\/\/www.orthomanufacture.com\/fr\/inscription-2020\/\"><span style=\"color: #0693e3\" class=\"ugb-highlight\"><strong>Vous inscrire <\/strong><\/span><\/a><\/p>\n\n\n\n<div class=\"wp-block-columns has-3-columns is-layout-flex wp-container-core-columns-is-layout-9d6595d7 wp-block-columns-is-layout-flex\">\n<div class=\"wp-block-column is-layout-flow wp-block-column-is-layout-flow\">\n<div class=\"wp-block-image\"><figure class=\"aligncenter\"><img decoding=\"async\" src=\"https:\/\/www.orthomanufacture.com\/fr\/wp-content\/themes\/ortho2020\/images\/icon\/icon_group.png\" alt=\"\" \/><\/figure><\/div>\n\n\n\n<hr class=\"wp-block-separator\" \/>\n\n\n\n<p class=\"has-text-align-center\">Un salon professionnel des fabricants, fournisseurs et sous-traitants de la fili\u00e8re compl\u00e8te des implants <\/p>\n<\/div>\n\n\n\n<div class=\"wp-block-column is-layout-flow wp-block-column-is-layout-flow\">\n<div class=\"wp-block-image\"><figure class=\"aligncenter\"><img decoding=\"async\" src=\"https:\/\/www.orthomanufacture.com\/fr\/wp-content\/themes\/ortho2020\/images\/icon\/icon_robot.png\" alt=\"\" \/><\/figure><\/div>\n\n\n\n<hr class=\"wp-block-separator\" \/>\n\n\n\n<p class=\"has-text-align-center\"> Une cinquantaine d\u2019exposants industriels <\/p>\n<\/div>\n\n\n\n<div class=\"wp-block-column is-layout-flow wp-block-column-is-layout-flow\">\n<div class=\"wp-block-image\"><figure class=\"aligncenter\"><img decoding=\"async\" src=\"https:\/\/www.orthomanufacture.com\/fr\/wp-content\/themes\/ortho2020\/images\/icon\/icon_micro.png\" alt=\"\" \/><\/figure><\/div>\n\n\n\n<hr class=\"wp-block-separator\" \/>\n\n\n\n<p>Des conf\u00e9rences techniques et scientifiques : chercheurs, chirurgiens, industriels, scientifiques, &#8230; tous experts de la recherche, de l\u2019enseignement, de l\u2019industrie.<\/p>\n<\/div>\n<\/div>\n\n\n\n<div class=\"wp-block-ugb-button ugb-button-wrapper ugb-6cada74 ugb-main-block\"><div class=\"ugb-inner-block\"><div class=\"ugb-block-content\"><div class=\"ugb-button-container\"><a class=\"ugb-button1 ugb-button ugb-button--size-normal\" href=\"https:\/\/www.orthomanufacture.com\/2022\/wp-content\/uploads\/sites\/9\/2021\/03\/presentation-OTM-2018-Olivier-Vecten.mov\" target=\"_blank\" rel=\"noopener noreferrer\" title=\"\"><span class=\"ugb-button--inner\">Retour en vid\u00e9o sur le salon 2018 \u00e0 Yverdon-Les-Bains en Suisse<\/span><\/a><\/div><\/div><\/div><\/div>\n\n\n\n<p><\/p>\n","protected":false},"excerpt":{"rendered":"<p>ORTHOMANUFACTURE est un salon professionnel annuel, se d\u00e9roulant en France ou en Suisse, une ann\u00e9e sur deux. En 2022 retour \u00e0 une \u00ab\u00a0vraie\u00a0\u00bb exposition avec ses rencontres, ses \u00e9changes, ses partages. En France, au Parc M\u00e9trotech, proche de Saint-Etienne sur la route de Lyon, les exposants et les organisateurs seront l\u00e0 pour vous accueillir dans [&hellip;]<\/p>\n","protected":false},"author":1,"featured_media":0,"parent":0,"menu_order":6,"comment_status":"closed","ping_status":"closed","template":"page.php","meta":{"advgb_blocks_editor_width":"","advgb_blocks_columns_visual_guide":"","footnotes":""},"class_list":["post-2843","page","type-page","status-publish","hentry"],"acf":[],"featured_image_urls_v2":{"full":"","thumbnail":"","medium":"","medium_large":"","large":"","1536x1536":"","2048x2048":"","album-thumb":"","photo-thumb":""},"post_excerpt_stackable_v2":"<p>Article DEVICEMED Novembre 2021 Article DEVICEMED Mars 2022 ORTHOMANUFACTURE est un salon professionnel annuel, se d\u00e9roulant en France ou en Suisse, une ann\u00e9e sur deux. En 2022 retour \u00e0 une \u00ab\u00a0vraie\u00a0\u00bb exposition avec ses rencontres, ses \u00e9changes, ses partages. En France, au Parc M\u00e9trotech, proche de Saint-Etienne sur la route de Lyon, les exposants et les organisateurs seront l\u00e0 pour vous accueillir dans un cadre professionnel tout autant que convivial. L&rsquo;\u00e9v\u00e9nement propose des conf\u00e9rences et une exposition pour les industries de la fili\u00e8re des implants et instruments en orthop\u00e9die, traumatologie, rachis, dentaire. Fonderie, forge, fabrication additive, usinage, rev\u00eatements de surface,\u2026<\/p>\n","category_list_v2":"","author_info_v2":{"name":"Les Imageurs","url":"https:\/\/www.orthomanufacture.com\/2022\/blog\/author\/ortho_imanufacture\/"},"comments_num_v2":"0 commentaire","yoast_head":"<!-- This site is optimized with the Yoast SEO plugin v27.5 - https:\/\/yoast.com\/product\/yoast-seo-wordpress\/ -->\n<title>Le salon - 2022<\/title>\n<meta name=\"robots\" content=\"index, follow, max-snippet:-1, max-image-preview:large, max-video-preview:-1\" \/>\n<link rel=\"canonical\" href=\"https:\/\/www.orthomanufacture.com\/2022\/fr\/le-salon\/\" \/>\n<meta property=\"og:locale\" content=\"fr_FR\" \/>\n<meta property=\"og:type\" content=\"article\" \/>\n<meta property=\"og:title\" content=\"Le salon - 2022\" \/>\n<meta property=\"og:description\" content=\"ORTHOMANUFACTURE est un salon professionnel annuel, se d\u00e9roulant en France ou en Suisse, une ann\u00e9e sur deux. En 2022 retour \u00e0 une \u00ab\u00a0vraie\u00a0\u00bb exposition avec ses rencontres, ses \u00e9changes, ses partages. En France, au Parc M\u00e9trotech, proche de Saint-Etienne sur la route de Lyon, les exposants et les organisateurs seront l\u00e0 pour vous accueillir dans [&hellip;]\" \/>\n<meta property=\"og:url\" content=\"https:\/\/www.orthomanufacture.com\/2022\/fr\/le-salon\/\" \/>\n<meta property=\"og:site_name\" content=\"2022\" \/>\n<meta property=\"article:modified_time\" content=\"2022-02-28T13:55:15+00:00\" \/>\n<meta property=\"og:image\" content=\"https:\/\/www.orthomanufacture.com\/fr\/wp-content\/themes\/ortho2020\/images\/icon\/icon_group.png\" \/>\n<meta name=\"twitter:card\" content=\"summary_large_image\" \/>\n<meta name=\"twitter:label1\" content=\"Dur\u00e9e de lecture estim\u00e9e\" \/>\n\t<meta name=\"twitter:data1\" content=\"2 minutes\" \/>\n<script type=\"application\/ld+json\" class=\"yoast-schema-graph\">{\"@context\":\"https:\\\/\\\/schema.org\",\"@graph\":[{\"@type\":\"WebPage\",\"@id\":\"https:\\\/\\\/www.orthomanufacture.com\\\/2022\\\/fr\\\/le-salon\\\/\",\"url\":\"https:\\\/\\\/www.orthomanufacture.com\\\/2022\\\/fr\\\/le-salon\\\/\",\"name\":\"Le salon - 2022\",\"isPartOf\":{\"@id\":\"https:\\\/\\\/www.orthomanufacture.com\\\/2022\\\/#website\"},\"primaryImageOfPage\":{\"@id\":\"https:\\\/\\\/www.orthomanufacture.com\\\/2022\\\/fr\\\/le-salon\\\/#primaryimage\"},\"image\":{\"@id\":\"https:\\\/\\\/www.orthomanufacture.com\\\/2022\\\/fr\\\/le-salon\\\/#primaryimage\"},\"thumbnailUrl\":\"https:\\\/\\\/www.orthomanufacture.com\\\/fr\\\/wp-content\\\/themes\\\/ortho2020\\\/images\\\/icon\\\/icon_group.png\",\"datePublished\":\"2019-05-27T12:26:30+00:00\",\"dateModified\":\"2022-02-28T13:55:15+00:00\",\"breadcrumb\":{\"@id\":\"https:\\\/\\\/www.orthomanufacture.com\\\/2022\\\/fr\\\/le-salon\\\/#breadcrumb\"},\"inLanguage\":\"fr-FR\",\"potentialAction\":[{\"@type\":\"ReadAction\",\"target\":[\"https:\\\/\\\/www.orthomanufacture.com\\\/2022\\\/fr\\\/le-salon\\\/\"]}]},{\"@type\":\"ImageObject\",\"inLanguage\":\"fr-FR\",\"@id\":\"https:\\\/\\\/www.orthomanufacture.com\\\/2022\\\/fr\\\/le-salon\\\/#primaryimage\",\"url\":\"https:\\\/\\\/www.orthomanufacture.com\\\/fr\\\/wp-content\\\/themes\\\/ortho2020\\\/images\\\/icon\\\/icon_group.png\",\"contentUrl\":\"https:\\\/\\\/www.orthomanufacture.com\\\/fr\\\/wp-content\\\/themes\\\/ortho2020\\\/images\\\/icon\\\/icon_group.png\"},{\"@type\":\"BreadcrumbList\",\"@id\":\"https:\\\/\\\/www.orthomanufacture.com\\\/2022\\\/fr\\\/le-salon\\\/#breadcrumb\",\"itemListElement\":[{\"@type\":\"ListItem\",\"position\":1,\"name\":\"Accueil\",\"item\":\"https:\\\/\\\/www.orthomanufacture.com\\\/2022\\\/fr\\\/\"},{\"@type\":\"ListItem\",\"position\":2,\"name\":\"Le salon\"}]},{\"@type\":\"WebSite\",\"@id\":\"https:\\\/\\\/www.orthomanufacture.com\\\/2022\\\/#website\",\"url\":\"https:\\\/\\\/www.orthomanufacture.com\\\/2022\\\/\",\"name\":\"2022\",\"description\":\"SALON D\u00c9DI\u00c9 AUX INDUSTRIES DE LA FILI\u00c8RE DES IMPLANTS ET INSTRUMENTS EN ORTHOP\u00c9DIE, TRAUMATOLOGIE, RACHIS, DENTAIRE\",\"publisher\":{\"@id\":\"https:\\\/\\\/www.orthomanufacture.com\\\/2022\\\/#organization\"},\"potentialAction\":[{\"@type\":\"SearchAction\",\"target\":{\"@type\":\"EntryPoint\",\"urlTemplate\":\"https:\\\/\\\/www.orthomanufacture.com\\\/2022\\\/?s={search_term_string}\"},\"query-input\":{\"@type\":\"PropertyValueSpecification\",\"valueRequired\":true,\"valueName\":\"search_term_string\"}}],\"inLanguage\":\"fr-FR\"},{\"@type\":\"Organization\",\"@id\":\"https:\\\/\\\/www.orthomanufacture.com\\\/2022\\\/#organization\",\"name\":\"2022\",\"url\":\"https:\\\/\\\/www.orthomanufacture.com\\\/2022\\\/\",\"logo\":{\"@type\":\"ImageObject\",\"inLanguage\":\"fr-FR\",\"@id\":\"https:\\\/\\\/www.orthomanufacture.com\\\/2022\\\/#\\\/schema\\\/logo\\\/image\\\/\",\"url\":\"https:\\\/\\\/www.orthomanufacture.com\\\/2022\\\/wp-content\\\/uploads\\\/sites\\\/9\\\/2019\\\/07\\\/logo-orthomanufacture-blanc.png\",\"contentUrl\":\"https:\\\/\\\/www.orthomanufacture.com\\\/2022\\\/wp-content\\\/uploads\\\/sites\\\/9\\\/2019\\\/07\\\/logo-orthomanufacture-blanc.png\",\"width\":413,\"height\":40,\"caption\":\"2022\"},\"image\":{\"@id\":\"https:\\\/\\\/www.orthomanufacture.com\\\/2022\\\/#\\\/schema\\\/logo\\\/image\\\/\"}}]}<\/script>\n<!-- \/ Yoast SEO plugin. -->","yoast_head_json":{"title":"Le salon - 2022","robots":{"index":"index","follow":"follow","max-snippet":"max-snippet:-1","max-image-preview":"max-image-preview:large","max-video-preview":"max-video-preview:-1"},"canonical":"https:\/\/www.orthomanufacture.com\/2022\/fr\/le-salon\/","og_locale":"fr_FR","og_type":"article","og_title":"Le salon - 2022","og_description":"ORTHOMANUFACTURE est un salon professionnel annuel, se d\u00e9roulant en France ou en Suisse, une ann\u00e9e sur deux. En 2022 retour \u00e0 une \u00ab\u00a0vraie\u00a0\u00bb exposition avec ses rencontres, ses \u00e9changes, ses partages. En France, au Parc M\u00e9trotech, proche de Saint-Etienne sur la route de Lyon, les exposants et les organisateurs seront l\u00e0 pour vous accueillir dans [&hellip;]","og_url":"https:\/\/www.orthomanufacture.com\/2022\/fr\/le-salon\/","og_site_name":"2022","article_modified_time":"2022-02-28T13:55:15+00:00","og_image":[{"url":"https:\/\/www.orthomanufacture.com\/fr\/wp-content\/themes\/ortho2020\/images\/icon\/icon_group.png","type":"","width":"","height":""}],"twitter_card":"summary_large_image","twitter_misc":{"Dur\u00e9e de lecture estim\u00e9e":"2 minutes"},"schema":{"@context":"https:\/\/schema.org","@graph":[{"@type":"WebPage","@id":"https:\/\/www.orthomanufacture.com\/2022\/fr\/le-salon\/","url":"https:\/\/www.orthomanufacture.com\/2022\/fr\/le-salon\/","name":"Le salon - 2022","isPartOf":{"@id":"https:\/\/www.orthomanufacture.com\/2022\/#website"},"primaryImageOfPage":{"@id":"https:\/\/www.orthomanufacture.com\/2022\/fr\/le-salon\/#primaryimage"},"image":{"@id":"https:\/\/www.orthomanufacture.com\/2022\/fr\/le-salon\/#primaryimage"},"thumbnailUrl":"https:\/\/www.orthomanufacture.com\/fr\/wp-content\/themes\/ortho2020\/images\/icon\/icon_group.png","datePublished":"2019-05-27T12:26:30+00:00","dateModified":"2022-02-28T13:55:15+00:00","breadcrumb":{"@id":"https:\/\/www.orthomanufacture.com\/2022\/fr\/le-salon\/#breadcrumb"},"inLanguage":"fr-FR","potentialAction":[{"@type":"ReadAction","target":["https:\/\/www.orthomanufacture.com\/2022\/fr\/le-salon\/"]}]},{"@type":"ImageObject","inLanguage":"fr-FR","@id":"https:\/\/www.orthomanufacture.com\/2022\/fr\/le-salon\/#primaryimage","url":"https:\/\/www.orthomanufacture.com\/fr\/wp-content\/themes\/ortho2020\/images\/icon\/icon_group.png","contentUrl":"https:\/\/www.orthomanufacture.com\/fr\/wp-content\/themes\/ortho2020\/images\/icon\/icon_group.png"},{"@type":"BreadcrumbList","@id":"https:\/\/www.orthomanufacture.com\/2022\/fr\/le-salon\/#breadcrumb","itemListElement":[{"@type":"ListItem","position":1,"name":"Accueil","item":"https:\/\/www.orthomanufacture.com\/2022\/fr\/"},{"@type":"ListItem","position":2,"name":"Le salon"}]},{"@type":"WebSite","@id":"https:\/\/www.orthomanufacture.com\/2022\/#website","url":"https:\/\/www.orthomanufacture.com\/2022\/","name":"2022","description":"SALON D\u00c9DI\u00c9 AUX INDUSTRIES DE LA FILI\u00c8RE DES IMPLANTS ET INSTRUMENTS EN ORTHOP\u00c9DIE, TRAUMATOLOGIE, RACHIS, DENTAIRE","publisher":{"@id":"https:\/\/www.orthomanufacture.com\/2022\/#organization"},"potentialAction":[{"@type":"SearchAction","target":{"@type":"EntryPoint","urlTemplate":"https:\/\/www.orthomanufacture.com\/2022\/?s={search_term_string}"},"query-input":{"@type":"PropertyValueSpecification","valueRequired":true,"valueName":"search_term_string"}}],"inLanguage":"fr-FR"},{"@type":"Organization","@id":"https:\/\/www.orthomanufacture.com\/2022\/#organization","name":"2022","url":"https:\/\/www.orthomanufacture.com\/2022\/","logo":{"@type":"ImageObject","inLanguage":"fr-FR","@id":"https:\/\/www.orthomanufacture.com\/2022\/#\/schema\/logo\/image\/","url":"https:\/\/www.orthomanufacture.com\/2022\/wp-content\/uploads\/sites\/9\/2019\/07\/logo-orthomanufacture-blanc.png","contentUrl":"https:\/\/www.orthomanufacture.com\/2022\/wp-content\/uploads\/sites\/9\/2019\/07\/logo-orthomanufacture-blanc.png","width":413,"height":40,"caption":"2022"},"image":{"@id":"https:\/\/www.orthomanufacture.com\/2022\/#\/schema\/logo\/image\/"}}]}},"coauthors":[],"author_meta":{"author_link":"https:\/\/www.orthomanufacture.com\/2022\/blog\/author\/ortho_imanufacture\/","display_name":"Les Imageurs"},"relative_dates":{"created":"Publi\u00e9 7 ans il y a","modified":"Mis \u00e0 jour 4 ans il y a"},"absolute_dates":{"created":"Publi\u00e9 le 27 mai 2019","modified":"Mise \u00e0 jour le 28 f\u00e9vrier 2022"},"absolute_dates_time":{"created":"Publi\u00e9 le 27 mai 2019 14 h 26 min","modified":"Mise \u00e0 jour le 28 f\u00e9vrier 2022 14 h 55 min"},"featured_img_caption":"","featured_img":false,"series_order":"","_links":{"self":[{"href":"https:\/\/www.orthomanufacture.com\/2022\/wp-json\/wp\/v2\/pages\/2843","targetHints":{"allow":["GET"]}}],"collection":[{"href":"https:\/\/www.orthomanufacture.com\/2022\/wp-json\/wp\/v2\/pages"}],"about":[{"href":"https:\/\/www.orthomanufacture.com\/2022\/wp-json\/wp\/v2\/types\/page"}],"author":[{"embeddable":true,"href":"https:\/\/www.orthomanufacture.com\/2022\/wp-json\/wp\/v2\/users\/1"}],"replies":[{"embeddable":true,"href":"https:\/\/www.orthomanufacture.com\/2022\/wp-json\/wp\/v2\/comments?post=2843"}],"version-history":[{"count":0,"href":"https:\/\/www.orthomanufacture.com\/2022\/wp-json\/wp\/v2\/pages\/2843\/revisions"}],"wp:attachment":[{"href":"https:\/\/www.orthomanufacture.com\/2022\/wp-json\/wp\/v2\/media?parent=2843"}],"curies":[{"name":"wp","href":"https:\/\/api.w.org\/{rel}","templated":true}]}}