{"id":3642,"date":"2019-11-07T15:05:41","date_gmt":"2019-11-07T14:05:41","guid":{"rendered":"https:\/\/www.orthomanufacture.com\/2021\/?page_id=3642"},"modified":"2021-03-23T10:34:15","modified_gmt":"2021-03-23T09:34:15","slug":"inscription-2020","status":"publish","type":"page","link":"https:\/\/www.orthomanufacture.com\/2021\/fr\/inscription-2020\/","title":{"rendered":"Inscription au salon 2021"},"content":{"rendered":"\n<div style=\"height:30px\" aria-hidden=\"true\" class=\"wp-block-spacer\"><\/div>\n\n\n\n<p class=\"has-text-align-left has-medium-font-size\"><strong>Pour les inscriptions en tant qu&rsquo;auditeur aux vid\u00e9o-conf\u00e9rences, suivez le lien : <\/strong> <\/p>\n\n\n\n<p class=\"has-text-align-center\"><strong><span style=\"color: #0693e3\" class=\"ugb-highlight\"><a href=\"https:\/\/www.rms-foundation.ch\/en\/research\/technology-transfer\/meet-the-expert-implants-2021\/registration-participant.html\" target=\"_blank\" rel=\"noreferrer noopener\">INSCRIPTIONS ORTHOMANUFACTURE &#8211; [MEET THE EXPERT]<\/a><\/span><\/strong><\/p>\n\n\n\n<p class=\"has-text-align-left\">L&rsquo;inscription aux conf\u00e9rences [MEET THE EXPERT] (2 jours) est \u00e0 150 CHF <\/p>\n\n\n\n<p class=\"has-text-align-left\">Pour la \u00ab\u00a0visite de l&rsquo;exposition\u00a0\u00bb rendez-vous sur la page <a href=\"https:\/\/www.orthomanufacture.com\/2021\/fr\/exposants\/\"><strong>exposants<\/strong><\/a> de ce pr\u00e9sent site.<\/p>\n","protected":false},"excerpt":{"rendered":"<p>Pour les inscriptions en tant qu&rsquo;auditeur aux vid\u00e9o-conf\u00e9rences, suivez le lien : INSCRIPTIONS ORTHOMANUFACTURE &#8211; [MEET THE EXPERT] L&rsquo;inscription aux conf\u00e9rences [MEET THE EXPERT] (2 jours) est \u00e0 150 CHF Pour la \u00ab\u00a0visite de l&rsquo;exposition\u00a0\u00bb rendez-vous sur la page exposants de ce pr\u00e9sent site.<\/p>\n","protected":false},"author":1,"featured_media":0,"parent":0,"menu_order":20,"comment_status":"closed","ping_status":"closed","template":"template_formulaire.php","meta":{"footnotes":""},"class_list":["post-3642","page","type-page","status-publish","hentry"],"acf":[],"featured_image_urls_v2":{"full":"","thumbnail":"","medium":"","medium_large":"","large":"","1536x1536":"","2048x2048":""},"post_excerpt_stackable_v2":"<p>Pour les inscriptions en tant qu&rsquo;auditeur aux vid\u00e9o-conf\u00e9rences, suivez le lien : INSCRIPTIONS ORTHOMANUFACTURE &#8211; [MEET THE EXPERT] L&rsquo;inscription aux conf\u00e9rences [MEET THE EXPERT] (2 jours) est \u00e0 150 CHF Pour la \u00ab\u00a0visite de l&rsquo;exposition\u00a0\u00bb rendez-vous sur la page exposants de ce pr\u00e9sent site.<\/p>\n","category_list_v2":"","author_info_v2":{"name":"Les Imageurs","url":"https:\/\/www.orthomanufacture.com\/2021\/blog\/author\/ortho_imanufacture\/"},"comments_num_v2":"0 commentaire","_links":{"self":[{"href":"https:\/\/www.orthomanufacture.com\/2021\/wp-json\/wp\/v2\/pages\/3642","targetHints":{"allow":["GET"]}}],"collection":[{"href":"https:\/\/www.orthomanufacture.com\/2021\/wp-json\/wp\/v2\/pages"}],"about":[{"href":"https:\/\/www.orthomanufacture.com\/2021\/wp-json\/wp\/v2\/types\/page"}],"author":[{"embeddable":true,"href":"https:\/\/www.orthomanufacture.com\/2021\/wp-json\/wp\/v2\/users\/1"}],"replies":[{"embeddable":true,"href":"https:\/\/www.orthomanufacture.com\/2021\/wp-json\/wp\/v2\/comments?post=3642"}],"version-history":[{"count":0,"href":"https:\/\/www.orthomanufacture.com\/2021\/wp-json\/wp\/v2\/pages\/3642\/revisions"}],"wp:attachment":[{"href":"https:\/\/www.orthomanufacture.com\/2021\/wp-json\/wp\/v2\/media?parent=3642"}],"curies":[{"name":"wp","href":"https:\/\/api.w.org\/{rel}","templated":true}]}}