{"id":2854,"date":"2019-05-27T14:30:28","date_gmt":"2019-05-27T12:30:28","guid":{"rendered":"https:\/\/www.orthomanufacture.com\/2021\/?page_id=2854"},"modified":"2021-04-22T10:10:14","modified_gmt":"2021-04-22T08:10:14","slug":"die-messe","status":"publish","type":"page","link":"https:\/\/www.orthomanufacture.com\/2021\/de\/die-messe\/","title":{"rendered":"Die Messe"},"content":{"rendered":"\n<div class=\"wp-block-ugb-container ugb-container ugb-7395368 ugb-container--v2 ugb-container--design-basic ugb-main-block\" id=\"\"><style>.ugb-7395368-wrapper.ugb-container__wrapper{border-radius:12px !important;background-color:#f1f1f1 !important}.ugb-7395368-wrapper.ugb-container__wrapper:before{background-color:#f1f1f1 !important}.ugb-7395368-content-wrapper > h1,.ugb-7395368-content-wrapper > h2,.ugb-7395368-content-wrapper > h3,.ugb-7395368-content-wrapper > h4,.ugb-7395368-content-wrapper > h5,.ugb-7395368-content-wrapper > h6{color:#222222}.ugb-7395368-content-wrapper > p,.ugb-7395368-content-wrapper > ol li,.ugb-7395368-content-wrapper > ul li{color:#222222}@media screen and (min-width:768px){.ugb-7395368-content-wrapper.ugb-container__content-wrapper{width:100% !important}}<\/style><div class=\"ugb-inner-block\"><div class=\"ugb-block-content\"><div class=\"ugb-container__wrapper ugb-7395368-wrapper ugb--shadow-3\"><div class=\"ugb-container__side\"><div class=\"ugb-container__content-wrapper ugb-7395368-content-wrapper\">\n<h2 class=\"wp-block-heading\">ORTHOMANUFACTURE ist eine j\u00e4hrliche Messe, die abwechselnd in Frankreich oder in der Schweiz stattfindet. Im Jahr 2021 wird eine virtuelle Version in Zusammenarbeit mit RMS und seinen Konferenzen abgehalten <a aria-label=\" (opens in a new tab)\" rel=\"noreferrer noopener\" href=\"https:\/\/www.rms-foundation.ch\/en\/research\/technology-transfer\/meet-the-expert-implants-2021.html\" target=\"_blank\">[MEET THE EXPERT]<\/a><\/h2>\n\n\n\n<p><\/p>\n\n\n\n<p><a href=\"https:\/\/www.rms-foundation.ch\/en\/research\/technology-transfer\/meet-the-expert-implants-2021\/registration-participant.html\" target=\"_blank\" rel=\"noreferrer noopener\"><span style=\"color: #0693e3\" class=\"ugb-highlight\"><strong>Registrirung<\/strong><\/span><\/a><\/p>\n\n\n\n<p>Die Veranstaltung bietet VideoKonferenzen und eine virtuelle Ausstellung f\u00fcr Branchen aus den Bereichen Implantate und Instrumente in der Orthop\u00e4die, Traumatologie, Wirbels\u00e4ule, Zahnmedizin. Gie\u00dferei, Schmieden, additive Fertigung, Zerspanung, Oberfl\u00e4chenbeschichtung, Veredelung, Verpackung, aber auch Materiallieferanten, Unternehmen in der Kontrolle, Pr\u00fcfung, Labor, Oberfl\u00e4chencharakterisierung &#8230;<\/p>\n\n\n\n<p>Die ORTHOMANUFACTURE vereint Firmen aus den folgenden Bereichen zur selben Zeit am selben Ort: Implantate und Instrumente f\u00fcr die Orthop\u00e4die, Traumatologie, Wirbels\u00e4ule und Zahnmedizin.<br>Die Messe bietet die M\u00f6glichkeit, andere Unternehmer und \u00c4rzte zu treffen, sich \u00fcber Erkenntnisse auszutauschen und Informationen \u00fcber die technischen, medizinischen und gesetzlichen Fortschritte zu erhalten. <\/p>\n\n\n\n<p>Gezielt f\u00fcr Industrien in medizinischen  Implantate und Ger\u00e4ten in Orthop\u00e4die, Traumatologie, Wirbels\u00e4ule und  Zahnmedizin zur selben Zeit am selben Ort.<\/p>\n\n\n\n<p>Au\u00dferdem bieten wir ein unterhaltsames Abendprogramm f\u00fcr alle Teilnehmer, Referenten und Aussteller an. Es ist eine tolle Gelegenheit, weitere Kontakte zu kn\u00fcpfen, sowie die Gespr\u00e4che des Tages in einem entspannteren Rahmen weiterzuf\u00fchren.<\/p>\n<\/div><\/div><\/div><\/div><\/div><\/div>\n","protected":false},"excerpt":{"rendered":"<p>ORTHOMANUFACTURE ist eine j\u00e4hrliche Messe, die abwechselnd in Frankreich oder in der Schweiz stattfindet. Im Jahr 2021 wird eine virtuelle Version in Zusammenarbeit mit RMS und seinen Konferenzen abgehalten [MEET THE EXPERT] Registrirung Die Veranstaltung bietet VideoKonferenzen und eine virtuelle Ausstellung f\u00fcr Branchen aus den Bereichen Implantate und Instrumente in der Orthop\u00e4die, Traumatologie, Wirbels\u00e4ule, Zahnmedizin. [&hellip;]<\/p>\n","protected":false},"author":1,"featured_media":0,"parent":0,"menu_order":0,"comment_status":"closed","ping_status":"closed","template":"page.php","meta":{"footnotes":""},"class_list":["post-2854","page","type-page","status-publish","hentry"],"acf":[],"featured_image_urls_v2":{"full":"","thumbnail":"","medium":"","medium_large":"","large":"","1536x1536":"","2048x2048":""},"post_excerpt_stackable_v2":"<p>ORTHOMANUFACTURE ist eine j\u00e4hrliche Messe, die abwechselnd in Frankreich oder in der Schweiz stattfindet. Im Jahr 2021 wird eine virtuelle Version in Zusammenarbeit mit RMS und seinen Konferenzen abgehalten [MEET THE EXPERT] Registrirung Die Veranstaltung bietet VideoKonferenzen und eine virtuelle Ausstellung f\u00fcr Branchen aus den Bereichen Implantate und Instrumente in der Orthop\u00e4die, Traumatologie, Wirbels\u00e4ule, Zahnmedizin. Gie\u00dferei, Schmieden, additive Fertigung, Zerspanung, Oberfl\u00e4chenbeschichtung, Veredelung, Verpackung, aber auch Materiallieferanten, Unternehmen in der Kontrolle, Pr\u00fcfung, Labor, Oberfl\u00e4chencharakterisierung &#8230; Die ORTHOMANUFACTURE vereint Firmen aus den folgenden Bereichen zur selben Zeit am selben Ort: Implantate und Instrumente f\u00fcr die Orthop\u00e4die, Traumatologie, Wirbels\u00e4ule und Zahnmedizin.Die Messe bietet\u2026<\/p>\n","category_list_v2":"","author_info_v2":{"name":"Les Imageurs","url":"https:\/\/www.orthomanufacture.com\/2021\/blog\/author\/ortho_imanufacture\/"},"comments_num_v2":"0 commentaire","_links":{"self":[{"href":"https:\/\/www.orthomanufacture.com\/2021\/wp-json\/wp\/v2\/pages\/2854","targetHints":{"allow":["GET"]}}],"collection":[{"href":"https:\/\/www.orthomanufacture.com\/2021\/wp-json\/wp\/v2\/pages"}],"about":[{"href":"https:\/\/www.orthomanufacture.com\/2021\/wp-json\/wp\/v2\/types\/page"}],"author":[{"embeddable":true,"href":"https:\/\/www.orthomanufacture.com\/2021\/wp-json\/wp\/v2\/users\/1"}],"replies":[{"embeddable":true,"href":"https:\/\/www.orthomanufacture.com\/2021\/wp-json\/wp\/v2\/comments?post=2854"}],"version-history":[{"count":0,"href":"https:\/\/www.orthomanufacture.com\/2021\/wp-json\/wp\/v2\/pages\/2854\/revisions"}],"wp:attachment":[{"href":"https:\/\/www.orthomanufacture.com\/2021\/wp-json\/wp\/v2\/media?parent=2854"}],"curies":[{"name":"wp","href":"https:\/\/api.w.org\/{rel}","templated":true}]}}