{"id":2845,"date":"2019-05-27T14:26:52","date_gmt":"2019-05-27T12:26:52","guid":{"rendered":"https:\/\/www.orthomanufacture.com\/2021\/?page_id=2845"},"modified":"2025-03-24T22:10:12","modified_gmt":"2025-03-24T21:10:12","slug":"exposants","status":"publish","type":"page","link":"https:\/\/www.orthomanufacture.com\/2021\/fr\/exposants\/","title":{"rendered":"Liste des exposants 2021"},"content":{"rendered":"\n<p>Les exposants auront acc\u00e8s \u00e0 une \u00ab\u00a0salle\u00a0\u00bb de visio-conf\u00e9rences \u00ab\u00a0priv\u00e9e\u00a0\u00bb via un syst\u00e8me WEBEX. Ils pourront y faire la pr\u00e9sentation en live de leur soci\u00e9t\u00e9 et de leur savoir-faire devant un panel de personnes qui se seront fait connaitre au pr\u00e9alable via ce pr\u00e9sent site ou en direct pendant les 2 jours de congr\u00e8s.<\/p>\n\n\n\n<p>Les visiteurs inscrits pourront se d\u00e9placer individuellement dans les diff\u00e9rentes salles et discuter avec les exposants. L&rsquo;inscription vous permettra de discuter avec les exposants via un syst\u00e8me WEBEX et vous donnera \u00e9galement acc\u00e8s aux conf\u00e9rences. Le prix est de 150 Francs Suisses<\/p>\n\n\n\n<p><span style=\"color: #0693e3\" class=\"ugb-highlight\"><strong><a href=\"http:\/\/Les visiteurs inscrits pourront se d\u00e9placer individuellement dans les diff\u00e9rentes salles et discuter avec les exposants. L'inscription vous permettra de discuter avec les exposants via un syst\u00e8me WEBEX et vous donnera \u00e9galement acc\u00e8s aux conf\u00e9rences.\">VOUS INSCRIRE<\/a><\/strong><\/span><\/p>\n\n\n\n<p>Les s\u00e9ances de conf\u00e9rences seront de l&rsquo;ordre d&rsquo;une heure pour ensuite \u00bd heure de pause pendant laquelle les exposants pourront donc &nbsp;\u00eatre sollicit\u00e9s en direct par les auditeurs.<\/p>\n\n\n\n<p>Les discussions confidentielles seront quant \u00e0 elles faites en dehors de ces p\u00e9riodes par le biais d&rsquo;un appel t\u00e9l\u00e9phonique ou d&rsquo;une visio-conf\u00e9rence Skype ou autre, \u00e0 votre choix.<\/p>\n\n\n\n<p><\/p>\n","protected":false},"excerpt":{"rendered":"<p>Les exposants auront acc\u00e8s \u00e0 une \u00ab\u00a0salle\u00a0\u00bb de visio-conf\u00e9rences \u00ab\u00a0priv\u00e9e\u00a0\u00bb via un syst\u00e8me WEBEX. Ils pourront y faire la pr\u00e9sentation en live de leur soci\u00e9t\u00e9 et de leur savoir-faire devant un panel de personnes qui se seront fait connaitre au pr\u00e9alable via ce pr\u00e9sent site ou en direct pendant les 2 jours de congr\u00e8s. Les [&hellip;]<\/p>\n","protected":false},"author":1,"featured_media":0,"parent":0,"menu_order":0,"comment_status":"closed","ping_status":"closed","template":"template_entreprises.php","meta":{"footnotes":""},"class_list":["post-2845","page","type-page","status-publish","hentry"],"acf":[],"featured_image_urls_v2":{"full":"","thumbnail":"","medium":"","medium_large":"","large":"","1536x1536":"","2048x2048":""},"post_excerpt_stackable_v2":"<p>Les exposants auront acc\u00e8s \u00e0 une \u00ab\u00a0salle\u00a0\u00bb de visio-conf\u00e9rences \u00ab\u00a0priv\u00e9e\u00a0\u00bb via un syst\u00e8me WEBEX. Ils pourront y faire la pr\u00e9sentation en live de leur soci\u00e9t\u00e9 et de leur savoir-faire devant un panel de personnes qui se seront fait connaitre au pr\u00e9alable via ce pr\u00e9sent site ou en direct pendant les 2 jours de congr\u00e8s. Les visiteurs inscrits pourront se d\u00e9placer individuellement dans les diff\u00e9rentes salles et discuter avec les exposants. L&rsquo;inscription vous permettra de discuter avec les exposants via un syst\u00e8me WEBEX et vous donnera \u00e9galement acc\u00e8s aux conf\u00e9rences. Le prix est de 150 Francs Suisses VOUS INSCRIRE Les s\u00e9ances\u2026<\/p>\n","category_list_v2":"","author_info_v2":{"name":"Les Imageurs","url":"https:\/\/www.orthomanufacture.com\/2021\/blog\/author\/ortho_imanufacture\/"},"comments_num_v2":"0 commentaire","_links":{"self":[{"href":"https:\/\/www.orthomanufacture.com\/2021\/wp-json\/wp\/v2\/pages\/2845","targetHints":{"allow":["GET"]}}],"collection":[{"href":"https:\/\/www.orthomanufacture.com\/2021\/wp-json\/wp\/v2\/pages"}],"about":[{"href":"https:\/\/www.orthomanufacture.com\/2021\/wp-json\/wp\/v2\/types\/page"}],"author":[{"embeddable":true,"href":"https:\/\/www.orthomanufacture.com\/2021\/wp-json\/wp\/v2\/users\/1"}],"replies":[{"embeddable":true,"href":"https:\/\/www.orthomanufacture.com\/2021\/wp-json\/wp\/v2\/comments?post=2845"}],"version-history":[{"count":0,"href":"https:\/\/www.orthomanufacture.com\/2021\/wp-json\/wp\/v2\/pages\/2845\/revisions"}],"wp:attachment":[{"href":"https:\/\/www.orthomanufacture.com\/2021\/wp-json\/wp\/v2\/media?parent=2845"}],"curies":[{"name":"wp","href":"https:\/\/api.w.org\/{rel}","templated":true}]}}