{"id":2843,"date":"2019-05-27T14:26:30","date_gmt":"2019-05-27T12:26:30","guid":{"rendered":"https:\/\/www.orthomanufacture.com\/2021\/?page_id=2843"},"modified":"2021-04-22T10:08:09","modified_gmt":"2021-04-22T08:08:09","slug":"le-salon","status":"publish","type":"page","link":"https:\/\/www.orthomanufacture.com\/2021\/fr\/le-salon\/","title":{"rendered":"Le salon"},"content":{"rendered":"\n<div style=\"height:30px\" aria-hidden=\"true\" class=\"wp-block-spacer\"><\/div>\n\n\n\n<div class=\"aligncenter wp-block-ugb-button ugb-button-wrapper ugb-723d5c6 ugb-main-block\" id=\"\"><style>.ugb-723d5c6 .ugb-block-content{justify-content:center}.ugb-723d5c6 .ugb-inner-block{text-align:center}<\/style><div class=\"ugb-inner-block\"><div class=\"ugb-block-content\"><div class=\"ugb-button-container\"><a class=\"ugb-button1 ugb-button ugb-button--size-normal\" href=\"https:\/\/www.orthomanufacture.com\/2021\/wp-content\/uploads\/sites\/8\/2021\/03\/DEVICEMED-ARTICLE-MARS-2021.jpg\" target=\"_blank\" rel=\"noopener noreferrer\" title=\"\"><span class=\"ugb-button--inner\">Article DEVICEMED mars 2021<\/span><\/a><\/div><\/div><\/div><\/div>\n\n\n\n<h3 class=\"wp-block-heading\">ORTHOMANUFACTURE est un salon professionnel annuel, se d\u00e9roulant en France ou en Suisse, une ann\u00e9e sur deux. En 2021 c&rsquo;est une version virtuelle qui se tiendra en association avec RMS et ses conf\u00e9rences <a aria-label=\" (s\u2019ouvre dans un nouvel onglet)\" rel=\"noreferrer noopener\" href=\"https:\/\/www.rms-foundation.ch\/meet\" target=\"_blank\">[MEET THE EXPERT]<\/a><\/h3>\n\n\n\n<p>L&rsquo;\u00e9v\u00e9nement propose des vid\u00e9o-conf\u00e9rences et une exposition virtuelle pour les industries de la fili\u00e8re des implants et instruments en orthop\u00e9die, traumatologie, rachis, dentaire. Fonderie, forge, fabrication additive, usinage, rev\u00eatements de surface, finition, emballage mais aussi des fournisseurs de mat\u00e9riaux, des soci\u00e9t\u00e9s dans le contr\u00f4le, les essais, des laboratoires, de la caract\u00e9risation de surface&#8230;<\/p>\n\n\n\n<p><\/p>\n\n\n\n<p><a href=\"https:\/\/www.rms-foundation.ch\/en\/research\/technology-transfer\/meet-the-expert-implants-2021\/registration-participant.html\" target=\"_blank\" rel=\"noreferrer noopener\"><span style=\"color: #0693e3\" class=\"ugb-highlight\"><strong>Vous inscrire pour les 2 jours<\/strong><\/span><\/a><\/p>\n\n\n\n<div class=\"wp-block-columns has-3-columns is-layout-flex wp-container-core-columns-is-layout-9d6595d7 wp-block-columns-is-layout-flex\">\n<div class=\"wp-block-column is-layout-flow wp-block-column-is-layout-flow\">\n<div class=\"wp-block-image\"><figure class=\"aligncenter\"><img decoding=\"async\" src=\"https:\/\/www.orthomanufacture.com\/fr\/wp-content\/themes\/ortho2020\/images\/icon\/icon_group.png\" alt=\"\" \/><\/figure><\/div>\n\n\n\n<hr class=\"wp-block-separator\" \/>\n\n\n\n<p class=\"has-text-align-center\">Un salon professionnel des fabricants, fournisseurs et sous-traitants de la fili\u00e8re compl\u00e8te des implants <\/p>\n<\/div>\n\n\n\n<div class=\"wp-block-column is-layout-flow wp-block-column-is-layout-flow\">\n<div class=\"wp-block-image\"><figure class=\"aligncenter\"><img decoding=\"async\" src=\"https:\/\/www.orthomanufacture.com\/fr\/wp-content\/themes\/ortho2020\/images\/icon\/icon_robot.png\" alt=\"\" \/><\/figure><\/div>\n\n\n\n<hr class=\"wp-block-separator\" \/>\n\n\n\n<p class=\"has-text-align-center\"> Une cinquantaine \u00ab\u00a0d\u2019exposants\u00a0\u00bb industriels <\/p>\n<\/div>\n\n\n\n<div class=\"wp-block-column is-layout-flow wp-block-column-is-layout-flow\">\n<div class=\"wp-block-image\"><figure class=\"aligncenter\"><img decoding=\"async\" src=\"https:\/\/www.orthomanufacture.com\/fr\/wp-content\/themes\/ortho2020\/images\/icon\/icon_micro.png\" alt=\"\" \/><\/figure><\/div>\n\n\n\n<hr class=\"wp-block-separator\" \/>\n\n\n\n<p> Des conf\u00e9rences techniques et scientifiques propos\u00e9es par la fondation RMS  &#8211; <a href=\"https:\/\/www.rms-foundation.ch\/en\/research\/technology-transfer\/meet-the-expert-implants-2020.html\" target=\"_blank\" rel=\"noreferrer noopener\" aria-label=\"[MEET THE EXPERT] (s\u2019ouvre dans un nouvel onglet)\">[MEET THE EXPERT]<\/a> : scientifiques, chercheurs, chirurgiens&#8230; experts de la recherche, de l\u2019enseignement, de l\u2019industrie\u2026 <\/p>\n<\/div>\n<\/div>\n\n\n\n<div class=\"wp-block-ugb-button ugb-button-wrapper ugb-6cada74 ugb-main-block\" id=\"\"><div class=\"ugb-inner-block\"><div class=\"ugb-block-content\"><div class=\"ugb-button-container\"><a class=\"ugb-button1 ugb-button ugb-button--size-normal\" href=\"https:\/\/www.orthomanufacture.com\/2021\/wp-content\/uploads\/sites\/8\/2021\/03\/presentation-OTM-2018-Olivier-Vecten.mov\" target=\"_blank\" rel=\"noopener noreferrer\" title=\"\"><span class=\"ugb-button--inner\">Retour en vid\u00e9o sur le salon 2018 \u00e0 Yverdon-Les-Bains en Suisse<\/span><\/a><\/div><\/div><\/div><\/div>\n\n\n\n<p><\/p>\n","protected":false},"excerpt":{"rendered":"<p>Article DEVICEMED mars 2021 ORTHOMANUFACTURE est un salon professionnel annuel, se d\u00e9roulant en France ou en Suisse, une ann\u00e9e sur deux. En 2021 c&rsquo;est une version virtuelle qui se tiendra en association avec RMS et ses conf\u00e9rences [MEET THE EXPERT] L&rsquo;\u00e9v\u00e9nement propose des vid\u00e9o-conf\u00e9rences et une exposition virtuelle pour les industries de la fili\u00e8re des [&hellip;]<\/p>\n","protected":false},"author":1,"featured_media":0,"parent":0,"menu_order":0,"comment_status":"closed","ping_status":"closed","template":"page.php","meta":{"footnotes":""},"class_list":["post-2843","page","type-page","status-publish","hentry"],"acf":[],"featured_image_urls_v2":{"full":"","thumbnail":"","medium":"","medium_large":"","large":"","1536x1536":"","2048x2048":""},"post_excerpt_stackable_v2":"<p>Article DEVICEMED mars 2021 ORTHOMANUFACTURE est un salon professionnel annuel, se d\u00e9roulant en France ou en Suisse, une ann\u00e9e sur deux. En 2021 c&rsquo;est une version virtuelle qui se tiendra en association avec RMS et ses conf\u00e9rences [MEET THE EXPERT] L&rsquo;\u00e9v\u00e9nement propose des vid\u00e9o-conf\u00e9rences et une exposition virtuelle pour les industries de la fili\u00e8re des implants et instruments en orthop\u00e9die, traumatologie, rachis, dentaire. Fonderie, forge, fabrication additive, usinage, rev\u00eatements de surface, finition, emballage mais aussi des fournisseurs de mat\u00e9riaux, des soci\u00e9t\u00e9s dans le contr\u00f4le, les essais, des laboratoires, de la caract\u00e9risation de surface&#8230; Vous inscrire pour les 2 jours Un\u2026<\/p>\n","category_list_v2":"","author_info_v2":{"name":"Les Imageurs","url":"https:\/\/www.orthomanufacture.com\/2021\/blog\/author\/ortho_imanufacture\/"},"comments_num_v2":"0 commentaire","_links":{"self":[{"href":"https:\/\/www.orthomanufacture.com\/2021\/wp-json\/wp\/v2\/pages\/2843","targetHints":{"allow":["GET"]}}],"collection":[{"href":"https:\/\/www.orthomanufacture.com\/2021\/wp-json\/wp\/v2\/pages"}],"about":[{"href":"https:\/\/www.orthomanufacture.com\/2021\/wp-json\/wp\/v2\/types\/page"}],"author":[{"embeddable":true,"href":"https:\/\/www.orthomanufacture.com\/2021\/wp-json\/wp\/v2\/users\/1"}],"replies":[{"embeddable":true,"href":"https:\/\/www.orthomanufacture.com\/2021\/wp-json\/wp\/v2\/comments?post=2843"}],"version-history":[{"count":0,"href":"https:\/\/www.orthomanufacture.com\/2021\/wp-json\/wp\/v2\/pages\/2843\/revisions"}],"wp:attachment":[{"href":"https:\/\/www.orthomanufacture.com\/2021\/wp-json\/wp\/v2\/media?parent=2843"}],"curies":[{"name":"wp","href":"https:\/\/api.w.org\/{rel}","templated":true}]}}