{"id":3679,"date":"2019-11-18T17:02:19","date_gmt":"2019-11-18T16:02:19","guid":{"rendered":"https:\/\/www.orthomanufacture.com\/2020\/?page_id=3679"},"modified":"2020-04-30T15:58:44","modified_gmt":"2020-04-30T13:58:44","slug":"anmeldung-2020","status":"publish","type":"page","link":"https:\/\/www.orthomanufacture.com\/2020\/de\/anmeldung-2020\/","title":{"rendered":"Anmeldung 2021"},"content":{"rendered":"\n<div style=\"height:30px\" aria-hidden=\"true\" class=\"wp-block-spacer\"><\/div>\n\n\n\n<p style=\"text-align:left\" class=\"has-medium-font-size\"><strong><a href=\"https:\/\/www.rms-foundation.ch\/en\/research\/technology-transfer\/meet-the-expert-implants-2021\/registration-participant.html\">Melden Sie sich hier f\u00fcr das Konferenz- und Abendprogramm an.<\/a> <\/strong><\/p>\n\n\n\n<p style=\"text-align:left\">Die Anmeldung f\u00fcr das Konferenzprogramm [MEET THE EXPERT] bietet auch Zugang zum Ausstellungsbereich sowie zu Kaffeepausen und Mittagsbuffets.<\/p>\n\n\n\n<p style=\"text-align:left\">Die regul\u00e4ren Anmeldegeb\u00fchren f\u00fcr das Konferenzprogramm [MEET THE EXPERT] \u00fcber zwei Tage betragen :<\/p>\n\n\n\n<p> 330 \u20ac vor Ende Februar, ab dem 1. M\u00e4rz 380 \u20ac<\/p>\n\n\n\n<p style=\"text-align:left\">Studenten erhalten einen Sondertarif von 140 \u20ac<\/p>\n\n\n\n<p style=\"text-align:left\">Die Messe bietet die M\u00f6glichkeit f\u00fcr zuz\u00fcgliche 90 \u20ac an einer unterhaltsamen Abendveranstaltung teilzunehmen. Ein Buffet und verschiedene Programmbeitr\u00e4ge schaffen einen guten Rahmen, um sich in einer entspannten Atmosph\u00e4re auszutauschen. Das Thema und der Inhalt der Programmbeitr\u00e4ge werden noch bekanntgegeben. <\/p>\n\n\n\n<p style=\"text-align:left\">F\u00fcr die Anmeldung zum Besuch des Ausstellungsbereiches ohne Vortr\u00e4ge und Abendprogramm, folgen Sie bitte dem untenstehenden Anmeldeformular. <\/p>\n","protected":false},"excerpt":{"rendered":"<p>Melden Sie sich hier f\u00fcr das Konferenz- und Abendprogramm an. Die Anmeldung f\u00fcr das Konferenzprogramm [MEET THE EXPERT] bietet auch Zugang zum Ausstellungsbereich sowie zu Kaffeepausen und Mittagsbuffets. Die regul\u00e4ren Anmeldegeb\u00fchren f\u00fcr das Konferenzprogramm [MEET THE EXPERT] \u00fcber zwei Tage betragen : 330 \u20ac vor Ende Februar, ab dem 1. M\u00e4rz 380 \u20ac Studenten erhalten [&hellip;]<\/p>\n","protected":false},"author":1,"featured_media":0,"parent":0,"menu_order":20,"comment_status":"closed","ping_status":"closed","template":"template_formulaire.php","meta":{"footnotes":""},"class_list":["post-3679","page","type-page","status-publish","hentry"],"acf":[],"featured_image_urls_v2":{"full":"","thumbnail":"","medium":"","medium_large":"","large":"","1536x1536":"","2048x2048":""},"post_excerpt_stackable_v2":"<p>Melden Sie sich hier f\u00fcr das Konferenz- und Abendprogramm an. Die Anmeldung f\u00fcr das Konferenzprogramm [MEET THE EXPERT] bietet auch Zugang zum Ausstellungsbereich sowie zu Kaffeepausen und Mittagsbuffets. Die regul\u00e4ren Anmeldegeb\u00fchren f\u00fcr das Konferenzprogramm [MEET THE EXPERT] \u00fcber zwei Tage betragen : 330 \u20ac vor Ende Februar, ab dem 1. M\u00e4rz 380 \u20ac Studenten erhalten einen Sondertarif von 140 \u20ac Die Messe bietet die M\u00f6glichkeit f\u00fcr zuz\u00fcgliche 90 \u20ac an einer unterhaltsamen Abendveranstaltung teilzunehmen. Ein Buffet und verschiedene Programmbeitr\u00e4ge schaffen einen guten Rahmen, um sich in einer entspannten Atmosph\u00e4re auszutauschen. Das Thema und der Inhalt der Programmbeitr\u00e4ge werden noch bekanntgegeben.\u2026<\/p>\n","category_list_v2":"","author_info_v2":{"name":"Les Imageurs","url":"https:\/\/www.orthomanufacture.com\/2020\/blog\/author\/ortho_imanufacture\/"},"comments_num_v2":"0 commentaire","_links":{"self":[{"href":"https:\/\/www.orthomanufacture.com\/2020\/wp-json\/wp\/v2\/pages\/3679","targetHints":{"allow":["GET"]}}],"collection":[{"href":"https:\/\/www.orthomanufacture.com\/2020\/wp-json\/wp\/v2\/pages"}],"about":[{"href":"https:\/\/www.orthomanufacture.com\/2020\/wp-json\/wp\/v2\/types\/page"}],"author":[{"embeddable":true,"href":"https:\/\/www.orthomanufacture.com\/2020\/wp-json\/wp\/v2\/users\/1"}],"replies":[{"embeddable":true,"href":"https:\/\/www.orthomanufacture.com\/2020\/wp-json\/wp\/v2\/comments?post=3679"}],"version-history":[{"count":0,"href":"https:\/\/www.orthomanufacture.com\/2020\/wp-json\/wp\/v2\/pages\/3679\/revisions"}],"wp:attachment":[{"href":"https:\/\/www.orthomanufacture.com\/2020\/wp-json\/wp\/v2\/media?parent=3679"}],"curies":[{"name":"wp","href":"https:\/\/api.w.org\/{rel}","templated":true}]}}