{"id":3494,"date":"2019-10-29T10:11:38","date_gmt":"2019-10-29T09:11:38","guid":{"rendered":"https:\/\/www.orthomanufacture.com\/2020\/?page_id=3494"},"modified":"2020-06-08T09:58:35","modified_gmt":"2020-06-08T07:58:35","slug":"practical-information-2","status":"publish","type":"page","link":"https:\/\/www.orthomanufacture.com\/2020\/de\/practical-information-2\/","title":{"rendered":"Details zur Anreise"},"content":{"rendered":"\n<p>Die Fachmesse und Konferenzen finden im CTS Congress Center in Biel, Schweiz, statt.<br> <br>Daten: Mittwoch, 28. April 2021, 8.30 bis 18 Uhr und Donnerstag, 29. April, 8.30 bis 14 Uhr <br> <br>F\u00fcr alle Interessenten findet am 28. April nach 18h ein unterhaltsames Abendprogramm statt. Das Thema ist noch nicht festgelegt, weitere Infos folgen.<br> <br> Weitere Informationen zu Preisen finden Sie auf der Homepage unter \u00ab\u00a0Anmelden\u00a0\u00bb.<\/p>\n\n\n\n<div class=\"wp-block-columns has-3-columns is-layout-flex wp-container-core-columns-is-layout-9d6595d7 wp-block-columns-is-layout-flex\">\n<div class=\"wp-block-column is-layout-flow wp-block-column-is-layout-flow\">\n<div class=\"wp-block-image\"><figure class=\"aligncenter is-resized\"><img loading=\"lazy\" decoding=\"async\" src=\"https:\/\/www.orthomanufacture.com\/2020\/wp-content\/uploads\/sites\/7\/2019\/10\/BIENNE-1.png\" alt=\"\" class=\"wp-image-3442\" width=\"224\" height=\"105\" srcset=\"https:\/\/www.orthomanufacture.com\/2020\/wp-content\/uploads\/sites\/7\/2019\/10\/BIENNE-1.png 772w, https:\/\/www.orthomanufacture.com\/2020\/wp-content\/uploads\/sites\/7\/2019\/10\/BIENNE-1-300x141.png 300w, https:\/\/www.orthomanufacture.com\/2020\/wp-content\/uploads\/sites\/7\/2019\/10\/BIENNE-1-768x360.png 768w, https:\/\/www.orthomanufacture.com\/2020\/wp-content\/uploads\/sites\/7\/2019\/10\/BIENNE-1-600x281.png 600w\" sizes=\"auto, (max-width: 224px) 100vw, 224px\" \/><\/figure><\/div>\n\n\n\n<p><\/p>\n<\/div>\n\n\n\n<div class=\"wp-block-column is-layout-flow wp-block-column-is-layout-flow\">\n<div class=\"wp-block-image\"><figure class=\"aligncenter is-resized\"><img loading=\"lazy\" decoding=\"async\" src=\"https:\/\/www.orthomanufacture.com\/2020\/wp-content\/uploads\/sites\/7\/2019\/10\/PLAN-PALAIS-DES-CONGRES-1024x448.png\" alt=\"\" class=\"wp-image-3465\" width=\"242\" height=\"105\" \/><\/figure><\/div>\n<\/div>\n\n\n\n<div class=\"wp-block-column is-layout-flow wp-block-column-is-layout-flow\">\n<div class=\"wp-block-image\"><figure class=\"aligncenter is-resized\"><img loading=\"lazy\" decoding=\"async\" src=\"https:\/\/www.orthomanufacture.com\/2020\/wp-content\/uploads\/sites\/7\/2019\/10\/PLAN-PALAIS-DES-CONGRES-2-1024x422.png\" alt=\"\" class=\"wp-image-3464\" width=\"255\" height=\"105\" \/><\/figure><\/div>\n\n\n\n<p><\/p>\n<\/div>\n<\/div>\n\n\n\n<p>F\u00fcr diejenigen, die es w\u00fcnschen, sind hier 3 m\u00f6gliche Hotels. Wir haben keine spezielle Vereinbarung mit diesen Hotels, daher k\u00f6nnen Sie auch gerne auf anderen Hotel-Websites nachsehen.<\/p>\n\n\n\n<p><a href=\"http:\/\/elite-biel.com\/\">Hotel Elite<\/a>&nbsp;<\/p>\n\n\n\n<p><a href=\"https:\/\/all.accor.com\/france\/index.fr.shtml\">Hotel Mercure Plaza<\/a><\/p>\n\n\n\n<p><a href=\"https:\/\/www.cityhotel-biel.ch\/\">City Hotel Biel<\/a> <\/p>\n\n\n<p><!--EndFragment--><\/p>","protected":false},"excerpt":{"rendered":"<p>Die Fachmesse und Konferenzen finden im CTS Congress Center in Biel, Schweiz, statt. Daten: Mittwoch, 28. April 2021, 8.30 bis 18 Uhr und Donnerstag, 29. April, 8.30 bis 14 Uhr F\u00fcr alle Interessenten findet am 28. April nach 18h ein unterhaltsames Abendprogramm statt. Das Thema ist noch nicht festgelegt, weitere Infos folgen. Weitere Informationen zu [&hellip;]<\/p>\n","protected":false},"author":1,"featured_media":0,"parent":0,"menu_order":0,"comment_status":"closed","ping_status":"closed","template":"page.php","meta":{"footnotes":""},"class_list":["post-3494","page","type-page","status-publish","hentry"],"acf":[],"featured_image_urls_v2":{"full":"","thumbnail":"","medium":"","medium_large":"","large":"","1536x1536":"","2048x2048":""},"post_excerpt_stackable_v2":"<p>Die Fachmesse und Konferenzen finden im CTS Congress Center in Biel, Schweiz, statt. Daten: Mittwoch, 28. April 2021, 8.30 bis 18 Uhr und Donnerstag, 29. April, 8.30 bis 14 Uhr F\u00fcr alle Interessenten findet am 28. April nach 18h ein unterhaltsames Abendprogramm statt. Das Thema ist noch nicht festgelegt, weitere Infos folgen. Weitere Informationen zu Preisen finden Sie auf der Homepage unter \u00ab\u00a0Anmelden\u00a0\u00bb. F\u00fcr diejenigen, die es w\u00fcnschen, sind hier 3 m\u00f6gliche Hotels. Wir haben keine spezielle Vereinbarung mit diesen Hotels, daher k\u00f6nnen Sie auch gerne auf anderen Hotel-Websites nachsehen. Hotel Elite&nbsp; Hotel Mercure Plaza City Hotel Biel<\/p>\n","category_list_v2":"","author_info_v2":{"name":"Les Imageurs","url":"https:\/\/www.orthomanufacture.com\/2020\/blog\/author\/ortho_imanufacture\/"},"comments_num_v2":"0 commentaire","_links":{"self":[{"href":"https:\/\/www.orthomanufacture.com\/2020\/wp-json\/wp\/v2\/pages\/3494","targetHints":{"allow":["GET"]}}],"collection":[{"href":"https:\/\/www.orthomanufacture.com\/2020\/wp-json\/wp\/v2\/pages"}],"about":[{"href":"https:\/\/www.orthomanufacture.com\/2020\/wp-json\/wp\/v2\/types\/page"}],"author":[{"embeddable":true,"href":"https:\/\/www.orthomanufacture.com\/2020\/wp-json\/wp\/v2\/users\/1"}],"replies":[{"embeddable":true,"href":"https:\/\/www.orthomanufacture.com\/2020\/wp-json\/wp\/v2\/comments?post=3494"}],"version-history":[{"count":0,"href":"https:\/\/www.orthomanufacture.com\/2020\/wp-json\/wp\/v2\/pages\/3494\/revisions"}],"wp:attachment":[{"href":"https:\/\/www.orthomanufacture.com\/2020\/wp-json\/wp\/v2\/media?parent=3494"}],"curies":[{"name":"wp","href":"https:\/\/api.w.org\/{rel}","templated":true}]}}