{"id":3486,"date":"2019-10-29T09:05:06","date_gmt":"2019-10-29T08:05:06","guid":{"rendered":"https:\/\/www.orthomanufacture.com\/2020\/?page_id=3486"},"modified":"2020-03-06T15:35:18","modified_gmt":"2020-03-06T14:35:18","slug":"anmeldung","status":"publish","type":"page","link":"https:\/\/www.orthomanufacture.com\/2020\/de\/anmeldung\/","title":{"rendered":"Anmeldung"},"content":{"rendered":"\n<div style=\"height:30px\" aria-hidden=\"true\" class=\"wp-block-spacer\"><\/div>\n\n\n\n<p style=\"text-align:center\" class=\"has-medium-font-size\">Das Anmeldeportal online wird in K\u00fcrze verf\u00fcgbar sein.<br>Vielen Dank f\u00fcr Ihr Verst\u00e4ndnis und Ihre Geduld.<\/p>\n","protected":false},"excerpt":{"rendered":"<p>Das Anmeldeportal online wird in K\u00fcrze verf\u00fcgbar sein.Vielen Dank f\u00fcr Ihr Verst\u00e4ndnis und Ihre Geduld.<\/p>\n","protected":false},"author":1,"featured_media":0,"parent":0,"menu_order":0,"comment_status":"closed","ping_status":"closed","template":"","meta":{"footnotes":""},"class_list":["post-3486","page","type-page","status-publish","hentry"],"acf":[],"featured_image_urls_v2":{"full":"","thumbnail":"","medium":"","medium_large":"","large":"","1536x1536":"","2048x2048":""},"post_excerpt_stackable_v2":"<p>Das Anmeldeportal online wird in K\u00fcrze verf\u00fcgbar sein.Vielen Dank f\u00fcr Ihr Verst\u00e4ndnis und Ihre Geduld.<\/p>\n","category_list_v2":"","author_info_v2":{"name":"Les Imageurs","url":"https:\/\/www.orthomanufacture.com\/2020\/blog\/author\/ortho_imanufacture\/"},"comments_num_v2":"0 commentaire","_links":{"self":[{"href":"https:\/\/www.orthomanufacture.com\/2020\/wp-json\/wp\/v2\/pages\/3486","targetHints":{"allow":["GET"]}}],"collection":[{"href":"https:\/\/www.orthomanufacture.com\/2020\/wp-json\/wp\/v2\/pages"}],"about":[{"href":"https:\/\/www.orthomanufacture.com\/2020\/wp-json\/wp\/v2\/types\/page"}],"author":[{"embeddable":true,"href":"https:\/\/www.orthomanufacture.com\/2020\/wp-json\/wp\/v2\/users\/1"}],"replies":[{"embeddable":true,"href":"https:\/\/www.orthomanufacture.com\/2020\/wp-json\/wp\/v2\/comments?post=3486"}],"version-history":[{"count":0,"href":"https:\/\/www.orthomanufacture.com\/2020\/wp-json\/wp\/v2\/pages\/3486\/revisions"}],"wp:attachment":[{"href":"https:\/\/www.orthomanufacture.com\/2020\/wp-json\/wp\/v2\/media?parent=3486"}],"curies":[{"name":"wp","href":"https:\/\/api.w.org\/{rel}","templated":true}]}}