{"id":2862,"date":"2019-05-27T14:32:57","date_gmt":"2019-05-27T12:32:57","guid":{"rendered":"https:\/\/www.orthomanufacture.com\/2020\/?page_id=2862"},"modified":"2020-04-30T16:22:33","modified_gmt":"2020-04-30T14:22:33","slug":"deu-die-conference","status":"publish","type":"page","link":"https:\/\/www.orthomanufacture.com\/2020\/de\/deu-die-conference\/","title":{"rendered":"Vortr\u00e4ge"},"content":{"rendered":"<p>\n<!--StartFragment--><\/p>\n\n\n<ul class=\"wp-block-gallery aligncenter columns-1 is-cropped wp-block-gallery-1 is-layout-flex wp-block-gallery-is-layout-flex\"><li class=\"blocks-gallery-item\"><figure><img loading=\"lazy\" decoding=\"async\" width=\"912\" height=\"238\" src=\"https:\/\/www.orthomanufacture.com\/2020\/wp-content\/uploads\/sites\/7\/2019\/10\/Banner-MtE-REVUE-OV-15-10-2019.jpg\" alt=\"\" data-id=\"3269\" class=\"wp-image-3269\" srcset=\"https:\/\/www.orthomanufacture.com\/2020\/wp-content\/uploads\/sites\/7\/2019\/10\/Banner-MtE-REVUE-OV-15-10-2019.jpg 912w, https:\/\/www.orthomanufacture.com\/2020\/wp-content\/uploads\/sites\/7\/2019\/10\/Banner-MtE-REVUE-OV-15-10-2019-300x78.jpg 300w, https:\/\/www.orthomanufacture.com\/2020\/wp-content\/uploads\/sites\/7\/2019\/10\/Banner-MtE-REVUE-OV-15-10-2019-768x200.jpg 768w, https:\/\/www.orthomanufacture.com\/2020\/wp-content\/uploads\/sites\/7\/2019\/10\/Banner-MtE-REVUE-OV-15-10-2019-600x157.jpg 600w\" sizes=\"auto, (max-width: 912px) 100vw, 912px\" \/><\/figure><\/li><\/ul>\n\n\n\n<div class=\"wp-block-image\"><figure class=\"aligncenter is-resized\"><a href=\"https:\/\/www.rms-foundation.ch\/en\/research\/technology-transfer\/meet-the-expert-implants-2021.html\" target=\"_blank\" rel=\"noreferrer noopener\"><img loading=\"lazy\" decoding=\"async\" src=\"https:\/\/www.orthomanufacture.com\/2020\/wp-content\/uploads\/sites\/7\/2019\/10\/Logo-MtE-1-1024x216.jpg\" alt=\"\" class=\"wp-image-3421\" width=\"176\" height=\"37\" \/><\/a><\/figure><\/div>\n\n\n\n<p style=\"text-align:center\">Sie k\u00f6nnen anderthalb Tage, <strong>den 28. April den ganzen Tag und den 29. April morgens<\/strong> an <strong>hochrangigen wissenschaftlichen und technischen Konferenzen<\/strong> teilnehmen, an denen <strong>unabh\u00e4ngige Redner<\/strong> teilnehmen: Chirurgen, Forscher und innovative Industrielle. Diese technischen Pr\u00e4sentationen und Testimonials werden Ihnen helfen, Ihre Wahl zwischen den therapeutischen Fortschritten und den tats\u00e4chlichen technischen M\u00f6glichkeiten mit ihren Grenzen und gesetzlichen Verpflichtungen zu treffen.<\/p>\n\n\n\n<div class=\"wp-block-columns has-2-columns is-layout-flex wp-container-core-columns-is-layout-9d6595d7 wp-block-columns-is-layout-flex\">\n<div class=\"wp-block-column is-layout-flow wp-block-column-is-layout-flow\">\n<div class=\"wp-block-image\"><figure class=\"aligncenter\"><img loading=\"lazy\" decoding=\"async\" width=\"364\" height=\"285\" src=\"https:\/\/www.orthomanufacture.com\/2020\/wp-content\/uploads\/sites\/7\/2019\/10\/SALLE-CONF.png\" alt=\"\" class=\"wp-image-3468\" srcset=\"https:\/\/www.orthomanufacture.com\/2020\/wp-content\/uploads\/sites\/7\/2019\/10\/SALLE-CONF.png 364w, https:\/\/www.orthomanufacture.com\/2020\/wp-content\/uploads\/sites\/7\/2019\/10\/SALLE-CONF-300x235.png 300w\" sizes=\"auto, (max-width: 364px) 100vw, 364px\" \/><\/figure><\/div>\n<\/div>\n\n\n\n<div class=\"wp-block-column is-layout-flow wp-block-column-is-layout-flow\">\n<div class=\"wp-block-image\"><figure class=\"aligncenter is-resized\"><img loading=\"lazy\" decoding=\"async\" src=\"https:\/\/www.orthomanufacture.com\/2020\/wp-content\/uploads\/sites\/7\/2019\/10\/PALAIS-DES-CONGRES.png\" alt=\"\" class=\"wp-image-3463\" width=\"304\" height=\"269\" srcset=\"https:\/\/www.orthomanufacture.com\/2020\/wp-content\/uploads\/sites\/7\/2019\/10\/PALAIS-DES-CONGRES.png 361w, https:\/\/www.orthomanufacture.com\/2020\/wp-content\/uploads\/sites\/7\/2019\/10\/PALAIS-DES-CONGRES-300x266.png 300w\" sizes=\"auto, (max-width: 304px) 100vw, 304px\" \/><\/figure><\/div>\n<\/div>\n<\/div>\n\n\n\n<h4 class=\"wp-block-heading\" style=\"text-align:center\">Das Konferenzprogramm 2021 ist noch nicht best\u00e4tigt, wird aber dem f\u00fcr 2020 geplanten nahe kommen. Konsultieren Sie es :<\/h4>\n\n\n\n<div class=\"wp-block-file aligncenter\"><a href=\"https:\/\/www.orthomanufacture.com\/2020\/wp-content\/uploads\/sites\/7\/2020\/02\/MtE2020_Program-02-2020.pdf\" target=\"_blank\" rel=\"noreferrer noopener\">[MEET THE EXPERT] 2020 Programm<\/a><\/div>\n\n\n\n<div style=\"height:20px\" aria-hidden=\"true\" class=\"wp-block-spacer\"><\/div>\n\n\n\n<h5 class=\"wp-block-heading\"> Unser wissenschaftlicher Ausschuss<strong> 2021 :<\/strong> <\/h5>\n\n\n<div class=\"wp-block-ugb-team-member ugb-team-member ugb-team-member--v2 ugb-team-member--columns-3 ugb-team-member--image-circle ugb-team-member--design-basic\">\n<div class=\"ugb-team-member__item\">\n<div class=\"ugb-team-member__content\">Dr. Lukas Eschbach <br>PhD \/ MSc ETH \/ EMBA BFH<br>RMS<\/div>\n<div class=\"ugb-team-member__content\">Foundation<br>Head of the Materials Group,<\/div>\n<div class=\"ugb-team-member__content\">Member of the executive board<\/div>\n<\/div>\n<div class=\"ugb-team-member__item\">\n<div class=\"ugb-team-member__content\">\n<p class=\"ugb-team-member__description\">Dr. Simon Berner<br>PhD Physics<\/p>\n<p>Medicoat AG<br>Head of Research and Development<\/p>\n<\/div>\n<\/div>\n<\/div>\n<div class=\"wp-block-ugb-team-member ugb-team-member ugb-team-member--v2 ugb-team-member--columns-3 ugb-team-member--image-circle ugb-team-member--design-basic\">\n<div class=\"ugb-team-member__item\">\n<div class=\"ugb-team-member__content\">Francisco Faoro<\/div>\n<div class=\"ugb-team-member__content\">Mechanical Engineer;<\/div>\n<div class=\"ugb-team-member__content\">Executive BBA in Economics<br>Institut Straumann AG<br>Head R&amp;D<\/div>\n<\/div>\n<div class=\"ugb-team-member__item\">\n<div class=\"ugb-team-member__content\">\n<p>PD Dr. habil. Christiane Jung<\/p>\n<p>Diploma Chemist<\/p>\n<p>KKS Ultraschall AG, Ultrasonic technology &amp; Surface refinement<\/p>\n<p>Medical Surface Center<\/p>\n<p class=\"ugb-team-member__position\">Senior Scientist R&amp;D<\/p>\n<\/div>\n<\/div>\n<\/div>\n<div class=\"wp-block-ugb-team-member ugb-team-member ugb-team-member--v2 ugb-team-member--columns-3 ugb-team-member--image-circle ugb-team-member--design-basic\">\n<div class=\"ugb-team-member__item\">\n<div class=\"ugb-team-member__content\">Dr. Martin St\u00f6ckli<\/div>\n<div class=\"ugb-team-member__content\">Mechanical Engineer &#8211;<\/div>\n<div class=\"ugb-team-member__content\">Master Black Belt Lean Six Sigma<br>Inspire AG<br>COO<\/div>\n<\/div>\n<div class=\"ugb-team-member__item\">\n<div class=\"ugb-team-member__content\">\n<p>Prof. Dr. Michael de Wild<\/p>\n<p>University of Applied Sciences Northwestern Switzerland, FHNW<\/p>\n<p>Group Leader Functional Materials and Surfaces<\/p>\n<\/div>\n<\/div>\n<\/div>\n<div class=\"wp-block-ugb-team-member ugb-team-member ugb-team-member--v2 ugb-team-member--columns-3 ugb-team-member--image-circle ugb-team-member--design-basic\">\n<div class=\"ugb-team-member__item\">\n<div class=\"ugb-team-member__content\">Dr. Jean Geringer<\/div>\n<div class=\"ugb-team-member__content\">HDR Ma\u00eetre assistant<br>Mines Saint-Etienne<\/div>\n<div class=\"ugb-team-member__content\">INSERM U1059<\/div>\n<\/div>\n<div class=\"ugb-team-member__item\">\n<div class=\"ugb-team-member__content\">\n<p>Professor Fr\u00e9d\u00e9ric Farizon<\/p>\n<p>Head of Service<br>Orthopedic and Traumatological Surgery<br>Saint Etienne University Hospital<br>Member of INSERM\/SAINBIOSE U1050<\/p>\n<\/div>\n<\/div>\n<\/div>\n<p><!--EndFragment--><\/p>","protected":false},"excerpt":{"rendered":"<p>Sie k\u00f6nnen anderthalb Tage, den 28. April den ganzen Tag und den 29. April morgens an hochrangigen wissenschaftlichen und technischen Konferenzen teilnehmen, an denen unabh\u00e4ngige Redner teilnehmen: Chirurgen, Forscher und innovative Industrielle. Diese technischen Pr\u00e4sentationen und Testimonials werden Ihnen helfen, Ihre Wahl zwischen den therapeutischen Fortschritten und den tats\u00e4chlichen technischen M\u00f6glichkeiten mit ihren Grenzen und [&hellip;]<\/p>\n","protected":false},"author":1,"featured_media":0,"parent":0,"menu_order":0,"comment_status":"closed","ping_status":"closed","template":"","meta":{"footnotes":""},"class_list":["post-2862","page","type-page","status-publish","hentry"],"acf":[],"featured_image_urls_v2":{"full":"","thumbnail":"","medium":"","medium_large":"","large":"","1536x1536":"","2048x2048":""},"post_excerpt_stackable_v2":"<p>Sie k\u00f6nnen anderthalb Tage, den 28. April den ganzen Tag und den 29. April morgens an hochrangigen wissenschaftlichen und technischen Konferenzen teilnehmen, an denen unabh\u00e4ngige Redner teilnehmen: Chirurgen, Forscher und innovative Industrielle. Diese technischen Pr\u00e4sentationen und Testimonials werden Ihnen helfen, Ihre Wahl zwischen den therapeutischen Fortschritten und den tats\u00e4chlichen technischen M\u00f6glichkeiten mit ihren Grenzen und gesetzlichen Verpflichtungen zu treffen. Das Konferenzprogramm 2021 ist noch nicht best\u00e4tigt, wird aber dem f\u00fcr 2020 geplanten nahe kommen. Konsultieren Sie es : [MEET THE EXPERT] 2020 Programm Unser wissenschaftlicher Ausschuss 2021 : Dr. Lukas Eschbach PhD \/ MSc ETH \/ EMBA BFHRMS FoundationHead of\u2026<\/p>\n","category_list_v2":"","author_info_v2":{"name":"Les Imageurs","url":"https:\/\/www.orthomanufacture.com\/2020\/blog\/author\/ortho_imanufacture\/"},"comments_num_v2":"0 commentaire","_links":{"self":[{"href":"https:\/\/www.orthomanufacture.com\/2020\/wp-json\/wp\/v2\/pages\/2862","targetHints":{"allow":["GET"]}}],"collection":[{"href":"https:\/\/www.orthomanufacture.com\/2020\/wp-json\/wp\/v2\/pages"}],"about":[{"href":"https:\/\/www.orthomanufacture.com\/2020\/wp-json\/wp\/v2\/types\/page"}],"author":[{"embeddable":true,"href":"https:\/\/www.orthomanufacture.com\/2020\/wp-json\/wp\/v2\/users\/1"}],"replies":[{"embeddable":true,"href":"https:\/\/www.orthomanufacture.com\/2020\/wp-json\/wp\/v2\/comments?post=2862"}],"version-history":[{"count":0,"href":"https:\/\/www.orthomanufacture.com\/2020\/wp-json\/wp\/v2\/pages\/2862\/revisions"}],"wp:attachment":[{"href":"https:\/\/www.orthomanufacture.com\/2020\/wp-json\/wp\/v2\/media?parent=2862"}],"curies":[{"name":"wp","href":"https:\/\/api.w.org\/{rel}","templated":true}]}}